{"id":329,"date":"2026-03-23T14:02:13","date_gmt":"2026-03-23T06:02:13","guid":{"rendered":"https:\/\/www.envsin-testchamber.com\/?post_type=product&#038;p=329"},"modified":"2026-03-23T14:02:13","modified_gmt":"2026-03-23T06:02:13","slug":"x-y-z-triaxial-compression-testing-machine-sa-8305by","status":"publish","type":"product","link":"https:\/\/www.envsin-testchamber.com\/es\/product\/x-y-z-triaxial-compression-testing-machine-sa-8305by\/","title":{"rendered":"M\u00e1quina de ensayo de compresi\u00f3n triaxial X-Y-Z SA-8305BY"},"content":{"rendered":"<p>Product Introduction: Through computer analysis, this device can accurately measure the corresponding change curves of load and stroke of the test object, as well as the change curves of voltage and resistance. It can measure the peaks, troughs, inflection points, continuity points, and disconnection points of button force changes\u2014key locations for evaluating product performance\u2014and can also measure the height of buttons, springs, and other components. It can perform multi-point pressing and breaking force tests on mobile phone and computer screens.<\/p>\n<p>It can accurately control the test load, stroke, test speed, number of tests, and pause time. During testing, the X and Y axis coordinates of the test object can be pre-input, and the computer will automatically move and test, generating all curves automatically. This eliminates the tedious manual movement required by single-axis load curve machines, greatly benefiting the operator. Furthermore, the machine uses a Windows 7 window control system, making operation simple and convenient, and all data can be saved.<\/p>\n<p>Nuestra empresa investiga, desarrolla, fabrica y vende de forma independiente diversos instrumentos de ensayo de tracci\u00f3n, compresi\u00f3n, tracci\u00f3n-compresi\u00f3n y torsi\u00f3n, as\u00ed como m\u00e1quinas de ensayo de durabilidad y vida \u00fatil. La frecuencia de muestreo alcanza los 50.000 Hz, y la precisi\u00f3n de la carga puede llegar a 0,2% (a 1\/200 de la escala completa de la c\u00e9lula de carga).<\/p>","protected":false},"author":1,"featured_media":330,"template":"","meta":{"_acf_changed":false},"product_category":[7],"class_list":["post-329","product","type-product","status-publish","has-post-thumbnail","hentry","product_category-reliability-life-test-series"],"acf":[],"_links":{"self":[{"href":"https:\/\/www.envsin-testchamber.com\/es\/wp-json\/wp\/v2\/product\/329","targetHints":{"allow":["GET"]}}],"collection":[{"href":"https:\/\/www.envsin-testchamber.com\/es\/wp-json\/wp\/v2\/product"}],"about":[{"href":"https:\/\/www.envsin-testchamber.com\/es\/wp-json\/wp\/v2\/types\/product"}],"author":[{"embeddable":true,"href":"https:\/\/www.envsin-testchamber.com\/es\/wp-json\/wp\/v2\/users\/1"}],"wp:featuredmedia":[{"embeddable":true,"href":"https:\/\/www.envsin-testchamber.com\/es\/wp-json\/wp\/v2\/media\/330"}],"wp:attachment":[{"href":"https:\/\/www.envsin-testchamber.com\/es\/wp-json\/wp\/v2\/media?parent=329"}],"wp:term":[{"taxonomy":"product_category","embeddable":true,"href":"https:\/\/www.envsin-testchamber.com\/es\/wp-json\/wp\/v2\/product_category?post=329"}],"curies":[{"name":"wp","href":"https:\/\/api.w.org\/{rel}","templated":true}]}}