{"id":325,"date":"2026-03-23T13:54:35","date_gmt":"2026-03-23T05:54:35","guid":{"rendered":"https:\/\/www.envsin-testchamber.com\/?post_type=product&#038;p=325"},"modified":"2026-03-23T13:54:38","modified_gmt":"2026-03-23T05:54:38","slug":"triaxial-load-displacement-curve-testing-machine-sa-8305bd","status":"publish","type":"product","link":"https:\/\/www.envsin-testchamber.com\/es\/product\/triaxial-load-displacement-curve-testing-machine-sa-8305bd\/","title":{"rendered":"M\u00e1quina de ensayo triaxial de curvas de carga-desplazamiento SA-8305BD"},"content":{"rendered":"<p>Product Introduction: The triaxial load-stroke curve testing machine, a fully automatic pressure testing machine, was developed in response to rising labor costs in the market. It truly achieves fully automatic button-operated load-displacement testing, saving customers labor costs.<\/p>\n<p>For the same product, after only one test to confirm the coordinates or by inputting the coordinates of the reference points, the testing machine will automatically perform fully automatic testing. This significantly improves testing efficiency and reduces testing costs. It also allows customers to test more products and sample more test data to identify quality issues before shipment, reducing potential quality problems in the market and achieving the customer&#8217;s goal of zero defects.<\/p>\n<p>Nuestra empresa investiga, desarrolla, fabrica y vende de forma independiente diversos instrumentos de ensayo de tracci\u00f3n, compresi\u00f3n, tracci\u00f3n-compresi\u00f3n y torsi\u00f3n, as\u00ed como m\u00e1quinas de ensayo de durabilidad y vida \u00fatil. La frecuencia de muestreo alcanza los 50.000 Hz, y la precisi\u00f3n de la carga puede llegar a 0,2% (a 1\/200 de la escala completa de la c\u00e9lula de carga).<\/p>","protected":false},"author":1,"featured_media":326,"template":"","meta":{"_acf_changed":false},"product_category":[7],"class_list":["post-325","product","type-product","status-publish","has-post-thumbnail","hentry","product_category-reliability-life-test-series"],"acf":[],"_links":{"self":[{"href":"https:\/\/www.envsin-testchamber.com\/es\/wp-json\/wp\/v2\/product\/325","targetHints":{"allow":["GET"]}}],"collection":[{"href":"https:\/\/www.envsin-testchamber.com\/es\/wp-json\/wp\/v2\/product"}],"about":[{"href":"https:\/\/www.envsin-testchamber.com\/es\/wp-json\/wp\/v2\/types\/product"}],"author":[{"embeddable":true,"href":"https:\/\/www.envsin-testchamber.com\/es\/wp-json\/wp\/v2\/users\/1"}],"wp:featuredmedia":[{"embeddable":true,"href":"https:\/\/www.envsin-testchamber.com\/es\/wp-json\/wp\/v2\/media\/326"}],"wp:attachment":[{"href":"https:\/\/www.envsin-testchamber.com\/es\/wp-json\/wp\/v2\/media?parent=325"}],"wp:term":[{"taxonomy":"product_category","embeddable":true,"href":"https:\/\/www.envsin-testchamber.com\/es\/wp-json\/wp\/v2\/product_category?post=325"}],"curies":[{"name":"wp","href":"https:\/\/api.w.org\/{rel}","templated":true}]}}