{"id":323,"date":"2026-03-23T13:53:35","date_gmt":"2026-03-23T05:53:35","guid":{"rendered":"https:\/\/www.envsin-testchamber.com\/?post_type=product&#038;p=323"},"modified":"2026-03-23T13:53:35","modified_gmt":"2026-03-23T05:53:35","slug":"triaxial-load-displacement-curve-testing-machine-sa-8305bdh","status":"publish","type":"product","link":"https:\/\/www.envsin-testchamber.com\/es\/product\/triaxial-load-displacement-curve-testing-machine-sa-8305bdh\/","title":{"rendered":"M\u00e1quina de ensayo triaxial de curvas de carga-desplazamiento SA-8305BDH"},"content":{"rendered":"<p>Machine Functions: Measures peak values, valley values, tactile feedback, continuity, etc.<\/p>\n<p>Machine Features:<br \/>\n1. Employs DSP technology to control the acquisition system, with a sampling rate up to 50000Hz (our patented invention), offering strong anti-interference capabilities;<br \/>\n2. Detection data and barcodes for each button can be uploaded;<br \/>\n3. Defective products can be automatically marked.<\/p>\n<p>Nuestra empresa investiga, desarrolla, fabrica y vende de forma independiente diversos instrumentos de ensayo de tracci\u00f3n, compresi\u00f3n, tracci\u00f3n-compresi\u00f3n y torsi\u00f3n, as\u00ed como m\u00e1quinas de ensayo de durabilidad y vida \u00fatil. La frecuencia de muestreo alcanza los 50.000 Hz, y la precisi\u00f3n de la carga puede llegar a 0,2% (a 1\/200 de la escala completa de la c\u00e9lula de carga).<\/p>","protected":false},"author":1,"featured_media":324,"template":"","meta":{"_acf_changed":false},"product_category":[7],"class_list":["post-323","product","type-product","status-publish","has-post-thumbnail","hentry","product_category-reliability-life-test-series"],"acf":[],"_links":{"self":[{"href":"https:\/\/www.envsin-testchamber.com\/es\/wp-json\/wp\/v2\/product\/323","targetHints":{"allow":["GET"]}}],"collection":[{"href":"https:\/\/www.envsin-testchamber.com\/es\/wp-json\/wp\/v2\/product"}],"about":[{"href":"https:\/\/www.envsin-testchamber.com\/es\/wp-json\/wp\/v2\/types\/product"}],"author":[{"embeddable":true,"href":"https:\/\/www.envsin-testchamber.com\/es\/wp-json\/wp\/v2\/users\/1"}],"wp:featuredmedia":[{"embeddable":true,"href":"https:\/\/www.envsin-testchamber.com\/es\/wp-json\/wp\/v2\/media\/324"}],"wp:attachment":[{"href":"https:\/\/www.envsin-testchamber.com\/es\/wp-json\/wp\/v2\/media?parent=323"}],"wp:term":[{"taxonomy":"product_category","embeddable":true,"href":"https:\/\/www.envsin-testchamber.com\/es\/wp-json\/wp\/v2\/product_category?post=323"}],"curies":[{"name":"wp","href":"https:\/\/api.w.org\/{rel}","templated":true}]}}