{"id":319,"date":"2026-03-23T13:51:41","date_gmt":"2026-03-23T05:51:41","guid":{"rendered":"https:\/\/www.envsin-testchamber.com\/?post_type=product&#038;p=319"},"modified":"2026-03-23T13:51:41","modified_gmt":"2026-03-23T05:51:41","slug":"load-displacement-life-testing-machine-sa-205bs","status":"publish","type":"product","link":"https:\/\/www.envsin-testchamber.com\/es\/product\/load-displacement-life-testing-machine-sa-205bs\/","title":{"rendered":"M\u00e1quina de ensayos de carga, desplazamiento y vida \u00fatil SA-205BS"},"content":{"rendered":"<p>Machine Functions: Measures peak values, valley values, tactile feedback, continuity, etc.<\/p>\n<p>Caracter\u00edsticas de la m\u00e1quina: Emplea tecnolog\u00eda DSP para controlar el sistema de adquisici\u00f3n de datos, con una frecuencia de muestreo de hasta 50.000Hz (nuestra invenci\u00f3n patentada), ofreciendo una fuerte capacidad anti-interferencia.<\/p>\n<p>Detection data and barcodes for each button can be uploaded; non-conforming products can be automatically marked.<\/p>\n<p>Nuestra empresa investiga, desarrolla, fabrica y vende de forma independiente diversos instrumentos de ensayo de tracci\u00f3n, compresi\u00f3n, tracci\u00f3n-compresi\u00f3n y torsi\u00f3n, as\u00ed como m\u00e1quinas de ensayo de durabilidad y vida \u00fatil. La frecuencia de muestreo alcanza los 50.000 Hz, y la precisi\u00f3n de la carga puede llegar a 0,2% (a 1\/200 de la escala completa de la c\u00e9lula de carga).<\/p>","protected":false},"author":1,"featured_media":320,"template":"","meta":{"_acf_changed":false},"product_category":[7],"class_list":["post-319","product","type-product","status-publish","has-post-thumbnail","hentry","product_category-reliability-life-test-series"],"acf":[],"_links":{"self":[{"href":"https:\/\/www.envsin-testchamber.com\/es\/wp-json\/wp\/v2\/product\/319","targetHints":{"allow":["GET"]}}],"collection":[{"href":"https:\/\/www.envsin-testchamber.com\/es\/wp-json\/wp\/v2\/product"}],"about":[{"href":"https:\/\/www.envsin-testchamber.com\/es\/wp-json\/wp\/v2\/types\/product"}],"author":[{"embeddable":true,"href":"https:\/\/www.envsin-testchamber.com\/es\/wp-json\/wp\/v2\/users\/1"}],"wp:featuredmedia":[{"embeddable":true,"href":"https:\/\/www.envsin-testchamber.com\/es\/wp-json\/wp\/v2\/media\/320"}],"wp:attachment":[{"href":"https:\/\/www.envsin-testchamber.com\/es\/wp-json\/wp\/v2\/media?parent=319"}],"wp:term":[{"taxonomy":"product_category","embeddable":true,"href":"https:\/\/www.envsin-testchamber.com\/es\/wp-json\/wp\/v2\/product_category?post=319"}],"curies":[{"name":"wp","href":"https:\/\/api.w.org\/{rel}","templated":true}]}}