{"id":315,"date":"2026-03-23T13:47:26","date_gmt":"2026-03-23T05:47:26","guid":{"rendered":"https:\/\/www.envsin-testchamber.com\/?post_type=product&#038;p=315"},"modified":"2026-03-23T13:47:26","modified_gmt":"2026-03-23T05:47:26","slug":"high-precision-load-displacement-curve-analyzer-sa-505b","status":"publish","type":"product","link":"https:\/\/www.envsin-testchamber.com\/es\/product\/high-precision-load-displacement-curve-analyzer-sa-505b\/","title":{"rendered":"Analizador de curvas carga-desplazamiento de alta precisi\u00f3n SA-505B"},"content":{"rendered":"<p>Test Items:<\/p>\n<p>1. Connector insertion\/extraction force test, connector single-pin retention force test with plastic;<\/p>\n<p>2. Connector normal force test, general compression and tensile failure test;<\/p>\n<p>3. Constant tensile force test, constant compressive force test;<\/p>\n<p>4. Connector insertion\/extraction life test, force-displacement analysis of push-button switches;<\/p>\n<p>5. Minimal impedance test, thickness and height test, capable of measuring the thickness of soft objects;<\/p>\n<p>6. Impact analysis, capable of plotting waveforms of force versus time;<\/p>\n<p>7. Flatness test, capable of detecting the parallelism of machined parts.<\/p>\n<p>Nuestra empresa investiga, desarrolla, fabrica y vende de forma independiente diversos instrumentos de ensayo de tracci\u00f3n, compresi\u00f3n, tracci\u00f3n-compresi\u00f3n y torsi\u00f3n, as\u00ed como m\u00e1quinas de ensayo de durabilidad y vida \u00fatil. La frecuencia de muestreo alcanza los 50.000 Hz, y la precisi\u00f3n de la carga puede llegar a 0,2% (a 1\/200 de la escala completa de la c\u00e9lula de carga).<\/p>","protected":false},"author":1,"featured_media":316,"template":"","meta":{"_acf_changed":false},"product_category":[7],"class_list":["post-315","product","type-product","status-publish","has-post-thumbnail","hentry","product_category-reliability-life-test-series"],"acf":[],"_links":{"self":[{"href":"https:\/\/www.envsin-testchamber.com\/es\/wp-json\/wp\/v2\/product\/315","targetHints":{"allow":["GET"]}}],"collection":[{"href":"https:\/\/www.envsin-testchamber.com\/es\/wp-json\/wp\/v2\/product"}],"about":[{"href":"https:\/\/www.envsin-testchamber.com\/es\/wp-json\/wp\/v2\/types\/product"}],"author":[{"embeddable":true,"href":"https:\/\/www.envsin-testchamber.com\/es\/wp-json\/wp\/v2\/users\/1"}],"wp:featuredmedia":[{"embeddable":true,"href":"https:\/\/www.envsin-testchamber.com\/es\/wp-json\/wp\/v2\/media\/316"}],"wp:attachment":[{"href":"https:\/\/www.envsin-testchamber.com\/es\/wp-json\/wp\/v2\/media?parent=315"}],"wp:term":[{"taxonomy":"product_category","embeddable":true,"href":"https:\/\/www.envsin-testchamber.com\/es\/wp-json\/wp\/v2\/product_category?post=315"}],"curies":[{"name":"wp","href":"https:\/\/api.w.org\/{rel}","templated":true}]}}