{"id":309,"date":"2026-03-23T13:43:30","date_gmt":"2026-03-23T05:43:30","guid":{"rendered":"https:\/\/www.envsin-testchamber.com\/?post_type=product&#038;p=309"},"modified":"2026-03-23T13:43:30","modified_gmt":"2026-03-23T05:43:30","slug":"360-rotating-shaft-torque-testing-machine-sa-6300","status":"publish","type":"product","link":"https:\/\/www.envsin-testchamber.com\/es\/product\/360-rotating-shaft-torque-testing-machine-sa-6300\/","title":{"rendered":"M\u00e1quina de prueba de torsi\u00f3n de eje giratorio de 360\u00b0 SA-6300"},"content":{"rendered":"<p>Product Introduction: This machine is a non-standard customized model, using a touch screen + PLC program control and a servo motor as the drive source, ensuring smooth and stable testing.<\/p>\n<p>Nuestra empresa investiga, desarrolla, fabrica y vende de forma independiente diversos instrumentos de ensayo de tracci\u00f3n, compresi\u00f3n, tracci\u00f3n-compresi\u00f3n y torsi\u00f3n, as\u00ed como m\u00e1quinas de ensayo de durabilidad y vida \u00fatil. La frecuencia de muestreo alcanza los 50.000 Hz, y la precisi\u00f3n de la carga puede llegar a 0,2% (a 1\/200 de la escala completa de la c\u00e9lula de carga).<\/p>","protected":false},"author":1,"featured_media":310,"template":"","meta":{"_acf_changed":false},"product_category":[7],"class_list":["post-309","product","type-product","status-publish","has-post-thumbnail","hentry","product_category-reliability-life-test-series"],"acf":[],"_links":{"self":[{"href":"https:\/\/www.envsin-testchamber.com\/es\/wp-json\/wp\/v2\/product\/309","targetHints":{"allow":["GET"]}}],"collection":[{"href":"https:\/\/www.envsin-testchamber.com\/es\/wp-json\/wp\/v2\/product"}],"about":[{"href":"https:\/\/www.envsin-testchamber.com\/es\/wp-json\/wp\/v2\/types\/product"}],"author":[{"embeddable":true,"href":"https:\/\/www.envsin-testchamber.com\/es\/wp-json\/wp\/v2\/users\/1"}],"wp:featuredmedia":[{"embeddable":true,"href":"https:\/\/www.envsin-testchamber.com\/es\/wp-json\/wp\/v2\/media\/310"}],"wp:attachment":[{"href":"https:\/\/www.envsin-testchamber.com\/es\/wp-json\/wp\/v2\/media?parent=309"}],"wp:term":[{"taxonomy":"product_category","embeddable":true,"href":"https:\/\/www.envsin-testchamber.com\/es\/wp-json\/wp\/v2\/product_category?post=309"}],"curies":[{"name":"wp","href":"https:\/\/api.w.org\/{rel}","templated":true}]}}