{"id":305,"date":"2026-03-23T13:38:43","date_gmt":"2026-03-23T05:38:43","guid":{"rendered":"https:\/\/www.envsin-testchamber.com\/?post_type=product&#038;p=305"},"modified":"2026-03-23T13:38:43","modified_gmt":"2026-03-23T05:38:43","slug":"torque-tester-sa-205bng","status":"publish","type":"product","link":"https:\/\/www.envsin-testchamber.com\/es\/product\/torque-tester-sa-205bng\/","title":{"rendered":"Torqu\u00edmetro SA-205BNG"},"content":{"rendered":"<p>Machine function:<br \/>\nCan test torque and lifespan.<br \/>\nCaracter\u00edsticas de la m\u00e1quina:<br \/>\nAdopting DSP technology to control the acquisition system, the sampling rate can reach 50000HZ (our company&#8217;s invention patent), and it has strong anti-interference ability.<\/p>\n<p>Nuestra empresa investiga, desarrolla, fabrica y vende de forma independiente diversos instrumentos de ensayo de tracci\u00f3n, compresi\u00f3n, tracci\u00f3n-compresi\u00f3n y torsi\u00f3n, as\u00ed como m\u00e1quinas de ensayo de durabilidad y vida \u00fatil. La frecuencia de muestreo alcanza los 50.000 Hz, y la precisi\u00f3n de la carga puede llegar a 0,2% (a 1\/200 de la escala completa de la c\u00e9lula de carga).<\/p>","protected":false},"author":1,"featured_media":306,"template":"","meta":{"_acf_changed":false},"product_category":[7],"class_list":["post-305","product","type-product","status-publish","has-post-thumbnail","hentry","product_category-reliability-life-test-series"],"acf":[],"_links":{"self":[{"href":"https:\/\/www.envsin-testchamber.com\/es\/wp-json\/wp\/v2\/product\/305","targetHints":{"allow":["GET"]}}],"collection":[{"href":"https:\/\/www.envsin-testchamber.com\/es\/wp-json\/wp\/v2\/product"}],"about":[{"href":"https:\/\/www.envsin-testchamber.com\/es\/wp-json\/wp\/v2\/types\/product"}],"author":[{"embeddable":true,"href":"https:\/\/www.envsin-testchamber.com\/es\/wp-json\/wp\/v2\/users\/1"}],"wp:featuredmedia":[{"embeddable":true,"href":"https:\/\/www.envsin-testchamber.com\/es\/wp-json\/wp\/v2\/media\/306"}],"wp:attachment":[{"href":"https:\/\/www.envsin-testchamber.com\/es\/wp-json\/wp\/v2\/media?parent=305"}],"wp:term":[{"taxonomy":"product_category","embeddable":true,"href":"https:\/\/www.envsin-testchamber.com\/es\/wp-json\/wp\/v2\/product_category?post=305"}],"curies":[{"name":"wp","href":"https:\/\/api.w.org\/{rel}","templated":true}]}}