{"id":296,"date":"2026-03-23T11:45:54","date_gmt":"2026-03-23T03:45:54","guid":{"rendered":"https:\/\/www.envsin-testchamber.com\/?post_type=product&#038;p=296"},"modified":"2026-03-23T11:46:39","modified_gmt":"2026-03-23T03:46:39","slug":"fully-automatic-torque-machine-sa-5000bls","status":"publish","type":"product","link":"https:\/\/www.envsin-testchamber.com\/es\/product\/fully-automatic-torque-machine-sa-5000bls\/","title":{"rendered":"M\u00e1quina dinamom\u00e9trica totalmente autom\u00e1tica SA-5000BLS"},"content":{"rendered":"<p>Test Items:<\/p>\n<p>1. Torque Testing in the Mobile Communications Industry: Torque testing of the entire mobile phone, watch strap torque, mobile phone data cable torque testing, etc.<\/p>\n<p>2. Torque Testing in the Automotive Parts Manufacturing Industry: Torque testing of rotary switches, storage boxes, headlights, wipers, steering shafts, steering wheels, etc.<\/p>\n<p>3. Torque Testing of Electronic Components: Torque testing of springs, potentiometer torque, etc.<\/p>\n<p>4. Torque Testing in the Food Industry: Torque testing of bottle caps, etc.<\/p>\n<p>5. Torque Testing in Hardware Manufacturing: Torque testing of screws, springs, hinges, cameras, etc.<\/p>\n<p>Product Introduction: The torque testing machine, through analysis by an industrial computer, can accurately measure the torque and rotation angle of the test object, as well as the corresponding torque and speed curves. It can also accurately control the rotation angle, rotation speed, number of measurements, and pause time for screw torque testing. Furthermore, the machine uses a servo motor and a Windows window control system, making it simple and convenient to operate. All data can be stored, making it a reliable and high-performance mechanical testing instrument.<\/p>\n<p>Nuestra empresa investiga, desarrolla, fabrica y vende de forma independiente diversos instrumentos de ensayo de tracci\u00f3n, compresi\u00f3n, tracci\u00f3n-compresi\u00f3n y torsi\u00f3n, as\u00ed como m\u00e1quinas de ensayo de durabilidad y vida \u00fatil. La frecuencia de muestreo alcanza los 50.000 Hz, y la precisi\u00f3n de la carga puede llegar a 0,2% (a 1\/200 de la escala completa de la c\u00e9lula de carga).<\/p>","protected":false},"author":1,"featured_media":297,"template":"","meta":{"_acf_changed":false},"product_category":[7],"class_list":["post-296","product","type-product","status-publish","has-post-thumbnail","hentry","product_category-reliability-life-test-series"],"acf":[],"_links":{"self":[{"href":"https:\/\/www.envsin-testchamber.com\/es\/wp-json\/wp\/v2\/product\/296","targetHints":{"allow":["GET"]}}],"collection":[{"href":"https:\/\/www.envsin-testchamber.com\/es\/wp-json\/wp\/v2\/product"}],"about":[{"href":"https:\/\/www.envsin-testchamber.com\/es\/wp-json\/wp\/v2\/types\/product"}],"author":[{"embeddable":true,"href":"https:\/\/www.envsin-testchamber.com\/es\/wp-json\/wp\/v2\/users\/1"}],"wp:featuredmedia":[{"embeddable":true,"href":"https:\/\/www.envsin-testchamber.com\/es\/wp-json\/wp\/v2\/media\/297"}],"wp:attachment":[{"href":"https:\/\/www.envsin-testchamber.com\/es\/wp-json\/wp\/v2\/media?parent=296"}],"wp:term":[{"taxonomy":"product_category","embeddable":true,"href":"https:\/\/www.envsin-testchamber.com\/es\/wp-json\/wp\/v2\/product_category?post=296"}],"curies":[{"name":"wp","href":"https:\/\/api.w.org\/{rel}","templated":true}]}}