{"id":271,"date":"2026-03-23T11:06:25","date_gmt":"2026-03-23T03:06:25","guid":{"rendered":"https:\/\/www.envsin-testchamber.com\/?post_type=product&#038;p=271"},"modified":"2026-05-08T15:10:29","modified_gmt":"2026-05-08T07:10:29","slug":"salt-spray-corrosion-test-chamber","status":"publish","type":"product","link":"https:\/\/www.envsin-testchamber.com\/es\/product\/salt-spray-corrosion-test-chamber\/","title":{"rendered":"C\u00e1mara de pruebas de corrosi\u00f3n por niebla salina"},"content":{"rendered":"<p style=\"text-align: center;\"><strong>Par\u00e1metros del producto<\/strong><\/p>\n<table style=\"width: 100%; border-collapse: collapse; border: 1px solid #000; table-layout: fixed;\">\n<thead><\/thead>\n<tbody>\n<tr>\n<td style=\"border: 1px solid #000; padding: 8px; font-weight: bold; width: 40%;\">Volumen de prueba<\/td>\n<td style=\"border: 1px solid #000; padding: 8px; width: 60%;\">5 m\u00b3<\/td>\n<\/tr>\n<tr>\n<td style=\"border: 1px solid #000; padding: 8px; font-weight: bold;\">Dimensiones de la c\u00e1mara (An\u00d7P\u00d7Al)<\/td>\n<td style=\"border: 1px solid #000; padding: 8px;\">1700 mm \u00d7 1500 mm \u00d7 2000 mm<\/td>\n<\/tr>\n<tr>\n<td style=\"border: 1px solid #000; padding: 8px; font-weight: bold;\">Dimensiones totales (An\u00d7P\u00d7Al)<\/td>\n<td style=\"border: 1px solid #000; padding: 8px;\">Aprox. 2430mm \u00d7 2300mm \u00d7 3370mm<br \/>\n(Excluidas las piezas que sobresalen; dise\u00f1o final sujeto a validaci\u00f3n de ingenier\u00eda)<\/td>\n<\/tr>\n<tr>\n<td style=\"border: 1px solid #000; padding: 8px; font-weight: bold;\">Fuente de alimentaci\u00f3n<\/td>\n<td style=\"border: 1px solid #000; padding: 8px;\">AC380V \u00b110%, 50Hz \u00b11, trif\u00e1sico 4 hilos + toma de tierra (3\/N\/PE), resistencia de toma de tierra &lt;4\u03a9<\/td>\n<\/tr>\n<tr>\n<td style=\"border: 1px solid #000; padding: 8px; font-weight: bold;\">M\u00e1x. Potencia del sistema<\/td>\n<td style=\"border: 1px solid #000; padding: 8px;\">Aprox. 21 kW (sujeto al dise\u00f1o de ingenier\u00eda final)<\/td>\n<\/tr>\n<tr>\n<td style=\"border: 1px solid #000; padding: 8px; font-weight: bold;\">M\u00e1x. Corriente del sistema<\/td>\n<td style=\"border: 1px solid #000; padding: 8px;\">Aprox. 38 A (sujeto al dise\u00f1o final de ingenier\u00eda)<\/td>\n<\/tr>\n<tr>\n<td style=\"border: 1px solid #000; padding: 8px; font-weight: bold;\">Temperatura<\/td>\n<td style=\"border: 1px solid #000; padding: 8px;\">0\u2103 ~ +100\u2103<br \/>\nTemperatura de la c\u00e1mara de prueba de niebla salina: RT ~ 55\u2103 (ajustable)<br \/>\nTemperatura del tanque de presi\u00f3n: RT ~ 70\u2103 (ajustable)<br \/>\nUniformidad de temperatura: \u22642\u2103 (sin carga, estado estacionario)<br \/>\nFluctuaci\u00f3n de temperatura: \u00b10,5\u2103 (sin carga, estado estable)<br \/>\nDesviaci\u00f3n de temperatura: \u00b12\u2103 (sin carga, estado estable)<br \/>\nExceso de temperatura: \u22642,5\u2103<br \/>\nVelocidad de calentamiento: \u22651\u2103\/min (0\u2103 ~ +85\u2103, media general).<br \/>\nVelocidad de enfriamiento: \u22651\u2103\/min (+85\u2103 ~ 0\u2103, media general).<\/td>\n<\/tr>\n<tr>\n<td style=\"border: 1px solid #000; padding: 8px; font-weight: bold;\">Rango de control de temperatura<\/td>\n<td style=\"border: 1px solid #000; padding: 8px;\">+20\u2103 ~ +85\u2103<\/td>\n<\/tr>\n<tr>\n<td style=\"border: 1px solid #000; padding: 8px; font-weight: bold;\">Rango de humedad<\/td>\n<td style=\"border: 1px solid #000; padding: 8px;\">20%RH ~ 98%RH<\/td>\n<\/tr>\n<tr>\n<td style=\"border: 1px solid #000; padding: 8px; font-weight: bold;\">Puntos cr\u00edticos de control de temperatura y humedad<\/td>\n<td style=\"border: 1px solid #000; padding: 8px;\">1. 20\u2103, 30%RH<br \/>\n2. 20\u2103, 95%RH<br \/>\n3. 40\u2103, 20%RH<br \/>\n4. 85\u2103, 20%RH<br \/>\n5. 85\u2103, 95%RH<\/td>\n<\/tr>\n<tr>\n<td style=\"border: 1px solid #000; padding: 8px; font-weight: bold;\">Tasa de deposici\u00f3n de niebla salina<\/td>\n<td style=\"border: 1px solid #000; padding: 8px;\">1 ~ 3 mL\/80cm\u00b2-h (ajustable; valor medio de al menos 16 horas de recogida)<br \/>\nN\u00famero de colectores de niebla salina: al menos 4, instalados en el interior de la c\u00e1mara.<\/td>\n<\/tr>\n<tr>\n<td style=\"border: 1px solid #000; padding: 8px; font-weight: bold;\">Modo Spray<\/td>\n<td style=\"border: 1px solid #000; padding: 8px;\">Libremente seleccionable y configurable: 1 min ~ 9999 h funcionamiento constante, funcionamiento c\u00edclico programable; rociado continuo \/ rociado intermitente programado.<\/td>\n<\/tr>\n<tr>\n<td style=\"border: 1px solid #000; padding: 8px; font-weight: bold;\">Soluci\u00f3n de prueba de niebla salina<\/td>\n<td style=\"border: 1px solid #000; padding: 8px;\">Preparado conforme a las normas de ensayo pertinentes.<\/td>\n<\/tr>\n<tr>\n<td style=\"border: 1px solid #000; padding: 8px; font-weight: bold;\">Funci\u00f3n de enjuague con pulverizador de sal<\/td>\n<td style=\"border: 1px solid #000; padding: 8px;\">Equipado con funci\u00f3n de enjuague de niebla salina, capaz de realizar niebla salina con aire comprimido y niebla salina seca con aire comprimido.<br \/>\nEquipado con funciones de limpieza por niebla \u00e1cida y purga por niebla salina.<\/td>\n<\/tr>\n<tr>\n<td style=\"border: 1px solid #000; padding: 8px; font-weight: bold;\">M\u00e9todo de eliminaci\u00f3n de la niebla<\/td>\n<td style=\"border: 1px solid #000; padding: 8px;\">La niebla se expulsa por presi\u00f3n de aire; la tapa de la c\u00e1mara es de dise\u00f1o deslizante con un \u00e1ngulo de v\u00e9rtice de 120\u00b0, lo que impide que las gotas caigan directamente sobre la probeta, garantizando la precisi\u00f3n del ensayo.<\/td>\n<\/tr>\n<tr>\n<td style=\"border: 1px solid #000; padding: 8px; font-weight: bold;\">Contaminaci\u00f3n y radiaci\u00f3n electromagn\u00e9tica<\/td>\n<td style=\"border: 1px solid #000; padding: 8px;\">Cumple las normas pertinentes.<\/td>\n<\/tr>\n<tr>\n<td style=\"border: 1px solid #000; padding: 8px; font-weight: bold;\">M\u00e9todos de ensayo aplicables<\/td>\n<td style=\"border: 1px solid #000; padding: 8px;\">- GB\/T2423.17-2008 Prueba Ka: Niebla salina<br \/>\n- GB\/T2423.18-2008 \/ IEC 60068-2-11:1981 Ensayo Kb: Niebla salina, c\u00edclica (soluci\u00f3n de cloruro s\u00f3dico)<br \/>\n- ASTM B117-2009 Prueba de niebla salina<br \/>\n- JIS H8502 M\u00e9todo de ensayo de niebla salina<br \/>\n- GB\/T10125-2012 \/ ISO 9227-2006 M\u00e9todo de ensayo de niebla salina<br \/>\n- GB\/T10587-2006 Especificaci\u00f3n t\u00e9cnica para c\u00e1maras de ensayo de niebla salina<br \/>\n- GB10593.2-1990 M\u00e9todos de medici\u00f3n de los par\u00e1metros medioambientales de los productos el\u00e9ctricos y electr\u00f3nicos<br \/>\n- GB\/T1765-1979 Determinaci\u00f3n de la resistencia a la humedad, a la niebla salina y a la intemperie (aceleraci\u00f3n artificial) de las pel\u00edculas de pintura.<br \/>\n- GB\/T1771-2007 Determinaci\u00f3n de indicadores de rendimiento en pinturas y barnices<br \/>\n- GB\/T12967.3-2008 M\u00e9todos de ensayo para revestimientos de \u00f3xido an\u00f3dico sobre aluminio y aleaciones de aluminio - Parte 3: Ensayo de niebla salina de \u00e1cido ac\u00e9tico acelerado con cobre.<br \/>\n- GB\/T31467.3-2015 Requisitos de seguridad y m\u00e9todos de ensayo para bater\u00edas de tracci\u00f3n y sistemas de veh\u00edculos el\u00e9ctricos<br \/>\n- IEC 60068-2-11:1981 Ensayo de niebla salina<br \/>\n- IEC68-2-52 1996 Ensayo de niebla salina<br \/>\n- GB\/T15101A-2009 M\u00e9todos de ensayo ambiental de laboratorio para equipos militares - Ensayo de niebla salina<\/td>\n<\/tr>\n<tr>\n<td style=\"border: 1px solid #000; padding: 8px; font-weight: bold;\">Metrolog\u00eda y normas de ensayo<\/td>\n<td style=\"border: 1px solid #000; padding: 8px;\">- GB\/T5170.2-2008 M\u00e9todos de inspecci\u00f3n de equipos de ensayo ambiental para productos el\u00e9ctricos y electr\u00f3nicos - Equipos de ensayo de temperatura<br \/>\n- GB\/T5170.5-2008 M\u00e9todos de inspecci\u00f3n de equipos de ensayo ambiental para productos el\u00e9ctricos y electr\u00f3nicos - Equipos de ensayo de humedad<br \/>\n- GB\/T5170.8-2008 M\u00e9todos de inspecci\u00f3n de equipos de ensayo ambiental para productos el\u00e9ctricos y electr\u00f3nicos - Equipos de ensayo de niebla salina<\/td>\n<\/tr>\n<\/tbody>\n<\/table>\n<p><strong>Caracter\u00edsticas del producto<\/strong><\/p>\n<p>1. Dispone de una funci\u00f3n de desempa\u00f1ado r\u00e1pido. Esta funci\u00f3n puede utilizarse cuando la prueba finaliza o se detiene temporalmente para forzar la expulsi\u00f3n al exterior del gas residual de niebla salina de la c\u00e1mara de pruebas.<\/p>\n<p>2. Las boquillas de vidrio de precisi\u00f3n (PYREX) aseguran una difusi\u00f3n uniforme de la niebla y una deposici\u00f3n natural sobre las muestras de ensayo, garantizando que no se produzcan bloqueos por cristalizaci\u00f3n de la sal incluso despu\u00e9s de 4000 horas de funcionamiento continuo.<\/p>\n<p>3. El dep\u00f3sito de salmuera dispone de una ventana oculta de observaci\u00f3n del nivel de agua; la tapa es de cristal acr\u00edlico transparente, lo que proporciona un excelente aislamiento y visibilidad directa del proceso de pulverizaci\u00f3n.<\/p>\n<p>4. El dep\u00f3sito de aire saturado es de acero inoxidable SUS304 resistente a altas temperaturas, lo que proporciona un excelente aislamiento y la humedad necesaria para la c\u00e1mara de pruebas.<\/p>\n<p>5. Emplea un sistema autom\u00e1tico de llenado de agua que la repone autom\u00e1ticamente cuando el nivel es bajo. S\u00ed, pruebas ininterrumpidas.<\/p>\n<p>6. La c\u00e1mara de pruebas utiliza calentamiento directo por vapor, lo que permite un calentamiento r\u00e1pido y uniforme, reduciendo el tiempo de espera.<\/p>\n<p>7. La torre de pulverizaci\u00f3n est\u00e1 equipada con un difusor c\u00f3nico, que gu\u00eda la niebla, ajusta el volumen de niebla y garantiza una distribuci\u00f3n uniforme de la niebla.<\/p>\n<p>8. El controlador de temperatura utiliza una pantalla digital y control PID, con un error de \u00b10,3\u2103.<\/p>\n<p>9. Se emplea un sistema de detecci\u00f3n completa, con indicadores luminosos para mostrar los casos de aver\u00eda.<\/p>\n<p>Aplicaciones y \u00e1mbitos<\/p>\n<p>1. Industria del autom\u00f3vil:<\/p>\n<p>Ensayos de componentes de automoci\u00f3n: Eval\u00faa la resistencia a la corrosi\u00f3n y la durabilidad de los revestimientos superficiales, las piezas met\u00e1licas y los componentes electr\u00f3nicos de automoci\u00f3n en entornos de niebla salina, alta temperatura y alta humedad, garantizando la vida \u00fatil de los autom\u00f3viles en climas marinos o regiones de lagos salados.<\/p>\n<p>Protecci\u00f3n exterior de autom\u00f3viles: Prueba la resistencia a la corrosi\u00f3n y la estabilidad del color de los materiales del exterior del autom\u00f3vil (como pintura, cromado, etc.) en entornos de niebla salina, garantizando el atractivo est\u00e9tico a largo plazo de los autom\u00f3viles.<\/p>\n<p>2. Aeroespacial:<\/p>\n<p>Ensayos de componentes de aeronaves: Eval\u00faa la resistencia a la corrosi\u00f3n y las propiedades mec\u00e1nicas de estructuras de aeronaves, componentes de motores, revestimientos, etc., en entornos marinos o regiones de lagos salados, garantizando la seguridad y fiabilidad de las aeronaves.<\/p>\n<p>Pruebas de componentes de naves espaciales: Prueba la durabilidad y fiabilidad de componentes de naves espaciales como sat\u00e9lites y cohetes en condiciones de niebla salina, alta temperatura y alta humedad para garantizar su estabilidad durante el lanzamiento y el funcionamiento.<\/p>\n<p>3. Ingenier\u00eda naval:<\/p>\n<p>Pruebas de equipos marinos: Eval\u00faa la resistencia a la corrosi\u00f3n y la durabilidad de plataformas, estructuras y equipos marinos en entornos marinos para garantizar su funcionamiento estable a largo plazo.<\/p>\n<p>Ensayos de materiales marinos: Ensayos de resistencia a la corrosi\u00f3n de materiales marinos (como revestimientos protectores contra el agua de mar y metales marinos) en condiciones de niebla salina y alta humedad para garantizar su funci\u00f3n protectora en entornos marinos.<\/p>\n<p>4. Industria electr\u00f3nica y electrodom\u00e9sticos:<\/p>\n<p>Pruebas de componentes electr\u00f3nicos: Eval\u00faa la resistencia a la corrosi\u00f3n y la estabilidad funcional de los componentes electr\u00f3nicos (como placas de circuitos y conectores) en entornos de niebla salina y alta humedad para garantizar la fiabilidad y durabilidad de los productos electr\u00f3nicos.<\/p>\n<p>Pruebas de equipos electr\u00f3nicos de exterior: Prueba el rendimiento de protecci\u00f3n de los equipos electr\u00f3nicos de exterior (como c\u00e1maras de vigilancia y vallas publicitarias de exterior) en condiciones meteorol\u00f3gicas adversas para garantizar su funcionamiento normal en entornos exteriores.<\/p>\n<p>5. Industria de materiales met\u00e1licos:<\/p>\n<p>Ensayos de corrosi\u00f3n de metales: Evaluar la resistencia a la corrosi\u00f3n y la velocidad de corrosi\u00f3n de materiales met\u00e1licos en ambientes de niebla salina y alta humedad, proporcionando una referencia para la selecci\u00f3n y uso de materiales met\u00e1licos.<\/p>\n<p>6. Industria de revestimientos y tratamiento de superficies:<\/p>\n<p>Pruebas de revestimientos anticorrosi\u00f3n: Evaluaci\u00f3n del efecto protector y la durabilidad de los revestimientos anticorrosi\u00f3n en condiciones de niebla salina y alta humedad, proporcionando orientaci\u00f3n para el desarrollo y la aplicaci\u00f3n de revestimientos.<\/p>","protected":false},"author":1,"featured_media":791,"template":"","meta":{"_acf_changed":false},"product_category":[8],"class_list":["post-271","product","type-product","status-publish","has-post-thumbnail","hentry","product_category-weather-resistance-test-series"],"acf":[],"_links":{"self":[{"href":"https:\/\/www.envsin-testchamber.com\/es\/wp-json\/wp\/v2\/product\/271","targetHints":{"allow":["GET"]}}],"collection":[{"href":"https:\/\/www.envsin-testchamber.com\/es\/wp-json\/wp\/v2\/product"}],"about":[{"href":"https:\/\/www.envsin-testchamber.com\/es\/wp-json\/wp\/v2\/types\/product"}],"author":[{"embeddable":true,"href":"https:\/\/www.envsin-testchamber.com\/es\/wp-json\/wp\/v2\/users\/1"}],"wp:featuredmedia":[{"embeddable":true,"href":"https:\/\/www.envsin-testchamber.com\/es\/wp-json\/wp\/v2\/media\/791"}],"wp:attachment":[{"href":"https:\/\/www.envsin-testchamber.com\/es\/wp-json\/wp\/v2\/media?parent=271"}],"wp:term":[{"taxonomy":"product_category","embeddable":true,"href":"https:\/\/www.envsin-testchamber.com\/es\/wp-json\/wp\/v2\/product_category?post=271"}],"curies":[{"name":"wp","href":"https:\/\/api.w.org\/{rel}","templated":true}]}}