{"id":267,"date":"2026-03-23T11:02:09","date_gmt":"2026-03-23T03:02:09","guid":{"rendered":"https:\/\/www.envsin-testchamber.com\/?post_type=product&#038;p=267"},"modified":"2026-05-08T15:12:32","modified_gmt":"2026-05-08T07:12:32","slug":"temperature-humidity-altitude-light-fresh-air-and-weather-resistance-comprehensive-test-chamber","status":"publish","type":"product","link":"https:\/\/www.envsin-testchamber.com\/es\/product\/temperature-humidity-altitude-light-fresh-air-and-weather-resistance-comprehensive-test-chamber\/","title":{"rendered":"C\u00e1mara de pruebas integral de temperatura, humedad, altitud, luz, aire fresco y resistencia a la intemperie"},"content":{"rendered":"<p style=\"text-align: center;\"><strong>Par\u00e1metros del producto<\/strong><\/p>\n<table style=\"width: 100%; border-collapse: collapse; border: 1px solid #ccc; table-layout: fixed;\">\n<thead>\n<tr>\n<th style=\"border: 1px solid #ccc; padding: 8px; text-align: center; font-weight: bold; background-color: #f0f0f0; width: 50%;\">Par\u00e1metro<\/th>\n<th style=\"border: 1px solid #ccc; padding: 8px; text-align: center; font-weight: bold; background-color: #f0f0f0; width: 50%;\">Especificaci\u00f3n \/ Valor<\/th>\n<\/tr>\n<\/thead>\n<tbody>\n<tr>\n<td style=\"border: 1px solid #ccc; padding: 8px; vertical-align: middle;\">Volumen de prueba<\/td>\n<td style=\"border: 1px solid #ccc; padding: 8px; vertical-align: middle;\">3m\u00b3, 6m\u00b3 (Dimensiones personalizables seg\u00fan las necesidades)<\/td>\n<\/tr>\n<tr>\n<td style=\"border: 1px solid #ccc; padding: 8px; vertical-align: middle;\">Fuente de alimentaci\u00f3n<\/td>\n<td style=\"border: 1px solid #ccc; padding: 8px; vertical-align: middle;\">AC380V \u00b110%, 50Hz \u00b11, trif\u00e1sico de cuatro hilos + cable de tierra (3\/N\/PE), resistencia de tierra &lt;4\u03a9<\/td>\n<\/tr>\n<tr>\n<td style=\"border: 1px solid #ccc; padding: 8px; vertical-align: middle;\">Potencia m\u00e1xima del sistema<\/td>\n<td style=\"border: 1px solid #ccc; padding: 8px; vertical-align: middle;\">Aprox. 123,8 kW (sujeto al dise\u00f1o de ingenier\u00eda final)<\/td>\n<\/tr>\n<tr>\n<td style=\"border: 1px solid #ccc; padding: 8px; vertical-align: middle;\">Corriente m\u00e1xima del sistema<\/td>\n<td style=\"border: 1px solid #ccc; padding: 8px; vertical-align: middle;\">Aprox. 212,3A (Sujeto al dise\u00f1o final de ingenier\u00eda)<\/td>\n<\/tr>\n<tr>\n<td style=\"border: 1px solid #ccc; padding: 8px; vertical-align: middle;\">M\u00e9todo de refrigeraci\u00f3n<\/td>\n<td style=\"border: 1px solid #ccc; padding: 8px; vertical-align: middle;\">Refrigeraci\u00f3n por agua<\/td>\n<\/tr>\n<tr>\n<td style=\"border: 1px solid #ccc; padding: 8px; vertical-align: middle;\">Temperatura<\/td>\n<td style=\"border: 1px solid #ccc; padding: 8px; vertical-align: middle;\">-20\u00b0C \/ -50\u00b0C \/ -70\u00b0C ~ +150\u00b0C<\/td>\n<\/tr>\n<tr>\n<td style=\"border: 1px solid #ccc; padding: 8px; vertical-align: middle;\">Uniformidad de temperatura<\/td>\n<td style=\"border: 1px solid #ccc; padding: 8px; vertical-align: middle;\">\u22642\u00b0C<\/td>\n<\/tr>\n<tr>\n<td style=\"border: 1px solid #ccc; padding: 8px; vertical-align: middle;\">Fluctuaci\u00f3n de temperatura<\/td>\n<td style=\"border: 1px solid #ccc; padding: 8px; vertical-align: middle;\">\u00b10.5\u00b0C<\/td>\n<\/tr>\n<tr>\n<td style=\"border: 1px solid #ccc; padding: 8px; vertical-align: middle;\">Desviaci\u00f3n de temperatura<\/td>\n<td style=\"border: 1px solid #ccc; padding: 8px; vertical-align: middle;\">\u00b12\u00b0C<\/td>\n<\/tr>\n<tr>\n<td style=\"border: 1px solid #ccc; padding: 8px; vertical-align: middle;\">Tasa de calentamiento<\/td>\n<td style=\"border: 1px solid #ccc; padding: 8px; vertical-align: middle;\">5\u00b0C\/min (lineal dentro del rango -70\u00b0C ~ +150\u00b0C)<\/td>\n<\/tr>\n<tr>\n<td style=\"border: 1px solid #ccc; padding: 8px; vertical-align: middle;\">Tasa de enfriamiento<\/td>\n<td style=\"border: 1px solid #ccc; padding: 8px; vertical-align: middle;\">5\u00b0C\/min (lineal dentro del rango -70\u00b0C ~ +150\u00b0C)<\/td>\n<\/tr>\n<tr>\n<td style=\"border: 1px solid #ccc; padding: 8px; vertical-align: middle;\">Prueba clim\u00e1tica de temperatura y humedad<\/td>\n<td style=\"border: 1px solid #ccc; padding: 8px; vertical-align: middle;\">Rango de humedad: 15%RH ~ 98%RH (\u00b13%RH)<\/td>\n<\/tr>\n<tr>\n<td style=\"border: 1px solid #ccc; padding: 8px; vertical-align: middle;\">Baja presi\u00f3n Rango extremo<\/td>\n<td style=\"border: 1px solid #ccc; padding: 8px; vertical-align: middle;\">&lt;7,6kPa<\/td>\n<\/tr>\n<tr>\n<td style=\"border: 1px solid #ccc; padding: 8px; vertical-align: middle;\">Volumen de aire fresco<\/td>\n<td style=\"border: 1px solid #ccc; padding: 8px; vertical-align: middle;\">500 ~ 2000 L\/min (ajustable)<\/td>\n<\/tr>\n<tr>\n<td style=\"border: 1px solid #ccc; padding: 8px; vertical-align: middle;\">Temperatura del aire fresco<\/td>\n<td style=\"border: 1px solid #ccc; padding: 8px; vertical-align: middle;\">0\u00b0C ~ 60\u00b0C, -20\u00b0C ~ 60\u00b0C, -40\u00b0C ~ 60\u00b0C (opcional)<\/td>\n<\/tr>\n<tr>\n<td style=\"border: 1px solid #ccc; padding: 8px; vertical-align: middle;\">Longitud de onda de la luz<\/td>\n<td style=\"border: 1px solid #ccc; padding: 8px; vertical-align: middle;\">280nm ~ 3000nm<\/td>\n<\/tr>\n<tr>\n<td style=\"border: 1px solid #ccc; padding: 8px; vertical-align: middle;\">Intensidad de irradiaci\u00f3n<\/td>\n<td style=\"border: 1px solid #ccc; padding: 8px; vertical-align: middle;\">55 ~ 1200 W\/m\u00b2<\/td>\n<\/tr>\n<\/tbody>\n<\/table>\n<p><strong>Aplicaciones y escenarios<\/strong><\/p>\n<p>1. Aeroespacial:<\/p>\n<p>Componentes de aeronaves: Comprueba el impacto de los cambios de vibraci\u00f3n, temperatura y humedad en el rendimiento y la fiabilidad de los componentes de las aeronaves durante el vuelo.<\/p>\n<p>Equipos de sat\u00e9lite: Eval\u00faa la estabilidad y durabilidad de los equipos de los sat\u00e9lites en condiciones de vibraci\u00f3n, temperatura y humedad en el entorno espacial.<\/p>\n<p>2. Industria del autom\u00f3vil:<\/p>\n<p>Componentes de automoci\u00f3n: Prueba el impacto de las vibraciones, las altas y bajas temperaturas y los ambientes h\u00famedos en los componentes de automoci\u00f3n durante su funcionamiento, evaluando su durabilidad y fiabilidad.<\/p>\n<p>Ensayos de veh\u00edculos completos: Realiza pruebas de vibraci\u00f3n, temperatura y cambios de humedad en veh\u00edculos completos en condiciones de carretera simuladas, evaluando el rendimiento del veh\u00edculo en diversos entornos complejos.<\/p>\n<p>3. Industria electr\u00f3nica y electrodom\u00e9sticos:<\/p>\n<p>Productos electr\u00f3nicos: Comprueba los efectos de las vibraciones, las altas y bajas temperaturas y los entornos h\u00famedos en los productos electr\u00f3nicos durante su transporte, almacenamiento y uso, evaluando su durabilidad y fiabilidad.<\/p>\n<p>Componentes electr\u00f3nicos: Eval\u00faa el impacto de las variaciones de vibraci\u00f3n, temperatura y humedad en el rendimiento de los componentes electr\u00f3nicos en condiciones reales de uso, garantizando un funcionamiento estable.<\/p>\n<p>4. Industria naval:<\/p>\n<p>Equipos marinos: Prueba los efectos de la vibraci\u00f3n, la corrosi\u00f3n del agua de mar y las condiciones clim\u00e1ticas marinas en los equipos marinos durante los viajes por mar, evaluando su durabilidad y estabilidad.<\/p>\n<p>4. Militar y Defensa:<\/p>\n<p>Equipos militares: Eval\u00faa el rendimiento de los equipos militares en combate y en entornos extremos con variaciones de vibraci\u00f3n, temperatura y humedad, garantizando su fiabilidad y estabilidad en las condiciones del campo de batalla.<\/p>\n<p>5. Productos farmac\u00e9uticos y biotecnolog\u00eda:<\/p>\n<p>Estabilidad farmac\u00e9utica: Comprueba los efectos de las variaciones de vibraci\u00f3n, temperatura y humedad en la estabilidad y eficacia de los productos farmac\u00e9uticos durante su transporte, almacenamiento y uso.<\/p>\n<p>Productos biofarmac\u00e9uticos: Eval\u00faa la estabilidad y eficacia de productos biol\u00f3gicos en condiciones ambientales complejas, garantizando su calidad y seguridad durante el transporte y el almacenamiento.<\/p>","protected":false},"author":1,"featured_media":794,"template":"","meta":{"_acf_changed":false},"product_category":[8],"class_list":["post-267","product","type-product","status-publish","has-post-thumbnail","hentry","product_category-weather-resistance-test-series"],"acf":[],"_links":{"self":[{"href":"https:\/\/www.envsin-testchamber.com\/es\/wp-json\/wp\/v2\/product\/267","targetHints":{"allow":["GET"]}}],"collection":[{"href":"https:\/\/www.envsin-testchamber.com\/es\/wp-json\/wp\/v2\/product"}],"about":[{"href":"https:\/\/www.envsin-testchamber.com\/es\/wp-json\/wp\/v2\/types\/product"}],"author":[{"embeddable":true,"href":"https:\/\/www.envsin-testchamber.com\/es\/wp-json\/wp\/v2\/users\/1"}],"wp:featuredmedia":[{"embeddable":true,"href":"https:\/\/www.envsin-testchamber.com\/es\/wp-json\/wp\/v2\/media\/794"}],"wp:attachment":[{"href":"https:\/\/www.envsin-testchamber.com\/es\/wp-json\/wp\/v2\/media?parent=267"}],"wp:term":[{"taxonomy":"product_category","embeddable":true,"href":"https:\/\/www.envsin-testchamber.com\/es\/wp-json\/wp\/v2\/product_category?post=267"}],"curies":[{"name":"wp","href":"https:\/\/api.w.org\/{rel}","templated":true}]}}