{"id":265,"date":"2026-03-23T11:00:27","date_gmt":"2026-03-23T03:00:27","guid":{"rendered":"https:\/\/www.envsin-testchamber.com\/?post_type=product&#038;p=265"},"modified":"2026-05-08T15:13:44","modified_gmt":"2026-05-08T07:13:44","slug":"sand-and-dust-test-chamber","status":"publish","type":"product","link":"https:\/\/www.envsin-testchamber.com\/es\/product\/sand-and-dust-test-chamber\/","title":{"rendered":"C\u00e1mara de pruebas de arena y polvo"},"content":{"rendered":"<p>La c\u00e1mara de pruebas de soplado de polvo, soplado de arena y sedimentaci\u00f3n de polvo de uso militar incluye principalmente una unidad de pruebas de soplado de polvo y equipos auxiliares para controlar la cantidad de sedimentaci\u00f3n de polvo, la velocidad del viento, la temperatura y la humedad del aire. La cantidad de polvo sedimentado que circula dentro de la c\u00e1mara de pruebas se mantiene y comprueba mediante instrumentos calibrados. El flujo de aire que entra en la c\u00e1mara de ensayo para incidir en la probeta debe ser lo m\u00e1s parecido posible al flujo laminar, o al menos evitar la formaci\u00f3n de remolinos. Este sistema experimental es adecuado para realizar ensayos de soplado de polvo en probetas.<\/p>\n<p style=\"text-align: center;\"><span style=\"font-family: arial, helvetica, sans-serif;\"><strong>Par\u00e1metros del producto<\/strong><\/span><\/p>\n<div class=\"sand-dust-table-wrapper\">\n<table style=\"width: 100%; border-collapse: collapse; border: 1px solid #ccc; font-family: Arial, sans-serif;\">\n<thead>\n<tr style=\"background-color: #f0f4f8;\">\n<th style=\"border: 1px solid #ccc; padding: 12px; text-align: left; font-weight: bold;\">Par\u00e1metro<\/th>\n<th style=\"border: 1px solid #ccc; padding: 12px; text-align: left; font-weight: bold;\">Especificaci\u00f3n \/ Valor<\/th>\n<\/tr>\n<\/thead>\n<tbody>\n<tr>\n<td style=\"border: 1px solid #ccc; padding: 10px;\">Volumen de la c\u00e1mara<\/td>\n<td style=\"border: 1px solid #ccc; padding: 10px;\">3375 L<\/td>\n<\/tr>\n<tr>\n<td style=\"border: 1px solid #ccc; padding: 10px;\">Dimensiones internas (An \u00d7 Pr \u00d7 Al)<\/td>\n<td style=\"border: 1px solid #ccc; padding: 10px;\">1500 mm \u00d7 1500 mm \u00d7 1500 mm<\/td>\n<\/tr>\n<tr>\n<td style=\"border: 1px solid #ccc; padding: 10px;\">Dimensiones exteriores (An \u00d7 Pr \u00d7 Al)<\/td>\n<td style=\"border: 1px solid #ccc; padding: 10px;\">Aprox. 4800 mm \u00d7 2000 mm \u00d7 2450 mm<br \/>\nReal sujeto a dise\u00f1o de ingenier\u00eda<\/td>\n<\/tr>\n<tr>\n<td style=\"border: 1px solid #ccc; padding: 10px;\">Fuente de alimentaci\u00f3n<\/td>\n<td style=\"border: 1px solid #ccc; padding: 10px;\">AC380V \u00b15%, 50Hz \u00b11, trif\u00e1sico de cuatro hilos + conexi\u00f3n a tierra (3\/N\/PE), resistencia de conexi\u00f3n a tierra &lt;4\u03a9<\/td>\n<\/tr>\n<tr>\n<td style=\"border: 1px solid #ccc; padding: 10px;\">Potencia m\u00e1xima de funcionamiento<\/td>\n<td style=\"border: 1px solid #ccc; padding: 10px;\">Aprox. 42,1 KW (sujeto a dise\u00f1o de ingenier\u00eda)<\/td>\n<\/tr>\n<tr>\n<td style=\"border: 1px solid #ccc; padding: 10px;\">Corriente m\u00e1xima de funcionamiento<\/td>\n<td style=\"border: 1px solid #ccc; padding: 10px;\">Aprox. 72 A (sujeto a dise\u00f1o de ingenier\u00eda)<\/td>\n<\/tr>\n<tr>\n<td style=\"border: 1px solid #ccc; padding: 10px;\">Temperatura<\/td>\n<td style=\"border: 1px solid #ccc; padding: 10px;\">23\u00b0C ~ 80\u00b0C<\/td>\n<\/tr>\n<tr>\n<td style=\"border: 1px solid #ccc; padding: 10px;\">Uniformidad de temperatura<\/td>\n<td style=\"border: 1px solid #ccc; padding: 10px;\">\u22642\u00b0C<\/td>\n<\/tr>\n<tr>\n<td style=\"border: 1px solid #ccc; padding: 10px;\">Fluctuaci\u00f3n de temperatura<\/td>\n<td style=\"border: 1px solid #ccc; padding: 10px;\">\u00b10.5\u00b0C<\/td>\n<\/tr>\n<tr>\n<td style=\"border: 1px solid #ccc; padding: 10px;\">Desviaci\u00f3n de temperatura<\/td>\n<td style=\"border: 1px solid #ccc; padding: 10px;\">\u00b12\u00b0C<\/td>\n<\/tr>\n<tr>\n<td style=\"border: 1px solid #ccc; padding: 10px;\">Velocidad de calentamiento\/enfriamiento<\/td>\n<td style=\"border: 1px solid #ccc; padding: 10px;\">\u22651\u00b0C\/min<\/td>\n<\/tr>\n<tr>\n<td style=\"border: 1px solid #ccc; padding: 10px;\">Cantidad de ca\u00edda de polvo<\/td>\n<td style=\"border: 1px solid #ccc; padding: 10px;\">10,6 g\/m\u00b3 \u00b1 7 g\/m\u00b3<\/td>\n<\/tr>\n<tr>\n<td style=\"border: 1px solid #ccc; padding: 10px;\">Velocidad del viento que sopla polvo<\/td>\n<td style=\"border: 1px solid #ccc; padding: 10px;\">1,5 ~ 8,9 m\/s<\/td>\n<\/tr>\n<tr>\n<td style=\"border: 1px solid #ccc; padding: 10px;\">Composici\u00f3n del polvo de ensayo<\/td>\n<td style=\"border: 1px solid #ccc; padding: 10px;\">97% ~ 99% di\u00f3xido de s\u00edlice (arena de cuarzo)<\/td>\n<\/tr>\n<tr>\n<td style=\"border: 1px solid #ccc; padding: 10px;\">Di\u00e1metro de las part\u00edculas de polvo<\/td>\n<td style=\"border: 1px solid #ccc; padding: 10px;\">\u2264149 \u03bcm<\/td>\n<\/tr>\n<tr>\n<td style=\"border: 1px solid #ccc; padding: 10px;\">Velocidad del flujo de aire de polvo<\/td>\n<td style=\"border: 1px solid #ccc; padding: 10px;\">1,5 ~ 8,9 m\/s (ajustable, medido a la salida del aire)<\/td>\n<\/tr>\n<tr>\n<td style=\"border: 1px solid #ccc; padding: 10px;\">Rango de humedad<\/td>\n<td style=\"border: 1px solid #ccc; padding: 10px;\">Por debajo de 30% HR (durante todo el proceso de prueba de polvo)<\/td>\n<\/tr>\n<tr>\n<td style=\"border: 1px solid #ccc; padding: 10px;\">Secci\u00f3n transversal efectiva (flujo de aire)<\/td>\n<td style=\"border: 1px solid #ccc; padding: 10px;\">\u2265800 mm \u00d7 800 mm<\/td>\n<\/tr>\n<tr>\n<td style=\"border: 1px solid #ccc; padding: 10px;\">Dimensiones del plato giratorio<\/td>\n<td style=\"border: 1px solid #ccc; padding: 10px;\">\u2265\u03a6700 mm<\/td>\n<\/tr>\n<tr>\n<td style=\"border: 1px solid #ccc; padding: 10px;\">Plato giratorio<\/td>\n<td style=\"border: 1px solid #ccc; padding: 10px;\">Capacidad de carga: \u2265200 kg<br \/>\nVelocidad de rotaci\u00f3n: 3 ~ 7 r\/min<\/td>\n<\/tr>\n<tr>\n<td style=\"border: 1px solid #ccc; padding: 10px;\">Normas aplicables<\/td>\n<td style=\"border: 1px solid #ccc; padding: 10px;\">GJB 150.12A-2009 M\u00e9todos de ensayo ambiental para laboratorio de material militar, Parte 12: Ensayo de polvo.<\/td>\n<\/tr>\n<\/tbody>\n<\/table>\n<\/div>\n<p>&nbsp;<\/p>\n<p><strong>Aplicaciones\u00a0<\/strong><\/p>\n<p class=\"ds-markdown-paragraph\">1.Industria del autom\u00f3vil<\/p>\n<p class=\"ds-markdown-paragraph\">Se utiliza para probar el rendimiento de sellado y la capacidad de protecci\u00f3n de componentes como faros, paneles de instrumentos, sistemas de admisi\u00f3n del motor, sistemas de aire acondicionado, unidades de control electr\u00f3nico a bordo, guardapolvos el\u00e9ctricos y sistemas de direcci\u00f3n. Estas pruebas previenen eficazmente los fallos causados por la entrada de polvo, garantizando la estabilidad y seguridad del veh\u00edculo en condiciones de carretera polvorienta.<\/p>\n<p class=\"ds-markdown-paragraph\">2.Electr\u00f3nica, Ingenier\u00eda El\u00e9ctrica y Telecomunicaciones<\/p>\n<p class=\"ds-markdown-paragraph\">Se utiliza para comprobar los niveles de protecci\u00f3n contra la entrada de polvo (por ejemplo, IP5X, IP6X) de productos como tel\u00e9fonos m\u00f3viles, routers, c\u00e1maras, pantallas LED de exterior, equipos de estaciones base de comunicaciones, armarios de exterior, aparatos de baja tensi\u00f3n, conectores y electrodom\u00e9sticos. Mediante la simulaci\u00f3n de entornos cargados de polvo, la prueba comprueba el rendimiento de sellado de los productos para evitar la entrada de polvo que podr\u00eda causar cortocircuitos o degradaci\u00f3n del rendimiento.<\/p>\n<p class=\"ds-markdown-paragraph\">3.Militar y aeroespacial<\/p>\n<p class=\"ds-markdown-paragraph\">Se utilizan para verificar la fiabilidad operativa y la durabilidad de equipos militares (por ejemplo, dispositivos de comunicaci\u00f3n, instrumentos de reconocimiento) y componentes aeroespaciales (por ejemplo, piezas de sat\u00e9lites, componentes de aeronaves) en condiciones duras como desiertos y terrenos del Gobi. Estas pruebas siguen estrictamente las normas militares nacionales (por ejemplo, GJB 150) o internacionales (por ejemplo, MIL-STD-810) para garantizar la capacidad de combate continua de los equipos y la seguridad de vuelo en entornos extremos de polvo\/arena.<\/p>\n<p class=\"ds-markdown-paragraph\">4.Nueva industria energ\u00e9tica<\/p>\n<p class=\"ds-markdown-paragraph\">Se utiliza para validar el rendimiento a prueba de polvo de componentes cr\u00edticos como m\u00f3dulos fotovoltaicos (placas traseras, cajas de conexiones), inversores fotovoltaicos, paquetes de bater\u00edas y controladores de motor de veh\u00edculos el\u00e9ctricos, pilas de carga, sistemas de paso de aerogeneradores y unidades de almacenamiento de energ\u00eda. A medida que los nuevos equipos energ\u00e9ticos se despliegan ampliamente en entornos hostiles como desiertos y regiones del Gobi, la c\u00e1mara de pruebas de arena\/polvo se convierte en una herramienta esencial para garantizar la estabilidad operativa a largo plazo y la eficiencia de la generaci\u00f3n de energ\u00eda.<\/p>\n<p class=\"ds-markdown-paragraph\">5.Transporte ferroviario<\/p>\n<p class=\"ds-markdown-paragraph\">Se utiliza para simular los entornos de arena\/polvo que pueden encontrar los sistemas de tr\u00e1nsito ferroviario (especialmente en zonas \u00e1ridas y propensas a las tormentas de arena), y para realizar pruebas de estanqueidad al polvo en componentes clave como las estructuras mec\u00e1nicas de las puertas de los trenes, los sistemas de frenado, los sistemas de control electr\u00f3nico de a bordo, los equipos de se\u00f1alizaci\u00f3n y los sistemas de aire acondicionado\/ventilaci\u00f3n. Estas pruebas eval\u00faan la durabilidad, fiabilidad y estanqueidad de los equipos en condiciones de polvo, garantizando la seguridad del tr\u00e1fico y la eficiencia operativa.<\/p>\n<p class=\"ds-markdown-paragraph\">6.Equipamiento industrial y productos de exterior<\/p>\n<p class=\"ds-markdown-paragraph\">Se utiliza para inspeccionar la estanqueidad al polvo de controladores industriales, armarios de distribuci\u00f3n, dispositivos de iluminaci\u00f3n exterior (por ejemplo, farolas, luces de t\u00faneles), cerraduras, juntas, contadores el\u00e9ctricos y otros productos. De este modo se garantiza que los equipos expuestos a entornos exteriores durante largos periodos puedan evitar eficazmente la entrada de polvo y mantener un funcionamiento y una vida \u00fatil normales.<\/p>\n<p class=\"ds-markdown-paragraph\">7.I+D en materiales<\/p>\n<p class=\"ds-markdown-paragraph\">Se utiliza para evaluar la resistencia al desgaste, la resistencia al envejecimiento y la resistencia a la corrosi\u00f3n de nuevos revestimientos, materiales de sellado, materiales compuestos, etc., bajo la erosi\u00f3n de arena arrastrada por el viento. Esto proporciona datos clave para la investigaci\u00f3n en ciencia de materiales y la optimizaci\u00f3n del dise\u00f1o de productos.<\/p>","protected":false},"author":1,"featured_media":795,"template":"","meta":{"_acf_changed":false},"product_category":[8],"class_list":["post-265","product","type-product","status-publish","has-post-thumbnail","hentry","product_category-weather-resistance-test-series"],"acf":[],"_links":{"self":[{"href":"https:\/\/www.envsin-testchamber.com\/es\/wp-json\/wp\/v2\/product\/265","targetHints":{"allow":["GET"]}}],"collection":[{"href":"https:\/\/www.envsin-testchamber.com\/es\/wp-json\/wp\/v2\/product"}],"about":[{"href":"https:\/\/www.envsin-testchamber.com\/es\/wp-json\/wp\/v2\/types\/product"}],"author":[{"embeddable":true,"href":"https:\/\/www.envsin-testchamber.com\/es\/wp-json\/wp\/v2\/users\/1"}],"wp:featuredmedia":[{"embeddable":true,"href":"https:\/\/www.envsin-testchamber.com\/es\/wp-json\/wp\/v2\/media\/795"}],"wp:attachment":[{"href":"https:\/\/www.envsin-testchamber.com\/es\/wp-json\/wp\/v2\/media?parent=265"}],"wp:term":[{"taxonomy":"product_category","embeddable":true,"href":"https:\/\/www.envsin-testchamber.com\/es\/wp-json\/wp\/v2\/product_category?post=265"}],"curies":[{"name":"wp","href":"https:\/\/api.w.org\/{rel}","templated":true}]}}