{"id":261,"date":"2026-03-23T10:57:32","date_gmt":"2026-03-23T02:57:32","guid":{"rendered":"https:\/\/www.envsin-testchamber.com\/?post_type=product&#038;p=261"},"modified":"2026-05-08T15:14:45","modified_gmt":"2026-05-08T07:14:45","slug":"high-and-low-temperature-humidity-low-air-pressure-test-chamber","status":"publish","type":"product","link":"https:\/\/www.envsin-testchamber.com\/es\/product\/high-and-low-temperature-humidity-low-air-pressure-test-chamber\/","title":{"rendered":"C\u00e1mara de Ensayo de Alta y Baja Temperatura Humedad Baja Presi\u00f3n de Aire"},"content":{"rendered":"<p>Una c\u00e1mara de pruebas de alta\/baja temperatura y baja presi\u00f3n es un dispositivo dise\u00f1ado espec\u00edficamente para simular el rendimiento de materiales, componentes o productos en entornos de gran altitud. Esta c\u00e1mara puede funcionar en condiciones variables de temperatura y baja presi\u00f3n, lo que ayuda a los investigadores y desarrolladores a comprender la fiabilidad y durabilidad de los productos en entornos de gran altitud, baja presi\u00f3n y temperaturas extremas.<\/p>\n<p>Esta c\u00e1mara de pruebas es adecuada para simular pruebas ambientales en dispositivos completos, componentes y materiales bajo uno o varios factores clim\u00e1ticos (alta temperatura, baja temperatura, calor h\u00famedo, baja presi\u00f3n). Se utiliza para evaluar la fiabilidad de productos o componentes de materiales en los entornos de temperatura, calor h\u00famedo y baja presi\u00f3n correspondientes para su uso, almacenamiento y transporte. Tambi\u00e9n puede probar simult\u00e1neamente los par\u00e1metros de rendimiento el\u00e9ctrico de las muestras de prueba mientras est\u00e1n encendidas.<\/p>\n<p style=\"text-align: center;\"><strong>Par\u00e1metros del producto<\/strong><\/p>\n<table style=\"width: 100%; border-collapse: collapse; border: 1px solid #000; font-family: Arial, sans-serif; font-size: 14px;\">\n<thead>\n<tr>\n<th style=\"border: 1px solid #000; padding: 8px; text-align: left; background-color: #f0f0f0; font-weight: bold;\">Par\u00e1metro<\/th>\n<th style=\"border: 1px solid #000; padding: 8px; text-align: left; background-color: #f0f0f0; font-weight: bold;\">ETQ7025<\/th>\n<th style=\"border: 1px solid #000; padding: 8px; text-align: left; background-color: #f0f0f0; font-weight: bold;\">ETQ7050<\/th>\n<th style=\"border: 1px solid #000; padding: 8px; text-align: left; background-color: #f0f0f0; font-weight: bold;\">ETQ7100<\/th>\n<th style=\"border: 1px solid #000; padding: 8px; text-align: left; background-color: #f0f0f0; font-weight: bold;\">ETQ7200<\/th>\n<\/tr>\n<\/thead>\n<tbody>\n<tr>\n<td style=\"border: 1px solid #000; padding: 8px; vertical-align: top; font-weight: bold;\">Volumen de prueba<\/td>\n<td style=\"border: 1px solid #000; padding: 8px; vertical-align: top;\">250 litros<\/td>\n<td style=\"border: 1px solid #000; padding: 8px; vertical-align: top;\">500 litros<\/td>\n<td style=\"border: 1px solid #000; padding: 8px; vertical-align: top;\">1000 litros<\/td>\n<td style=\"border: 1px solid #000; padding: 8px; vertical-align: top;\">2000 litros<\/td>\n<\/tr>\n<tr>\n<td style=\"border: 1px solid #000; padding: 8px; vertical-align: top; font-weight: bold;\">Dimensiones de la c\u00e1mara<br \/>\n(ANCHO\u00d7FONDO\u00d7ALTO)<\/td>\n<td style=\"border: 1px solid #000; padding: 8px; vertical-align: top;\">600 mm \u00d7 600 mm \u00d7<br \/>\n700 mm<\/td>\n<td style=\"border: 1px solid #000; padding: 8px; vertical-align: top;\">800 mm \u00d7 700 mm \u00d7<br \/>\n900 mm<\/td>\n<td style=\"border: 1px solid #000; padding: 8px; vertical-align: top;\">1000mm \u00d7 1000mm \u00d7<br \/>\n1000 mm<\/td>\n<td style=\"border: 1px solid #000; padding: 8px; vertical-align: top;\">1400mm \u00d7 1200mm \u00d7<br \/>\n1200 mm<\/td>\n<\/tr>\n<tr>\n<td style=\"border: 1px solid #000; padding: 8px; vertical-align: top; font-weight: bold;\">Dimensiones generales<br \/>\n(ANCHO\u00d7FONDO\u00d7ALTO)<\/td>\n<td style=\"border: 1px solid #000; padding: 8px; vertical-align: top;\">1000mm \u00d7 1800mm \u00d7<br \/>\n1880 mm<\/td>\n<td style=\"border: 1px solid #000; padding: 8px; vertical-align: top;\">1500mm \u00d7 2750mm \u00d7<br \/>\n1900 mm<\/td>\n<td style=\"border: 1px solid #000; padding: 8px; vertical-align: top;\">1400 mm \u00d7 3250 mm \u00d7<br \/>\n2000mm<\/td>\n<td style=\"border: 1px solid #000; padding: 8px; vertical-align: top;\">1810mm \u00d7 3710mm \u00d7<br \/>\n2310 mm<\/td>\n<\/tr>\n<tr>\n<td style=\"border: 1px solid #000; padding: 8px; vertical-align: top; font-weight: bold;\">Fuente de alimentaci\u00f3n<\/td>\n<td style=\"border: 1px solid #000; padding: 8px; vertical-align: top;\" colspan=\"4\">AC380V \u00b110%, 50Hz \u00b11, trif\u00e1sico 4 hilos + toma de tierra (3\/N\/PE), resistencia de toma de tierra &lt;4\u03a9<\/td>\n<\/tr>\n<tr>\n<td style=\"border: 1px solid #000; padding: 8px; vertical-align: top; font-weight: bold;\">M\u00e1x. Potencia del sistema<\/td>\n<td style=\"border: 1px solid #000; padding: 8px; vertical-align: top;\">Aprox. 29,4 kW<\/td>\n<td style=\"border: 1px solid #000; padding: 8px; vertical-align: top;\">Aprox. 39,4 kW<\/td>\n<td style=\"border: 1px solid #000; padding: 8px; vertical-align: top;\">Aprox. 54,7 kW<\/td>\n<td style=\"border: 1px solid #000; padding: 8px; vertical-align: top;\">Aprox. 60,7 kW<\/td>\n<\/tr>\n<tr>\n<td style=\"border: 1px solid #000; padding: 8px; vertical-align: top; font-weight: bold;\">M\u00e1x. Corriente del sistema<\/td>\n<td style=\"border: 1px solid #000; padding: 8px; vertical-align: top;\">Aprox. 47,2 A<\/td>\n<td style=\"border: 1px solid #000; padding: 8px; vertical-align: top;\">Aprox. 77,2 A<\/td>\n<td style=\"border: 1px solid #000; padding: 8px; vertical-align: top;\">Aprox. 95 A<\/td>\n<td style=\"border: 1px solid #000; padding: 8px; vertical-align: top;\">Aprox. 102,5 A<\/td>\n<\/tr>\n<tr>\n<td style=\"border: 1px solid #000; padding: 8px; vertical-align: top; font-weight: bold;\">M\u00e9todo de refrigeraci\u00f3n<\/td>\n<td style=\"border: 1px solid #000; padding: 8px; vertical-align: top;\" colspan=\"4\">Tipo refrigerado por agua (unidad de refrigeraci\u00f3n)<\/td>\n<\/tr>\n<tr>\n<td style=\"border: 1px solid #000; padding: 8px; vertical-align: top; font-weight: bold;\">Lugar de instalaci\u00f3n<br \/>\nRequisitos<\/td>\n<td style=\"border: 1px solid #000; padding: 8px; vertical-align: top;\" colspan=\"4\">1. Suelo nivelado, buena ventilaci\u00f3n, libre de gases\/polvo inflamables, explosivos o corrosivos.<br \/>\n2. Instalaci\u00f3n de drenaje a menos de 2 m de la unidad de refrigeraci\u00f3n para la eliminaci\u00f3n de condensados.<br \/>\n3. Capacidad de carga del suelo \u2265 60 kg\/m\u00b2.<br \/>\n4. Fuente de alimentaci\u00f3n conforme a los requisitos de la c\u00e1mara.<br \/>\n5. Si se requiere suministro de agua o aire, preinstale las conexiones.<br \/>\n6. Temperatura ambiente: 5\u00b0C~25\u00b0C para un rendimiento \u00f3ptimo; 25\u00b0C~35\u00b0C para un funcionamiento normal (tipo refrigerado por aire); 5\u00b0C~40\u00b0C para un funcionamiento normal (tipo refrigerado por agua con un sistema de agua de refrigeraci\u00f3n adecuado).<br \/>\n7. Humedad ambiente: \u226485% HR.<br \/>\n8. Presi\u00f3n atmosf\u00e9rica: 86kPa~106kPa.<br \/>\n9. Suficiente espacio libre para el mantenimiento alrededor de la unidad.<\/td>\n<\/tr>\n<tr>\n<td style=\"border: 1px solid #000; padding: 8px; vertical-align: top; font-weight: bold;\">Fuente de agua de refrigeraci\u00f3n<\/td>\n<td style=\"border: 1px solid #000; padding: 8px; vertical-align: top;\" colspan=\"4\"><strong>Temperatura del agua:<\/strong> 5\u00b0C ~ 28\u00b0C garantiza el pleno rendimiento; 28\u00b0C ~ 33\u00b0C admisible (la velocidad de enfriamiento puede variar). Si se utiliza agua de aire acondicionado \u226410\u2103, tome medidas contra la condensaci\u00f3n.<br \/>\n<strong>Si se selecciona la versi\u00f3n refrigerada por aire:<\/strong> no necesita agua de refrigeraci\u00f3n.<br \/>\n<strong>Si se necesita un nuevo sistema de circulaci\u00f3n de agua de refrigeraci\u00f3n:<\/strong> capacidad de la torre de refrigeraci\u00f3n \u226550 toneladas o capacidad de refrigeraci\u00f3n de la enfriadora \u226560 kW (a 20\u2103); el sistema deber\u00e1 cumplir la norma GB50050-1995 \u201cNorma de dise\u00f1o del tratamiento del agua de refrigeraci\u00f3n de circulaci\u00f3n industrial\u201d.<\/td>\n<\/tr>\n<tr>\n<td style=\"border: 1px solid #000; padding: 8px; vertical-align: top; font-weight: bold;\">Prueba de temperatura<br \/>\nPar\u00e1metros<\/td>\n<td style=\"border: 1px solid #000; padding: 8px; vertical-align: top;\">Agua de entrada: \u226538 toneladas\/hora<br \/>\nDi\u00e1metro del tubo: G2,5 pulgadas \u00d7 2<br \/>\nPresi\u00f3n de entrada: 0,3MPa ~ 0,6MPa<br \/>\nDiferencia de presi\u00f3n (entrada-salida):\u22650,2MPa<br \/>\nCalidad del agua: cumple la norma GB50050-1995<\/td>\n<td style=\"border: 1px solid #000; padding: 8px; vertical-align: top;\" colspan=\"3\"><strong>Rango de temperaturas:<\/strong> -72\u00b0C ~ +180\u00b0C<br \/>\n<strong>Uniformidad de la temperatura:<\/strong> \u00b12.0\u00b0C<br \/>\n<strong>Fluctuaci\u00f3n de temperatura:<\/strong> \u00b10.5\u00b0C<br \/>\n<strong>Velocidad de calentamiento:<\/strong> \u226510\u2103\/min punto a punto lineal (presi\u00f3n ambiente, -65\u2103~+125\u2103)<br \/>\n<strong>Velocidad de enfriamiento:<\/strong> \u226510\u2103\/min punto a punto lineal (presi\u00f3n ambiente, -65\u2103~+125\u2103)<br \/>\n<strong>Rango de humedad:<\/strong> 10%RH ~ 98%RH<br \/>\n<strong>Uniformidad de la humedad:<\/strong> \u00b13,0%RH<br \/>\n<strong>Desviaci\u00f3n de la humedad:<\/strong> \u00b13,0%RH<br \/>\n<strong>Rango de control de presi\u00f3n:<\/strong> presi\u00f3n ambiente ~ 5kPa, ajustable; capacidad para bajas temperaturas (-55\u2103, 2,7kPa)<br \/>\n<strong>Tiempo de reducci\u00f3n de presi\u00f3n:<\/strong> &lt;45 min (presi\u00f3n ambiente \u2192 0,5kPa)<\/td>\n<\/tr>\n<\/tbody>\n<\/table>\n<p><strong>Caracter\u00edsticas del producto<\/strong><\/p>\n<p>1. Gesti\u00f3n de plataforma m\u00f3vil ampliable mediante APP<\/p>\n<p>2. Tecnolog\u00eda de control de baja presi\u00f3n con anillo de agua especialmente dise\u00f1ada para un control de presi\u00f3n eficiente y equilibrado.<\/p>\n<p>3. Instalaciones de protecci\u00f3n m\u00faltiple, equipadas con un dispositivo de alarma remota inal\u00e1mbrica.<\/p>\n<p>4. Utiliza una pantalla t\u00e1ctil LCD con un men\u00fa de di\u00e1logo de aver\u00edas y un men\u00fa de diagrama de aver\u00edas y soluci\u00f3n de problemas.<\/p>\n<p>5. El dise\u00f1o de escudo contra la radiaci\u00f3n incorporado garantiza eficazmente la uniformidad de la temperatura en condiciones de baja presi\u00f3n.<\/p>\n<p>6. Tecnolog\u00eda de control de flujo de refrigeraci\u00f3n servo inteligente y eficiente, ahorro de energ\u00eda y subida y bajada de temperatura r\u00e1pida y precisa.<\/p>\n<p>7. El equipo puede ampliarse con funciones de servicio remoto y proporciona CD de formaci\u00f3n sobre la m\u00e1quina.<\/p>\n<p>8. El programa de pruebas dispone de funciones de reinicio inteligente, enlace autom\u00e1tico de memoria e inicio autom\u00e1tico del origen.<\/p>\n<p><strong>Aplicaciones y escenarios<\/strong><\/p>\n<p>1. Aeroespacial:<\/p>\n<p>Pruebas de componentes de aeronaves: Eval\u00faa el rendimiento de los componentes de las aeronaves (como equipos electr\u00f3nicos, materiales estructurales, juntas, etc.) en condiciones de gran altitud, baja temperatura y baja presi\u00f3n para garantizar su fiabilidad y seguridad durante los vuelos a gran altitud.<\/p>\n<p>Pruebas de equipos de naves espaciales: Prueba la durabilidad y estabilidad de los componentes de las naves espaciales (como los equipos electr\u00f3nicos de los sat\u00e9lites, los paneles solares, etc.) en el entorno espacial para garantizar su funcionamiento normal en \u00f3rbita.<\/p>\n<p>2. Industria electr\u00f3nica y el\u00e9ctrica:<\/p>\n<p>Pruebas de componentes electr\u00f3nicos: Eval\u00faa el rendimiento y la fiabilidad de los componentes electr\u00f3nicos (como chips semiconductores, condensadores, resistencias, etc.) en condiciones extremas de temperatura y baja presi\u00f3n. Pruebas de electr\u00f3nica de consumo: Prueba la estabilidad de productos electr\u00f3nicos de consumo como tel\u00e9fonos inteligentes, ordenadores port\u00e1tiles y tabletas en condiciones de alta y baja temperatura y baja presi\u00f3n para garantizar su funcionamiento normal en zonas de gran altitud.<\/p>\n<p>3. Industria del autom\u00f3vil:<\/p>\n<p>Electr\u00f3nica del autom\u00f3vil: Eval\u00faa el rendimiento de los equipos electr\u00f3nicos del veh\u00edculo (como sistemas de navegaci\u00f3n, sensores y unidades de control) en entornos de gran altitud y bajas temperaturas para garantizar su fiabilidad en diversas condiciones geogr\u00e1ficas.<\/p>\n<p>Pruebas de motores: Prueba el rendimiento de arranque y la estabilidad operativa de los motores y los componentes relacionados en condiciones de baja presi\u00f3n y baja temperatura para garantizar el funcionamiento normal de los veh\u00edculos en zonas de gran altitud.<\/p>\n<p>4. Equipo militar:<\/p>\n<p>Equipos electr\u00f3nicos militares: Eval\u00faa el rendimiento y la fiabilidad de los equipos electr\u00f3nicos militares (como equipos de comunicaci\u00f3n, dispositivos de navegaci\u00f3n y radares) en condiciones ambientales extremas para garantizar su funcionamiento normal en diversos entornos de combate.<\/p>\n<p>Equipo personal: Prueba la durabilidad de los equipos port\u00e1tiles utilizados por los soldados (como dispositivos de visi\u00f3n nocturna, linternas y equipos de comunicaci\u00f3n) en entornos de gran altitud y bajas temperaturas.<\/p>\n<p>5. Productos farmac\u00e9uticos y biotecnolog\u00eda:<\/p>\n<p>Pruebas de estabilidad farmac\u00e9utica: Eval\u00faa la estabilidad y eficacia de los productos farmac\u00e9uticos en entornos de temperatura extrema y baja presi\u00f3n para garantizar su calidad en diferentes condiciones de almacenamiento y transporte.<\/p>\n<p>Pruebas de productos biol\u00f3gicos: Pruebas de estabilidad y actividad de vacunas y otros productos biol\u00f3gicos en condiciones de baja temperatura y baja presi\u00f3n para garantizar su eficacia en zonas de gran altitud.<\/p>\n<p>6. Ciencia de los materiales:<\/p>\n<p>Pruebas de durabilidad de materiales: Evaluaci\u00f3n de las propiedades f\u00edsicas y qu\u00edmicas de materiales novedosos (como materiales compuestos de alto rendimiento y materiales de revestimiento) en entornos de temperatura extrema y baja presi\u00f3n.<\/p>\n<p>Ensayos de materiales de estanquidad: Pruebas del rendimiento de estanquidad de diversos materiales de estanquidad en condiciones de baja presi\u00f3n y temperatura extrema para garantizar su fiabilidad en aplicaciones pr\u00e1cticas.<\/p>\n<p>7. Industria de las telecomunicaciones:<\/p>\n<p>Pruebas de equipos de comunicaci\u00f3n: Evaluaci\u00f3n del rendimiento de estaciones base, antenas, equipos de comunicaci\u00f3n por sat\u00e9lite, etc., en condiciones de gran altitud y temperaturas extremas para garantizar su funcionamiento estable en entornos dif\u00edciles.<\/p>\n<p>Pruebas de fibra \u00f3ptica y conectores: Pruebas de rendimiento de conexi\u00f3n y durabilidad de fibra \u00f3ptica y conectores en condiciones de baja presi\u00f3n y temperatura extrema.<\/p>","protected":false},"author":1,"featured_media":796,"template":"","meta":{"_acf_changed":false},"product_category":[8],"class_list":["post-261","product","type-product","status-publish","has-post-thumbnail","hentry","product_category-weather-resistance-test-series"],"acf":[],"_links":{"self":[{"href":"https:\/\/www.envsin-testchamber.com\/es\/wp-json\/wp\/v2\/product\/261","targetHints":{"allow":["GET"]}}],"collection":[{"href":"https:\/\/www.envsin-testchamber.com\/es\/wp-json\/wp\/v2\/product"}],"about":[{"href":"https:\/\/www.envsin-testchamber.com\/es\/wp-json\/wp\/v2\/types\/product"}],"author":[{"embeddable":true,"href":"https:\/\/www.envsin-testchamber.com\/es\/wp-json\/wp\/v2\/users\/1"}],"wp:featuredmedia":[{"embeddable":true,"href":"https:\/\/www.envsin-testchamber.com\/es\/wp-json\/wp\/v2\/media\/796"}],"wp:attachment":[{"href":"https:\/\/www.envsin-testchamber.com\/es\/wp-json\/wp\/v2\/media?parent=261"}],"wp:term":[{"taxonomy":"product_category","embeddable":true,"href":"https:\/\/www.envsin-testchamber.com\/es\/wp-json\/wp\/v2\/product_category?post=261"}],"curies":[{"name":"wp","href":"https:\/\/api.w.org\/{rel}","templated":true}]}}