{"id":255,"date":"2026-03-23T10:49:50","date_gmt":"2026-03-23T02:49:50","guid":{"rendered":"https:\/\/www.envsin-testchamber.com\/?post_type=product&#038;p=255"},"modified":"2026-05-08T14:59:51","modified_gmt":"2026-05-08T06:59:51","slug":"liquid-bath-shock-test-chamber","status":"publish","type":"product","link":"https:\/\/www.envsin-testchamber.com\/es\/product\/liquid-bath-shock-test-chamber\/","title":{"rendered":"C\u00e1mara de ensayo de choque en ba\u00f1o l\u00edquido"},"content":{"rendered":"<p style=\"text-align: center;\"><span style=\"font-family: arial, helvetica, sans-serif;\"><strong>Par\u00e1metros del producto<\/strong><\/span><\/p>\n<table style=\"width: 100%; border-collapse: collapse; border: 1px solid #ccc;\" border=\"1\" cellspacing=\"0\" cellpadding=\"8\">\n<thead>\n<tr style=\"background-color: #f0f4f9;\">\n<th style=\"border: 1px solid #ccc; text-align: left; padding: 10px;\">Par\u00e1metro \/ Art\u00edculo<\/th>\n<th style=\"border: 1px solid #ccc; text-align: left; padding: 10px;\">EYC603S2<\/th>\n<th style=\"border: 1px solid #ccc; text-align: left; padding: 10px;\">EYC605S2<\/th>\n<\/tr>\n<\/thead>\n<tbody>\n<tr>\n<td style=\"border: 1px solid #ccc; padding: 10px;\">Volumen de prueba (litros)<\/td>\n<td style=\"border: 1px solid #ccc; padding: 10px;\">2.6 L<\/td>\n<td style=\"border: 1px solid #ccc; padding: 10px;\">4.5 L<\/td>\n<\/tr>\n<tr>\n<td style=\"border: 1px solid #ccc; padding: 10px;\">Estructura del sistema<\/td>\n<td style=\"border: 1px solid #ccc; padding: 10px;\" colspan=\"2\">Tipo de transferencia de suspensi\u00f3n mec\u00e1nica autom\u00e1tica, ba\u00f1o de l\u00edquido a alta temperatura, ba\u00f1o de l\u00edquido a baja temperatura, c\u00e1mara de aire fr\u00edo<\/td>\n<\/tr>\n<tr>\n<td style=\"border: 1px solid #ccc; padding: 10px;\">Medio de ensayo l\u00edquido<\/td>\n<td style=\"border: 1px solid #ccc; padding: 10px;\" colspan=\"2\">Aceite de fluorocarbono, ba\u00f1o de aceite agitaci\u00f3n inmersi\u00f3n<\/td>\n<\/tr>\n<tr>\n<td style=\"border: 1px solid #ccc; padding: 10px;\">Rango de temperatura del dep\u00f3sito de alta temperatura<\/td>\n<td style=\"border: 1px solid #ccc; padding: 10px;\">+70\u2103 ~ +150\u2103<\/td>\n<td style=\"border: 1px solid #ccc; padding: 10px;\">+70\u2103 ~ +150\u2103<\/td>\n<\/tr>\n<tr>\n<td style=\"border: 1px solid #ccc; padding: 10px;\">Rango de temperatura del dep\u00f3sito de baja temperatura<\/td>\n<td style=\"border: 1px solid #ccc; padding: 10px;\">-65\u2103 ~ 0\u2103<\/td>\n<td style=\"border: 1px solid #ccc; padding: 10px;\">-65\u2103 ~ 0\u2103<\/td>\n<\/tr>\n<tr>\n<td style=\"border: 1px solid #ccc; padding: 10px;\">Fluctuaci\u00f3n de temperatura<\/td>\n<td style=\"border: 1px solid #ccc; padding: 10px;\">\u2264 \u00b10.5\u2103<\/td>\n<td style=\"border: 1px solid #ccc; padding: 10px;\">\u2264 \u00b10.5\u2103<\/td>\n<\/tr>\n<tr>\n<td style=\"border: 1px solid #ccc; padding: 10px;\">Uniformidad de temperatura<\/td>\n<td style=\"border: 1px solid #ccc; padding: 10px;\">\u2264 2.0\u2103<\/td>\n<td style=\"border: 1px solid #ccc; padding: 10px;\">\u2264 2.0\u2103<\/td>\n<\/tr>\n<tr>\n<td style=\"border: 1px solid #ccc; padding: 10px;\">Desviaci\u00f3n de temperatura<\/td>\n<td style=\"border: 1px solid #ccc; padding: 10px;\">\u2264 \u00b12.0\u2103<\/td>\n<td style=\"border: 1px solid #ccc; padding: 10px;\">\u2264 \u00b12.0\u2103<\/td>\n<\/tr>\n<tr>\n<td style=\"border: 1px solid #ccc; padding: 10px;\">Rendimiento del ba\u00f1o a alta y baja temperatura<br \/>\n(precalentamiento \/ preenfriamiento)<\/td>\n<td style=\"border: 1px solid #ccc; padding: 10px;\"><strong>Precalentamiento a alta temperatura:<\/strong> +70\u2103 ~ +200\u2103<br \/>\nTiempo de calentamiento: ambiente \u2192 +200\u2103 aprox. 80 min.<br \/>\n<strong>Preenfriamiento a baja temperatura:<\/strong> -70\u2103 ~ 0\u2103<br \/>\nTiempo de enfriamiento: ambiente \u2192 -70\u2103 aprox. 90 min.<\/td>\n<td style=\"border: 1px solid #ccc; padding: 10px;\"><strong>Precalentamiento a alta temperatura:<\/strong> +70\u2103 ~ +200\u2103<br \/>\nTiempo de calentamiento: ambiente \u2192 +200\u2103 aprox. 80 min.<br \/>\n<strong>Preenfriamiento a baja temperatura:<\/strong> -70\u2103 ~ 0\u2103<br \/>\nTiempo de enfriamiento: ambiente \u2192 -70\u2103 aprox. 90 min.<\/td>\n<\/tr>\n<tr>\n<td style=\"border: 1px solid #ccc; padding: 10px;\">Entorno de la c\u00e1mara de aire fr\u00edo<\/td>\n<td style=\"border: 1px solid #ccc; padding: 10px;\" colspan=\"2\">Temperatura &lt; 25\u2103; Humedad relativa &lt; 65% HR<\/td>\n<\/tr>\n<tr>\n<td style=\"border: 1px solid #ccc; padding: 10px;\">Tiempo de recuperaci\u00f3n de la temperatura<\/td>\n<td style=\"border: 1px solid #ccc; padding: 10px;\">&lt; 5 min<\/td>\n<td style=\"border: 1px solid #ccc; padding: 10px;\">&lt; 5 min<\/td>\n<\/tr>\n<tr>\n<td style=\"border: 1px solid #ccc; padding: 10px;\">Temperatura Tiempo de transferencia<\/td>\n<td style=\"border: 1px solid #ccc; padding: 10px;\">&lt; 10 segundos<\/td>\n<td style=\"border: 1px solid #ccc; padding: 10px;\">&lt; 10 segundos<\/td>\n<\/tr>\n<tr>\n<td style=\"border: 1px solid #ccc; padding: 10px;\">Tama\u00f1o de la cesta de muestras (L\u00d7A\u00d7H)<\/td>\n<td style=\"border: 1px solid #ccc; padding: 10px;\">120 \u00d7 120 \u00d7 180 mm<\/td>\n<td style=\"border: 1px solid #ccc; padding: 10px;\">150 \u00d7 150 \u00d7 200 mm<\/td>\n<\/tr>\n<tr>\n<td style=\"border: 1px solid #ccc; padding: 10px;\">Dimensiones internas del ba\u00f1o de l\u00edquido (L\u00d7A\u00d7H)<\/td>\n<td style=\"border: 1px solid #ccc; padding: 10px;\">250 \u00d7 350 \u00d7 400 mm<\/td>\n<td style=\"border: 1px solid #ccc; padding: 10px;\">280 \u00d7 380 \u00d7 420 mm<\/td>\n<\/tr>\n<tr>\n<td style=\"border: 1px solid #ccc; padding: 10px;\">Dimensiones exteriores (L\u00d7A\u00d7H)<\/td>\n<td style=\"border: 1px solid #ccc; padding: 10px;\">1000 \u00d7 1750 \u00d7 1910 mm<\/td>\n<td style=\"border: 1px solid #ccc; padding: 10px;\">1160 \u00d7 2020 \u00d7 2210 mm<\/td>\n<\/tr>\n<tr>\n<td style=\"border: 1px solid #ccc; padding: 10px;\">Fuente de alimentaci\u00f3n<\/td>\n<td style=\"border: 1px solid #ccc; padding: 10px;\" colspan=\"2\">AC380V \u00b110%, 50Hz \u00b11, trif\u00e1sico 4 hilos + toma de tierra (3\/N\/PE), resistencia de toma de tierra &lt; 4\u03a9<\/td>\n<\/tr>\n<tr>\n<td style=\"border: 1px solid #ccc; padding: 10px;\">M\u00e9todo de refrigeraci\u00f3n<\/td>\n<td style=\"border: 1px solid #ccc; padding: 10px;\" colspan=\"2\">Tipo refrigerado por agua<\/td>\n<\/tr>\n<\/tbody>\n<\/table>\n<p>&nbsp;<\/p>\n<p><strong>Caracter\u00edsticas del producto<\/strong><\/p>\n<p>1. Dise\u00f1o moderno, \u00faltima tecnolog\u00eda de fabricaci\u00f3n modular y capacidad de control perfecta.<br \/>\n2. El dise\u00f1o exclusivo del medio l\u00edquido cumple los requisitos de ensayo m\u00e1s estrictos, lo que mejora la eficacia del ensayo.<br \/>\n3. El dise\u00f1o de sellado reforzado reduce la p\u00e9rdida por evaporaci\u00f3n del medio; dise\u00f1o eficiente y pr\u00e1ctico de separaci\u00f3n y recuperaci\u00f3n de aceite-l\u00edquido.<br \/>\n4. El dise\u00f1o de ventana de visualizaci\u00f3n independiente de f\u00e1cil manejo en la zona de ensayo facilita la supervisi\u00f3n en tiempo real de las muestras de ensayo.<br \/>\n5. Pantalla en color Sistema de control de 32 bits con funciones Ethernet E-management y USB de acceso a datos.<br \/>\n6. Gesti\u00f3n de plataforma m\u00f3vil APP ampliable.<br \/>\n7. El programa de pruebas cuenta con funciones de reinicio de apagado inteligente de f\u00e1cil uso, continuaci\u00f3n autom\u00e1tica de la memoria e inicio autom\u00e1tico del origen. 8. El equipo cuenta con dise\u00f1os inteligentes e independientes de monitorizaci\u00f3n y protecci\u00f3n de sobrecarga, sobrecalentamiento, anormalidad de potencia, sobrepresi\u00f3n y fallo de actuador.<br \/>\n8. Funci\u00f3n de supervisi\u00f3n de v\u00eddeo en red ampliable, sincronizada con la comprobaci\u00f3n de datos.<br \/>\n9. Tecnolog\u00eda de control de flujo de refrigeraci\u00f3n servo inteligente y eficiente, ahorro de energ\u00eda y subida y bajada de temperatura r\u00e1pida y precisa.<br \/>\n10. Recordatorio autom\u00e1tico del tiempo de mantenimiento del equipo y funci\u00f3n de dise\u00f1o de software de registro de fallos para el sistema de control.<br \/>\n11. El equipo puede ampliarse con capacidades de servicio remoto y proporciona CD instructivos de uso integrado.<\/p>\n<p><strong>Aplicaciones y escenarios<\/strong><\/p>\n<p>Adecuado para pruebas de adaptabilidad (impacto) de equipos en la industria de defensa, industria aeroespacial, industria militar, componentes de automatizaci\u00f3n, piezas de autom\u00f3viles, nuevas energ\u00edas, componentes de instrumentos electr\u00f3nicos y el\u00e9ctricos, productos el\u00e9ctricos, pl\u00e1sticos, industria qu\u00edmica, industria alimentaria, BGA, sustrato de PCB, IC de chip electr\u00f3nico, industria cer\u00e1mica de semiconductores y productos relacionados en condiciones de cambios r\u00e1pidos de temperatura atmosf\u00e9rica ambiente. Adecuado para pruebas repetidas de tensi\u00f3n de instrumentos, medidores, productos el\u00e9ctricos y electr\u00f3nicos y componentes bajo cambios r\u00e1pidos o graduales de temperatura, as\u00ed como cambios qu\u00edmicos o da\u00f1os f\u00edsicos causados por la expansi\u00f3n y contracci\u00f3n t\u00e9rmica, para confirmar la calidad del producto.<\/p>","protected":false},"author":1,"featured_media":782,"template":"","meta":{"_acf_changed":false},"product_category":[6],"class_list":["post-255","product","type-product","status-publish","has-post-thumbnail","hentry","product_category-environmental-stress-screening-ess-series"],"acf":[],"_links":{"self":[{"href":"https:\/\/www.envsin-testchamber.com\/es\/wp-json\/wp\/v2\/product\/255","targetHints":{"allow":["GET"]}}],"collection":[{"href":"https:\/\/www.envsin-testchamber.com\/es\/wp-json\/wp\/v2\/product"}],"about":[{"href":"https:\/\/www.envsin-testchamber.com\/es\/wp-json\/wp\/v2\/types\/product"}],"author":[{"embeddable":true,"href":"https:\/\/www.envsin-testchamber.com\/es\/wp-json\/wp\/v2\/users\/1"}],"wp:featuredmedia":[{"embeddable":true,"href":"https:\/\/www.envsin-testchamber.com\/es\/wp-json\/wp\/v2\/media\/782"}],"wp:attachment":[{"href":"https:\/\/www.envsin-testchamber.com\/es\/wp-json\/wp\/v2\/media?parent=255"}],"wp:term":[{"taxonomy":"product_category","embeddable":true,"href":"https:\/\/www.envsin-testchamber.com\/es\/wp-json\/wp\/v2\/product_category?post=255"}],"curies":[{"name":"wp","href":"https:\/\/api.w.org\/{rel}","templated":true}]}}