{"id":249,"date":"2026-03-23T10:42:00","date_gmt":"2026-03-23T02:42:00","guid":{"rendered":"https:\/\/www.envsin-testchamber.com\/?post_type=product&#038;p=249"},"modified":"2026-05-08T14:39:15","modified_gmt":"2026-05-08T06:39:15","slug":"automated-intelligent-temperature-and-humidity-test-chamber","status":"publish","type":"product","link":"https:\/\/www.envsin-testchamber.com\/es\/product\/automated-intelligent-temperature-and-humidity-test-chamber\/","title":{"rendered":"C\u00e1mara inteligente automatizada de pruebas de temperatura y humedad"},"content":{"rendered":"<p style=\"text-align: center;\"><strong><span style=\"font-size: 16px; font-family: arial, helvetica, sans-serif;\">Par\u00e1metros del producto<\/span><\/strong><\/p>\n<table style=\"width: 100%; border-collapse: collapse; border: 2px solid #000;\" border=\"1\" cellspacing=\"0\" cellpadding=\"8\">\n<tbody>\n<tr>\n<td style=\"border: 1px solid #000; padding: 8px; font-weight: bold;\">Volumen de prueba<\/td>\n<td style=\"border: 1px solid #000; padding: 8px;\">775L, 1400L, 1800L, 2400L, 3550L (personalizable)<\/td>\n<\/tr>\n<tr>\n<td style=\"border: 1px solid #000; padding: 8px; font-weight: bold;\">Dimensiones generales<\/td>\n<td style=\"border: 1px solid #000; padding: 8px;\">1560\u00d72000\u00d72750mm; 1700\u00d72200\u00d72750mm; 1790\u00d72400\u00d72850mm<\/td>\n<\/tr>\n<tr>\n<td style=\"border: 1px solid #000; padding: 8px; font-weight: bold;\">Fuente de alimentaci\u00f3n<\/td>\n<td style=\"border: 1px solid #000; padding: 8px;\">AC380V\u00b110%, 50Hz\u00b11, trif\u00e1sico 4 hilos + tierra (3\/N\/PE), \u22644\u03a9<\/td>\n<\/tr>\n<tr>\n<td style=\"border: 1px solid #000; padding: 8px; font-weight: bold;\">Potencia m\u00e1xima<\/td>\n<td style=\"border: 1px solid #000; padding: 8px;\">Aprox. 12,3 kW<\/td>\n<\/tr>\n<tr>\n<td style=\"border: 1px solid #000; padding: 8px; font-weight: bold;\">Corriente m\u00e1xima<\/td>\n<td style=\"border: 1px solid #000; padding: 8px;\">Aprox. 24,8 A<\/td>\n<\/tr>\n<tr>\n<td style=\"border: 1px solid #000; padding: 8px; font-weight: bold;\">M\u00e9todo de refrigeraci\u00f3n<\/td>\n<td style=\"border: 1px solid #000; padding: 8px;\">Refrigerado por aire<\/td>\n<\/tr>\n<tr>\n<td style=\"border: 1px solid #000; padding: 8px; font-weight: bold;\">Temperatura<\/td>\n<td style=\"border: 1px solid #000; padding: 8px;\">-40\/-70\u00b0C a 150\u00b0C<\/td>\n<\/tr>\n<tr>\n<td style=\"border: 1px solid #000; padding: 8px; font-weight: bold;\">Uniformidad de temperatura<\/td>\n<td style=\"border: 1px solid #000; padding: 8px;\">\u22642\u00b0C<\/td>\n<\/tr>\n<tr>\n<td style=\"border: 1px solid #000; padding: 8px; font-weight: bold;\">Fluctuaci\u00f3n de temperatura<\/td>\n<td style=\"border: 1px solid #000; padding: 8px;\">\u00b10.5\u00b0C<\/td>\n<\/tr>\n<tr>\n<td style=\"border: 1px solid #000; padding: 8px; font-weight: bold;\">Desviaci\u00f3n Temp<\/td>\n<td style=\"border: 1px solid #000; padding: 8px;\">\u00b12\u00b0C<\/td>\n<\/tr>\n<tr>\n<td style=\"border: 1px solid #000; padding: 8px; font-weight: bold;\">Tasa de calentamiento<\/td>\n<td style=\"border: 1px solid #000; padding: 8px;\">5\/10\/15\/20\u00b0C\/min (ajustable)<\/td>\n<\/tr>\n<tr>\n<td style=\"border: 1px solid #000; padding: 8px; font-weight: bold;\">Rango de humedad<\/td>\n<td style=\"border: 1px solid #000; padding: 8px;\">15%-98%RH<\/td>\n<\/tr>\n<\/tbody>\n<\/table>\n<p><strong>Aplicaciones y escenarios<\/strong><\/p>\n<p>1. Industria electr\u00f3nica y electrodom\u00e9sticos<\/p>\n<p>Pruebas de componentes: Evaluaci\u00f3n de la fiabilidad y el rendimiento de los componentes electr\u00f3nicos en condiciones de alta temperatura, baja temperatura y humedad, como resistencias, condensadores y dispositivos semiconductores.<\/p>\n<p>Pruebas de equipos completos: Pruebas del estado operativo de equipos completos como tel\u00e9fonos m\u00f3viles, ordenadores y electrodom\u00e9sticos en diferentes entornos de temperatura y humedad para garantizar su estabilidad en condiciones extremas.<\/p>\n<p>2. Industria del autom\u00f3vil<\/p>\n<p>Pruebas de componentes: Pruebas de durabilidad y rendimiento de componentes de automoci\u00f3n (como motores, sistemas de control electr\u00f3nico y salpicaderos) en entornos de alta temperatura, baja temperatura y humedad.<\/p>\n<p>Pruebas de veh\u00edculos: Simulaci\u00f3n de pruebas de rendimiento de veh\u00edculos en diferentes condiciones clim\u00e1ticas para evaluar el arranque, el funcionamiento y el estacionamiento del veh\u00edculo en entornos extremos.<\/p>\n<p>3. Aeroespacial<\/p>\n<p>Pruebas de equipos: Evaluaci\u00f3n de la fiabilidad de equipos y materiales aeroespaciales (como sistemas de control de aeronaves y equipos de navegaci\u00f3n) en entornos de alta temperatura, baja temperatura y humedad.<\/p>\n<p>Ensayos de materiales: Pruebas de las propiedades f\u00edsicas y la estabilidad qu\u00edmica de materiales especiales utilizados en el sector aeroespacial en diferentes condiciones de temperatura y humedad.<\/p>\n<p>4. Productos farmac\u00e9uticos y biotecnolog\u00eda<\/p>\n<p>Pruebas de estabilidad farmac\u00e9utica: Evaluaci\u00f3n de la estabilidad de los productos farmac\u00e9uticos en diferentes condiciones de temperatura y humedad para determinar la vida \u00fatil y las condiciones de almacenamiento.<\/p>\n<p>Pruebas biofarmac\u00e9uticas: Pruebas de eficacia y seguridad de productos biol\u00f3gicos como vacunas y sueros en diferentes condiciones ambientales.<\/p>\n<p>5. Ciencia de los materiales<\/p>\n<p>Pruebas de durabilidad de materiales: Evaluaci\u00f3n de las caracter\u00edsticas de durabilidad y envejecimiento de metales, pl\u00e1sticos y materiales compuestos en entornos de alta temperatura, baja temperatura y humedad.<\/p>\n<p>Pruebas de revestimientos y materiales de protecci\u00f3n: Pruebas de rendimiento de revestimientos anticorrosi\u00f3n, materiales aislantes, etc., en distintos entornos.<\/p>\n<p>6. Industria militar y de defensa<\/p>\n<p>Pruebas de equipos de armamento: Evaluaci\u00f3n del rendimiento y la fiabilidad de los sistemas de armas y equipos de protecci\u00f3n en condiciones ambientales extremas.<\/p>\n<p>Pruebas de equipos electr\u00f3nicos militares: Pruebas de estabilidad operativa de equipos de comunicaciones militares, sistemas de navegaci\u00f3n, etc., en entornos de alta temperatura, baja temperatura y humedad.<\/p>\n<p>7. Nueva energ\u00eda<\/p>\n<p>Pruebas de equipos solares: Evaluaci\u00f3n de la eficiencia y durabilidad de paneles solares y equipos relacionados en diferentes condiciones de temperatura y humedad.<\/p>\n<p>Pruebas de equipos de almacenamiento de energ\u00eda: Pruebas de rendimiento y seguridad de bater\u00edas y sistemas de almacenamiento de energ\u00eda en entornos de alta temperatura, baja temperatura y humedad.<\/p>\n<p>8. Arquitectura e ingenier\u00eda civil<\/p>\n<p>Ensayos de materiales de construcci\u00f3n: Evaluaci\u00f3n del rendimiento y la durabilidad de los materiales de construcci\u00f3n (como hormig\u00f3n, acero, materiales aislantes, etc.) en diferentes condiciones ambientales.<\/p>\n<p>Pruebas estructurales: Simulaci\u00f3n del comportamiento de estructuras de edificios en condiciones extremas de temperatura y humedad para garantizar su estabilidad y seguridad en diversas condiciones clim\u00e1ticas.<\/p>\n<p>9. Alimentaci\u00f3n y productos de consumo<\/p>\n<p>Pruebas de vida \u00fatil de los alimentos: Evaluaci\u00f3n de la vida \u00fatil y los cambios de calidad de alimentos y bebidas en diferentes condiciones de temperatura y humedad.<\/p>\n<p>Pruebas de materiales de envasado: Pruebas del rendimiento de los materiales de envasado en entornos de alta y baja temperatura y h\u00famedos y calurosos para garantizar la seguridad del producto durante el transporte y el almacenamiento.<\/p>\n<p>10. Investigaci\u00f3n acad\u00e9mica<\/p>\n<p>Simulaci\u00f3n medioambiental: Se utiliza en la investigaci\u00f3n del clima, el medio ambiente ecol\u00f3gico y otros campos para simular distintas condiciones ambientales naturales y estudiar su impacto en organismos y materiales.<\/p>\n<p>Investigaci\u00f3n cient\u00edfica b\u00e1sica: Simulaci\u00f3n de condiciones ambientales extremas para experimentos y pruebas en investigaci\u00f3n cient\u00edfica b\u00e1sica, como f\u00edsica y qu\u00edmica.<\/p>","protected":false},"author":1,"featured_media":775,"template":"","meta":{"_acf_changed":false},"product_category":[15],"class_list":["post-249","product","type-product","status-publish","has-post-thumbnail","hentry","product_category-temperature-humidity-test-series"],"acf":[],"_links":{"self":[{"href":"https:\/\/www.envsin-testchamber.com\/es\/wp-json\/wp\/v2\/product\/249","targetHints":{"allow":["GET"]}}],"collection":[{"href":"https:\/\/www.envsin-testchamber.com\/es\/wp-json\/wp\/v2\/product"}],"about":[{"href":"https:\/\/www.envsin-testchamber.com\/es\/wp-json\/wp\/v2\/types\/product"}],"author":[{"embeddable":true,"href":"https:\/\/www.envsin-testchamber.com\/es\/wp-json\/wp\/v2\/users\/1"}],"wp:featuredmedia":[{"embeddable":true,"href":"https:\/\/www.envsin-testchamber.com\/es\/wp-json\/wp\/v2\/media\/775"}],"wp:attachment":[{"href":"https:\/\/www.envsin-testchamber.com\/es\/wp-json\/wp\/v2\/media?parent=249"}],"wp:term":[{"taxonomy":"product_category","embeddable":true,"href":"https:\/\/www.envsin-testchamber.com\/es\/wp-json\/wp\/v2\/product_category?post=249"}],"curies":[{"name":"wp","href":"https:\/\/api.w.org\/{rel}","templated":true}]}}