{"id":237,"date":"2026-03-23T10:28:52","date_gmt":"2026-03-23T02:28:52","guid":{"rendered":"https:\/\/www.envsin-testchamber.com\/?post_type=product&#038;p=237"},"modified":"2026-04-11T22:15:14","modified_gmt":"2026-04-11T14:15:14","slug":"walk-in-high-and-low-temperature-laboratory","status":"publish","type":"product","link":"https:\/\/www.envsin-testchamber.com\/es\/product\/walk-in-high-and-low-temperature-laboratory\/","title":{"rendered":"Laboratorio de alta y baja temperatura"},"content":{"rendered":"<p><strong>Caracter\u00edsticas del producto<\/strong><\/p>\n<p>1. Adopta la tecnolog\u00eda internacional m\u00e1s avanzada de procesamiento de almacenes, un dise\u00f1o moderno y una capacidad de control perfecta.<br \/>\n2. Combinaci\u00f3n l\u00edder proceso de tecnolog\u00eda de instalaci\u00f3n de soldadura completa, permanente de alta temperatura y alta humedad o alta temperatura sin deformaci\u00f3n.<br \/>\n3. Dise\u00f1o de seguridad especial con funciones de protecci\u00f3n contra sobretemperatura, humo, ausencia de viento y ventilaci\u00f3n por corte de corriente.<br \/>\n4. El dise\u00f1o expandible patentado del sistema de humidificaci\u00f3n ultras\u00f3nica garantiza el rango de aplicaci\u00f3n de carga t\u00e9rmica ultra alta.<br \/>\n5. Pantalla en color Sistema de control de 32 bits con Ethernet E-management y funci\u00f3n de acceso a datos USB.<br \/>\n6. Gesti\u00f3n escalable de la plataforma m\u00f3vil APP.<br \/>\n7. Fuente de alimentaci\u00f3n de carga programable con control de salida ON\/OFF de 4 canales, que protege la seguridad del producto y el equipo sometidos a ensayo.<br \/>\n8. El dise\u00f1o patentado de un sistema \u00fanico de circulaci\u00f3n de aire proporciona precisi\u00f3n al producto probado.<br \/>\n9. La funci\u00f3n anti-condensaci\u00f3n y sobre temperatura, sin viento, funci\u00f3n de protecci\u00f3n contra el humo de la muestra de prueba independiente.<br \/>\n10. Puede ampliar la funci\u00f3n de supervisi\u00f3n de v\u00eddeo en red y sincronizarse con la comprobaci\u00f3n de datos.<br \/>\n11. Equipado con suministro autom\u00e1tico de agua con sistema de filtraci\u00f3n ultrapura y funci\u00f3n de aviso de escasez de agua.<br \/>\n12. El control de flujo de refrigeraci\u00f3n m\u00e1s respetuoso con el medio ambiente, ahorro de energ\u00eda y r\u00e1pido aumento y descenso de la temperatura.<br \/>\n13. El \u00fanico funcionamiento a baja temperatura de larga duraci\u00f3n del sector sin funci\u00f3n de descongelaci\u00f3n.<br \/>\n14. Dise\u00f1o \u00fanico del modo de funcionamiento, la caja vuelve a la temperatura ambiente despu\u00e9s del experimento para proteger el estado del objeto de prueba.<br \/>\n15. Recordatorio autom\u00e1tico del tiempo de mantenimiento de los equipos del sistema de control y funci\u00f3n de dise\u00f1o de software para registros m\u00e9dicos de aver\u00edas.<br \/>\n16. El dispositivo puede ampliar las funciones de servicio remoto y proporcionar CD de ense\u00f1anza para el uso de la m\u00e1quina.<\/p>\n<p style=\"text-align: center;\"><strong>Par\u00e1metros del producto<\/strong><\/p>\n<div style=\"overflow-x: auto; margin: 20px 0;\">\n<table class=\"wp-block-table\" style=\"width: 100%; border-collapse: collapse; border: 1px solid #ccc !important;\">\n<thead>\n<tr style=\"background: #f2f2f2; text-align: center; font-weight: bold;\">\n<th style=\"border: 1px solid #ccc !important; padding: 6px;\">Par\u00e1metro<\/th>\n<th style=\"border: 1px solid #ccc !important; padding: 6px;\">Descripci\u00f3n \/ Unidad<\/th>\n<th style=\"border: 1px solid #ccc !important; padding: 6px;\">ETCZ8\/4010<\/th>\n<th style=\"border: 1px solid #ccc !important; padding: 6px;\">ETCZ12\/4010<\/th>\n<th style=\"border: 1px solid #ccc !important; padding: 6px;\">ETCZ17\/4010<\/th>\n<th style=\"border: 1px solid #ccc !important; padding: 6px;\">ETCZ22\/4010<\/th>\n<th style=\"border: 1px solid #ccc !important; padding: 6px;\">ETCZ28\/4010<\/th>\n<\/tr>\n<\/thead>\n<tbody>\n<tr>\n<td style=\"border: 1px solid #ccc !important; padding: 6px;\">Volumen de trabajo<\/td>\n<td style=\"border: 1px solid #ccc !important; padding: 6px;\">m\u00b3<\/td>\n<td style=\"border: 1px solid #ccc !important; padding: 6px;\">8<\/td>\n<td style=\"border: 1px solid #ccc !important; padding: 6px;\">12<\/td>\n<td style=\"border: 1px solid #ccc !important; padding: 6px;\">17<\/td>\n<td style=\"border: 1px solid #ccc !important; padding: 6px;\">22<\/td>\n<td style=\"border: 1px solid #ccc !important; padding: 6px;\">28<\/td>\n<\/tr>\n<tr>\n<td style=\"border: 1px solid #ccc !important; padding: 6px;\">Temperatura<\/td>\n<td style=\"border: 1px solid #ccc !important; padding: 6px;\">\u00b0C<\/td>\n<td style=\"border: 1px solid #ccc !important; padding: 6px;\">-40\/+100<\/td>\n<td style=\"border: 1px solid #ccc !important; padding: 6px;\">-40\/+100<\/td>\n<td style=\"border: 1px solid #ccc !important; padding: 6px;\">-40\/+100<\/td>\n<td style=\"border: 1px solid #ccc !important; padding: 6px;\">-40\/+100<\/td>\n<td style=\"border: 1px solid #ccc !important; padding: 6px;\">40\/+100<\/td>\n<\/tr>\n<tr>\n<td style=\"border: 1px solid #ccc !important; padding: 6px;\">Variaci\u00f3n de la temperatura<\/td>\n<td style=\"border: 1px solid #ccc !important; padding: 6px;\">Fluctuaci\u00f3n: \u00b10,5\u00b0C ; Uniformidad: \u22642,0\u00b0C<\/td>\n<td style=\"border: 1px solid #ccc !important; padding: 6px;\" colspan=\"5\">- Aplicable a todos los modelos -<\/td>\n<\/tr>\n<tr>\n<td style=\"border: 1px solid #ccc !important; padding: 6px;\">Tolerancia t\u00e9rmica<\/td>\n<td style=\"border: 1px solid #ccc !important; padding: 6px;\">\u00b12.0\u00b0C<\/td>\n<td style=\"border: 1px solid #ccc !important; padding: 6px;\" colspan=\"5\">\u2014<\/td>\n<\/tr>\n<tr>\n<td style=\"border: 1px solid #ccc !important; padding: 6px;\">Tasa de calentamiento<\/td>\n<td style=\"border: 1px solid #ccc !important; padding: 6px;\">\u00b0C\/min<\/td>\n<td style=\"border: 1px solid #ccc !important; padding: 6px;\">\u2014<\/td>\n<td style=\"border: 1px solid #ccc !important; padding: 6px;\">3.0<\/td>\n<td style=\"border: 1px solid #ccc !important; padding: 6px;\">3.0<\/td>\n<td style=\"border: 1px solid #ccc !important; padding: 6px;\">3.0<\/td>\n<td style=\"border: 1px solid #ccc !important; padding: 6px;\">3.0<\/td>\n<\/tr>\n<tr>\n<td style=\"border: 1px solid #ccc !important; padding: 6px;\">Tasa de enfriamiento<\/td>\n<td style=\"border: 1px solid #ccc !important; padding: 6px;\">\u00b0C\/min<\/td>\n<td style=\"border: 1px solid #ccc !important; padding: 6px;\">\u2014<\/td>\n<td style=\"border: 1px solid #ccc !important; padding: 6px;\">2.0<\/td>\n<td style=\"border: 1px solid #ccc !important; padding: 6px;\">2.0<\/td>\n<td style=\"border: 1px solid #ccc !important; padding: 6px;\">2.0<\/td>\n<td style=\"border: 1px solid #ccc !important; padding: 6px;\">2.0<\/td>\n<\/tr>\n<tr>\n<td style=\"border: 1px solid #ccc !important; padding: 6px;\">Temp. (Prueba de humedad)<\/td>\n<td style=\"border: 1px solid #ccc !important; padding: 6px;\">\u00b0C<\/td>\n<td style=\"border: 1px solid #ccc !important; padding: 6px;\" colspan=\"5\">+10 ~ +85<\/td>\n<\/tr>\n<tr>\n<td style=\"border: 1px solid #ccc !important; padding: 6px;\">Rango de humedad<\/td>\n<td style=\"border: 1px solid #ccc !important; padding: 6px;\">%RH<\/td>\n<td style=\"border: 1px solid #ccc !important; padding: 6px;\" colspan=\"5\">10 ~ 98<\/td>\n<\/tr>\n<tr>\n<td style=\"border: 1px solid #ccc !important; padding: 6px;\" rowspan=\"3\">Prueba clim\u00e1tica de temperatura y humedad<\/td>\n<td style=\"border: 1px solid #ccc !important; padding: 6px;\">Fluctuaci\u00f3n de humedad: \u00b13,0%RH<\/td>\n<td style=\"border: 1px solid #ccc !important; padding: 6px;\" colspan=\"5\">\u2014<\/td>\n<\/tr>\n<tr>\n<td style=\"border: 1px solid #ccc !important; padding: 6px;\">Uniformidad de la humedad: \u00b15,0%RH<\/td>\n<td style=\"border: 1px solid #ccc !important; padding: 6px;\" colspan=\"5\">\u2014<\/td>\n<\/tr>\n<tr>\n<td style=\"border: 1px solid #ccc !important; padding: 6px;\">Desviaci\u00f3n de la humedad: +2% ~ -3% (&gt;75%RH) ; \u00b15,0% (&lt;75%RH)<\/td>\n<td style=\"border: 1px solid #ccc !important; padding: 6px;\" colspan=\"5\">\u2014<\/td>\n<\/tr>\n<tr>\n<td style=\"border: 1px solid #ccc !important; padding: 6px;\">Dimensiones interiores (anchura)<\/td>\n<td style=\"border: 1px solid #ccc !important; padding: 6px;\">mm<\/td>\n<td style=\"border: 1px solid #ccc !important; padding: 6px;\">2000<\/td>\n<td style=\"border: 1px solid #ccc !important; padding: 6px;\">2000<\/td>\n<td style=\"border: 1px solid #ccc !important; padding: 6px;\">2500<\/td>\n<td style=\"border: 1px solid #ccc !important; padding: 6px;\">2500<\/td>\n<td style=\"border: 1px solid #ccc !important; padding: 6px;\">2500<\/td>\n<\/tr>\n<tr>\n<td style=\"border: 1px solid #ccc !important; padding: 6px;\">Dimensiones interiores (profundidad)<\/td>\n<td style=\"border: 1px solid #ccc !important; padding: 6px;\">mm<\/td>\n<td style=\"border: 1px solid #ccc !important; padding: 6px;\">2000<\/td>\n<td style=\"border: 1px solid #ccc !important; padding: 6px;\">3000<\/td>\n<td style=\"border: 1px solid #ccc !important; padding: 6px;\">3000<\/td>\n<td style=\"border: 1px solid #ccc !important; padding: 6px;\">4000<\/td>\n<td style=\"border: 1px solid #ccc !important; padding: 6px;\">5000<\/td>\n<\/tr>\n<tr>\n<td style=\"border: 1px solid #ccc !important; padding: 6px;\">Dimensiones interiores (altura)<\/td>\n<td style=\"border: 1px solid #ccc !important; padding: 6px;\">mm<\/td>\n<td style=\"border: 1px solid #ccc !important; padding: 6px;\">2000<\/td>\n<td style=\"border: 1px solid #ccc !important; padding: 6px;\">2000<\/td>\n<td style=\"border: 1px solid #ccc !important; padding: 6px;\">2250<\/td>\n<td style=\"border: 1px solid #ccc !important; padding: 6px;\">2250<\/td>\n<td style=\"border: 1px solid #ccc !important; padding: 6px;\">2250<\/td>\n<\/tr>\n<tr>\n<td style=\"border: 1px solid #ccc !important; padding: 6px;\">Dimensiones exteriores (anchura)<\/td>\n<td style=\"border: 1px solid #ccc !important; padding: 6px;\">mm<\/td>\n<td style=\"border: 1px solid #ccc !important; padding: 6px;\">3800<\/td>\n<td style=\"border: 1px solid #ccc !important; padding: 6px;\">3800<\/td>\n<td style=\"border: 1px solid #ccc !important; padding: 6px;\">4400<\/td>\n<td style=\"border: 1px solid #ccc !important; padding: 6px;\">4400<\/td>\n<td style=\"border: 1px solid #ccc !important; padding: 6px;\">4400<\/td>\n<\/tr>\n<tr>\n<td style=\"border: 1px solid #ccc !important; padding: 6px;\">Dimensiones exteriores (profundidad)<\/td>\n<td style=\"border: 1px solid #ccc !important; padding: 6px;\">mm<\/td>\n<td style=\"border: 1px solid #ccc !important; padding: 6px;\">2480<\/td>\n<td style=\"border: 1px solid #ccc !important; padding: 6px;\">3480<\/td>\n<td style=\"border: 1px solid #ccc !important; padding: 6px;\">3480<\/td>\n<td style=\"border: 1px solid #ccc !important; padding: 6px;\">4480<\/td>\n<td style=\"border: 1px solid #ccc !important; padding: 6px;\">5480<\/td>\n<\/tr>\n<tr>\n<td style=\"border: 1px solid #ccc !important; padding: 6px;\">Dimensiones exteriores (altura)<\/td>\n<td style=\"border: 1px solid #ccc !important; padding: 6px;\">mm<\/td>\n<td style=\"border: 1px solid #ccc !important; padding: 6px;\">2380<\/td>\n<td style=\"border: 1px solid #ccc !important; padding: 6px;\">2380<\/td>\n<td style=\"border: 1px solid #ccc !important; padding: 6px;\">2650<\/td>\n<td style=\"border: 1px solid #ccc !important; padding: 6px;\">2650<\/td>\n<td style=\"border: 1px solid #ccc !important; padding: 6px;\">2650<\/td>\n<\/tr>\n<tr>\n<td style=\"border: 1px solid #ccc !important; padding: 6px;\">Fuente de alimentaci\u00f3n<\/td>\n<td style=\"border: 1px solid #ccc !important; padding: 6px;\" colspan=\"6\">AC380V\u00b110%, 50Hz\u00b11, Trif\u00e1sico + Neutro + PE (3\/N\/PE), Resistencia de puesta a tierra &lt;4\u03a9<\/td>\n<\/tr>\n<tr>\n<td style=\"border: 1px solid #ccc !important; padding: 6px;\">M\u00e9todo de refrigeraci\u00f3n<\/td>\n<td style=\"border: 1px solid #ccc !important; padding: 6px;\" colspan=\"6\">Refrigeraci\u00f3n por agua<\/td>\n<\/tr>\n<tr>\n<td style=\"border: 1px solid #ccc !important; padding: 6px;\">Normas de ensayo aplicables<\/td>\n<td style=\"border: 1px solid #ccc !important; padding: 6px;\" colspan=\"6\">1. GB\/T 2423.1-2008 Prueba A: M\u00e9todo de ensayo a baja temperatura<br \/>\n2. GB\/T 2423.2-2008 Prueba B: M\u00e9todo de prueba a alta temperatura<br \/>\n3. GB\/T 2423.3-2008 Ensayo C: Ensayo de calor h\u00famedo en estado estacionario<br \/>\n4. GB\/T 2423.4-2008 Prueba D: Prueba c\u00edclica de calor h\u00famedo<br \/>\n5. GB150.3A-2009 Prueba de alta temperatura<br \/>\n6. GB150.4A-2009 Prueba de baja temperatura<br \/>\n7. GB150.9A-2009 Prueba de calor h\u00famedo<br \/>\n8. GB\/T 5170.2-2008 Equipos de ensayo de temperatura<br \/>\n9. GB\/T 5170.5-2008 Equipo de prueba de humedad<\/td>\n<\/tr>\n<\/tbody>\n<\/table>\n<\/div>\n<p><strong>Aplicaci\u00f3n<\/strong><\/p>\n<p>1. Industria electr\u00f3nica y el\u00e9ctrica:<br \/>\nProbar el rendimiento de componentes electr\u00f3nicos, circuitos integrados y placas de circuitos en condiciones de alta, baja y humedad para garantizar que los productos funcionan correctamente en diversos entornos.<\/p>\n<p>2. Industria del autom\u00f3vil:<br \/>\nRealizaci\u00f3n de ensayos a alta y baja temperatura y ciclos de calor h\u00famedo en componentes de automoci\u00f3n como motores, paneles de instrumentos, bater\u00edas, etc., para evaluar su fiabilidad y vida \u00fatil en entornos extremos.<\/p>\n<p>3. Aeroespacial:<br \/>\nRealizar pruebas de simulaci\u00f3n medioambiental en componentes clave de aeronaves y naves espaciales para garantizar su rendimiento en condiciones de gran altitud, temperaturas extremas y humedad.<\/p>\n<p>4. Ciencia de los materiales:<br \/>\nRealizar ensayos a alta y baja temperatura y con calor h\u00famedo de nuevos materiales para evaluar sus propiedades f\u00edsicas y qu\u00edmicas, como la resistencia a la tracci\u00f3n, la resistencia a la corrosi\u00f3n y la dilataci\u00f3n t\u00e9rmica.<\/p>\n<p>5. Farmac\u00e9utica y Biotecnolog\u00eda:<br \/>\nSe utiliza para pruebas de estabilidad de f\u00e1rmacos, simulando el entorno de almacenamiento de f\u00e1rmacos en diferentes condiciones de temperatura y humedad, garantizando la eficacia y seguridad de los f\u00e1rmacos dentro de su vida \u00fatil.<\/p>\n<p>6. Materiales de construcci\u00f3n y edificaci\u00f3n:<br \/>\nProbar el rendimiento de materiales de construcci\u00f3n como el hormig\u00f3n, el acero y la madera en entornos de alta, baja y humedad para garantizar la seguridad y durabilidad de las estructuras de los edificios en diversas condiciones clim\u00e1ticas.<\/p>\n<p>7. Militar y Defensa:<br \/>\nRealizar pruebas de simulaci\u00f3n medioambiental en sistemas de armas, equipos de comunicaci\u00f3n, etc. para garantizar su fiabilidad en las condiciones del campo de batalla.<\/p>","protected":false},"author":1,"featured_media":424,"template":"","meta":{"_acf_changed":false},"product_category":[15],"class_list":["post-237","product","type-product","status-publish","has-post-thumbnail","hentry","product_category-temperature-humidity-test-series"],"acf":[],"_links":{"self":[{"href":"https:\/\/www.envsin-testchamber.com\/es\/wp-json\/wp\/v2\/product\/237","targetHints":{"allow":["GET"]}}],"collection":[{"href":"https:\/\/www.envsin-testchamber.com\/es\/wp-json\/wp\/v2\/product"}],"about":[{"href":"https:\/\/www.envsin-testchamber.com\/es\/wp-json\/wp\/v2\/types\/product"}],"author":[{"embeddable":true,"href":"https:\/\/www.envsin-testchamber.com\/es\/wp-json\/wp\/v2\/users\/1"}],"wp:featuredmedia":[{"embeddable":true,"href":"https:\/\/www.envsin-testchamber.com\/es\/wp-json\/wp\/v2\/media\/424"}],"wp:attachment":[{"href":"https:\/\/www.envsin-testchamber.com\/es\/wp-json\/wp\/v2\/media?parent=237"}],"wp:term":[{"taxonomy":"product_category","embeddable":true,"href":"https:\/\/www.envsin-testchamber.com\/es\/wp-json\/wp\/v2\/product_category?post=237"}],"curies":[{"name":"wp","href":"https:\/\/api.w.org\/{rel}","templated":true}]}}