{"id":236,"date":"2026-03-23T10:24:25","date_gmt":"2026-03-23T02:24:25","guid":{"rendered":"https:\/\/www.envsin-testchamber.com\/?post_type=product&#038;p=236"},"modified":"2026-05-08T14:57:25","modified_gmt":"2026-05-08T06:57:25","slug":"walk-in-wet-heat-cycle-laboratory","status":"publish","type":"product","link":"https:\/\/www.envsin-testchamber.com\/es\/product\/walk-in-wet-heat-cycle-laboratory\/","title":{"rendered":"Laboratorio de ciclo t\u00e9rmico h\u00famedo"},"content":{"rendered":"<p><strong>Caracter\u00edsticas del producto<\/strong><\/p>\n<p>1. Adopta la tecnolog\u00eda internacional m\u00e1s avanzada de procesamiento de almacenes, un dise\u00f1o moderno y una capacidad de control perfecta.<br \/>\n2. Combinaci\u00f3n l\u00edder proceso de tecnolog\u00eda de instalaci\u00f3n de soldadura completa, permanente de alta temperatura y alta humedad o alta temperatura sin deformaci\u00f3n.<br \/>\n3. Dise\u00f1o de seguridad especial con funciones de protecci\u00f3n contra sobretemperatura, humo, ausencia de viento y ventilaci\u00f3n por corte de corriente.<br \/>\n4. El dise\u00f1o expandible patentado del sistema de humidificaci\u00f3n ultras\u00f3nica garantiza el rango de aplicaci\u00f3n de carga t\u00e9rmica ultra alta.<br \/>\n5. Pantalla en color Sistema de control de 32 bits con Ethernet E-management y funci\u00f3n de acceso a datos USB.<br \/>\n6. Gesti\u00f3n escalable de la plataforma m\u00f3vil APP.<br \/>\n7. Fuente de alimentaci\u00f3n de carga programable con control de salida ON\/OFF de 4 canales, que protege la seguridad del producto y el equipo sometidos a ensayo.<br \/>\n8. El dise\u00f1o patentado de un sistema \u00fanico de circulaci\u00f3n de aire proporciona precisi\u00f3n al producto probado.<br \/>\n9. La funci\u00f3n anti-condensaci\u00f3n y sobre temperatura, sin viento, funci\u00f3n de protecci\u00f3n contra el humo de la muestra de prueba independiente.<br \/>\n10. Puede ampliar la funci\u00f3n de supervisi\u00f3n de v\u00eddeo en red y sincronizarse con la comprobaci\u00f3n de datos.<br \/>\n11. Equipado con suministro autom\u00e1tico de agua con sistema de filtraci\u00f3n ultrapura y funci\u00f3n de aviso de escasez de agua.<br \/>\n12. El control de flujo de refrigeraci\u00f3n m\u00e1s respetuoso con el medio ambiente, ahorro de energ\u00eda y r\u00e1pido aumento y descenso de la temperatura.<br \/>\n13. El \u00fanico funcionamiento a baja temperatura de larga duraci\u00f3n del sector sin funci\u00f3n de descongelaci\u00f3n.<br \/>\n14. Dise\u00f1o \u00fanico del modo de funcionamiento, la caja vuelve a la temperatura ambiente despu\u00e9s del experimento para proteger el estado del objeto de prueba.<br \/>\n15. Recordatorio autom\u00e1tico del tiempo de mantenimiento de los equipos del sistema de control y funci\u00f3n de dise\u00f1o de software para registros m\u00e9dicos de aver\u00edas.<br \/>\n16. El dispositivo puede ampliar las funciones de servicio remoto y proporcionar CD de ense\u00f1anza para el uso de la m\u00e1quina.<\/p>\n<p style=\"text-align: center;\"><strong>Par\u00e1metros del producto<\/strong><\/p>\n<table style=\"width: 100%; border-collapse: collapse; border: 2px solid #000; font-family: Arial, sans-serif;\">\n<thead>\n<tr style=\"background-color: #f0f4f9;\">\n<th style=\"border: 1px solid #000; padding: 12px; text-align: center; font-weight: bold; font-size: 16px;\">PARAMETER<\/th>\n<th style=\"border: 1px solid #000; padding: 12px; text-align: left; font-weight: bold; font-size: 16px;\">VALUE \/ SPECIFICATION<\/th>\n<\/tr>\n<\/thead>\n<tbody>\n<tr>\n<td style=\"border: 1px solid #000; padding: 10px; font-size: 15px;\">Volumen de prueba<\/td>\n<td style=\"border: 1px solid #000; padding: 10px; font-size: 15px;\">22m<sup>3<\/sup><\/td>\n<\/tr>\n<tr>\n<td style=\"border: 1px solid #000; padding: 10px; font-size: 15px;\">Working Chamber Dimensions<\/td>\n<td style=\"border: 1px solid #000; padding: 10px; font-size: 15px;\">2500mm \u00d7 4000mm \u00d7 2250mm (W \u00d7 D \u00d7 H)<\/td>\n<\/tr>\n<tr>\n<td style=\"border: 1px solid #000; padding: 10px; font-size: 15px;\">Dimensiones generales<\/td>\n<td style=\"border: 1px solid #000; padding: 10px; font-size: 15px;\">Approx: 4400mm \u00d7 4480mm \u00d7 2650mm (W \u00d7 D \u00d7 H)<\/td>\n<\/tr>\n<tr>\n<td style=\"border: 1px solid #000; padding: 10px; font-size: 15px;\">Fuente de alimentaci\u00f3n<\/td>\n<td style=\"border: 1px solid #000; padding: 10px; font-size: 15px;\">AC380V \u00b110%, 50Hz \u00b11, Three-phase four-wire +<br \/>\ngrounding wire (3\/N\/PE), grounding resistance &lt; 4\u03a9<\/td>\n<\/tr>\n<tr>\n<td style=\"border: 1px solid #000; padding: 10px; font-size: 15px;\">Potencia m\u00e1xima de funcionamiento<\/td>\n<td style=\"border: 1px solid #000; padding: 10px; font-size: 15px;\">Approx: 65.2KW (Actual based on final engineering<br \/>\ndesign)<\/td>\n<\/tr>\n<tr>\n<td style=\"border: 1px solid #000; padding: 10px; font-size: 15px;\">Corriente m\u00e1xima de funcionamiento<\/td>\n<td style=\"border: 1px solid #000; padding: 10px; font-size: 15px;\">Approx: 113.9A (Actual based on final engineering<br \/>\ndesign)<\/td>\n<\/tr>\n<tr>\n<td style=\"border: 1px solid #000; padding: 10px; font-size: 15px;\">M\u00e9todo de refrigeraci\u00f3n<\/td>\n<td style=\"border: 1px solid #000; padding: 10px; font-size: 15px;\">Water Cooling<\/td>\n<\/tr>\n<tr>\n<td style=\"border: 1px solid #000; padding: 10px; font-size: 15px;\">Temperatura<\/td>\n<td style=\"border: 1px solid #000; padding: 10px; font-size: 15px;\">-40\u2103 ~ +100\u2103<\/td>\n<\/tr>\n<tr>\n<td style=\"border: 1px solid #000; padding: 10px; font-size: 15px;\">Uniformidad de temperatura<\/td>\n<td style=\"border: 1px solid #000; padding: 10px; font-size: 15px;\">\u22642\u2103<\/td>\n<\/tr>\n<tr>\n<td style=\"border: 1px solid #000; padding: 10px; font-size: 15px;\">Fluctuaci\u00f3n de temperatura<\/td>\n<td style=\"border: 1px solid #000; padding: 10px; font-size: 15px;\">\u00b10.5\u2103<\/td>\n<\/tr>\n<tr>\n<td style=\"border: 1px solid #000; padding: 10px; font-size: 15px;\">Desviaci\u00f3n de temperatura<\/td>\n<td style=\"border: 1px solid #000; padding: 10px; font-size: 15px;\">\u00b12\u2103<\/td>\n<\/tr>\n<tr>\n<td style=\"border: 1px solid #000; padding: 10px; font-size: 15px;\">Tasa de calentamiento<\/td>\n<td style=\"border: 1px solid #000; padding: 10px; font-size: 15px;\">3\u2103\/min (Average over full range)<\/td>\n<\/tr>\n<tr>\n<td style=\"border: 1px solid #000; padding: 10px; font-size: 15px;\">Tasa de enfriamiento<\/td>\n<td style=\"border: 1px solid #000; padding: 10px; font-size: 15px;\">2\u2103\/min (Average over full range)<\/td>\n<\/tr>\n<tr>\n<td style=\"border: 1px solid #000; padding: 10px; font-size: 15px;\">Rango de control de temperatura<\/td>\n<td style=\"border: 1px solid #000; padding: 10px; font-size: 15px;\">10\u2103 ~ 85\u2103<\/td>\n<\/tr>\n<tr>\n<td style=\"border: 1px solid #000; padding: 10px; font-size: 15px;\">Rango de humedad<\/td>\n<td style=\"border: 1px solid #000; padding: 10px; font-size: 15px;\">10%RH ~ 98%RH<\/td>\n<\/tr>\n<tr>\n<td style=\"border: 1px solid #000; padding: 10px; font-size: 15px;\">Uniformidad de la humedad<\/td>\n<td style=\"border: 1px solid #000; padding: 10px; font-size: 15px;\">\u00b15,0%RH<\/td>\n<\/tr>\n<tr>\n<td style=\"border: 1px solid #000; padding: 10px; font-size: 15px;\">Damp Heat Test<\/td>\n<td style=\"border: 1px solid #000; padding: 10px; font-size: 15px;\">Fluctuaci\u00f3n de humedad: \u00b13,0%RH<\/td>\n<\/tr>\n<tr>\n<td style=\"border: 1px solid #000; padding: 10px; font-size: 15px;\">Desviaci\u00f3n de la humedad<\/td>\n<td style=\"border: 1px solid #000; padding: 10px; font-size: 15px;\">+2% ~ -3% (&gt;75%RH)<\/td>\n<\/tr>\n<tr>\n<td style=\"border: 1px solid #000; padding: 10px; font-size: 15px;\">Normas de ensayo aplicables<\/td>\n<td style=\"border: 1px solid #000; padding: 10px; font-size: 15px;\">\n<ul style=\"margin: 0; padding-left: 20px; list-style-type: disc;\">\n<li>GB\/T 2423.1-2008 Test A: Low Temperature Test Method<\/li>\n<li>GB\/T 2423.2-2008 Test B: High Temperature Test Method<\/li>\n<li>GB\/T 2423.3-2008 Test Ca: Constant Damp Heat Test Method<\/li>\n<li>GB\/T 2423.4-2008 Test Db: Alternating Damp Heat Test Method<\/li>\n<li>GB150.3A-2009 High Temperature Test<\/li>\n<li>GB150.4A-2009 Low Temperature Test<\/li>\n<li>GB150.9A-2009 Damp Heat Test<\/li>\n<\/ul>\n<\/td>\n<\/tr>\n<\/tbody>\n<\/table>\n<p><strong>Aplicaci\u00f3n y escenario<\/strong><\/p>\n<p>1. Industria electr\u00f3nica y el\u00e9ctrica:<br \/>\nProbar el rendimiento de componentes electr\u00f3nicos, circuitos integrados y placas de circuitos en condiciones de alta, baja y humedad para garantizar que los productos funcionan correctamente en diversos entornos.<\/p>\n<p>2. Industria del autom\u00f3vil:<br \/>\nRealizaci\u00f3n de ensayos a alta y baja temperatura y ciclos de calor h\u00famedo en componentes de automoci\u00f3n como motores, paneles de instrumentos, bater\u00edas, etc., para evaluar su fiabilidad y vida \u00fatil en entornos extremos.<\/p>\n<p>3. Aeroespacial:<br \/>\nRealizar pruebas de simulaci\u00f3n medioambiental en componentes clave de aeronaves y naves espaciales para garantizar su rendimiento en condiciones de gran altitud, temperaturas extremas y humedad.<\/p>\n<p>4. Ciencia de los materiales:<br \/>\nRealizar ensayos a alta y baja temperatura y con calor h\u00famedo de nuevos materiales para evaluar sus propiedades f\u00edsicas y qu\u00edmicas, como la resistencia a la tracci\u00f3n, la resistencia a la corrosi\u00f3n y la dilataci\u00f3n t\u00e9rmica.<\/p>\n<p>5. Farmac\u00e9utica y Biotecnolog\u00eda:<br \/>\nSe utiliza para pruebas de estabilidad de f\u00e1rmacos, simulando el entorno de almacenamiento de f\u00e1rmacos en diferentes condiciones de temperatura y humedad, garantizando la eficacia y seguridad de los f\u00e1rmacos dentro de su vida \u00fatil.<\/p>\n<p>6. Materiales de construcci\u00f3n y edificaci\u00f3n:<br \/>\nProbar el rendimiento de materiales de construcci\u00f3n como el hormig\u00f3n, el acero y la madera en entornos de alta, baja y humedad para garantizar la seguridad y durabilidad de las estructuras de los edificios en diversas condiciones clim\u00e1ticas.<\/p>\n<p>7. Militar y Defensa:<br \/>\nRealizar pruebas de simulaci\u00f3n medioambiental en sistemas de armas, equipos de comunicaci\u00f3n, etc. para garantizar su fiabilidad en las condiciones del campo de batalla.<\/p>","protected":false},"author":1,"featured_media":778,"template":"","meta":{"_acf_changed":false},"product_category":[15],"class_list":["post-236","product","type-product","status-publish","has-post-thumbnail","hentry","product_category-temperature-humidity-test-series"],"acf":[],"_links":{"self":[{"href":"https:\/\/www.envsin-testchamber.com\/es\/wp-json\/wp\/v2\/product\/236","targetHints":{"allow":["GET"]}}],"collection":[{"href":"https:\/\/www.envsin-testchamber.com\/es\/wp-json\/wp\/v2\/product"}],"about":[{"href":"https:\/\/www.envsin-testchamber.com\/es\/wp-json\/wp\/v2\/types\/product"}],"author":[{"embeddable":true,"href":"https:\/\/www.envsin-testchamber.com\/es\/wp-json\/wp\/v2\/users\/1"}],"wp:featuredmedia":[{"embeddable":true,"href":"https:\/\/www.envsin-testchamber.com\/es\/wp-json\/wp\/v2\/media\/778"}],"wp:attachment":[{"href":"https:\/\/www.envsin-testchamber.com\/es\/wp-json\/wp\/v2\/media?parent=236"}],"wp:term":[{"taxonomy":"product_category","embeddable":true,"href":"https:\/\/www.envsin-testchamber.com\/es\/wp-json\/wp\/v2\/product_category?post=236"}],"curies":[{"name":"wp","href":"https:\/\/api.w.org\/{rel}","templated":true}]}}