{"id":234,"date":"2026-03-23T10:21:18","date_gmt":"2026-03-23T02:21:18","guid":{"rendered":"https:\/\/www.envsin-testchamber.com\/?post_type=product&#038;p=234"},"modified":"2026-05-08T14:57:55","modified_gmt":"2026-05-08T06:57:55","slug":"walk-in-high-and-low-temperature-humidity-cycle-test-room","status":"publish","type":"product","link":"https:\/\/www.envsin-testchamber.com\/es\/product\/walk-in-high-and-low-temperature-humidity-cycle-test-room\/","title":{"rendered":"Sala de Pruebas de Humedad a Alta y Baja Temperatura| Pruebas ISO 16750"},"content":{"rendered":"<p><strong>Product \u00b7 Features<\/strong><\/p>\n<p>1. Adopta la tecnolog\u00eda internacional m\u00e1s avanzada de procesamiento de almacenes, un dise\u00f1o moderno y una capacidad de control perfecta.<br \/>\n2. Combinaci\u00f3n l\u00edder proceso de tecnolog\u00eda de instalaci\u00f3n de soldadura completa, permanente de alta temperatura y alta humedad o alta temperatura sin deformaci\u00f3n.<br \/>\n3. Dise\u00f1o de seguridad especial con funciones de protecci\u00f3n contra sobretemperatura, humo, ausencia de viento y ventilaci\u00f3n por corte de corriente.<br \/>\n4. El dise\u00f1o expandible patentado del sistema de humidificaci\u00f3n ultras\u00f3nica garantiza el rango de aplicaci\u00f3n de carga t\u00e9rmica ultra alta.<br \/>\n5. Pantalla en color Sistema de control de 32 bits con Ethernet E-management y funci\u00f3n de acceso a datos USB.<br \/>\n6. Gesti\u00f3n escalable de la plataforma m\u00f3vil APP.<br \/>\n7. Fuente de alimentaci\u00f3n de carga programable con control de salida ON\/OFF de 4 canales, que protege la seguridad del producto y el equipo sometidos a ensayo.<br \/>\n8. El dise\u00f1o patentado de un sistema \u00fanico de circulaci\u00f3n de aire proporciona precisi\u00f3n al producto probado.<br \/>\n9. La funci\u00f3n anti-condensaci\u00f3n y sobre temperatura, sin viento, funci\u00f3n de protecci\u00f3n contra el humo de la muestra de prueba independiente.<br \/>\n10. Puede ampliar la funci\u00f3n de supervisi\u00f3n de v\u00eddeo en red y sincronizarse con la comprobaci\u00f3n de datos.<br \/>\n11. Equipado con suministro autom\u00e1tico de agua con sistema de filtraci\u00f3n ultrapura y funci\u00f3n de aviso de escasez de agua.<br \/>\n12. El control de flujo de refrigeraci\u00f3n m\u00e1s respetuoso con el medio ambiente, ahorro de energ\u00eda y r\u00e1pido aumento y descenso de la temperatura.<br \/>\n13. The industry&#8217;s only long-term low-temperature operation without defrosting function.<br \/>\n14. Dise\u00f1o \u00fanico del modo de funcionamiento, la caja vuelve a la temperatura ambiente despu\u00e9s del experimento para proteger el estado del objeto de prueba.<br \/>\n15. Recordatorio autom\u00e1tico del tiempo de mantenimiento de los equipos del sistema de control y funci\u00f3n de dise\u00f1o de software para registros m\u00e9dicos de aver\u00edas.<br \/>\n16. El dispositivo puede ampliar las funciones de servicio remoto y proporcionar CD de ense\u00f1anza para el uso de la m\u00e1quina.<\/p>\n<p style=\"text-align: center;\"><strong>Par\u00e1metros del producto<\/strong><\/p>\n<div style=\"overflow-x: auto; margin: 20px 0;\">\n<table class=\"wp-block-table\" style=\"width: 100%; border-collapse: collapse; border: 1px solid #ccc !important;\">\n<thead>\n<tr style=\"background: #e9ecef; text-align: center; font-weight: bold;\">\n<th style=\"border: 1px solid #ccc !important; padding: 8px;\">Par\u00e1metro de prueba<\/th>\n<th style=\"border: 1px solid #ccc !important; padding: 8px;\">Value \/ Specification<\/th>\n<\/tr>\n<\/thead>\n<tbody>\n<tr>\n<td style=\"border: 1px solid #ccc !important; padding: 8px;\">Volumen de prueba<\/td>\n<td style=\"border: 1px solid #ccc !important; padding: 8px;\">28 m\u00b3<\/td>\n<\/tr>\n<tr>\n<td style=\"border: 1px solid #ccc !important; padding: 8px;\">Interior Dimensions (W\u00d7D\u00d7H)<\/td>\n<td style=\"border: 1px solid #ccc !important; padding: 8px;\">2500mm \u00d7 5000mm \u00d7 2250mm (W\u00d7D\u00d7H)<\/td>\n<\/tr>\n<tr>\n<td style=\"border: 1px solid #ccc !important; padding: 8px;\">Dimensiones totales (An\u00d7P\u00d7Al)<\/td>\n<td style=\"border: 1px solid #ccc !important; padding: 8px;\">Approx. 4400mm \u00d7 5480mm \u00d7 2650mm (W\u00d7D\u00d7H)<\/td>\n<\/tr>\n<tr>\n<td style=\"border: 1px solid #ccc !important; padding: 8px;\">Fuente de alimentaci\u00f3n<\/td>\n<td style=\"border: 1px solid #ccc !important; padding: 8px;\">AC380V\u00b110%, 50Hz\u00b11, Trif\u00e1sico + Neutro + PE (3\/N\/PE), Resistencia de puesta a tierra &lt;4\u03a9<\/td>\n<\/tr>\n<tr>\n<td style=\"border: 1px solid #ccc !important; padding: 8px;\">Potencia m\u00e1xima de funcionamiento<\/td>\n<td style=\"border: 1px solid #ccc !important; padding: 8px;\">Approx. 76.2KW (Actual design shall prevail for final engineering)<\/td>\n<\/tr>\n<tr>\n<td style=\"border: 1px solid #ccc !important; padding: 8px;\">Corriente m\u00e1xima de funcionamiento<\/td>\n<td style=\"border: 1px solid #ccc !important; padding: 8px;\">Approx. 130A (Actual design shall prevail for final engineering)<\/td>\n<\/tr>\n<tr>\n<td style=\"border: 1px solid #ccc !important; padding: 8px;\">M\u00e9todo de refrigeraci\u00f3n<\/td>\n<td style=\"border: 1px solid #ccc !important; padding: 8px;\">Refrigeraci\u00f3n por agua<\/td>\n<\/tr>\n<tr>\n<td style=\"border: 1px solid #ccc !important; padding: 8px;\">Temperatura<\/td>\n<td style=\"border: 1px solid #ccc !important; padding: 8px;\">-40\u2103 ~ +100\u2103<\/td>\n<\/tr>\n<tr>\n<td style=\"border: 1px solid #ccc !important; padding: 8px;\">Uniformidad de temperatura<\/td>\n<td style=\"border: 1px solid #ccc !important; padding: 8px;\">\u22642\u2103<\/td>\n<\/tr>\n<tr>\n<td style=\"border: 1px solid #ccc !important; padding: 8px;\">Fluctuaci\u00f3n de temperatura<\/td>\n<td style=\"border: 1px solid #ccc !important; padding: 8px;\">\u00b10.5\u2103<\/td>\n<\/tr>\n<tr>\n<td style=\"border: 1px solid #ccc !important; padding: 8px;\">Desviaci\u00f3n de temperatura<\/td>\n<td style=\"border: 1px solid #ccc !important; padding: 8px;\">\u00b12\u2103<\/td>\n<\/tr>\n<tr>\n<td style=\"border: 1px solid #ccc !important; padding: 8px;\">Heating Rate (Overall Average)<\/td>\n<td style=\"border: 1px solid #ccc !important; padding: 8px;\">3\u2103\/min<\/td>\n<\/tr>\n<tr>\n<td style=\"border: 1px solid #ccc !important; padding: 8px;\">Cooling Rate (Overall Average)<\/td>\n<td style=\"border: 1px solid #ccc !important; padding: 8px;\">2\u2103\/min<\/td>\n<\/tr>\n<tr>\n<td style=\"border: 1px solid #ccc !important; padding: 8px;\">Controlled Temperature Range<\/td>\n<td style=\"border: 1px solid #ccc !important; padding: 8px;\">10\u2103 ~ +85\u2103<\/td>\n<\/tr>\n<tr>\n<td style=\"border: 1px solid #ccc !important; padding: 8px;\">Rango de humedad<\/td>\n<td style=\"border: 1px solid #ccc !important; padding: 8px;\">10%RH ~ 98%RH<\/td>\n<\/tr>\n<tr>\n<td style=\"border: 1px solid #ccc !important; padding: 8px;\">Uniformidad de la humedad<\/td>\n<td style=\"border: 1px solid #ccc !important; padding: 8px;\">\u00b15,0%RH<\/td>\n<\/tr>\n<tr>\n<td style=\"border: 1px solid #ccc !important; padding: 8px;\">Damp Heat Test<br \/>\n(Humidity Fluctuation)<\/td>\n<td style=\"border: 1px solid #ccc !important; padding: 8px;\">\u00b13,0%RH<\/td>\n<\/tr>\n<tr>\n<td style=\"border: 1px solid #ccc !important; padding: 8px;\">Desviaci\u00f3n de la humedad<\/td>\n<td style=\"border: 1px solid #ccc !important; padding: 8px;\">+2% ~ -3% (&gt;75%RH)<\/td>\n<\/tr>\n<tr>\n<td style=\"border: 1px solid #ccc !important; padding: 8px;\">Normas de ensayo aplicables<\/td>\n<td style=\"border: 1px solid #ccc !important; padding: 8px;\">\u2022 1. GB\/T 2423.1-2008 Test A: Low Temperature Test Method<br \/>\n\u2022 2. GB\/T 2423.2-2008 Test B: High Temperature Test Method<br \/>\n\u2022 3. GB\/T 2423.3-2008 Test C: Damp Heat Steady State Test<br \/>\n\u2022 4. GB\/T 2423.4-2008 Test D: Damp Heat Cyclic Test<br \/>\n\u2022 5. GB150.3A-2009 High Temperature Test<br \/>\n\u2022 6. GB150.4A-2009 Low Temperature Test<br \/>\n\u2022 7. GB150.9A-2009 Damp Heat Test<br \/>\n\u2022 8. GB\/T 5170.2-2008 Temperature Test Equipment<br \/>\n\u2022 9. GB\/T 5170.5-2008 Humidity Test Equipment<br \/>\n\u2022 10. IEC60068-2-1<\/td>\n<\/tr>\n<\/tbody>\n<\/table>\n<\/div>\n<p><strong>Aplicaci\u00f3n y escenario<\/strong><\/p>\n<p>1. Industria electr\u00f3nica y el\u00e9ctrica:<br \/>\nProbar el rendimiento de componentes electr\u00f3nicos, circuitos integrados y placas de circuitos en condiciones de alta, baja y humedad para garantizar que los productos funcionan correctamente en diversos entornos.<\/p>\n<p>2. Industria del autom\u00f3vil:<br \/>\nRealizaci\u00f3n de ensayos a alta y baja temperatura y ciclos de calor h\u00famedo en componentes de automoci\u00f3n como motores, paneles de instrumentos, bater\u00edas, etc., para evaluar su fiabilidad y vida \u00fatil en entornos extremos.<\/p>\n<p>3. Aeroespacial:<br \/>\nRealizar pruebas de simulaci\u00f3n medioambiental en componentes clave de aeronaves y naves espaciales para garantizar su rendimiento en condiciones de gran altitud, temperaturas extremas y humedad.<\/p>\n<p>4. Ciencia de los materiales:<br \/>\nRealizar ensayos a alta y baja temperatura y con calor h\u00famedo de nuevos materiales para evaluar sus propiedades f\u00edsicas y qu\u00edmicas, como la resistencia a la tracci\u00f3n, la resistencia a la corrosi\u00f3n y la dilataci\u00f3n t\u00e9rmica.<\/p>\n<p>5. Farmac\u00e9utica y Biotecnolog\u00eda:<br \/>\nSe utiliza para pruebas de estabilidad de f\u00e1rmacos, simulando el entorno de almacenamiento de f\u00e1rmacos en diferentes condiciones de temperatura y humedad, garantizando la eficacia y seguridad de los f\u00e1rmacos dentro de su vida \u00fatil.<\/p>\n<p>6. Materiales de construcci\u00f3n y edificaci\u00f3n:<br \/>\nProbar el rendimiento de materiales de construcci\u00f3n como el hormig\u00f3n, el acero y la madera en entornos de alta, baja y humedad para garantizar la seguridad y durabilidad de las estructuras de los edificios en diversas condiciones clim\u00e1ticas.<\/p>\n<p>7. Militar y Defensa:<br \/>\nRealizar pruebas de simulaci\u00f3n medioambiental en sistemas de armas, equipos de comunicaci\u00f3n, etc. para garantizar su fiabilidad en las condiciones del campo de batalla.<\/p>","protected":false},"author":1,"featured_media":779,"template":"","meta":{"_acf_changed":false},"product_category":[20,15],"class_list":["post-234","product","type-product","status-publish","has-post-thumbnail","hentry","product_category-popular-products","product_category-temperature-humidity-test-series"],"acf":[],"_links":{"self":[{"href":"https:\/\/www.envsin-testchamber.com\/es\/wp-json\/wp\/v2\/product\/234","targetHints":{"allow":["GET"]}}],"collection":[{"href":"https:\/\/www.envsin-testchamber.com\/es\/wp-json\/wp\/v2\/product"}],"about":[{"href":"https:\/\/www.envsin-testchamber.com\/es\/wp-json\/wp\/v2\/types\/product"}],"author":[{"embeddable":true,"href":"https:\/\/www.envsin-testchamber.com\/es\/wp-json\/wp\/v2\/users\/1"}],"wp:featuredmedia":[{"embeddable":true,"href":"https:\/\/www.envsin-testchamber.com\/es\/wp-json\/wp\/v2\/media\/779"}],"wp:attachment":[{"href":"https:\/\/www.envsin-testchamber.com\/es\/wp-json\/wp\/v2\/media?parent=234"}],"wp:term":[{"taxonomy":"product_category","embeddable":true,"href":"https:\/\/www.envsin-testchamber.com\/es\/wp-json\/wp\/v2\/product_category?post=234"}],"curies":[{"name":"wp","href":"https:\/\/api.w.org\/{rel}","templated":true}]}}