{"id":174,"date":"2026-03-20T13:37:35","date_gmt":"2026-03-20T05:37:35","guid":{"rendered":"http:\/\/www.envsin-testchamber.com\/?post_type=product&#038;p=174"},"modified":"2026-04-12T09:30:10","modified_gmt":"2026-04-12T01:30:10","slug":"high-and-low-temperature-two-zone-thermal-shock-test-chamber","status":"publish","type":"product","link":"https:\/\/www.envsin-testchamber.com\/es\/product\/high-and-low-temperature-two-zone-thermal-shock-test-chamber\/","title":{"rendered":"C\u00e1mara de pruebas de choque t\u00e9rmico de dos zonas para altas y bajas temperaturas"},"content":{"rendered":"<div style=\"width: 100%; overflow-x: auto; margin: 20px 0px; text-align: center;\"><span style=\"font-family: arial, helvetica, sans-serif;\"><strong>Par\u00e1metros del producto<\/strong><\/span><\/div>\n<div style=\"width: 100%; overflow-x: auto; margin: 20px 0px; text-align: center;\">\n<table style=\"width: 100%; border-collapse: collapse; border: 2px solid #003366; font-family: Arial, sans-serif;\">\n<thead><\/thead>\n<tbody>\n<tr>\n<td style=\"border: 1px solid #003366; padding: 10px; background-color: #f0f4f9; font-weight: bold; width: 35%;\">Par\u00e1metro de prueba<\/td>\n<td style=\"border: 1px solid #003366; padding: 10px; width: 65%;\">200 litros<\/td>\n<\/tr>\n<tr>\n<td style=\"border: 1px solid #003366; padding: 10px; background-color: #f0f4f9; font-weight: bold;\">Dimensiones de la c\u00e1mara (An\u00d7P\u00d7Al)<\/td>\n<td style=\"border: 1px solid #003366; padding: 10px;\">600 mm \u00d7 550 mm \u00d7 600 mm<\/td>\n<\/tr>\n<tr>\n<td style=\"border: 1px solid #003366; padding: 10px; background-color: #f0f4f9; font-weight: bold;\">Dimensiones totales (An\u00d7P\u00d7Al)<\/td>\n<td style=\"border: 1px solid #003366; padding: 10px;\">Aprox. 1270mm \u00d7 2680mm \u00d7 2320mm<br \/>\n(Excluidas las piezas que sobresalen; dise\u00f1o final sujeto a validaci\u00f3n de ingenier\u00eda)<\/td>\n<\/tr>\n<tr>\n<td style=\"border: 1px solid #003366; padding: 10px; background-color: #f0f4f9; font-weight: bold;\">Fuente de alimentaci\u00f3n<\/td>\n<td style=\"border: 1px solid #003366; padding: 10px;\">AC380V \u00b110%, 50Hz \u00b11, trif\u00e1sico 4 hilos + toma de tierra (3\/N\/PE), resistencia de toma de tierra &lt;4\u03a9<\/td>\n<\/tr>\n<tr>\n<td style=\"border: 1px solid #003366; padding: 10px; background-color: #f0f4f9; font-weight: bold;\">M\u00e1x. Potencia del sistema<\/td>\n<td style=\"border: 1px solid #003366; padding: 10px;\">Aprox. 61 kW (sujeto al dise\u00f1o de ingenier\u00eda final)<\/td>\n<\/tr>\n<tr>\n<td style=\"border: 1px solid #003366; padding: 10px; background-color: #f0f4f9; font-weight: bold;\">M\u00e1x. Corriente del sistema<\/td>\n<td style=\"border: 1px solid #003366; padding: 10px;\">Aprox. 104 A (sujeto al dise\u00f1o final de ingenier\u00eda)<\/td>\n<\/tr>\n<tr>\n<td style=\"border: 1px solid #003366; padding: 10px; background-color: #f0f4f9; font-weight: bold;\">M\u00e9todo de refrigeraci\u00f3n<\/td>\n<td style=\"border: 1px solid #003366; padding: 10px;\">Tipo refrigerado por agua (unidad de refrigeraci\u00f3n)<\/td>\n<\/tr>\n<tr>\n<td style=\"border: 1px solid #003366; padding: 10px; background-color: #f0f4f9; font-weight: bold;\">Estructura del sistema<\/td>\n<td style=\"border: 1px solid #003366; padding: 10px;\">Tipo de producto de prueba m\u00f3vil, zona de precalentamiento y zona de preenfriamiento (estructura de dos zonas)<\/td>\n<\/tr>\n<tr>\n<td style=\"border: 1px solid #003366; padding: 10px; background-color: #f0f4f9; font-weight: bold;\">Fuente de aire comprimido<\/td>\n<td style=\"border: 1px solid #003366; padding: 10px;\">Presi\u00f3n de suministro de aire comprimido: 0,6MPa ~ 0,7MPa;<br \/>\nHumedad del aire comprimido para uso neum\u00e1tico: \u226430g\/m\u00b3;<br \/>\nContenido de humedad del aire comprimido para uso con aire seco: \u22641,5g\/m\u00b3 (opcional)<\/td>\n<\/tr>\n<tr>\n<td style=\"border: 1px solid #003366; padding: 10px; background-color: #f0f4f9; font-weight: bold;\">Par\u00e1metros de ensayo de choque t\u00e9rmico en c\u00e1mara<br \/>\n(M\u00e9todo de dos zonas)<\/td>\n<td style=\"border: 1px solid #003366; padding: 10px;\">Rango de choque a baja temperatura: -55\u2103 ~ -10\u2103<br \/>\nRango de choque de alta temperatura: +60\u2103 ~ +150\u2103<br \/>\nUniformidad de temperatura: \u22642\u2103<br \/>\nFluctuaci\u00f3n de temperatura: \u00b10,5\u2103<br \/>\nDesviaci\u00f3n de la temperatura: \u00b12\u2103<\/td>\n<\/tr>\n<tr>\n<td style=\"border: 1px solid #003366; padding: 10px; background-color: #f0f4f9; font-weight: bold;\">Ajustes de la zona de precalentamiento<\/td>\n<td style=\"border: 1px solid #003366; padding: 10px;\">Rango de ajuste de temperatura: +50\u2103 ~ +200\u2103<br \/>\n(Tiempo de calentamiento: ambiente \u2192 +200\u2103 aprox. 40 min)<\/td>\n<\/tr>\n<tr>\n<td style=\"border: 1px solid #003366; padding: 10px; background-color: #f0f4f9; font-weight: bold;\">Ajustes de la zona de preenfriamiento<\/td>\n<td style=\"border: 1px solid #003366; padding: 10px;\">Rango de ajuste de temperatura: -80\u2103 ~ +70\u2103<br \/>\n(Tiempo de enfriamiento: ambiente \u2192 -80\u2103 aprox. 80 min)<\/td>\n<\/tr>\n<tr>\n<td style=\"border: 1px solid #003366; padding: 10px; background-color: #f0f4f9; font-weight: bold;\">Tiempo de recuperaci\u00f3n de la temperatura<\/td>\n<td style=\"border: 1px solid #003366; padding: 10px;\">\u22645 min (medido a la salida del aire)<\/td>\n<\/tr>\n<tr>\n<td style=\"border: 1px solid #003366; padding: 10px; background-color: #f0f4f9; font-weight: bold;\">Temperatura Tiempo de transferencia<\/td>\n<td style=\"border: 1px solid #003366; padding: 10px;\">&lt;10 segundos<\/td>\n<\/tr>\n<tr>\n<td style=\"border: 1px solid #003366; padding: 10px; background-color: #f0f4f9; font-weight: bold;\">Normas del m\u00e9todo de ensayo de dos zonas:<\/td>\n<td style=\"border: 1px solid #003366; padding: 10px;\">- GB\/T2423.22<br \/>\n- MIL STD 202F, m\u00e9todo 107G<br \/>\n- IEC 60068-2-14, Prueba Na<br \/>\n- BS 2011<br \/>\n- DIN 40046, Prueba Na<br \/>\n- JESD22-A101-A<\/td>\n<\/tr>\n<\/tbody>\n<\/table>\n<\/div>\n<p><strong>Caracter\u00edsticas del producto<\/strong><br \/>\n1. Dise\u00f1o moderno, \u00faltima tecnolog\u00eda de fabricaci\u00f3n modular, capacidad de control perfecta.<br \/>\n2. La c\u00e1mara de ensayo se descongelar\u00e1 una vez despu\u00e9s de un ciclo de 700 horas o m\u00e1s.<br \/>\n3. El dise\u00f1o patentado fue pionero en el uso de ventanas de observaci\u00f3n para lograr efectos visuales en la medici\u00f3n de objetos.<br \/>\n4. El sistema de control de 32 bits con pantalla en color se gestiona a trav\u00e9s de Ethernet y tiene funci\u00f3n de acceso a datos USB.<br \/>\n5. 5. Fuente de alimentaci\u00f3n de carga programable con control de salida ON\/OFF de 4 canales, que protege la seguridad del producto y el equipo probados.<br \/>\n6. La funci\u00f3n anti condensaci\u00f3n y sobre temperatura, sin viento, funci\u00f3n de protecci\u00f3n contra el humo de la muestra de prueba independiente.<br \/>\n7. Puede ampliar la funci\u00f3n de supervisi\u00f3n de v\u00eddeo en red y sincronizarse con la comprobaci\u00f3n de datos.<br \/>\n8. Gesti\u00f3n de integraci\u00f3n m\u00f3vil de APP escalable.<br \/>\n9. El control de flujo de refrigeraci\u00f3n m\u00e1s respetuoso con el medio ambiente, ahorro de energ\u00eda y r\u00e1pido aumento y descenso de la temperatura.<br \/>\n10. Dise\u00f1o \u00fanico del modo de funcionamiento, la caja vuelve a la temperatura ambiente despu\u00e9s del experimento para proteger el estado del objeto de prueba.<br \/>\n11. Recordatorio autom\u00e1tico del tiempo de mantenimiento de los equipos del sistema de control y funci\u00f3n de dise\u00f1o de software para los registros m\u00e9dicos de aver\u00edas.<br \/>\n12. El dispositivo puede ampliar las funciones de servicio remoto y proporcionar CD de ense\u00f1anza para el uso de la m\u00e1quina.<\/p>\n<p>&nbsp;<\/p>\n<p><strong>Escenarios de aplicaci\u00f3n<\/strong><\/p>\n<p>1. Industria electr\u00f3nica y el\u00e9ctrica:<br \/>\nComponentes electr\u00f3nicos: Pruebe el rendimiento de chips, condensadores, resistencias, diodos, etc. bajo cambios r\u00e1pidos de temperatura para asegurarse de que pueden soportar cambios bruscos de temperatura en el uso pr\u00e1ctico.<br \/>\nCircuitos impresos: Eval\u00fae el estr\u00e9s t\u00e9rmico y mec\u00e1nico de las placas de circuitos impresos (PCB) bajo choques fr\u00edos y calientes, y detecte la fiabilidad de las juntas de soldadura y los conectores.<br \/>\nProductos electr\u00f3nicos de consumo: Realice pruebas de choque t\u00e9rmico en tel\u00e9fonos m\u00f3viles, ordenadores, c\u00e1maras, etc. para garantizar su funcionamiento normal a diferentes temperaturas ambientales.<\/p>\n<p>2. Industria del autom\u00f3vil:<br \/>\nElectr\u00f3nica del autom\u00f3vil: Pruebas de rendimiento de dispositivos electr\u00f3nicos como ordenadores de a bordo, sensores y pantallas sometidos a r\u00e1pidos cambios de temperatura para garantizar su fiabilidad en diferentes condiciones clim\u00e1ticas.<br \/>\nComponentes de automoci\u00f3n: Realice pruebas de choque t\u00e9rmico en componentes del motor, faros, salpicadero, etc. para evaluar su durabilidad y estabilidad ante cambios extremos de temperatura.<\/p>\n<p>3. Aeroespacial:<br \/>\nComponentes de la nave espacial: Probar la resistencia a los choques t\u00e9rmicos de los componentes internos y externos de la nave espacial en condiciones de entorno espacial simulado.<br \/>\nEquipos electr\u00f3nicos de aviaci\u00f3n: Evaluar la fiabilidad de los sistemas electr\u00f3nicos de las aeronaves en cambios de temperatura a gran altitud para garantizar la seguridad del vuelo.<\/p>\n<p>4. Ciencia de los materiales:<br \/>\nInvestigaci\u00f3n de nuevos materiales: Comprobaci\u00f3n de las propiedades f\u00edsicas y qu\u00edmicas de los materiales sometidos a cambios r\u00e1pidos de temperatura, como el coeficiente de dilataci\u00f3n t\u00e9rmica, la resistencia al agrietamiento, etc.<br \/>\nMateriales compuestos: Evaluar la resistencia de la uni\u00f3n interfacial y la durabilidad de los materiales compuestos en condiciones de choque t\u00e9rmico.<\/p>\n<p>5. Industria de la comunicaci\u00f3n:<br \/>\nEquipos de comunicaci\u00f3n: Pruebe el rendimiento de las estaciones base, enrutadores, conmutadores, etc. en diferentes condiciones de temperatura para garantizar el funcionamiento estable de los equipos de comunicaci\u00f3n en diversas condiciones clim\u00e1ticas.<br \/>\nComponentes de fibra \u00f3ptica: Eval\u00fae el rendimiento de las fibras \u00f3pticas y los amplificadores de fibra en las fluctuaciones de temperatura para garantizar la calidad de la comunicaci\u00f3n.<\/p>\n<p>6. Farmac\u00e9utica y Biotecnolog\u00eda:<br \/>\nEstabilidad de los medicamentos: Realizar pruebas de choque t\u00e9rmico en f\u00e1rmacos para evaluar el impacto de los cambios de temperatura que pueden experimentar durante su transporte y almacenamiento en su eficacia.<br \/>\nProductos biol\u00f3gicos: pruebas de estabilidad y eficacia de vacunas y reactivos en diferentes condiciones de temperatura.<\/p>\n<p>7. Militar y Defensa:<br \/>\nSistema de armas: Probar el rendimiento de equipos militares como misiles y radares en cambios extremos de temperatura para garantizar su fiabilidad en diversos entornos del campo de batalla.<br \/>\nEquipos electr\u00f3nicos militares: Evaluar la estabilidad de equipos de comunicaci\u00f3n, sistemas de navegaci\u00f3n, etc. en cambios r\u00e1pidos de temperatura.<\/p>","protected":false},"author":1,"featured_media":183,"template":"","meta":{"_acf_changed":false},"product_category":[6],"class_list":["post-174","product","type-product","status-publish","has-post-thumbnail","hentry","product_category-environmental-stress-screening-ess-series"],"acf":[],"_links":{"self":[{"href":"https:\/\/www.envsin-testchamber.com\/es\/wp-json\/wp\/v2\/product\/174","targetHints":{"allow":["GET"]}}],"collection":[{"href":"https:\/\/www.envsin-testchamber.com\/es\/wp-json\/wp\/v2\/product"}],"about":[{"href":"https:\/\/www.envsin-testchamber.com\/es\/wp-json\/wp\/v2\/types\/product"}],"author":[{"embeddable":true,"href":"https:\/\/www.envsin-testchamber.com\/es\/wp-json\/wp\/v2\/users\/1"}],"wp:featuredmedia":[{"embeddable":true,"href":"https:\/\/www.envsin-testchamber.com\/es\/wp-json\/wp\/v2\/media\/183"}],"wp:attachment":[{"href":"https:\/\/www.envsin-testchamber.com\/es\/wp-json\/wp\/v2\/media?parent=174"}],"wp:term":[{"taxonomy":"product_category","embeddable":true,"href":"https:\/\/www.envsin-testchamber.com\/es\/wp-json\/wp\/v2\/product_category?post=174"}],"curies":[{"name":"wp","href":"https:\/\/api.w.org\/{rel}","templated":true}]}}