{"id":172,"date":"2026-03-20T13:33:00","date_gmt":"2026-03-20T05:33:00","guid":{"rendered":"http:\/\/www.envsin-testchamber.com\/?post_type=product&#038;p=172"},"modified":"2026-05-09T14:09:33","modified_gmt":"2026-05-09T06:09:33","slug":"solar-radiation-aging-test-chamber","status":"publish","type":"product","link":"https:\/\/www.envsin-testchamber.com\/es\/product\/solar-radiation-aging-test-chamber\/","title":{"rendered":"Sunlight Simulation Test Chamber"},"content":{"rendered":"<p><strong>Caracter\u00edsticas del producto<\/strong><\/p>\n<p>1. El mismo volumen puede soportar grandes \u00e1reas de almacenamiento y generaci\u00f3n de calor de carga.<br \/>\n2. Adopta la nueva tecnolog\u00eda de control de refrigerante PWI de Estados Unidos para lograr un funcionamiento de ahorro de energ\u00eda a baja temperatura.<br \/>\n3. Controlar las condiciones para evitar la no condensaci\u00f3n de las muestras de ensayo.<br \/>\n4. La configuraci\u00f3n de comunicaci\u00f3n incluye interfaz RS232 y funci\u00f3n de almacenamiento y descarga USB.<br \/>\n5. Supervisi\u00f3n de alarmas m\u00faltiples de la m\u00e1quina, equipada con funci\u00f3n de alarma remota inal\u00e1mbrica.<br \/>\n6. El efecto de humedad puede alcanzar una eficiencia de 15 \u2103\/5% RH, con una r\u00e1pida velocidad de deshumidificaci\u00f3n.<\/p>\n<p style=\"text-align: center;\"><strong>Par\u00e1metros del producto<\/strong><\/p>\n<table style=\"width: 100%; border-collapse: collapse; border: 1px solid #ccc; font-family: Arial, sans-serif;\">\n<thead>\n<tr style=\"background-color: #f0f4f9;\">\n<th style=\"border: 1px solid #ccc; padding: 12px; text-align: left; font-weight: bold;\">Par\u00e1metro<\/th>\n<th style=\"border: 1px solid #ccc; padding: 12px; text-align: left; font-weight: bold;\">Especificaci\u00f3n \/ Valor<\/th>\n<\/tr>\n<\/thead>\n<tbody>\n<tr>\n<td style=\"border: 1px solid #ccc; padding: 10px; vertical-align: top;\">Volumen de prueba<\/td>\n<td style=\"border: 1px solid #ccc; padding: 10px; vertical-align: top;\">1000 L<br \/>\n1500 L<\/td>\n<\/tr>\n<tr>\n<td style=\"border: 1px solid #ccc; padding: 10px; vertical-align: top;\">Dimensiones exteriores (An\u00d7P\u00d7Al)<\/td>\n<td style=\"border: 1px solid #ccc; padding: 10px; vertical-align: top;\">Aprox. 1480 mm \u00d7 2380 mm \u00d7 2640 mm (excluyendo salientes, sujeto a dise\u00f1o final de ingenier\u00eda)<br \/>\n1250 mm \u00d7 2560 mm \u00d7 2300 mm (pantalla desmontable)<\/td>\n<\/tr>\n<tr>\n<td style=\"border: 1px solid #ccc; padding: 10px; vertical-align: top;\">Fuente de alimentaci\u00f3n<\/td>\n<td style=\"border: 1px solid #ccc; padding: 10px; vertical-align: top;\">AC380V \u00b110%, 50Hz \u00b11, trif\u00e1sico de cuatro hilos + cable de tierra (3\/N\/PE),<br \/>\nresistencia de puesta a tierra &lt;4\u03a9<\/td>\n<\/tr>\n<tr>\n<td style=\"border: 1px solid #ccc; padding: 10px; vertical-align: top;\">Potencia m\u00e1xima del sistema<\/td>\n<td style=\"border: 1px solid #ccc; padding: 10px; vertical-align: top;\">MAX: 25,3 KW<\/td>\n<\/tr>\n<tr>\n<td style=\"border: 1px solid #ccc; padding: 10px; vertical-align: top;\">Corriente m\u00e1xima del sistema<\/td>\n<td style=\"border: 1px solid #ccc; padding: 10px; vertical-align: top;\">43.7 A<\/td>\n<\/tr>\n<tr>\n<td style=\"border: 1px solid #ccc; padding: 10px; vertical-align: top;\">M\u00e9todo de refrigeraci\u00f3n<\/td>\n<td style=\"border: 1px solid #ccc; padding: 10px; vertical-align: top;\">Refrigeraci\u00f3n por aire<\/td>\n<\/tr>\n<tr>\n<td style=\"border: 1px solid #ccc; padding: 10px; vertical-align: top;\">Par\u00e1metros de prueba de temperatura<\/td>\n<td style=\"border: 1px solid #ccc; padding: 10px; vertical-align: top;\">\n<ul style=\"margin: 0; padding-left: 20px; list-style-type: disc;\">\n<li style=\"margin-bottom: 6px;\"><strong>Norma de ensayo:<\/strong> Ejecutado seg\u00fan GB\/T5170-2008<\/li>\n<li style=\"margin-bottom: 6px;\"><strong>Especificaci\u00f3n sin marcar:<\/strong> Rango de temperatura y precisi\u00f3n espec\u00edficos no indicados expl\u00edcitamente (condici\u00f3n de ensayo con c\u00e1mara vac\u00eda)<\/li>\n<li style=\"margin-bottom: 6px;\"><strong>Rango de temperatura sin radiaci\u00f3n:<\/strong> -40\u00b0C ~ +120\u00b0C<\/li>\n<li style=\"margin-bottom: 6px;\"><strong>Rango de temperatura con radiaci\u00f3n:<\/strong> -20\u00b0C ~ +100\u00b0C<\/li>\n<li style=\"margin-bottom: 6px;\"><strong>Uniformidad de la temperatura:<\/strong> \u22642\u00b0C<\/li>\n<li style=\"margin-bottom: 6px;\"><strong>Fluctuaci\u00f3n de temperatura:<\/strong> \u00b10.5\u00b0C<\/li>\n<li style=\"margin-bottom: 6px;\"><strong>Desviaci\u00f3n de la temperatura:<\/strong> \u00b12\u00b0C<\/li>\n<li style=\"margin-bottom: 6px;\"><strong>Velocidad de calentamiento:<\/strong> 3\u00b0C\/min (media global)<\/li>\n<li style=\"margin-bottom: 6px;\"><strong>Velocidad de enfriamiento:<\/strong> 1,5\u00b0C\/min (media global)<\/li>\n<\/ul>\n<\/td>\n<\/tr>\n<tr>\n<td style=\"border: 1px solid #ccc; padding: 10px; vertical-align: top;\">Normas de ensayo aplicables<\/td>\n<td style=\"border: 1px solid #ccc; padding: 10px; vertical-align: top;\">\n<ul style=\"margin: 0; padding-left: 20px; list-style-type: disc;\">\n<li style=\"margin-bottom: 6px;\">GJB150.7-86, GJB150A.7-2009<\/li>\n<li style=\"margin-bottom: 6px;\">IEC60068-2-5, GB2423.24<\/li>\n<li style=\"margin-bottom: 6px;\">DIN75220, MIL-STD810G<\/li>\n<\/ul>\n<\/td>\n<\/tr>\n<\/tbody>\n<\/table>\n<p><strong>Escenarios de aplicaci\u00f3n<\/strong><\/p>\n<p>1. Industrias militar y aeroespacial - Verificaci\u00f3n de la resistencia a las radiaciones de los equipos de exterior.<br \/>\nProductos aplicables: veh\u00edculos militares, equipos de radar, carcasas de misiles, componentes de naves espaciales, estaciones base de comunicaciones exteriores (grado militar);<br \/>\nObjetivo de la prueba: Simular entornos de fuerte radiaci\u00f3n, como entornos tropicales y de gran altitud, verificar la estabilidad estructural de los equipos bajo radiaci\u00f3n solar a largo plazo (como ausencia de grietas en la carcasa, ausencia de envejecimiento de las juntas), y el rendimiento el\u00e9ctrico (como ausencia de disminuci\u00f3n del aislamiento), de conformidad con normas militares como GJB150.7-86, GJB150A.7-2009, MIL-STD 810G, etc.<\/p>\n<p>2. Industria del autom\u00f3vil - Ensayos de resistencia a la luz solar de veh\u00edculos completos y componentes<br \/>\nProductos aplicables: carrocer\u00eda, salpicadero, tela de los asientos, cristal de las ventanillas, piezas exteriores (parachoques, espejo retrovisor);<br \/>\nProp\u00f3sito de la prueba: Simular \u201calta temperatura y fuerte luz en el interior del coche\u201d de acuerdo con la norma DIN75220 (como 100 \u2103+ambiente en el interior del coche despu\u00e9s de la exposici\u00f3n al sol en verano), verificar la resistencia del material a la decoloraci\u00f3n, fragilidad (como que las piezas de pl\u00e1stico no se agrieten) y deformaci\u00f3n por calor, y evitar el envejecimiento interior y da\u00f1os en la apariencia en el uso real.<\/p>\n<p>3. Campo electr\u00f3nico y el\u00e9ctrico - pruebas de fiabilidad de equipos de exterior<br \/>\nProductos aplicables: m\u00f3dulos fotovoltaicos, estaciones de carga exteriores, farolas, c\u00e1maras de vigilancia, pantallas de navegaci\u00f3n para autom\u00f3viles;<br \/>\nObjetivo de la prueba: simular la radiaci\u00f3n solar exterior a largo plazo y las fluctuaciones de temperatura, probar la resistencia a la intemperie del producto (como que el panel posterior fotovoltaico no amarillee, que la carcasa de la pila de carga no envejezca con los rayos UV), y la estabilidad de funcionamiento (como que el circuito no se apague a altas temperaturas), de conformidad con las normas IEC60068-2-5 y GB2423.24.<\/p>\n<p>4. Campo de investigaci\u00f3n y desarrollo de materiales - evaluaci\u00f3n de la resistencia a la intemperie de los materiales polim\u00e9ricos.<br \/>\nProductos aplicables: l\u00e1minas de pl\u00e1stico, revestimientos (pintura anticorrosi\u00f3n para exteriores, pintura para paredes exteriores de edificios), productos de caucho, textiles (tejidos para tiendas de campa\u00f1a al aire libre, tejidos para prendas de protecci\u00f3n solar);<br \/>\nObjetivo de la prueba: Acelerar el proceso de envejecimiento de los materiales mediante radiaci\u00f3n de espectro completo y ciclos de temperatura y humedad, evaluar su resistencia al empolvamiento, la p\u00e9rdida de luz y la degradaci\u00f3n de la resistencia, y proporcionar datos de apoyo para la optimizaci\u00f3n de la formulaci\u00f3n de los materiales (como la adici\u00f3n de agentes resistentes a los rayos UV), de conformidad con las normas de ensayo de materiales como GB\/T5170-2008.<\/p>","protected":false},"author":1,"featured_media":785,"template":"","meta":{"_acf_changed":false},"product_category":[16],"class_list":["post-172","product","type-product","status-publish","has-post-thumbnail","hentry","product_category-new-product-series"],"acf":[],"_links":{"self":[{"href":"https:\/\/www.envsin-testchamber.com\/es\/wp-json\/wp\/v2\/product\/172","targetHints":{"allow":["GET"]}}],"collection":[{"href":"https:\/\/www.envsin-testchamber.com\/es\/wp-json\/wp\/v2\/product"}],"about":[{"href":"https:\/\/www.envsin-testchamber.com\/es\/wp-json\/wp\/v2\/types\/product"}],"author":[{"embeddable":true,"href":"https:\/\/www.envsin-testchamber.com\/es\/wp-json\/wp\/v2\/users\/1"}],"wp:featuredmedia":[{"embeddable":true,"href":"https:\/\/www.envsin-testchamber.com\/es\/wp-json\/wp\/v2\/media\/785"}],"wp:attachment":[{"href":"https:\/\/www.envsin-testchamber.com\/es\/wp-json\/wp\/v2\/media?parent=172"}],"wp:term":[{"taxonomy":"product_category","embeddable":true,"href":"https:\/\/www.envsin-testchamber.com\/es\/wp-json\/wp\/v2\/product_category?post=172"}],"curies":[{"name":"wp","href":"https:\/\/api.w.org\/{rel}","templated":true}]}}