{"id":165,"date":"2026-03-20T11:09:07","date_gmt":"2026-03-20T03:09:07","guid":{"rendered":"http:\/\/www.envsin-testchamber.com\/?post_type=product&#038;p=165"},"modified":"2026-05-08T15:05:10","modified_gmt":"2026-05-08T07:05:10","slug":"high-temperature-aging-test-chamber","status":"publish","type":"product","link":"https:\/\/www.envsin-testchamber.com\/es\/product\/high-temperature-aging-test-chamber\/","title":{"rendered":"C\u00e1mara de envejecimiento a alta temperatura"},"content":{"rendered":"<p style=\"text-align: center;\"><strong><span style=\"font-family: arial, helvetica, sans-serif;\">Par\u00e1metros del producto<\/span><\/strong><\/p>\n<table style=\"width: 100%; border-collapse: collapse; border: 2px solid #333; font-family: Arial, sans-serif;\">\n<thead>\n<tr>\n<th style=\"border: 1px solid #333; background-color: #6699cc; color: #fff; padding: 8px; text-align: left;\">Aging Chambers<\/th>\n<th style=\"border: 1px solid #333; background-color: #6699cc; color: #fff; padding: 8px; text-align: center;\">EWG2003<\/th>\n<th style=\"border: 1px solid #333; background-color: #6699cc; color: #fff; padding: 8px; text-align: center;\">EWG3003<\/th>\n<th style=\"border: 1px solid #333; background-color: #6699cc; color: #fff; padding: 8px; text-align: center;\">EWG2010<\/th>\n<th style=\"border: 1px solid #333; background-color: #6699cc; color: #fff; padding: 8px; text-align: center;\">EWG3010<\/th>\n<\/tr>\n<\/thead>\n<tbody>\n<tr>\n<td style=\"border: 1px solid #333; padding: 8px; background-color: #f0f0f0;\">Volumen del espacio de prueba (L)<\/td>\n<td style=\"border: 1px solid #333; padding: 8px; text-align: center;\" colspan=\"2\">270<\/td>\n<td style=\"border: 1px solid #333; padding: 8px; text-align: center;\" colspan=\"2\">1000<\/td>\n<\/tr>\n<tr>\n<td style=\"border: 1px solid #333; padding: 8px; background-color: #f0f0f0;\">Temp. (\u00b0C)<\/td>\n<td style=\"border: 1px solid #333; padding: 8px; text-align: center;\">R. T+20~200<\/td>\n<td style=\"border: 1px solid #333; padding: 8px; text-align: center;\">R. T+20~300<\/td>\n<td style=\"border: 1px solid #333; padding: 8px; text-align: center;\">R. T+20~200<\/td>\n<td style=\"border: 1px solid #333; padding: 8px; text-align: center;\">R. T+20~300<\/td>\n<\/tr>\n<tr>\n<td style=\"border: 1px solid #333; padding: 8px; background-color: #f0f0f0;\">Temp. Constancia (\u00b0C)<\/td>\n<td style=\"border: 1px solid #333; padding: 8px; text-align: center;\" colspan=\"4\">\u00b10. 1~\u00b10. 8<\/td>\n<\/tr>\n<tr>\n<td style=\"border: 1px solid #333; padding: 8px; background-color: #f0f0f0;\">Temp. Homogeneidad (\u00b0C)<\/td>\n<td style=\"border: 1px solid #333; padding: 8px; text-align: center;\" colspan=\"4\">\u00b10. 5~\u00b12. 0 (RT+20\u00b0C~+200\u00b0C) , \u00b11. 5~\u00b13. 5 (200\u00b0C~+300\u00b0C)<\/td>\n<\/tr>\n<tr>\n<td style=\"border: 1px solid #333; padding: 8px; background-color: #f0f0f0;\">Temp. Deviation (\u00b0C)<\/td>\n<td style=\"border: 1px solid #333; padding: 8px; text-align: center;\" colspan=\"4\">\u00b10. 5~\u00b12. 0 (RT+20\u00b0C~+200\u00b0C) , \u00b10. 5~\u00b12. 0 (200t~+300\u00b0C)<\/td>\n<\/tr>\n<tr>\n<td style=\"border: 1px solid #333; padding: 8px; background-color: #f0f0f0;\">Heat Up Time (min)<\/td>\n<td style=\"border: 1px solid #333; padding: 8px; text-align: center;\" colspan=\"4\">50 (RT\u2192+200\u00b0C) , 90 (RT\u2192+300\u00b0C)<\/td>\n<\/tr>\n<tr>\n<td style=\"border: 1px solid #333; padding: 8px; background-color: #f0f0f0;\">Dimensi\u00f3n del espacio de ensayo (mm)<\/td>\n<td style=\"border: 1px solid #333; padding: 8px; text-align: center;\" colspan=\"2\">600Wx500Dx900H<\/td>\n<td style=\"border: 1px solid #333; padding: 8px; text-align: center;\" colspan=\"2\">850Wx700Dx1000H<\/td>\n<\/tr>\n<tr>\n<td style=\"border: 1px solid #333; padding: 8px; background-color: #f0f0f0;\">Dimensiones exteriores (mm)<\/td>\n<td style=\"border: 1px solid #333; padding: 8px; text-align: center;\" colspan=\"2\">1000Wx780Dx1710H<\/td>\n<td style=\"border: 1px solid #333; padding: 8px; text-align: center;\" colspan=\"2\">1250Wx980Dx1850H<\/td>\n<\/tr>\n<tr>\n<td style=\"border: 1px solid #333; padding: 8px; background-color: #fff2cc;\">Potencia<\/td>\n<td style=\"border: 1px solid #333; padding: 8px; text-align: center; background-color: #fff2cc;\" colspan=\"4\">AC380V\u00b110%, 50HZ, 3\/N\/PE<\/td>\n<\/tr>\n<tr>\n<th style=\"border: 1px solid #333; background-color: #6699cc; color: #fff; padding: 8px; text-align: left;\">Aging Rooms<\/th>\n<th style=\"border: 1px solid #333; background-color: #6699cc; color: #fff; padding: 8px; text-align: center;\">EWG25<\/th>\n<th style=\"border: 1px solid #333; background-color: #6699cc; color: #fff; padding: 8px; text-align: center;\">EWG45<\/th>\n<th style=\"border: 1px solid #333; background-color: #6699cc; color: #fff; padding: 8px; text-align: center;\">EWG100<\/th>\n<th style=\"border: 1px solid #333; background-color: #6699cc; color: #fff; padding: 8px; text-align: center;\">EWG120<\/th>\n<\/tr>\n<tr>\n<td style=\"border: 1px solid #333; padding: 8px; background-color: #f0f0f0;\">Test Space Volume (m3)<\/td>\n<td style=\"border: 1px solid #333; padding: 8px; text-align: center;\">25<\/td>\n<td style=\"border: 1px solid #333; padding: 8px; text-align: center;\">45<\/td>\n<td style=\"border: 1px solid #333; padding: 8px; text-align: center;\">100<\/td>\n<td style=\"border: 1px solid #333; padding: 8px; text-align: center;\">120<\/td>\n<\/tr>\n<tr>\n<td style=\"border: 1px solid #333; padding: 8px; background-color: #f0f0f0;\">Temp. (\u00b0C)<\/td>\n<td style=\"border: 1px solid #333; padding: 8px; text-align: center;\" colspan=\"4\">RT+10~85<\/td>\n<\/tr>\n<tr>\n<td style=\"border: 1px solid #333; padding: 8px; background-color: #f0f0f0;\">Temp. Constancy (\u00b0C )<\/td>\n<td style=\"border: 1px solid #333; padding: 8px; text-align: center;\" colspan=\"4\">\u00b10. 5~\u00b11. 0<\/td>\n<\/tr>\n<tr>\n<td style=\"border: 1px solid #333; padding: 8px; background-color: #f0f0f0;\">Temp. Homogeneidad (\u00b0C)<\/td>\n<td style=\"border: 1px solid #333; padding: 8px; text-align: center;\" colspan=\"4\">\u00b11. 5~\u00b13. 0<\/td>\n<\/tr>\n<tr>\n<td style=\"border: 1px solid #333; padding: 8px; background-color: #f0f0f0;\">Temp. Deviation (\u00b0C)<\/td>\n<td style=\"border: 1px solid #333; padding: 8px; text-align: center;\" colspan=\"4\">\u00b11. 5~\u00b13. 0<\/td>\n<\/tr>\n<tr>\n<td style=\"border: 1px solid #333; padding: 8px; background-color: #f0f0f0;\">Heating Rate (\u00b0C\/min)<\/td>\n<td style=\"border: 1px solid #333; padding: 8px; text-align: center;\" colspan=\"4\">2\u00b0C\/min on average<\/td>\n<\/tr>\n<tr>\n<td style=\"border: 1px solid #333; padding: 8px; background-color: #fff2cc;\">Potencia<\/td>\n<td style=\"border: 1px solid #333; padding: 8px; text-align: center; background-color: #fff2cc;\" colspan=\"4\">AC380V\u00b110%, 50HZ, 3\/N\/PE<\/td>\n<\/tr>\n<\/tbody>\n<\/table>\n<p>&nbsp;<\/p>\n<p><strong>Caracter\u00edsticas principales:<\/strong><br \/>\nControl preciso de la temperatura: La c\u00e1mara proporciona altas temperaturas constantes, normalmente superiores a 100 \u00b0 C, y tiene capacidades avanzadas de regulaci\u00f3n de la temperatura para una simulaci\u00f3n precisa.<br \/>\nEntorno estable y uniforme: Garantiza que la temperatura se distribuya uniformemente por toda la zona de pruebas, proporcionando resultados fiables y reproducibles.<br \/>\nMecanismos de seguridad avanzados: incluyen funciones integradas como protecci\u00f3n contra sobretemperatura, alarmas y mecanismos de seguridad contra fallos para garantizar un funcionamiento seguro.<br \/>\nEficiencia energ\u00e9tica: pretende minimizar el consumo de energ\u00eda manteniendo las condiciones de temperatura requeridas.<br \/>\nSistema de control programable: permite a los usuarios establecer duraciones de prueba espec\u00edficas, rangos de temperatura y otros par\u00e1metros seg\u00fan sea necesario.<\/p>\n<p><strong>Aplicaci\u00f3n:<\/strong><br \/>\nEnsayo de envejecimiento de materiales: se utiliza para comprobar el envejecimiento del caucho, el pl\u00e1stico, los revestimientos y otros materiales que pueden degradarse con el tiempo debido al calor.<br \/>\nPruebas electr\u00f3nicas: pueden utilizarse para probar el rendimiento de componentes y dispositivos electr\u00f3nicos, garantizando que puedan soportar el calor de los entornos operativos del mundo real.<br \/>\nIndustria del autom\u00f3vil: Ayudar a evaluar la durabilidad a largo plazo de los componentes de automoci\u00f3n (como sellos, juntas y materiales interiores) en condiciones de alta temperatura.<br \/>\nPruebas de bater\u00edas: Evaluaci\u00f3n de la estabilidad y vida \u00fatil de las bater\u00edas, especialmente las de veh\u00edculos el\u00e9ctricos, simulando una exposici\u00f3n prolongada a altas temperaturas.<br \/>\nProductos electr\u00f3nicos de consumo: se utilizan para probar la elasticidad t\u00e9rmica de smartphones, ordenadores port\u00e1tiles y otros productos electr\u00f3nicos de consumo que pueden estar expuestos a altas temperaturas durante su uso.<br \/>\nAeroespacial y defensa: Garantizar que los componentes cumplen las estrictas normas de rendimiento a altas temperaturas utilizadas en aeronaves, naves espaciales y equipos de defensa.<\/p>","protected":false},"author":1,"featured_media":788,"template":"","meta":{"_acf_changed":false},"product_category":[5,20],"class_list":["post-165","product","type-product","status-publish","has-post-thumbnail","hentry","product_category-high-temperature-aging-test-series","product_category-popular-products"],"acf":[],"_links":{"self":[{"href":"https:\/\/www.envsin-testchamber.com\/es\/wp-json\/wp\/v2\/product\/165","targetHints":{"allow":["GET"]}}],"collection":[{"href":"https:\/\/www.envsin-testchamber.com\/es\/wp-json\/wp\/v2\/product"}],"about":[{"href":"https:\/\/www.envsin-testchamber.com\/es\/wp-json\/wp\/v2\/types\/product"}],"author":[{"embeddable":true,"href":"https:\/\/www.envsin-testchamber.com\/es\/wp-json\/wp\/v2\/users\/1"}],"wp:featuredmedia":[{"embeddable":true,"href":"https:\/\/www.envsin-testchamber.com\/es\/wp-json\/wp\/v2\/media\/788"}],"wp:attachment":[{"href":"https:\/\/www.envsin-testchamber.com\/es\/wp-json\/wp\/v2\/media?parent=165"}],"wp:term":[{"taxonomy":"product_category","embeddable":true,"href":"https:\/\/www.envsin-testchamber.com\/es\/wp-json\/wp\/v2\/product_category?post=165"}],"curies":[{"name":"wp","href":"https:\/\/api.w.org\/{rel}","templated":true}]}}