{"id":359,"date":"2026-03-23T14:31:03","date_gmt":"2026-03-23T06:31:03","guid":{"rendered":"https:\/\/www.envsin-testchamber.com\/?post_type=product&#038;p=359"},"modified":"2026-03-23T14:31:03","modified_gmt":"2026-03-23T06:31:03","slug":"tensile-testing-machine-sa-9020b","status":"publish","type":"product","link":"https:\/\/www.envsin-testchamber.com\/de\/product\/tensile-testing-machine-sa-9020b\/","title":{"rendered":"Zugpr\u00fcfmaschine SA-9020B"},"content":{"rendered":"<p>Anwendungsindustrien und zu pr\u00fcfende Produkte: Es k\u00f6nnen Gummi, Kunststoffe, B\u00e4nder, Folien, Leder, Metalle, Nylonf\u00e4den, Gewebe, Papier und Materialien gepr\u00fcft werden, die in der Luft- und Raumfahrt, in der Verpackungsindustrie, im Bauwesen, in der Petrochemie, in der Elektroindustrie und in der Automobilindustrie verwendet werden.<\/p>","protected":false},"author":1,"featured_media":360,"template":"","meta":{"_acf_changed":false},"product_category":[7],"class_list":["post-359","product","type-product","status-publish","has-post-thumbnail","hentry","product_category-reliability-life-test-series"],"acf":[],"_links":{"self":[{"href":"https:\/\/www.envsin-testchamber.com\/de\/wp-json\/wp\/v2\/product\/359","targetHints":{"allow":["GET"]}}],"collection":[{"href":"https:\/\/www.envsin-testchamber.com\/de\/wp-json\/wp\/v2\/product"}],"about":[{"href":"https:\/\/www.envsin-testchamber.com\/de\/wp-json\/wp\/v2\/types\/product"}],"author":[{"embeddable":true,"href":"https:\/\/www.envsin-testchamber.com\/de\/wp-json\/wp\/v2\/users\/1"}],"wp:featuredmedia":[{"embeddable":true,"href":"https:\/\/www.envsin-testchamber.com\/de\/wp-json\/wp\/v2\/media\/360"}],"wp:attachment":[{"href":"https:\/\/www.envsin-testchamber.com\/de\/wp-json\/wp\/v2\/media?parent=359"}],"wp:term":[{"taxonomy":"product_category","embeddable":true,"href":"https:\/\/www.envsin-testchamber.com\/de\/wp-json\/wp\/v2\/product_category?post=359"}],"curies":[{"name":"wp","href":"https:\/\/api.w.org\/{rel}","templated":true}]}}