{"id":357,"date":"2026-03-23T14:29:45","date_gmt":"2026-03-23T06:29:45","guid":{"rendered":"https:\/\/www.envsin-testchamber.com\/?post_type=product&#038;p=357"},"modified":"2026-03-23T14:29:45","modified_gmt":"2026-03-23T06:29:45","slug":"keyboard-feel-full-inspection-tester-sa-20aj64b","status":"publish","type":"product","link":"https:\/\/www.envsin-testchamber.com\/de\/product\/keyboard-feel-full-inspection-tester-sa-20aj64b\/","title":{"rendered":"Tastaturgef\u00fchl-Vollinspektionstester SA-20AJ64B"},"content":{"rendered":"<p>Spezifikationen der Maschine:<br \/>\nAuswahl der Kapazit\u00e4t: 5kg\/10kgf\/20kg\/50kg\/100kg\/200kg (selectable);<br \/>\nEinheitenumschaltung: gf, kgf, N, lbf, kN (kann beliebig umgerechnet werden);<br \/>\nAufl\u00f6sung: 1\/1,000,000<br \/>\nMaschinenklasse: 0.2<br \/>\nMaximaler Hub: 600 mm (ohne Klammern);<br \/>\nPr\u00fcfgeschwindigkeit: 5-300mm\/min, 10-300mm\/min, 50-500mm\/min (w\u00e4hlbar aus einem dieser drei Geschwindigkeitsbereiche).<\/p>\n<p>(Geschwindigkeit in jedem Gang einstellbar);<br \/>\nMotor: Taiwan-Motor + Frequenzumrichter<br \/>\n\u00dcbertragungssystem: Taiwan Pr\u00e4zisions-Kugelumlaufspindel<br \/>\nKontrollsystem und Software: UTM-Pr\u00fcfsoftware<br \/>\nKraftsensor: Kann je nach Kundenwunsch konfiguriert werden<br \/>\nMaschinengeh\u00e4use und Druckplatte: 45# nationaler Standardstahl mit Einbrennlackierung und Aluminiumprofil<br \/>\nBetrieb: Vollst\u00e4ndig computergesteuerter Betrieb<br \/>\nGr\u00f6\u00dfe der Maschine: 500\u00d7500\u00d71150cm<br \/>\nGewicht: Ca. 60Kg<br \/>\nStromversorgung: 220V\/50Hz<br \/>\nMerkmale der Maschine:<br \/>\n1. Kann Zug-, Druck-, Sch\u00e4l-, Rei\u00df- und Trennkrafttests durchf\u00fchren und gleichzeitig Kraft und Verformung anzeigen;<br \/>\n2. Eingebaute metrische und imperiale Einheiten, die nach Belieben umgeschaltet werden k\u00f6nnen;<br \/>\n3. Verwendet Taiwan Taibang Motor + Treiber; Schnellverschluss-Stecker, kann verschiedene verschiedene Klemmen verwenden;<br \/>\n4. Kann direkt an einen Drucker angeschlossen werden, um Berichte auszugeben, voll computergest\u00fctzter Betrieb, f\u00fcr Maschinensteuerung, Datenanalyse und Berichtsdruck. Funktionen;<\/p>\n<p>5. \u00dcbertragung Methode: Pr\u00e4zisions-Kugelumlaufspindel mit Staubschutzhaube zum Schutz der Spindel und zur Erh\u00f6hung der Lebensdauer und Genauigkeit;<\/p>\n<p>6. Hardware-Sicherheitsschutz: oberer und unterer Grenzwertschutz, und Not-Aus-Schalter-Schutz.<\/p>","protected":false},"author":1,"featured_media":358,"template":"","meta":{"_acf_changed":false},"product_category":[7],"class_list":["post-357","product","type-product","status-publish","has-post-thumbnail","hentry","product_category-reliability-life-test-series"],"acf":[],"_links":{"self":[{"href":"https:\/\/www.envsin-testchamber.com\/de\/wp-json\/wp\/v2\/product\/357","targetHints":{"allow":["GET"]}}],"collection":[{"href":"https:\/\/www.envsin-testchamber.com\/de\/wp-json\/wp\/v2\/product"}],"about":[{"href":"https:\/\/www.envsin-testchamber.com\/de\/wp-json\/wp\/v2\/types\/product"}],"author":[{"embeddable":true,"href":"https:\/\/www.envsin-testchamber.com\/de\/wp-json\/wp\/v2\/users\/1"}],"wp:featuredmedia":[{"embeddable":true,"href":"https:\/\/www.envsin-testchamber.com\/de\/wp-json\/wp\/v2\/media\/358"}],"wp:attachment":[{"href":"https:\/\/www.envsin-testchamber.com\/de\/wp-json\/wp\/v2\/media?parent=357"}],"wp:term":[{"taxonomy":"product_category","embeddable":true,"href":"https:\/\/www.envsin-testchamber.com\/de\/wp-json\/wp\/v2\/product_category?post=357"}],"curies":[{"name":"wp","href":"https:\/\/api.w.org\/{rel}","templated":true}]}}