{"id":355,"date":"2026-03-23T14:28:11","date_gmt":"2026-03-23T06:28:11","guid":{"rendered":"https:\/\/www.envsin-testchamber.com\/?post_type=product&#038;p=355"},"modified":"2026-03-23T14:28:11","modified_gmt":"2026-03-23T06:28:11","slug":"keyboard-online-cr-testing-machine-sa-20aj84g","status":"publish","type":"product","link":"https:\/\/www.envsin-testchamber.com\/de\/product\/keyboard-online-cr-testing-machine-sa-20aj84g\/","title":{"rendered":"Tastatur Online CR Pr\u00fcfmaschine SA-20AJ84G"},"content":{"rendered":"<p>Maschinenfunktionen: Erkennung von Tastenspitzen, -t\u00e4lern, taktilem Feedback usw.<\/p>\n<p>Merkmale der Maschine: Verwendet DSP-Technologie zur Steuerung des Datenerfassungssystems, mit einer Abtastrate von bis zu 50.000 Hz (unsere patentierte Erfindung), die starke Anti-Interferenz-F\u00e4higkeiten bietet.<\/p>\n<p>Die Erkennungsdaten und Barcodes f\u00fcr jeden Schl\u00fcssel k\u00f6nnen hochgeladen werden.<\/p>\n<p>Defekte Produkte k\u00f6nnen automatisch markiert werden.<\/p>\n<p>Highlights der Maschine: Schnelle Pr\u00fcfgeschwindigkeit; eine einzelne Tastatur kann in 6 Sekunden gepr\u00fcft werden, geeignet f\u00fcr eine vollst\u00e4ndige Produktpr\u00fcfung.<\/p>\n<p>Unser Unternehmen erforscht, entwickelt, fertigt und vertreibt unabh\u00e4ngig verschiedene Zug-, Druck-, Zug-Druck- und Torsionspr\u00fcfger\u00e4te sowie Maschinen zur Pr\u00fcfung der Haltbarkeit und Lebensdauer. Die Abtastrate erreicht 50.000 Hz, und die Belastungsgenauigkeit kann 0,2% (bis 1\/200 der vollen Skala der Kraftmessdose) erreichen.<\/p>","protected":false},"author":1,"featured_media":356,"template":"","meta":{"_acf_changed":false},"product_category":[7],"class_list":["post-355","product","type-product","status-publish","has-post-thumbnail","hentry","product_category-reliability-life-test-series"],"acf":[],"_links":{"self":[{"href":"https:\/\/www.envsin-testchamber.com\/de\/wp-json\/wp\/v2\/product\/355","targetHints":{"allow":["GET"]}}],"collection":[{"href":"https:\/\/www.envsin-testchamber.com\/de\/wp-json\/wp\/v2\/product"}],"about":[{"href":"https:\/\/www.envsin-testchamber.com\/de\/wp-json\/wp\/v2\/types\/product"}],"author":[{"embeddable":true,"href":"https:\/\/www.envsin-testchamber.com\/de\/wp-json\/wp\/v2\/users\/1"}],"wp:featuredmedia":[{"embeddable":true,"href":"https:\/\/www.envsin-testchamber.com\/de\/wp-json\/wp\/v2\/media\/356"}],"wp:attachment":[{"href":"https:\/\/www.envsin-testchamber.com\/de\/wp-json\/wp\/v2\/media?parent=355"}],"wp:term":[{"taxonomy":"product_category","embeddable":true,"href":"https:\/\/www.envsin-testchamber.com\/de\/wp-json\/wp\/v2\/product_category?post=355"}],"curies":[{"name":"wp","href":"https:\/\/api.w.org\/{rel}","templated":true}]}}