{"id":353,"date":"2026-03-23T14:27:01","date_gmt":"2026-03-23T06:27:01","guid":{"rendered":"https:\/\/www.envsin-testchamber.com\/?post_type=product&#038;p=353"},"modified":"2026-03-23T14:27:01","modified_gmt":"2026-03-23T06:27:01","slug":"five-axis-continuity-tester-sa-8005b","status":"publish","type":"product","link":"https:\/\/www.envsin-testchamber.com\/de\/product\/five-axis-continuity-tester-sa-8005b\/","title":{"rendered":"F\u00fcnf-Achsen-Durchgangspr\u00fcfer SA-8005B"},"content":{"rendered":"<p>Maschinenfunktionen: Erkennung von Tastenspitzen, -t\u00e4lern, taktiler R\u00fcckmeldung, Verschiebung, Kontaktkraft, Kontaktwiderstand, Kontaktweg, usw.<\/p>\n<p>Merkmale der Maschine: Verwendet DSP-Technologie zur Steuerung des Datenerfassungssystems, mit einer Abtastrate von bis zu 50.000 Hz (unsere patentierte Erfindung), die starke Anti-Interferenz-F\u00e4higkeiten bietet.<\/p>\n<p>Die Erkennungsdaten und Barcodes f\u00fcr jeden Schl\u00fcssel k\u00f6nnen hochgeladen werden.<\/p>\n<p>Defekte Produkte k\u00f6nnen automatisch markiert werden.<\/p>\n<p>Highlights der Maschine:<\/p>\n<p>1. Schnelle Testgeschwindigkeit: ein Schl\u00fcssel kann in 9 Sekunden getestet werden, geeignet f\u00fcr Online-Vollpr\u00fcfung;<\/p>\n<p>2. Kann direkt in automatisierte Gleisproduktionslinien integriert werden.<\/p>","protected":false},"author":1,"featured_media":354,"template":"","meta":{"_acf_changed":false},"product_category":[7],"class_list":["post-353","product","type-product","status-publish","has-post-thumbnail","hentry","product_category-reliability-life-test-series"],"acf":[],"_links":{"self":[{"href":"https:\/\/www.envsin-testchamber.com\/de\/wp-json\/wp\/v2\/product\/353","targetHints":{"allow":["GET"]}}],"collection":[{"href":"https:\/\/www.envsin-testchamber.com\/de\/wp-json\/wp\/v2\/product"}],"about":[{"href":"https:\/\/www.envsin-testchamber.com\/de\/wp-json\/wp\/v2\/types\/product"}],"author":[{"embeddable":true,"href":"https:\/\/www.envsin-testchamber.com\/de\/wp-json\/wp\/v2\/users\/1"}],"wp:featuredmedia":[{"embeddable":true,"href":"https:\/\/www.envsin-testchamber.com\/de\/wp-json\/wp\/v2\/media\/354"}],"wp:attachment":[{"href":"https:\/\/www.envsin-testchamber.com\/de\/wp-json\/wp\/v2\/media?parent=353"}],"wp:term":[{"taxonomy":"product_category","embeddable":true,"href":"https:\/\/www.envsin-testchamber.com\/de\/wp-json\/wp\/v2\/product_category?post=353"}],"curies":[{"name":"wp","href":"https:\/\/api.w.org\/{rel}","templated":true}]}}