{"id":351,"date":"2026-03-23T14:25:18","date_gmt":"2026-03-23T06:25:18","guid":{"rendered":"https:\/\/www.envsin-testchamber.com\/?post_type=product&#038;p=351"},"modified":"2026-03-23T14:25:18","modified_gmt":"2026-03-23T06:25:18","slug":"keyboard-impact-life-testing-machine-sa-20j","status":"publish","type":"product","link":"https:\/\/www.envsin-testchamber.com\/de\/product\/keyboard-impact-life-testing-machine-sa-20j\/","title":{"rendered":"Tastatur-Schlagfestigkeitspr\u00fcfmaschine SA-20J"},"content":{"rendered":"<p>Funktionen der Maschine: Nach Ablauf der Lebensdauer der Taste werden die Spitzen- und Talpunkte, die taktile R\u00fcckmeldung, die Kontaktkraft, der Widerstand usw. erfasst.<\/p>\n<p>Ger\u00e4teeigenschaften: Verwendet DSP-Technologie zur Steuerung des Erfassungssystems, mit einer Abtastrate von bis zu 50000Hz (unsere patentierte Erfindung), und starke Anti-Interferenz-F\u00e4higkeiten.<\/p>\n<p>Highlights der Maschine: Schnelle Pr\u00fcfgeschwindigkeit, CT=16S.<\/p>\n<p>Unser Unternehmen erforscht, entwickelt, fertigt und vertreibt unabh\u00e4ngig verschiedene Zug-, Druck-, Zug-Druck- und Torsionspr\u00fcfger\u00e4te sowie Maschinen zur Pr\u00fcfung der Haltbarkeit und Lebensdauer. Die Abtastrate erreicht 50.000 Hz, und die Belastungsgenauigkeit kann 0,2% (bis 1\/200 der vollen Skala der Kraftmessdose) erreichen.<\/p>","protected":false},"author":1,"featured_media":352,"template":"","meta":{"_acf_changed":false},"product_category":[7],"class_list":["post-351","product","type-product","status-publish","has-post-thumbnail","hentry","product_category-reliability-life-test-series"],"acf":[],"_links":{"self":[{"href":"https:\/\/www.envsin-testchamber.com\/de\/wp-json\/wp\/v2\/product\/351","targetHints":{"allow":["GET"]}}],"collection":[{"href":"https:\/\/www.envsin-testchamber.com\/de\/wp-json\/wp\/v2\/product"}],"about":[{"href":"https:\/\/www.envsin-testchamber.com\/de\/wp-json\/wp\/v2\/types\/product"}],"author":[{"embeddable":true,"href":"https:\/\/www.envsin-testchamber.com\/de\/wp-json\/wp\/v2\/users\/1"}],"wp:featuredmedia":[{"embeddable":true,"href":"https:\/\/www.envsin-testchamber.com\/de\/wp-json\/wp\/v2\/media\/352"}],"wp:attachment":[{"href":"https:\/\/www.envsin-testchamber.com\/de\/wp-json\/wp\/v2\/media?parent=351"}],"wp:term":[{"taxonomy":"product_category","embeddable":true,"href":"https:\/\/www.envsin-testchamber.com\/de\/wp-json\/wp\/v2\/product_category?post=351"}],"curies":[{"name":"wp","href":"https:\/\/api.w.org\/{rel}","templated":true}]}}