{"id":349,"date":"2026-03-23T14:20:59","date_gmt":"2026-03-23T06:20:59","guid":{"rendered":"https:\/\/www.envsin-testchamber.com\/?post_type=product&#038;p=349"},"modified":"2026-03-23T14:20:59","modified_gmt":"2026-03-23T06:20:59","slug":"solder-joint-height-testing-machine-sa-505bh","status":"publish","type":"product","link":"https:\/\/www.envsin-testchamber.com\/de\/product\/solder-joint-height-testing-machine-sa-505bh\/","title":{"rendered":"L\u00f6tstellenh\u00f6henpr\u00fcfmaschine SA-505BH"},"content":{"rendered":"<p>Die Tastatur-Schlagz\u00e4higkeitspr\u00fcfmaschine kann mehrere Produkte gleichzeitig pr\u00fcfen (jedes Produkt kann an mehreren Punkten gepr\u00fcft werden), und jeder Tastkopf kann mit unterschiedlichen Dr\u00fccken und H\u00f6hen eingestellt werden. Sie verf\u00fcgt \u00fcber einstellbare Pr\u00fcfzyklen und Pr\u00fcfgeschwindigkeiten und ist damit die wohl kosteng\u00fcnstigste Schlagz\u00e4higkeitspr\u00fcfmaschine auf dem Markt.<\/p>\n<p>Maschinenprinzip: Die Lebensdauerpr\u00fcfmaschine f\u00fcr Tastaturen wird von einem Motor angetrieben, der ein Exzenterrad verwendet, um eine hin- und hergehende Bewegung zu erzeugen. Das exzentrische Rad sorgt daf\u00fcr, dass sich der Motor nur in eine Richtung dreht, wodurch die Ausfallrate des Ger\u00e4ts erheblich reduziert und die Pr\u00fcfgeschwindigkeit erh\u00f6ht wird, wodurch Sie wertvolle Zeit sparen. Die \u00dcbertragungsvorrichtung verwendet lineare F\u00fchrungen, wodurch das Problem der Fehlausrichtung nach wiederholten Pr\u00fcfungen beseitigt wird.<\/p>","protected":false},"author":1,"featured_media":350,"template":"","meta":{"_acf_changed":false},"product_category":[7],"class_list":["post-349","product","type-product","status-publish","has-post-thumbnail","hentry","product_category-reliability-life-test-series"],"acf":[],"_links":{"self":[{"href":"https:\/\/www.envsin-testchamber.com\/de\/wp-json\/wp\/v2\/product\/349","targetHints":{"allow":["GET"]}}],"collection":[{"href":"https:\/\/www.envsin-testchamber.com\/de\/wp-json\/wp\/v2\/product"}],"about":[{"href":"https:\/\/www.envsin-testchamber.com\/de\/wp-json\/wp\/v2\/types\/product"}],"author":[{"embeddable":true,"href":"https:\/\/www.envsin-testchamber.com\/de\/wp-json\/wp\/v2\/users\/1"}],"wp:featuredmedia":[{"embeddable":true,"href":"https:\/\/www.envsin-testchamber.com\/de\/wp-json\/wp\/v2\/media\/350"}],"wp:attachment":[{"href":"https:\/\/www.envsin-testchamber.com\/de\/wp-json\/wp\/v2\/media?parent=349"}],"wp:term":[{"taxonomy":"product_category","embeddable":true,"href":"https:\/\/www.envsin-testchamber.com\/de\/wp-json\/wp\/v2\/product_category?post=349"}],"curies":[{"name":"wp","href":"https:\/\/api.w.org\/{rel}","templated":true}]}}