{"id":347,"date":"2026-03-23T14:20:01","date_gmt":"2026-03-23T06:20:01","guid":{"rendered":"https:\/\/www.envsin-testchamber.com\/?post_type=product&#038;p=347"},"modified":"2026-03-23T14:20:01","modified_gmt":"2026-03-23T06:20:01","slug":"triaxial-milligram-force-tester-sa-5053b","status":"publish","type":"product","link":"https:\/\/www.envsin-testchamber.com\/de\/product\/triaxial-milligram-force-tester-sa-5053b\/","title":{"rendered":"Triaxiales Milligramm-Kraftmessger\u00e4t SA-5053B"},"content":{"rendered":"<p>Technische Daten der Maschine<\/p>\n<p>Gemessene Tragf\u00e4higkeit: 2kg\/5kg (w\u00e4hlbar)<br \/>\nMinimale Kraftaufl\u00f6sung: 0.01g<br \/>\nMindesthub (H\u00f6he) Aufl\u00f6sung: 0,001mm<br \/>\nMaschinenklasse: Klasse 0.5<br \/>\nLastgenauigkeit: 0,5% + 0,004%FS des angezeigten Wertes (bis 1\/200 der vollen Skala der W\u00e4gezelle)<br \/>\nZ-Achse 0,5 mm Messger\u00e4t Messgenauigkeit: 0,004 mm<br \/>\nZ-Achse Testgeschwindigkeit Genauigkeit: \u00b11%<br \/>\nWiederholbarkeit der Last: 0,5% des angezeigten Wertes (mindestens 0,02%FS) (30mm\/min Geschwindigkeit, 1\u00b5m Punktaufnahme)<br \/>\nWiederholbarkeit des Z-Achsen-Hubes: 0,010 mm (30mm\/min Geschwindigkeit, 1\u00b5m Punktaufnahme)<br \/>\nWiederholbarkeit des XY-Achsen-Hubes: 0,01 mm<br \/>\nXY-Achse Hubgenauigkeit: 0,02%L + 0,024mm vom angegebenen Wert<br \/>\nZ-Achse Test Geschwindigkeitsbereich: 0\uff5e600mm\/min XY-Achse Verfahrgeschwindigkeitsbereich: 0\uff5e50mm\/s<br \/>\nZ-Achse maximaler Pr\u00fcfbereich: 50 mm<br \/>\nVerfahrweg der XY-Achse: 50mm \u00d7 50mm<br \/>\n\u00dcbertragungsmechanismus der Z-Achse: Kugelumlaufspindel<br \/>\nXY-Achsen\u00fcbertragungsmechanismus: Pr\u00e4zisionsgleitschiene<br \/>\nAntriebsmotor: b\u00fcrstenloser Motor<br \/>\nAbmessungen: 460 (B) \u00d7 520 (T) \u00d7 730 (H) mm<br \/>\nGewicht: 80kg<br \/>\nEnergieversorgung: 220V 50HZ 0.75KW<br \/>\nFunktionen der Maschine: Misst Spitzenwert, Talwert, Gef\u00fchl, H\u00f6he, etc.<\/p>\n<p>Merkmale der Maschine: Verwendet DSP-Technologie, um das Erfassungssystem zu steuern, mit einer Abtastrate von bis zu 50000HZ (unsere patentierte Erfindung), und starke Anti-Interferenz-F\u00e4higkeiten.<\/p>\n<p>Miniatur-H\u00f6henmessger\u00e4t SA-5053B Anwendungen und pr\u00fcfbare Produkte: Geeignet f\u00fcr Branchen wie Mobiltelefone, Laptops, Tablets, Steckverbinder, Kn\u00f6pfe, Mikroschalter, Digitalkameras, Scharnierherstellung, LCD-Touchpanels, LCD-Monitore, Pogo-Pins und Federn.<\/p>\n<p>Spezifikationen der Maschine:<br \/>\nMessung Tragf\u00e4higkeit: 2kg\/5kg (w\u00e4hlen Sie eine aus)<br \/>\nMinimale Kraftaufl\u00f6sung: 0.01g<br \/>\nMindesthub (H\u00f6he) Aufl\u00f6sung: 0,001mm<br \/>\nMaschinenklasse: Klasse 0.2<br \/>\nLastgenauigkeit: \u00b1(0,2% + 0,004%FS des angezeigten Wertes) (bis 1\/200 des Skalenendwertes der W\u00e4gezelle)<br \/>\nZ-Achsen-Hubgenauigkeit: \u00b1(0,004 mm + 0,2% vom angezeigten Wert) (f\u00fcr Standardmessger\u00e4te)<br \/>\n\u00b13\u00b5m (f\u00fcr 0,5mm Endma\u00dfe)<br \/>\nZ-Achse Testgeschwindigkeit Genauigkeit: \u00b11%<br \/>\nLastwiederholbarkeit: \u00b10,2% vom angezeigten Wert (mindestens 0,04%FS) (30mm\/min Geschwindigkeit, 1\u00b5m Punktklemmung)<br \/>\nZ-Achse Hubwiederholgenauigkeit: 0,010 mm (30mm\/min Geschwindigkeit, 1\u00b5m Punktklemmung) Maximaler Verfahrweg: 140mm<br \/>\n\u00dcbertragungsmechanismus: Kugelumlaufspindel<br \/>\nAntriebsmotor: B\u00fcrstenloser Motor<br \/>\nAbmessungen: 400 (B) \u00d7 330 (T) \u00d7 700 (H) mm<br \/>\nGewicht: 65kg<br \/>\nStromversorgung: 220V 50HZ 600VA<br \/>\nFunktion der Maschine: Ermittelt die Dicke von weichen Gegenst\u00e4nden, die H\u00f6he der L\u00f6tstelle usw.<\/p>\n<p>Merkmale der Maschine: Verwendet DSP-Technologie zur Steuerung des Erfassungssystems, mit einer Abtastrate von bis zu 50000 Hz (unsere patentierte Erfindung) und starken Anti-Interferenz-F\u00e4higkeiten.<\/p>\n<p>Besondere Merkmale der Maschine: Ausgestattet mit einer 50-fachen Lupe.<\/p>\n<p>Unser Unternehmen erforscht, entwickelt, fertigt und vertreibt unabh\u00e4ngig verschiedene Zug-, Druck-, Zug-Druck- und Torsionspr\u00fcfger\u00e4te sowie Maschinen zur Pr\u00fcfung der Haltbarkeit und Lebensdauer. Die Abtastrate erreicht 50.000 Hz, und die Belastungsgenauigkeit kann 0,2% (bis 1\/200 der vollen Skala der Kraftmessdose) erreichen.<\/p>","protected":false},"author":1,"featured_media":348,"template":"","meta":{"_acf_changed":false},"product_category":[7],"class_list":["post-347","product","type-product","status-publish","has-post-thumbnail","hentry","product_category-reliability-life-test-series"],"acf":[],"_links":{"self":[{"href":"https:\/\/www.envsin-testchamber.com\/de\/wp-json\/wp\/v2\/product\/347","targetHints":{"allow":["GET"]}}],"collection":[{"href":"https:\/\/www.envsin-testchamber.com\/de\/wp-json\/wp\/v2\/product"}],"about":[{"href":"https:\/\/www.envsin-testchamber.com\/de\/wp-json\/wp\/v2\/types\/product"}],"author":[{"embeddable":true,"href":"https:\/\/www.envsin-testchamber.com\/de\/wp-json\/wp\/v2\/users\/1"}],"wp:featuredmedia":[{"embeddable":true,"href":"https:\/\/www.envsin-testchamber.com\/de\/wp-json\/wp\/v2\/media\/348"}],"wp:attachment":[{"href":"https:\/\/www.envsin-testchamber.com\/de\/wp-json\/wp\/v2\/media?parent=347"}],"wp:term":[{"taxonomy":"product_category","embeddable":true,"href":"https:\/\/www.envsin-testchamber.com\/de\/wp-json\/wp\/v2\/product_category?post=347"}],"curies":[{"name":"wp","href":"https:\/\/api.w.org\/{rel}","templated":true}]}}