{"id":343,"date":"2026-03-23T14:17:11","date_gmt":"2026-03-23T06:17:11","guid":{"rendered":"https:\/\/www.envsin-testchamber.com\/?post_type=product&#038;p=343"},"modified":"2026-03-23T14:17:11","modified_gmt":"2026-03-23T06:17:11","slug":"spring-tension-and-compression-testing-machine-sa-3020bc","status":"publish","type":"product","link":"https:\/\/www.envsin-testchamber.com\/de\/product\/spring-tension-and-compression-testing-machine-sa-3020bc\/","title":{"rendered":"Federzug- und Druckpr\u00fcfmaschine SA-3020BC"},"content":{"rendered":"<p>Funktionen der Maschine: Messung von Spitzenwerten, Talwerten, taktilem Feedback, H\u00f6he, etc.<\/p>\n<p>Ger\u00e4teeigenschaften: Verwendet DSP-Technologie zur Steuerung des Erfassungssystems, mit einer Abtastrate von bis zu 50000Hz (unsere patentierte Erfindung), und starke Anti-Interferenz-F\u00e4higkeiten.<\/p>\n<p>Highlights der Maschine:<\/p>\n<p>Unser Unternehmen erforscht, entwickelt, fertigt und vertreibt unabh\u00e4ngig verschiedene Zug-, Druck-, Zug-Druck- und Torsionspr\u00fcfger\u00e4te sowie Maschinen zur Pr\u00fcfung der Haltbarkeit und Lebensdauer. Die Abtastrate erreicht 50.000 Hz, und die Belastungsgenauigkeit kann 0,2% (bis 1\/200 der vollen Skala der Kraftmessdose) erreichen.<\/p>","protected":false},"author":1,"featured_media":344,"template":"","meta":{"_acf_changed":false},"product_category":[7],"class_list":["post-343","product","type-product","status-publish","has-post-thumbnail","hentry","product_category-reliability-life-test-series"],"acf":[],"_links":{"self":[{"href":"https:\/\/www.envsin-testchamber.com\/de\/wp-json\/wp\/v2\/product\/343","targetHints":{"allow":["GET"]}}],"collection":[{"href":"https:\/\/www.envsin-testchamber.com\/de\/wp-json\/wp\/v2\/product"}],"about":[{"href":"https:\/\/www.envsin-testchamber.com\/de\/wp-json\/wp\/v2\/types\/product"}],"author":[{"embeddable":true,"href":"https:\/\/www.envsin-testchamber.com\/de\/wp-json\/wp\/v2\/users\/1"}],"wp:featuredmedia":[{"embeddable":true,"href":"https:\/\/www.envsin-testchamber.com\/de\/wp-json\/wp\/v2\/media\/344"}],"wp:attachment":[{"href":"https:\/\/www.envsin-testchamber.com\/de\/wp-json\/wp\/v2\/media?parent=343"}],"wp:term":[{"taxonomy":"product_category","embeddable":true,"href":"https:\/\/www.envsin-testchamber.com\/de\/wp-json\/wp\/v2\/product_category?post=343"}],"curies":[{"name":"wp","href":"https:\/\/api.w.org\/{rel}","templated":true}]}}