{"id":341,"date":"2026-03-23T14:12:55","date_gmt":"2026-03-23T06:12:55","guid":{"rendered":"https:\/\/www.envsin-testchamber.com\/?post_type=product&#038;p=341"},"modified":"2026-03-23T14:12:55","modified_gmt":"2026-03-23T06:12:55","slug":"spring-tension-and-compression-testing-machine-sa-3020b","status":"publish","type":"product","link":"https:\/\/www.envsin-testchamber.com\/de\/product\/spring-tension-and-compression-testing-machine-sa-3020b\/","title":{"rendered":"Federspannungs- und Druckpr\u00fcfmaschine SA-3020B"},"content":{"rendered":"<p>Spezifikationen<br \/>\nPr\u00fcflast: 2kgf 20kgf 50kgf 100kgf 200kgf 500kgf 1000kgf 2000kgf<br \/>\nAnzeige Last: 0.01gf 0.1gf 2gf 10gf 20gf 0.1kgf 0.1kgf 0.2kgf<br \/>\nLasteinheiten: gf, kgf, N, lb<br \/>\nTesthub: 200mm 800mm<br \/>\nLastgenauigkeit: \u00b10,2% +0,004FS (bis 1\/200 des Skalenendwerts)<br \/>\nMaschinengenauigkeit: 0,2 Grad<br \/>\nAnzeigehub: 0.001mm<br \/>\nAntriebsmotor: Servo-Motor<br \/>\nTellerdurchmesser: \u222e60mm \u222e120mm \u222e200mm<br \/>\nAbmessungen: w300\u00d7d410\u00d7h640 w790\u00d7d490\u00d7h1570 W930\u00d7D490\u00d7H2000 Maschinengewicht: 55kg Abmessungen: 130mm x 250mm Stromversorgung: AC 220V Merkmale der Maschine:<\/p>\n<p>1. Alle Pr\u00fcfbedingungen werden vom Computer schriftlich festgelegt und k\u00f6nnen gespeichert werden. (Die Einstellungen k\u00f6nnen durch Auswahl von Optionen aus einem Dropdown-Men\u00fc oder durch direkte Eingabe von Daten vorgenommen werden).<\/p>\n<p>2. Die Maschine verf\u00fcgt \u00fcber eine hochsteife Konstruktion mit einem Servomotor, was zu hoher Pr\u00e4zision und langer Lebensdauer f\u00fchrt.<\/p>\n<p>3. Die Anzeige der Lasteinheit kann frei umgeschaltet werden: N, lb, gf, kgf.<\/p>\n<p>4. Automatische Ursprungsspeicherfunktion; Daten werden auch bei Maschinenstillstand oder Stromausfall gespeichert.<\/p>\n<p>5. Die \u00dcberlastungsschutzfunktion f\u00fcr die W\u00e4gezelle stellt sicher, dass die W\u00e4gezelle nicht besch\u00e4digt wird.<\/p>\n<p>6. Kann Diagramme (Last-Hub-Kurven und Inspektionsberichte) speichern und drucken.<\/p>\n<p>7. Inspektionsberichte werden automatisch erstellt (k\u00f6nnen direkt gedruckt werden) und k\u00f6nnen f\u00fcr den Export konvertiert oder direkt \u00fcber das Netzwerk exportiert werden.<\/p>\n<p>8. Kann direkt aufzeichnen dynamische Last-Weg-Kurve \u00c4nderungen f\u00fcr jeden Test.<\/p>\n<p>9. Eingabe von oberen und unteren Toleranzwerten f\u00fcr die Pr\u00fcfung; automatische Bestimmung von OK oder NG.<\/p>\n<p>10. Vollautomatische Messung der Last in Einzel-, Doppel- und Dreifachsegmenten.<\/p>\n<p>11. Mehrere Testfunktionen: A. Einstellen der H\u00f6he zur Messung der Last; B. Einstellen der Last zur Messung der H\u00f6he; C. Einstellen der Kompression zur Messung der Last;<\/p>\n<p>D. Kraft einstellen, um die Kompression zu messen; E. Multisegment-Punkttest.<\/p>","protected":false},"author":1,"featured_media":342,"template":"","meta":{"_acf_changed":false},"product_category":[7],"class_list":["post-341","product","type-product","status-publish","has-post-thumbnail","hentry","product_category-reliability-life-test-series"],"acf":[],"_links":{"self":[{"href":"https:\/\/www.envsin-testchamber.com\/de\/wp-json\/wp\/v2\/product\/341","targetHints":{"allow":["GET"]}}],"collection":[{"href":"https:\/\/www.envsin-testchamber.com\/de\/wp-json\/wp\/v2\/product"}],"about":[{"href":"https:\/\/www.envsin-testchamber.com\/de\/wp-json\/wp\/v2\/types\/product"}],"author":[{"embeddable":true,"href":"https:\/\/www.envsin-testchamber.com\/de\/wp-json\/wp\/v2\/users\/1"}],"wp:featuredmedia":[{"embeddable":true,"href":"https:\/\/www.envsin-testchamber.com\/de\/wp-json\/wp\/v2\/media\/342"}],"wp:attachment":[{"href":"https:\/\/www.envsin-testchamber.com\/de\/wp-json\/wp\/v2\/media?parent=341"}],"wp:term":[{"taxonomy":"product_category","embeddable":true,"href":"https:\/\/www.envsin-testchamber.com\/de\/wp-json\/wp\/v2\/product_category?post=341"}],"curies":[{"name":"wp","href":"https:\/\/api.w.org\/{rel}","templated":true}]}}