{"id":339,"date":"2026-03-23T14:11:09","date_gmt":"2026-03-23T06:11:09","guid":{"rendered":"https:\/\/www.envsin-testchamber.com\/?post_type=product&#038;p=339"},"modified":"2026-03-23T14:11:09","modified_gmt":"2026-03-23T06:11:09","slug":"x-y-z-triaxial-load-height-curve-testing-machine-sa-8205bh","status":"publish","type":"product","link":"https:\/\/www.envsin-testchamber.com\/de\/product\/x-y-z-triaxial-load-height-curve-testing-machine-sa-8205bh\/","title":{"rendered":"X-Y-Z Triaxial-Kraft-H\u00f6hen-Kurvenpr\u00fcfmaschine SA-8205BH"},"content":{"rendered":"<p>Das professionell konzipierte automatische Steuerungs- und Datenerfassungssystem erm\u00f6glicht eine vollst\u00e4ndig digitale Einstellung des Datenerfassungs- und Steuerungsprozesses und wird gem\u00e4\u00df den technischen Anforderungen der nationalen Norm f\u00fcr Federpr\u00fcfmaschinen hergestellt.<\/p>\n<p>Unser Unternehmen erforscht, entwickelt, fertigt und vertreibt unabh\u00e4ngig verschiedene Zug-, Druck-, Zug-Druck- und Torsionspr\u00fcfger\u00e4te sowie Maschinen zur Pr\u00fcfung der Haltbarkeit und Lebensdauer. Die Abtastrate erreicht 50.000 Hz, und die Belastungsgenauigkeit kann 0,2% (bis 1\/200 der vollen Skala der Kraftmessdose) erreichen.<\/p>","protected":false},"author":1,"featured_media":340,"template":"","meta":{"_acf_changed":false},"product_category":[7],"class_list":["post-339","product","type-product","status-publish","has-post-thumbnail","hentry","product_category-reliability-life-test-series"],"acf":[],"_links":{"self":[{"href":"https:\/\/www.envsin-testchamber.com\/de\/wp-json\/wp\/v2\/product\/339","targetHints":{"allow":["GET"]}}],"collection":[{"href":"https:\/\/www.envsin-testchamber.com\/de\/wp-json\/wp\/v2\/product"}],"about":[{"href":"https:\/\/www.envsin-testchamber.com\/de\/wp-json\/wp\/v2\/types\/product"}],"author":[{"embeddable":true,"href":"https:\/\/www.envsin-testchamber.com\/de\/wp-json\/wp\/v2\/users\/1"}],"wp:featuredmedia":[{"embeddable":true,"href":"https:\/\/www.envsin-testchamber.com\/de\/wp-json\/wp\/v2\/media\/340"}],"wp:attachment":[{"href":"https:\/\/www.envsin-testchamber.com\/de\/wp-json\/wp\/v2\/media?parent=339"}],"wp:term":[{"taxonomy":"product_category","embeddable":true,"href":"https:\/\/www.envsin-testchamber.com\/de\/wp-json\/wp\/v2\/product_category?post=339"}],"curies":[{"name":"wp","href":"https:\/\/api.w.org\/{rel}","templated":true}]}}