{"id":337,"date":"2026-03-23T14:09:45","date_gmt":"2026-03-23T06:09:45","guid":{"rendered":"https:\/\/www.envsin-testchamber.com\/?post_type=product&#038;p=337"},"modified":"2026-03-23T14:09:45","modified_gmt":"2026-03-23T06:09:45","slug":"x-y-z-four-head-load-displacement-curve-testing-machine-sa-8000b4","status":"publish","type":"product","link":"https:\/\/www.envsin-testchamber.com\/de\/product\/x-y-z-four-head-load-displacement-curve-testing-machine-sa-8000b4\/","title":{"rendered":"X-Y-Z-Vierkopf-Last-Verschiebungskurven-Pr\u00fcfmaschine SA-8000B4"},"content":{"rendered":"<p>Die triaxiale Kraft-H\u00f6hen-Kurvenpr\u00fcfmaschine ist eine Weiterentwicklung der triaxialen Kraft-Weg-Kurvenpr\u00fcfmaschine. Sie kann nicht nur den Lastweg von Produkten wie Druckknopfschaltern pr\u00fcfen, sondern auch die H\u00f6he und Dicke dieser Produkte.<\/p>\n<p>Diese H\u00f6henpr\u00fcfung l\u00f6st das Problem der H\u00f6hen- und Dickenmessung, die nicht durch Kontakt- oder optische Methoden durchgef\u00fchrt werden kann. Zum Beispiel kann die H\u00f6he von L\u00f6tstellen auf Leiterplatten und die H\u00f6he von Bauteilen nach dem L\u00f6ten mit dieser Maschine gepr\u00fcft werden.<\/p>\n<p>Unser Unternehmen erforscht, entwickelt, fertigt und vertreibt unabh\u00e4ngig verschiedene Zug-, Druck-, Zug-Druck- und Torsionspr\u00fcfger\u00e4te sowie Maschinen zur Pr\u00fcfung der Haltbarkeit und Lebensdauer. Die Abtastrate erreicht 50.000 Hz, und die Belastungsgenauigkeit kann 0,2% (bis 1\/200 der vollen Skala der Kraftmessdose) erreichen.<\/p>","protected":false},"author":1,"featured_media":338,"template":"","meta":{"_acf_changed":false},"product_category":[7],"class_list":["post-337","product","type-product","status-publish","has-post-thumbnail","hentry","product_category-reliability-life-test-series"],"acf":[],"_links":{"self":[{"href":"https:\/\/www.envsin-testchamber.com\/de\/wp-json\/wp\/v2\/product\/337","targetHints":{"allow":["GET"]}}],"collection":[{"href":"https:\/\/www.envsin-testchamber.com\/de\/wp-json\/wp\/v2\/product"}],"about":[{"href":"https:\/\/www.envsin-testchamber.com\/de\/wp-json\/wp\/v2\/types\/product"}],"author":[{"embeddable":true,"href":"https:\/\/www.envsin-testchamber.com\/de\/wp-json\/wp\/v2\/users\/1"}],"wp:featuredmedia":[{"embeddable":true,"href":"https:\/\/www.envsin-testchamber.com\/de\/wp-json\/wp\/v2\/media\/338"}],"wp:attachment":[{"href":"https:\/\/www.envsin-testchamber.com\/de\/wp-json\/wp\/v2\/media?parent=337"}],"wp:term":[{"taxonomy":"product_category","embeddable":true,"href":"https:\/\/www.envsin-testchamber.com\/de\/wp-json\/wp\/v2\/product_category?post=337"}],"curies":[{"name":"wp","href":"https:\/\/api.w.org\/{rel}","templated":true}]}}