{"id":331,"date":"2026-03-23T14:03:15","date_gmt":"2026-03-23T06:03:15","guid":{"rendered":"https:\/\/www.envsin-testchamber.com\/?post_type=product&#038;p=331"},"modified":"2026-03-23T14:03:15","modified_gmt":"2026-03-23T06:03:15","slug":"large-triaxial-pressure-testing-machine-sa-8815by","status":"publish","type":"product","link":"https:\/\/www.envsin-testchamber.com\/de\/product\/large-triaxial-pressure-testing-machine-sa-8815by\/","title":{"rendered":"Gro\u00dfe triaxiale Druckpr\u00fcfmaschine SA-8815BY"},"content":{"rendered":"<p>Product Introduction:<\/p>\n<p>This ejector pin load-stroke impedance life testing machine is custom-designed for testing ejector pins and probes. The three main test indicators are ejector pin and probe force, stroke, and contact resistance. This machine can simultaneously test the load-displacement-resistance curve of the ejector pin. The total number of life tests can be set, along with the interval between tests before resuming life testing.<\/p>\n<p>Data is stored via computer settings, making it an excellent ejector pin and probe testing machine. The test head and bottom test fixture require meticulous processing to ensure accurate testing of even minute contact resistance values.<\/p>\n<p>Unser Unternehmen erforscht, entwickelt, fertigt und vertreibt unabh\u00e4ngig verschiedene Zug-, Druck-, Zug-Druck- und Torsionspr\u00fcfger\u00e4te sowie Maschinen zur Pr\u00fcfung der Haltbarkeit und Lebensdauer. Die Abtastrate erreicht 50.000 Hz, und die Belastungsgenauigkeit kann 0,2% (bis 1\/200 der vollen Skala der Kraftmessdose) erreichen.<\/p>","protected":false},"author":1,"featured_media":332,"template":"","meta":{"_acf_changed":false},"product_category":[7],"class_list":["post-331","product","type-product","status-publish","has-post-thumbnail","hentry","product_category-reliability-life-test-series"],"acf":[],"_links":{"self":[{"href":"https:\/\/www.envsin-testchamber.com\/de\/wp-json\/wp\/v2\/product\/331","targetHints":{"allow":["GET"]}}],"collection":[{"href":"https:\/\/www.envsin-testchamber.com\/de\/wp-json\/wp\/v2\/product"}],"about":[{"href":"https:\/\/www.envsin-testchamber.com\/de\/wp-json\/wp\/v2\/types\/product"}],"author":[{"embeddable":true,"href":"https:\/\/www.envsin-testchamber.com\/de\/wp-json\/wp\/v2\/users\/1"}],"wp:featuredmedia":[{"embeddable":true,"href":"https:\/\/www.envsin-testchamber.com\/de\/wp-json\/wp\/v2\/media\/332"}],"wp:attachment":[{"href":"https:\/\/www.envsin-testchamber.com\/de\/wp-json\/wp\/v2\/media?parent=331"}],"wp:term":[{"taxonomy":"product_category","embeddable":true,"href":"https:\/\/www.envsin-testchamber.com\/de\/wp-json\/wp\/v2\/product_category?post=331"}],"curies":[{"name":"wp","href":"https:\/\/api.w.org\/{rel}","templated":true}]}}