{"id":319,"date":"2026-03-23T13:51:41","date_gmt":"2026-03-23T05:51:41","guid":{"rendered":"https:\/\/www.envsin-testchamber.com\/?post_type=product&#038;p=319"},"modified":"2026-03-23T13:51:41","modified_gmt":"2026-03-23T05:51:41","slug":"load-displacement-life-testing-machine-sa-205bs","status":"publish","type":"product","link":"https:\/\/www.envsin-testchamber.com\/de\/product\/load-displacement-life-testing-machine-sa-205bs\/","title":{"rendered":"Last-Verschiebung-Lebensdauer-Pr\u00fcfmaschine SA-205BS"},"content":{"rendered":"<p>Machine Functions: Measures peak values, valley values, tactile feedback, continuity, etc.<\/p>\n<p>Merkmale der Maschine: Verwendet DSP-Technologie zur Steuerung des Datenerfassungssystems, mit einer Abtastrate von bis zu 50.000 Hz (unsere patentierte Erfindung), die starke Anti-Interferenz-F\u00e4higkeiten bietet.<\/p>\n<p>Detection data and barcodes for each button can be uploaded; non-conforming products can be automatically marked.<\/p>\n<p>Unser Unternehmen erforscht, entwickelt, fertigt und vertreibt unabh\u00e4ngig verschiedene Zug-, Druck-, Zug-Druck- und Torsionspr\u00fcfger\u00e4te sowie Maschinen zur Pr\u00fcfung der Haltbarkeit und Lebensdauer. Die Abtastrate erreicht 50.000 Hz, und die Belastungsgenauigkeit kann 0,2% (bis 1\/200 der vollen Skala der Kraftmessdose) erreichen.<\/p>","protected":false},"author":1,"featured_media":320,"template":"","meta":{"_acf_changed":false},"product_category":[7],"class_list":["post-319","product","type-product","status-publish","has-post-thumbnail","hentry","product_category-reliability-life-test-series"],"acf":[],"_links":{"self":[{"href":"https:\/\/www.envsin-testchamber.com\/de\/wp-json\/wp\/v2\/product\/319","targetHints":{"allow":["GET"]}}],"collection":[{"href":"https:\/\/www.envsin-testchamber.com\/de\/wp-json\/wp\/v2\/product"}],"about":[{"href":"https:\/\/www.envsin-testchamber.com\/de\/wp-json\/wp\/v2\/types\/product"}],"author":[{"embeddable":true,"href":"https:\/\/www.envsin-testchamber.com\/de\/wp-json\/wp\/v2\/users\/1"}],"wp:featuredmedia":[{"embeddable":true,"href":"https:\/\/www.envsin-testchamber.com\/de\/wp-json\/wp\/v2\/media\/320"}],"wp:attachment":[{"href":"https:\/\/www.envsin-testchamber.com\/de\/wp-json\/wp\/v2\/media?parent=319"}],"wp:term":[{"taxonomy":"product_category","embeddable":true,"href":"https:\/\/www.envsin-testchamber.com\/de\/wp-json\/wp\/v2\/product_category?post=319"}],"curies":[{"name":"wp","href":"https:\/\/api.w.org\/{rel}","templated":true}]}}