{"id":311,"date":"2026-03-23T13:44:32","date_gmt":"2026-03-23T05:44:32","guid":{"rendered":"https:\/\/www.envsin-testchamber.com\/?post_type=product&#038;p=311"},"modified":"2026-03-23T13:44:32","modified_gmt":"2026-03-23T05:44:32","slug":"flexible-circuit-board-life-testing-machine-sa-non-standard","status":"publish","type":"product","link":"https:\/\/www.envsin-testchamber.com\/de\/product\/flexible-circuit-board-life-testing-machine-sa-non-standard\/","title":{"rendered":"Lebensdauerpr\u00fcfmaschine f\u00fcr flexible Leiterplatten SA-Nicht-Standard"},"content":{"rendered":"<p>Product Introduction: The load-displacement curve tester is suitable for testing the load-stroke curve of various buttons and switches. It utilizes a Windows Chinese interface for easy and convenient operation, and all data can be saved (test conditions, load curve graphs, test results, inspection reports, etc.). This machine uses a servo motor drive, providing high-precision load-stroke measurement and obtaining completely accurate button and switch curve tests.<\/p>\n<p>Unser Unternehmen erforscht, entwickelt, fertigt und vertreibt unabh\u00e4ngig verschiedene Zug-, Druck-, Zug-Druck- und Torsionspr\u00fcfger\u00e4te sowie Maschinen zur Pr\u00fcfung der Haltbarkeit und Lebensdauer. Die Abtastrate erreicht 50.000 Hz, und die Belastungsgenauigkeit kann 0,2% (bis 1\/200 der vollen Skala der Kraftmessdose) erreichen.<\/p>","protected":false},"author":1,"featured_media":312,"template":"","meta":{"_acf_changed":false},"product_category":[7],"class_list":["post-311","product","type-product","status-publish","has-post-thumbnail","hentry","product_category-reliability-life-test-series"],"acf":[],"_links":{"self":[{"href":"https:\/\/www.envsin-testchamber.com\/de\/wp-json\/wp\/v2\/product\/311","targetHints":{"allow":["GET"]}}],"collection":[{"href":"https:\/\/www.envsin-testchamber.com\/de\/wp-json\/wp\/v2\/product"}],"about":[{"href":"https:\/\/www.envsin-testchamber.com\/de\/wp-json\/wp\/v2\/types\/product"}],"author":[{"embeddable":true,"href":"https:\/\/www.envsin-testchamber.com\/de\/wp-json\/wp\/v2\/users\/1"}],"wp:featuredmedia":[{"embeddable":true,"href":"https:\/\/www.envsin-testchamber.com\/de\/wp-json\/wp\/v2\/media\/312"}],"wp:attachment":[{"href":"https:\/\/www.envsin-testchamber.com\/de\/wp-json\/wp\/v2\/media?parent=311"}],"wp:term":[{"taxonomy":"product_category","embeddable":true,"href":"https:\/\/www.envsin-testchamber.com\/de\/wp-json\/wp\/v2\/product_category?post=311"}],"curies":[{"name":"wp","href":"https:\/\/api.w.org\/{rel}","templated":true}]}}