{"id":305,"date":"2026-03-23T13:38:43","date_gmt":"2026-03-23T05:38:43","guid":{"rendered":"https:\/\/www.envsin-testchamber.com\/?post_type=product&#038;p=305"},"modified":"2026-03-23T13:38:43","modified_gmt":"2026-03-23T05:38:43","slug":"torque-tester-sa-205bng","status":"publish","type":"product","link":"https:\/\/www.envsin-testchamber.com\/de\/product\/torque-tester-sa-205bng\/","title":{"rendered":"Drehmomentpr\u00fcfger\u00e4t SA-205BNG"},"content":{"rendered":"<p>Funktion der Maschine:<br \/>\nKann Drehmoment und Lebensdauer testen.<br \/>\nMerkmale der Maschine:<br \/>\nDurch den Einsatz von DSP-Technologie zur Steuerung des Erfassungssystems kann die Abtastrate 50000HZ erreichen (Erfindungspatent unseres Unternehmens), und es verf\u00fcgt \u00fcber eine starke Anti-Interferenz-F\u00e4higkeit.<\/p>\n<p>Unser Unternehmen erforscht, entwickelt, fertigt und vertreibt unabh\u00e4ngig verschiedene Zug-, Druck-, Zug-Druck- und Torsionspr\u00fcfger\u00e4te sowie Maschinen zur Pr\u00fcfung der Haltbarkeit und Lebensdauer. Die Abtastrate erreicht 50.000 Hz, und die Belastungsgenauigkeit kann 0,2% (bis 1\/200 der vollen Skala der Kraftmessdose) erreichen.<\/p>","protected":false},"author":1,"featured_media":306,"template":"","meta":{"_acf_changed":false},"product_category":[7],"class_list":["post-305","product","type-product","status-publish","has-post-thumbnail","hentry","product_category-reliability-life-test-series"],"acf":[],"_links":{"self":[{"href":"https:\/\/www.envsin-testchamber.com\/de\/wp-json\/wp\/v2\/product\/305","targetHints":{"allow":["GET"]}}],"collection":[{"href":"https:\/\/www.envsin-testchamber.com\/de\/wp-json\/wp\/v2\/product"}],"about":[{"href":"https:\/\/www.envsin-testchamber.com\/de\/wp-json\/wp\/v2\/types\/product"}],"author":[{"embeddable":true,"href":"https:\/\/www.envsin-testchamber.com\/de\/wp-json\/wp\/v2\/users\/1"}],"wp:featuredmedia":[{"embeddable":true,"href":"https:\/\/www.envsin-testchamber.com\/de\/wp-json\/wp\/v2\/media\/306"}],"wp:attachment":[{"href":"https:\/\/www.envsin-testchamber.com\/de\/wp-json\/wp\/v2\/media?parent=305"}],"wp:term":[{"taxonomy":"product_category","embeddable":true,"href":"https:\/\/www.envsin-testchamber.com\/de\/wp-json\/wp\/v2\/product_category?post=305"}],"curies":[{"name":"wp","href":"https:\/\/api.w.org\/{rel}","templated":true}]}}