{"id":292,"date":"2026-03-23T11:42:46","date_gmt":"2026-03-23T03:42:46","guid":{"rendered":"https:\/\/www.envsin-testchamber.com\/?post_type=product&#038;p=292"},"modified":"2026-03-23T11:42:46","modified_gmt":"2026-03-23T03:42:46","slug":"mobile-phone-side-button-cr-dual-sided-tester-sa-8003b","status":"publish","type":"product","link":"https:\/\/www.envsin-testchamber.com\/de\/product\/mobile-phone-side-button-cr-dual-sided-tester-sa-8003b\/","title":{"rendered":"Mobiltelefon Seitentaste CR Doppelseitiger Tester SA-8003B"},"content":{"rendered":"<p>Machine functions: Detects button peaks, valleys, tactile feedback, button height, etc.<\/p>\n<p>Machine Features:<br \/>\n1. Employs DSP technology to control the data acquisition system, with a sampling rate up to 50,000Hz (our patented invention), offering strong anti-interference capabilities;<br \/>\n2. Detection data and barcodes for each button can be uploaded;<br \/>\n3. Defective products can be automatically marked.<\/p>\n<p>Unser Unternehmen erforscht, entwickelt, fertigt und vertreibt unabh\u00e4ngig verschiedene Zug-, Druck-, Zug-Druck- und Torsionspr\u00fcfger\u00e4te sowie Maschinen zur Pr\u00fcfung der Haltbarkeit und Lebensdauer. Die Abtastrate erreicht 50.000 Hz, und die Belastungsgenauigkeit kann 0,2% (bis 1\/200 der vollen Skala der Kraftmessdose) erreichen.<\/p>","protected":false},"author":1,"featured_media":293,"template":"","meta":{"_acf_changed":false},"product_category":[7],"class_list":["post-292","product","type-product","status-publish","has-post-thumbnail","hentry","product_category-reliability-life-test-series"],"acf":[],"_links":{"self":[{"href":"https:\/\/www.envsin-testchamber.com\/de\/wp-json\/wp\/v2\/product\/292","targetHints":{"allow":["GET"]}}],"collection":[{"href":"https:\/\/www.envsin-testchamber.com\/de\/wp-json\/wp\/v2\/product"}],"about":[{"href":"https:\/\/www.envsin-testchamber.com\/de\/wp-json\/wp\/v2\/types\/product"}],"author":[{"embeddable":true,"href":"https:\/\/www.envsin-testchamber.com\/de\/wp-json\/wp\/v2\/users\/1"}],"wp:featuredmedia":[{"embeddable":true,"href":"https:\/\/www.envsin-testchamber.com\/de\/wp-json\/wp\/v2\/media\/293"}],"wp:attachment":[{"href":"https:\/\/www.envsin-testchamber.com\/de\/wp-json\/wp\/v2\/media?parent=292"}],"wp:term":[{"taxonomy":"product_category","embeddable":true,"href":"https:\/\/www.envsin-testchamber.com\/de\/wp-json\/wp\/v2\/product_category?post=292"}],"curies":[{"name":"wp","href":"https:\/\/api.w.org\/{rel}","templated":true}]}}