{"id":288,"date":"2026-03-23T11:37:35","date_gmt":"2026-03-23T03:37:35","guid":{"rendered":"https:\/\/www.envsin-testchamber.com\/?post_type=product&#038;p=288"},"modified":"2026-03-23T11:37:35","modified_gmt":"2026-03-23T03:37:35","slug":"mobile-phone-side-button-force-tester-sa-8001b","status":"publish","type":"product","link":"https:\/\/www.envsin-testchamber.com\/de\/product\/mobile-phone-side-button-force-tester-sa-8001b\/","title":{"rendered":"Mobiltelefon Seite Taste Kraft Tester SA-8001B"},"content":{"rendered":"<p>High-Precision Insertion and Extraction Force Tester S205BKC<br \/>\nSpezifikationen der Maschine:<br \/>\nMessung Last: 2kg<br \/>\nMinimale Kraftaufl\u00f6sung: 0.01g<br \/>\nMinimale Hubaufl\u00f6sung: 0.001mm<br \/>\nForce Accuracy: \u00b10.2% (20%-100% of maximum range)<br \/>\nStroke Accuracy: \u00b1(0.015mm+0.2%) (1%-100% of maximum range)<br \/>\n\u00b13um (for 0.5mm gauge blocks) Optional<br \/>\nXY Axis Movement Repeatability: 0.03mm<br \/>\nProbe Adjustment Range: 0-6mm<br \/>\nTest Speed \u200b\u200bRange: 0\uff5e1000mm\/min<br \/>\nMaximum X\/Y Axis Travel Distance: 50mm\/200mm<br \/>\nMechanismus der \u00dcbertragung: Kugelumlaufspindel<br \/>\nAntriebsmotor: B\u00fcrstenloser Motor<br \/>\nDimensions: 400(W)\u00d7880(D)\u00d7470(H)mm<br \/>\nGewicht: 80kg<br \/>\nPower Supply: 220V 50Hz 1kW<\/p>\n<p>Machine Functions: Detects button peaks, valleys, tactile feedback, button height, etc.<\/p>\n<p>Machine Features:<br \/>\n1. Employs DSP technology to control the data acquisition system, with a sampling rate up to 50,000Hz (our patented invention), offering strong anti-interference capabilities;<br \/>\n2. Detection data and barcodes for each button can be uploaded;<br \/>\n3. Defective products can be automatically marked.<\/p>\n<p>Unser Unternehmen erforscht, entwickelt, fertigt und vertreibt unabh\u00e4ngig verschiedene Zug-, Druck-, Zug-Druck- und Torsionspr\u00fcfger\u00e4te sowie Maschinen zur Pr\u00fcfung der Haltbarkeit und Lebensdauer. Die Abtastrate erreicht 50.000 Hz, und die Belastungsgenauigkeit kann 0,2% (bis 1\/200 der vollen Skala der Kraftmessdose) erreichen.<\/p>","protected":false},"author":1,"featured_media":289,"template":"","meta":{"_acf_changed":false},"product_category":[7],"class_list":["post-288","product","type-product","status-publish","has-post-thumbnail","hentry","product_category-reliability-life-test-series"],"acf":[],"_links":{"self":[{"href":"https:\/\/www.envsin-testchamber.com\/de\/wp-json\/wp\/v2\/product\/288","targetHints":{"allow":["GET"]}}],"collection":[{"href":"https:\/\/www.envsin-testchamber.com\/de\/wp-json\/wp\/v2\/product"}],"about":[{"href":"https:\/\/www.envsin-testchamber.com\/de\/wp-json\/wp\/v2\/types\/product"}],"author":[{"embeddable":true,"href":"https:\/\/www.envsin-testchamber.com\/de\/wp-json\/wp\/v2\/users\/1"}],"wp:featuredmedia":[{"embeddable":true,"href":"https:\/\/www.envsin-testchamber.com\/de\/wp-json\/wp\/v2\/media\/289"}],"wp:attachment":[{"href":"https:\/\/www.envsin-testchamber.com\/de\/wp-json\/wp\/v2\/media?parent=288"}],"wp:term":[{"taxonomy":"product_category","embeddable":true,"href":"https:\/\/www.envsin-testchamber.com\/de\/wp-json\/wp\/v2\/product_category?post=288"}],"curies":[{"name":"wp","href":"https:\/\/api.w.org\/{rel}","templated":true}]}}