{"id":267,"date":"2026-03-23T11:02:09","date_gmt":"2026-03-23T03:02:09","guid":{"rendered":"https:\/\/www.envsin-testchamber.com\/?post_type=product&#038;p=267"},"modified":"2026-05-08T15:12:32","modified_gmt":"2026-05-08T07:12:32","slug":"temperature-humidity-altitude-light-fresh-air-and-weather-resistance-comprehensive-test-chamber","status":"publish","type":"product","link":"https:\/\/www.envsin-testchamber.com\/de\/product\/temperature-humidity-altitude-light-fresh-air-and-weather-resistance-comprehensive-test-chamber\/","title":{"rendered":"Temperatur, Luftfeuchtigkeit, H\u00f6he, Licht, Frischluft und Witterungsbest\u00e4ndigkeit umfassende Pr\u00fcfkammer"},"content":{"rendered":"<p style=\"text-align: center;\"><strong>Produkt-Parameter<\/strong><\/p>\n<table style=\"width: 100%; border-collapse: collapse; border: 1px solid #ccc; table-layout: fixed;\">\n<thead>\n<tr>\n<th style=\"border: 1px solid #ccc; padding: 8px; text-align: center; font-weight: bold; background-color: #f0f0f0; width: 50%;\">Parameter<\/th>\n<th style=\"border: 1px solid #ccc; padding: 8px; text-align: center; font-weight: bold; background-color: #f0f0f0; width: 50%;\">Spezifikation \/ Wert<\/th>\n<\/tr>\n<\/thead>\n<tbody>\n<tr>\n<td style=\"border: 1px solid #ccc; padding: 8px; vertical-align: middle;\">Testvolumen<\/td>\n<td style=\"border: 1px solid #ccc; padding: 8px; vertical-align: middle;\">3m\u00b3, 6m\u00b3 (Abmessungen je nach Bedarf anpassbar)<\/td>\n<\/tr>\n<tr>\n<td style=\"border: 1px solid #ccc; padding: 8px; vertical-align: middle;\">Stromversorgung<\/td>\n<td style=\"border: 1px solid #ccc; padding: 8px; vertical-align: middle;\">AC380V \u00b110%, 50Hz \u00b11, dreiphasiger Vierleiter + Erdungsleitung (3\/N\/PE), Erdungswiderstand &lt;4\u03a9<\/td>\n<\/tr>\n<tr>\n<td style=\"border: 1px solid #ccc; padding: 8px; vertical-align: middle;\">Maximale Systemleistung<\/td>\n<td style=\"border: 1px solid #ccc; padding: 8px; vertical-align: middle;\">Ca. 123,8KW (vorbehaltlich der endg\u00fcltigen technischen Planung)<\/td>\n<\/tr>\n<tr>\n<td style=\"border: 1px solid #ccc; padding: 8px; vertical-align: middle;\">Maximaler Systemstrom<\/td>\n<td style=\"border: 1px solid #ccc; padding: 8px; vertical-align: middle;\">Ca. 212,3A (vorbehaltlich der endg\u00fcltigen technischen Planung)<\/td>\n<\/tr>\n<tr>\n<td style=\"border: 1px solid #ccc; padding: 8px; vertical-align: middle;\">Methode der K\u00fchlung<\/td>\n<td style=\"border: 1px solid #ccc; padding: 8px; vertical-align: middle;\">Wasserk\u00fchlung<\/td>\n<\/tr>\n<tr>\n<td style=\"border: 1px solid #ccc; padding: 8px; vertical-align: middle;\">Temperaturbereich<\/td>\n<td style=\"border: 1px solid #ccc; padding: 8px; vertical-align: middle;\">-20\u00b0C \/ -50\u00b0C \/ -70\u00b0C ~ +150\u00b0C<\/td>\n<\/tr>\n<tr>\n<td style=\"border: 1px solid #ccc; padding: 8px; vertical-align: middle;\">Gleichm\u00e4\u00dfigkeit der Temperatur<\/td>\n<td style=\"border: 1px solid #ccc; padding: 8px; vertical-align: middle;\">\u22642\u00b0C<\/td>\n<\/tr>\n<tr>\n<td style=\"border: 1px solid #ccc; padding: 8px; vertical-align: middle;\">Temperaturschwankung<\/td>\n<td style=\"border: 1px solid #ccc; padding: 8px; vertical-align: middle;\">\u00b10.5\u00b0C<\/td>\n<\/tr>\n<tr>\n<td style=\"border: 1px solid #ccc; padding: 8px; vertical-align: middle;\">Temperaturabweichung<\/td>\n<td style=\"border: 1px solid #ccc; padding: 8px; vertical-align: middle;\">\u00b12\u00b0C<\/td>\n<\/tr>\n<tr>\n<td style=\"border: 1px solid #ccc; padding: 8px; vertical-align: middle;\">Heizrate<\/td>\n<td style=\"border: 1px solid #ccc; padding: 8px; vertical-align: middle;\">5\u00b0C\/min (linear im Bereich -70\u00b0C ~ +150\u00b0C)<\/td>\n<\/tr>\n<tr>\n<td style=\"border: 1px solid #ccc; padding: 8px; vertical-align: middle;\">Abk\u00fchlungsrate<\/td>\n<td style=\"border: 1px solid #ccc; padding: 8px; vertical-align: middle;\">5\u00b0C\/min (linear im Bereich -70\u00b0C ~ +150\u00b0C)<\/td>\n<\/tr>\n<tr>\n<td style=\"border: 1px solid #ccc; padding: 8px; vertical-align: middle;\">Temperatur &amp; Luftfeuchtigkeit Klimatest<\/td>\n<td style=\"border: 1px solid #ccc; padding: 8px; vertical-align: middle;\">Luftfeuchtigkeit Bereich: 15%RH ~ 98%RH (\u00b13%RH)<\/td>\n<\/tr>\n<tr>\n<td style=\"border: 1px solid #ccc; padding: 8px; vertical-align: middle;\">Niederdruck Extrembereich<\/td>\n<td style=\"border: 1px solid #ccc; padding: 8px; vertical-align: middle;\">&lt;7,6kPa<\/td>\n<\/tr>\n<tr>\n<td style=\"border: 1px solid #ccc; padding: 8px; vertical-align: middle;\">Frischluftmenge<\/td>\n<td style=\"border: 1px solid #ccc; padding: 8px; vertical-align: middle;\">500 ~ 2000 L\/min (einstellbar)<\/td>\n<\/tr>\n<tr>\n<td style=\"border: 1px solid #ccc; padding: 8px; vertical-align: middle;\">Frischlufttemperatur<\/td>\n<td style=\"border: 1px solid #ccc; padding: 8px; vertical-align: middle;\">0\u00b0C ~ 60\u00b0C, -20\u00b0C ~ 60\u00b0C, -40\u00b0C ~ 60\u00b0C (optional)<\/td>\n<\/tr>\n<tr>\n<td style=\"border: 1px solid #ccc; padding: 8px; vertical-align: middle;\">Licht-Wellenl\u00e4nge<\/td>\n<td style=\"border: 1px solid #ccc; padding: 8px; vertical-align: middle;\">280nm ~ 3000nm<\/td>\n<\/tr>\n<tr>\n<td style=\"border: 1px solid #ccc; padding: 8px; vertical-align: middle;\">Bestrahlungsst\u00e4rke Intensit\u00e4t<\/td>\n<td style=\"border: 1px solid #ccc; padding: 8px; vertical-align: middle;\">55 ~ 1200 W\/m\u00b2<\/td>\n<\/tr>\n<\/tbody>\n<\/table>\n<p><strong>Anwendungen und Szenarien<\/strong><\/p>\n<p>1. Luft- und Raumfahrt:<\/p>\n<p>Komponenten von Flugzeugen: Testet die Auswirkungen von Vibrationen, Temperatur- und Feuchtigkeits\u00e4nderungen auf die Leistung und Zuverl\u00e4ssigkeit von Flugzeugkomponenten w\u00e4hrend des Fluges.<\/p>\n<p>Satellitenausr\u00fcstung: Bewertet die Stabilit\u00e4t und Haltbarkeit von Satellitenausr\u00fcstungen bei Vibrationen, Temperatur- und Feuchtigkeitsschwankungen in der Weltraumumgebung.<\/p>\n<p>2. Automobilindustrie:<\/p>\n<p>Automobilkomponenten: Testet die Auswirkungen von Vibrationen, hohen und niedrigen Temperaturen und feuchten Umgebungen auf Automobilkomponenten w\u00e4hrend des Betriebs und bewertet deren Haltbarkeit und Zuverl\u00e4ssigkeit.<\/p>\n<p>Pr\u00fcfung ganzer Fahrzeuge: F\u00fchrt Tests zu Vibrationen, Temperatur- und Feuchtigkeits\u00e4nderungen an ganzen Fahrzeugen unter simulierten Stra\u00dfenbedingungen durch, um die Fahrzeugleistung in verschiedenen komplexen Umgebungen zu bewerten.<\/p>\n<p>3. Elektronik- und Elektroger\u00e4teindustrie:<\/p>\n<p>Elektronische Produkte: Testet die Auswirkungen von Vibrationen, hohen und niedrigen Temperaturen und feuchten Umgebungen auf elektronische Produkte w\u00e4hrend des Transports, der Lagerung und des Gebrauchs und bewertet deren Haltbarkeit und Zuverl\u00e4ssigkeit.<\/p>\n<p>Elektronische Komponenten: Bewertet die Auswirkungen von Vibrationen, Temperatur- und Feuchtigkeitsschwankungen auf die Leistung elektronischer Komponenten unter realen Einsatzbedingungen und gew\u00e4hrleistet einen stabilen Betrieb.<\/p>\n<p>4. Schiffbauindustrie:<\/p>\n<p>Schiffsausr\u00fcstung: Testet die Auswirkungen von Vibrationen, Seewasserkorrosion und Meeresklimabedingungen auf Schiffsausr\u00fcstungen w\u00e4hrend der Seereise und bewertet deren Haltbarkeit und Stabilit\u00e4t.<\/p>\n<p>4. Milit\u00e4r und Verteidigung:<\/p>\n<p>Milit\u00e4rische Ausr\u00fcstung: Bewertet die Leistung von Milit\u00e4rausr\u00fcstung unter Kampfbedingungen und in extremen Umgebungen mit Vibrationen, Temperatur- und Feuchtigkeitsschwankungen, um ihre Zuverl\u00e4ssigkeit und Stabilit\u00e4t unter Gefechtsbedingungen zu gew\u00e4hrleisten.<\/p>\n<p>5. Pharmazeutika und Biotechnologie:<\/p>\n<p>Pharmazeutische Stabilit\u00e4t: Testet die Auswirkungen von Vibrationen, Temperatur- und Feuchtigkeitsschwankungen auf die Stabilit\u00e4t und Wirksamkeit von Arzneimitteln w\u00e4hrend des Transports, der Lagerung und der Verwendung.<\/p>\n<p>Biopharmazeutische Produkte: Bewertet die Stabilit\u00e4t und Wirksamkeit von biologischen Produkten unter komplexen Umweltbedingungen und gew\u00e4hrleistet ihre Qualit\u00e4t und Sicherheit w\u00e4hrend des Transports und der Lagerung.<\/p>","protected":false},"author":1,"featured_media":794,"template":"","meta":{"_acf_changed":false},"product_category":[8],"class_list":["post-267","product","type-product","status-publish","has-post-thumbnail","hentry","product_category-weather-resistance-test-series"],"acf":[],"_links":{"self":[{"href":"https:\/\/www.envsin-testchamber.com\/de\/wp-json\/wp\/v2\/product\/267","targetHints":{"allow":["GET"]}}],"collection":[{"href":"https:\/\/www.envsin-testchamber.com\/de\/wp-json\/wp\/v2\/product"}],"about":[{"href":"https:\/\/www.envsin-testchamber.com\/de\/wp-json\/wp\/v2\/types\/product"}],"author":[{"embeddable":true,"href":"https:\/\/www.envsin-testchamber.com\/de\/wp-json\/wp\/v2\/users\/1"}],"wp:featuredmedia":[{"embeddable":true,"href":"https:\/\/www.envsin-testchamber.com\/de\/wp-json\/wp\/v2\/media\/794"}],"wp:attachment":[{"href":"https:\/\/www.envsin-testchamber.com\/de\/wp-json\/wp\/v2\/media?parent=267"}],"wp:term":[{"taxonomy":"product_category","embeddable":true,"href":"https:\/\/www.envsin-testchamber.com\/de\/wp-json\/wp\/v2\/product_category?post=267"}],"curies":[{"name":"wp","href":"https:\/\/api.w.org\/{rel}","templated":true}]}}