{"id":257,"date":"2026-03-23T10:51:56","date_gmt":"2026-03-23T02:51:56","guid":{"rendered":"https:\/\/www.envsin-testchamber.com\/?post_type=product&#038;p=257"},"modified":"2026-05-08T14:51:19","modified_gmt":"2026-05-08T06:51:19","slug":"stress-screening-composite-test-chamber","status":"publish","type":"product","link":"https:\/\/www.envsin-testchamber.com\/de\/product\/stress-screening-composite-test-chamber\/","title":{"rendered":"Stress-Screening-Komposit-Testkammer"},"content":{"rendered":"<p style=\"text-align: center;\"><strong>Produkt-Parameter<\/strong><\/p>\n<table style=\"width: 100%; border-collapse: collapse; border: 1px solid #ccc;\" border=\"1\" cellspacing=\"0\" cellpadding=\"8\">\n<thead>\n<tr style=\"background-color: #f0f4f9;\">\n<th style=\"border: 1px solid #ccc; text-align: left; padding: 10px;\">Artikel<\/th>\n<th style=\"border: 1px solid #ccc; text-align: left; padding: 10px;\">Beschreibung \/ Parameter<\/th>\n<\/tr>\n<\/thead>\n<tbody>\n<tr>\n<td style=\"border: 1px solid #ccc; padding: 10px;\">Testvolumen<\/td>\n<td style=\"border: 1px solid #ccc; padding: 10px;\">100 L<\/td>\n<\/tr>\n<tr>\n<td style=\"border: 1px solid #ccc; padding: 10px;\">Abmessungen der Arbeitskammer<\/td>\n<td style=\"border: 1px solid #ccc; padding: 10px;\">500 mm \u00d7 500 mm \u00d7 400 mm (B\u00d7T\u00d7H)<\/td>\n<\/tr>\n<tr>\n<td style=\"border: 1px solid #ccc; padding: 10px;\">Gesamtabmessungen<\/td>\n<td style=\"border: 1px solid #ccc; padding: 10px;\">1170 mm \u00d7 2700 mm \u00d7 2000 mm (B\u00d7T\u00d7H)<\/td>\n<\/tr>\n<tr>\n<td style=\"border: 1px solid #ccc; padding: 10px;\">Stromversorgung<\/td>\n<td style=\"border: 1px solid #ccc; padding: 10px;\">AC380V\u00b110%, 50Hz\u00b11, dreiphasiger Vierleiter + Erdungsleitung (3\/N\/PE), Erdungswiderstand &lt;4\u03a9<\/td>\n<\/tr>\n<tr>\n<td style=\"border: 1px solid #ccc; padding: 10px;\">Maximale Systemleistung<\/td>\n<td style=\"border: 1px solid #ccc; padding: 10px;\">Ca.: 49KW (Die tats\u00e4chliche Auslegung unterliegt der endg\u00fcltigen technischen Planung)<\/td>\n<\/tr>\n<tr>\n<td style=\"border: 1px solid #ccc; padding: 10px;\">Maximaler Systemstrom<\/td>\n<td style=\"border: 1px solid #ccc; padding: 10px;\">Ca.: 85A (Die tats\u00e4chliche Ausf\u00fchrung unterliegt der endg\u00fcltigen technischen Planung)<\/td>\n<\/tr>\n<tr>\n<td style=\"border: 1px solid #ccc; padding: 10px;\">Methode der K\u00fchlung<\/td>\n<td style=\"border: 1px solid #ccc; padding: 10px;\">Luftgek\u00fchlter Typ<\/td>\n<\/tr>\n<tr>\n<td style=\"border: 1px solid #ccc; padding: 10px;\">Parameter f\u00fcr den Temperaturschocktest in der Arbeitskammer<\/td>\n<td style=\"border: 1px solid #ccc; padding: 10px;\">Zwei-Kammer-Testverfahren:<br \/>\nTieftemperatur-Schockbereich: -55\u2103 bis -10\u2103<br \/>\nSchockbereich bei hohen Temperaturen: +60\u2103 bis +150\u2103<br \/>\nTemperaturgleichm\u00e4\u00dfigkeit: \u22642\u2103<br \/>\nTemperaturschwankung: \u00b10,5\u2103<br \/>\nTemperaturabweichung: \u00b12\u2103<br \/>\nBereich der schnellen Temperatur\u00e4nderung bei niedrigen Temperaturen: -20\u2103 bis -10\u2103<br \/>\nHohe Temperatur schnell \u00e4ndern Bereich: 60\u2103 bis 100\u2103<br \/>\nBelastungsgeschwindigkeit Zeit: &lt;10sec (gemessen am Luftauslass)<\/td>\n<\/tr>\n<tr>\n<td style=\"border: 1px solid #ccc; padding: 10px;\">Einstellung der Temperatur der Vorw\u00e4rmzone<\/td>\n<td style=\"border: 1px solid #ccc; padding: 10px;\">Temperatur-Einstellbereich: +50\u2103 bis +200\u2103<br \/>\n(Aufheizzeit: Umgebung \u2192 +200\u2103 ca. 40min)<\/td>\n<\/tr>\n<tr>\n<td style=\"border: 1px solid #ccc; padding: 10px;\">Einstellung der Temperatur der Vork\u00fchlungszone<\/td>\n<td style=\"border: 1px solid #ccc; padding: 10px;\">Temperatureinstellbereich: -80\u2103 bis +70\u2103<br \/>\n(Abk\u00fchlzeit: Umgebung \u2192 -80\u2103 ca. 80min)<\/td>\n<\/tr>\n<tr>\n<td style=\"border: 1px solid #ccc; padding: 10px;\">Temperaturerholungszeit<\/td>\n<td style=\"border: 1px solid #ccc; padding: 10px;\">&lt;5min (gemessen am Luftauslass)<\/td>\n<\/tr>\n<tr>\n<td style=\"border: 1px solid #ccc; padding: 10px;\">Temperatur \u00dcbertragungszeit<\/td>\n<td style=\"border: 1px solid #ccc; padding: 10px;\">&lt;10sec<\/td>\n<\/tr>\n<tr>\n<td style=\"border: 1px solid #ccc; padding: 10px;\">Anwendbare Pr\u00fcfnormen<\/td>\n<td style=\"border: 1px solid #ccc; padding: 10px;\">Spezifikationen der Zwei-Kammer-Testmethode:<br \/>\n1. GB\/T2423.22<br \/>\n2. MIL STD 202F, Verfahren 107G<br \/>\n3. IEC 60068-2-14, Pr\u00fcfung Na<br \/>\n4. BS 2011<br \/>\n5. DIN 40046, Pr\u00fcfung Na<br \/>\n6. JESD22-A101-A<\/td>\n<\/tr>\n<\/tbody>\n<tfoot><\/tfoot>\n<\/table>\n<p><strong>Produktmerkmale<\/strong><\/p>\n<p>1. Modernes Design, neueste modulare Fertigungstechnologie und perfekte Kontrollm\u00f6glichkeiten.<br \/>\n2. Intelligente und unabh\u00e4ngige \u00dcberlast-, \u00dcberhitzungs-, Leistungsabnormalit\u00e4ts-, \u00dcberdruck- und Aktuatorfehler-\u00dcberwachung und Schutzdesign.<br \/>\n3. Die Pr\u00fcfkammer wird mindestens einmal alle 700 Stunden abgetaut.<br \/>\n4. Unabh\u00e4ngige Antikondensationsfunktion f\u00fcr das Pr\u00fcfmuster sowie \u00dcbertemperatur-, Windstille- und Rauchschutzfunktionen.<br \/>\n5. Bahnbrechendes Design mit einer schnellen Temperaturwechselzeit von bis zu 10 Sekunden.<br \/>\n6. Intelligente und effiziente Servo-K\u00fchlung Flow Control-Technologie, energiesparend, und schnelle und pr\u00e4zise Temperatur steigen und fallen.<br \/>\n7. Farbbildschirm 32-Bit-Steuerungssystem mit Ethernet E-Management und USB-Datenzugriffsfunktionen.<br \/>\n8. Einzigartiger Betriebsmodus; nach dem Test kehrt die Kammer auf Raumtemperatur zur\u00fcck, um die Testprobe zu sch\u00fctzen.<br \/>\n9. Ausbauf\u00e4higes APP-Management f\u00fcr mobile Plattformen.<br \/>\n10. Automatische Erinnerung an die Wartung der Anlagen und Entwurf einer Software zur Fehleraufzeichnung f\u00fcr das Kontrollsystem.<br \/>\n11. Das Pr\u00fcfprogramm verf\u00fcgt \u00fcber benutzerfreundliche Funktionen wie intelligentes Zur\u00fccksetzen beim Ausschalten, automatische Speicherfortsetzung und automatisches Anfahren des Ursprungs.<br \/>\n12. Das Ger\u00e4t kann mit Fernwartungsfunktionen erweitert werden und bietet eine Schulungs-CD-ROM f\u00fcr die Maschinenbedienung.<\/p>\n<p><strong>Anwendungen und Szenarien<\/strong><\/p>\n<p>1. Elektronische Komponenten und Leiterplattenpr\u00fcfung:<\/p>\n<p>Bewertung der thermischen Beanspruchung von elektronischen Bauteilen und Leiterplatten bei schnellen Temperaturwechseln sowie Pr\u00fcfung ihrer Stabilit\u00e4t und Zuverl\u00e4ssigkeit bei abwechselnd hohen und niedrigen Temperaturen.<\/p>\n<p>Testen Sie die Leistungsverschlechterung und Lebensdauer von Bauteilen wie Chips, Kondensatoren, Widerst\u00e4nden und Dioden unter schnellen thermischen Stressbedingungen.<\/p>\n<p>2. Automobilindustrie:<\/p>\n<p>Bewertung des thermischen Stressverhaltens von Automobilteilen und Fahrzeugsystemen bei schnellen Temperaturwechseln sowie Pr\u00fcfung ihrer Stabilit\u00e4t und Haltbarkeit in extremen Temperaturumgebungen.<\/p>\n<p>Testen Sie die Leistung von Motorkomponenten, Getriebesystemen und Karosseriestrukturen unter schnellen thermischen Stressbedingungen.<\/p>\n<p>3. Luft- und Raumfahrt:<\/p>\n<p>Bewertung des thermischen Stressverhaltens von Luft- und Raumfahrtkomponenten und Materialien f\u00fcr Raumfahrzeuge bei schnellen Temperaturschwankungen, um ihre Stabilit\u00e4t und Zuverl\u00e4ssigkeit im Weltraum oder in gro\u00dfen H\u00f6hen zu gew\u00e4hrleisten.<\/p>\n<p>Pr\u00fcfung der Leistung von Flugzeugkomponenten, Raumfahrzeugteilen und Au\u00dfenbeschichtungen unter schnellen thermischen Belastungsbedingungen. 4. Werkstoffkunde:<\/p>\n<p>Bewertung des thermischen Belastungsverhaltens neuer Materialien bei schnellen Temperaturwechseln und Untersuchung ihrer Stabilit\u00e4t und Zuverl\u00e4ssigkeit in praktischen technischen Anwendungen.<\/p>\n<p>Pr\u00fcfung der Leistung von Verbundwerkstoffen, metallischen Werkstoffen, Polymerwerkstoffen usw. unter schnellen thermischen Belastungsbedingungen.<\/p>\n<p>5. Pharmazeutika und Biotechnologie:<\/p>\n<p>Bewertung der Stabilit\u00e4t und Aktivit\u00e4t von Arzneimitteln und biologischen Produkten bei schnellen Temperaturschwankungen, um ihre Qualit\u00e4t und Wirksamkeit w\u00e4hrend der Lagerung und des Transports zu gew\u00e4hrleisten.<\/p>\n<p>Testen Sie die Leistung von Impfstoffen, biopharmazeutischen Produkten, biologischen Proben usw. unter schnellen thermischen Stressbedingungen.<\/p>\n<p>6. Konstruktion und Baumaterialien:<\/p>\n<p>Bewertung des thermischen Stressverhaltens von Baumaterialien bei schnellen Temperaturschwankungen und Pr\u00fcfung ihrer Stabilit\u00e4t und Haltbarkeit unter verschiedenen klimatischen Bedingungen.<\/p>\n<p>Testen Sie die Leistung von Baumaterialien wie Beton, Glas und Metallstrukturen unter schnellen thermischen Stressbedingungen.<\/p>","protected":false},"author":1,"featured_media":781,"template":"","meta":{"_acf_changed":false},"product_category":[6],"class_list":["post-257","product","type-product","status-publish","has-post-thumbnail","hentry","product_category-environmental-stress-screening-ess-series"],"acf":[],"_links":{"self":[{"href":"https:\/\/www.envsin-testchamber.com\/de\/wp-json\/wp\/v2\/product\/257","targetHints":{"allow":["GET"]}}],"collection":[{"href":"https:\/\/www.envsin-testchamber.com\/de\/wp-json\/wp\/v2\/product"}],"about":[{"href":"https:\/\/www.envsin-testchamber.com\/de\/wp-json\/wp\/v2\/types\/product"}],"author":[{"embeddable":true,"href":"https:\/\/www.envsin-testchamber.com\/de\/wp-json\/wp\/v2\/users\/1"}],"wp:featuredmedia":[{"embeddable":true,"href":"https:\/\/www.envsin-testchamber.com\/de\/wp-json\/wp\/v2\/media\/781"}],"wp:attachment":[{"href":"https:\/\/www.envsin-testchamber.com\/de\/wp-json\/wp\/v2\/media?parent=257"}],"wp:term":[{"taxonomy":"product_category","embeddable":true,"href":"https:\/\/www.envsin-testchamber.com\/de\/wp-json\/wp\/v2\/product_category?post=257"}],"curies":[{"name":"wp","href":"https:\/\/api.w.org\/{rel}","templated":true}]}}