{"id":255,"date":"2026-03-23T10:49:50","date_gmt":"2026-03-23T02:49:50","guid":{"rendered":"https:\/\/www.envsin-testchamber.com\/?post_type=product&#038;p=255"},"modified":"2026-05-08T14:59:51","modified_gmt":"2026-05-08T06:59:51","slug":"liquid-bath-shock-test-chamber","status":"publish","type":"product","link":"https:\/\/www.envsin-testchamber.com\/de\/product\/liquid-bath-shock-test-chamber\/","title":{"rendered":"Fl\u00fcssigbad-Schocktestkammer"},"content":{"rendered":"<p style=\"text-align: center;\"><span style=\"font-family: arial, helvetica, sans-serif;\"><strong>Produkt-Parameter<\/strong><\/span><\/p>\n<table style=\"width: 100%; border-collapse: collapse; border: 1px solid #ccc;\" border=\"1\" cellspacing=\"0\" cellpadding=\"8\">\n<thead>\n<tr style=\"background-color: #f0f4f9;\">\n<th style=\"border: 1px solid #ccc; text-align: left; padding: 10px;\">Parameter\/Artikel<\/th>\n<th style=\"border: 1px solid #ccc; text-align: left; padding: 10px;\">EYC603S2<\/th>\n<th style=\"border: 1px solid #ccc; text-align: left; padding: 10px;\">EYC605S2<\/th>\n<\/tr>\n<\/thead>\n<tbody>\n<tr>\n<td style=\"border: 1px solid #ccc; padding: 10px;\">Testvolumen (Liter)<\/td>\n<td style=\"border: 1px solid #ccc; padding: 10px;\">2.6 L<\/td>\n<td style=\"border: 1px solid #ccc; padding: 10px;\">4.5 L<\/td>\n<\/tr>\n<tr>\n<td style=\"border: 1px solid #ccc; padding: 10px;\">Struktur des Systems<\/td>\n<td style=\"border: 1px solid #ccc; padding: 10px;\" colspan=\"2\">Automatischer mechanischer Suspensionstransfer, Hochtemperatur-Fl\u00fcssigkeitsbad, Tieftemperatur-Fl\u00fcssigkeitsbad, Kaltluftkammer<\/td>\n<\/tr>\n<tr>\n<td style=\"border: 1px solid #ccc; padding: 10px;\">Fl\u00fcssiges Testmedium<\/td>\n<td style=\"border: 1px solid #ccc; padding: 10px;\" colspan=\"2\">Fluorkohlenstoff\u00f6l, \u00d6lbad, R\u00fchrwerkstauchen<\/td>\n<\/tr>\n<tr>\n<td style=\"border: 1px solid #ccc; padding: 10px;\">Hochtemperaturtank Temperaturbereich<\/td>\n<td style=\"border: 1px solid #ccc; padding: 10px;\">+70\u2103 ~ +150\u2103<\/td>\n<td style=\"border: 1px solid #ccc; padding: 10px;\">+70\u2103 ~ +150\u2103<\/td>\n<\/tr>\n<tr>\n<td style=\"border: 1px solid #ccc; padding: 10px;\">Niedertemperaturtank Temperaturbereich<\/td>\n<td style=\"border: 1px solid #ccc; padding: 10px;\">-65\u2103 ~ 0\u2103<\/td>\n<td style=\"border: 1px solid #ccc; padding: 10px;\">-65\u2103 ~ 0\u2103<\/td>\n<\/tr>\n<tr>\n<td style=\"border: 1px solid #ccc; padding: 10px;\">Temperaturschwankung<\/td>\n<td style=\"border: 1px solid #ccc; padding: 10px;\">\u2264 \u00b10.5\u2103<\/td>\n<td style=\"border: 1px solid #ccc; padding: 10px;\">\u2264 \u00b10.5\u2103<\/td>\n<\/tr>\n<tr>\n<td style=\"border: 1px solid #ccc; padding: 10px;\">Gleichm\u00e4\u00dfigkeit der Temperatur<\/td>\n<td style=\"border: 1px solid #ccc; padding: 10px;\">\u2264 2.0\u2103<\/td>\n<td style=\"border: 1px solid #ccc; padding: 10px;\">\u2264 2.0\u2103<\/td>\n<\/tr>\n<tr>\n<td style=\"border: 1px solid #ccc; padding: 10px;\">Temperaturabweichung<\/td>\n<td style=\"border: 1px solid #ccc; padding: 10px;\">\u2264 \u00b12.0\u2103<\/td>\n<td style=\"border: 1px solid #ccc; padding: 10px;\">\u2264 \u00b12.0\u2103<\/td>\n<\/tr>\n<tr>\n<td style=\"border: 1px solid #ccc; padding: 10px;\">Hochtemperatur- und Niedertemperatur-Badleistung<br \/>\n(Vorheizen\/Vork\u00fchlen)<\/td>\n<td style=\"border: 1px solid #ccc; padding: 10px;\"><strong>Hochtemperatur-Vorw\u00e4rmung:<\/strong> +70\u2103 ~ +200\u2103<br \/>\nAufheizzeit: Umgebung \u2192 +200\u2103 ca. 80 Min.<br \/>\n<strong>Niedertemperatur-Vork\u00fchlung:<\/strong> -70\u2103 ~ 0\u2103<br \/>\nAbk\u00fchlzeit: Umgebung \u2192 -70\u2103 ca. 90 Min.<\/td>\n<td style=\"border: 1px solid #ccc; padding: 10px;\"><strong>Hochtemperatur-Vorw\u00e4rmung:<\/strong> +70\u2103 ~ +200\u2103<br \/>\nAufheizzeit: Umgebung \u2192 +200\u2103 ca. 80 Min.<br \/>\n<strong>Niedertemperatur-Vork\u00fchlung:<\/strong> -70\u2103 ~ 0\u2103<br \/>\nAbk\u00fchlzeit: Umgebung \u2192 -70\u2103 ca. 90 Min.<\/td>\n<\/tr>\n<tr>\n<td style=\"border: 1px solid #ccc; padding: 10px;\">Umgebung der Kaltluftkammer<\/td>\n<td style=\"border: 1px solid #ccc; padding: 10px;\" colspan=\"2\">Temperatur &lt; 25\u2103; Relative Luftfeuchtigkeit &lt; 65% RH<\/td>\n<\/tr>\n<tr>\n<td style=\"border: 1px solid #ccc; padding: 10px;\">Temperaturerholungszeit<\/td>\n<td style=\"border: 1px solid #ccc; padding: 10px;\">&lt; 5 min<\/td>\n<td style=\"border: 1px solid #ccc; padding: 10px;\">&lt; 5 min<\/td>\n<\/tr>\n<tr>\n<td style=\"border: 1px solid #ccc; padding: 10px;\">Temperatur \u00dcbertragungszeit<\/td>\n<td style=\"border: 1px solid #ccc; padding: 10px;\">&lt; 10 sec<\/td>\n<td style=\"border: 1px solid #ccc; padding: 10px;\">&lt; 10 sec<\/td>\n<\/tr>\n<tr>\n<td style=\"border: 1px solid #ccc; padding: 10px;\">Gr\u00f6\u00dfe des Probenkorbs (L\u00d7B\u00d7H)<\/td>\n<td style=\"border: 1px solid #ccc; padding: 10px;\">120 \u00d7 120 \u00d7 180 mm<\/td>\n<td style=\"border: 1px solid #ccc; padding: 10px;\">150 \u00d7 150 \u00d7 200 mm<\/td>\n<\/tr>\n<tr>\n<td style=\"border: 1px solid #ccc; padding: 10px;\">Fl\u00fcssigkeitsbad Innenabmessungen (L\u00d7B\u00d7H)<\/td>\n<td style=\"border: 1px solid #ccc; padding: 10px;\">250 \u00d7 350 \u00d7 400 mm<\/td>\n<td style=\"border: 1px solid #ccc; padding: 10px;\">280 \u00d7 380 \u00d7 420 mm<\/td>\n<\/tr>\n<tr>\n<td style=\"border: 1px solid #ccc; padding: 10px;\">\u00c4u\u00dfere Abmessungen (L\u00d7B\u00d7H)<\/td>\n<td style=\"border: 1px solid #ccc; padding: 10px;\">1000 \u00d7 1750 \u00d7 1910 mm<\/td>\n<td style=\"border: 1px solid #ccc; padding: 10px;\">1160 \u00d7 2020 \u00d7 2210 mm<\/td>\n<\/tr>\n<tr>\n<td style=\"border: 1px solid #ccc; padding: 10px;\">Stromversorgung<\/td>\n<td style=\"border: 1px solid #ccc; padding: 10px;\" colspan=\"2\">AC380V \u00b110%, 50Hz \u00b11, 3-phasig 4-Leiter + Erdung (3\/N\/PE), Erdungswiderstand &lt; 4\u03a9<\/td>\n<\/tr>\n<tr>\n<td style=\"border: 1px solid #ccc; padding: 10px;\">Methode der K\u00fchlung<\/td>\n<td style=\"border: 1px solid #ccc; padding: 10px;\" colspan=\"2\">Wassergek\u00fchlter Typ<\/td>\n<\/tr>\n<\/tbody>\n<\/table>\n<p>&nbsp;<\/p>\n<p><strong>Produktmerkmale<\/strong><\/p>\n<p>1. Modernes Design, neueste modulare Fertigungstechnologie und perfekte Kontrollm\u00f6glichkeiten.<br \/>\n2. Einzigartiges Design des fl\u00fcssigen Mediums erf\u00fcllt strengere Testanforderungen und verbessert die Testeffizienz.<br \/>\n3. Verst\u00e4rktes Dichtungsdesign reduziert den Verdampfungsverlust des Mediums; effizientes und praktisches Design f\u00fcr die \u00d6l-Fl\u00fcssig-Trennung und R\u00fcckgewinnung.<br \/>\n4. Benutzerfreundliches, unabh\u00e4ngiges Sichtfensterdesign im Testbereich erleichtert die Echtzeit\u00fcberwachung der Testproben.<br \/>\n5. Farbbildschirm 32-Bit-Steuerungssystem mit Ethernet E-Management und USB-Datenzugriffsfunktionen.<br \/>\n6. Ausbauf\u00e4higes APP-Management f\u00fcr mobile Plattformen.<br \/>\n7. Das Testprogramm verf\u00fcgt \u00fcber benutzerfreundliche intelligente Funktionen f\u00fcr das Zur\u00fccksetzen beim Ausschalten, die automatische Fortsetzung des Speichervorgangs und den automatischen Start. Das Ger\u00e4t verf\u00fcgt \u00fcber intelligente und unabh\u00e4ngige \u00dcberlast-, \u00dcberhitzungs-, Stromabnormalit\u00e4ts-, \u00dcberdruck- und Aktuatorfehler\u00fcberwachungs- und Schutzkonzepte.<br \/>\n8. Erweiterbare Netzwerk-Video\u00fcberwachungsfunktion, synchronisiert mit Datentests.<br \/>\n9. Intelligente und effiziente Servo-K\u00fchlung Flow Control-Technologie, energiesparend, und schnelle und pr\u00e4zise Temperatur steigen und fallen.<br \/>\n10. Automatische Erinnerung an die Wartung der Ausr\u00fcstung Zeit und Fehler Rekord Software-Design-Funktion f\u00fcr das Kontrollsystem.<br \/>\n11. Das Ger\u00e4t kann mit Fernwartungsfunktionen erweitert werden und bietet Lehr-CDs f\u00fcr den integrierten Einsatz.<\/p>\n<p><strong>Anwendungen und Szenarien<\/strong><\/p>\n<p>Geeignet f\u00fcr die Pr\u00fcfung der Anpassungsf\u00e4higkeit (Aufprall) von Ausr\u00fcstungen in der Verteidigungsindustrie, Luft- und Raumfahrtindustrie, Milit\u00e4rindustrie, Automatisierungskomponenten, Automobilteilen, neuen Energien, elektronischen und elektrischen Instrumentenkomponenten, elektrischen Produkten, Kunststoffen, der chemischen Industrie, der Lebensmittelindustrie, BGA, PCB-Substraten, elektronischen Chip-ICs, Halbleiterkeramiken und verwandten Produkten unter den Bedingungen rascher \u00c4nderungen der atmosph\u00e4rischen Umgebungstemperatur. Geeignet f\u00fcr wiederholte Zugpr\u00fcfungen von Instrumenten, Messger\u00e4ten, elektrischen und elektronischen Produkten und Komponenten unter schnellen oder allm\u00e4hlichen Temperatur\u00e4nderungen sowie chemischen Ver\u00e4nderungen oder physikalischen Sch\u00e4den durch thermische Ausdehnung und Kontraktion, um die Produktqualit\u00e4t zu best\u00e4tigen.<\/p>","protected":false},"author":1,"featured_media":782,"template":"","meta":{"_acf_changed":false},"product_category":[6],"class_list":["post-255","product","type-product","status-publish","has-post-thumbnail","hentry","product_category-environmental-stress-screening-ess-series"],"acf":[],"_links":{"self":[{"href":"https:\/\/www.envsin-testchamber.com\/de\/wp-json\/wp\/v2\/product\/255","targetHints":{"allow":["GET"]}}],"collection":[{"href":"https:\/\/www.envsin-testchamber.com\/de\/wp-json\/wp\/v2\/product"}],"about":[{"href":"https:\/\/www.envsin-testchamber.com\/de\/wp-json\/wp\/v2\/types\/product"}],"author":[{"embeddable":true,"href":"https:\/\/www.envsin-testchamber.com\/de\/wp-json\/wp\/v2\/users\/1"}],"wp:featuredmedia":[{"embeddable":true,"href":"https:\/\/www.envsin-testchamber.com\/de\/wp-json\/wp\/v2\/media\/782"}],"wp:attachment":[{"href":"https:\/\/www.envsin-testchamber.com\/de\/wp-json\/wp\/v2\/media?parent=255"}],"wp:term":[{"taxonomy":"product_category","embeddable":true,"href":"https:\/\/www.envsin-testchamber.com\/de\/wp-json\/wp\/v2\/product_category?post=255"}],"curies":[{"name":"wp","href":"https:\/\/api.w.org\/{rel}","templated":true}]}}