{"id":240,"date":"2026-03-23T10:31:00","date_gmt":"2026-03-23T02:31:00","guid":{"rendered":"https:\/\/www.envsin-testchamber.com\/?post_type=product&#038;p=240"},"modified":"2026-05-08T14:41:48","modified_gmt":"2026-05-08T06:41:48","slug":"high-and-low-temperature-humidity-cycle-test-chamber","status":"publish","type":"product","link":"https:\/\/www.envsin-testchamber.com\/de\/product\/high-and-low-temperature-humidity-cycle-test-chamber\/","title":{"rendered":"Hoch- und Tieftemperatur-Feuchtigkeitspr\u00fcfkammer| IEC 60068"},"content":{"rendered":"<div style=\"overflow-x: auto; margin: 20px 0;\">\n<h3 class=\"mb-3 h4 border-bottom pb-3\" style=\"text-align: center;\"><span style=\"font-family: arial, helvetica, sans-serif; font-size: 16px;\">Produkt-Parameter<\/span><\/h3>\n<table class=\"wp-block-table\" style=\"width: 100%; border-collapse: collapse; border: 1px solid #ccc !important;\">\n<thead>\n<tr style=\"background: #f2f2f2; text-align: center; font-weight: bold;\">\n<th style=\"border: 1px solid #ccc !important; padding: 6px;\">Test Modell<\/th>\n<th style=\"border: 1px solid #ccc !important; padding: 6px;\">Test<\/th>\n<th style=\"border: 1px solid #ccc !important; padding: 6px;\">EC4018<\/th>\n<th style=\"border: 1px solid #ccc !important; padding: 6px;\">EC4018<\/th>\n<th style=\"border: 1px solid #ccc !important; padding: 6px;\">EC7034<\/th>\n<th style=\"border: 1px solid #ccc !important; padding: 6px;\">EC7034<\/th>\n<th style=\"border: 1px solid #ccc !important; padding: 6px;\">EC7060<\/th>\n<th style=\"border: 1px solid #ccc !important; padding: 6px;\">EC7100<\/th>\n<th style=\"border: 1px solid #ccc !important; padding: 6px;\">EC7100<\/th>\n<th style=\"border: 1px solid #ccc !important; padding: 6px;\">EC7150<\/th>\n<th style=\"border: 1px solid #ccc !important; padding: 6px;\">EC7150<\/th>\n<\/tr>\n<\/thead>\n<tbody>\n<tr>\n<td style=\"border: 1px solid #ccc !important; padding: 6px;\">Internes Volumen (L)<\/td>\n<td style=\"border: 1px solid #ccc !important; padding: 6px;\">L<\/td>\n<td style=\"border: 1px solid #ccc !important; padding: 6px;\">190<\/td>\n<td style=\"border: 1px solid #ccc !important; padding: 6px;\"><\/td>\n<td style=\"border: 1px solid #ccc !important; padding: 6px;\">335<\/td>\n<td style=\"border: 1px solid #ccc !important; padding: 6px;\"><\/td>\n<td style=\"border: 1px solid #ccc !important; padding: 6px;\">600<\/td>\n<td style=\"border: 1px solid #ccc !important; padding: 6px;\"><\/td>\n<td style=\"border: 1px solid #ccc !important; padding: 6px;\">990<\/td>\n<td style=\"border: 1px solid #ccc !important; padding: 6px;\"><\/td>\n<td style=\"border: 1px solid #ccc !important; padding: 6px;\">1540<\/td>\n<\/tr>\n<tr>\n<td style=\"border: 1px solid #ccc !important; padding: 6px;\">Betriebstemperaturbereich<\/td>\n<td style=\"border: 1px solid #ccc !important; padding: 6px;\"><\/td>\n<td style=\"border: 1px solid #ccc !important; padding: 6px;\">-40\/+150<\/td>\n<td style=\"border: 1px solid #ccc !important; padding: 6px;\">-70\/+180<\/td>\n<td style=\"border: 1px solid #ccc !important; padding: 6px;\">-40\/+150<\/td>\n<td style=\"border: 1px solid #ccc !important; padding: 6px;\">-70\/+180<\/td>\n<td style=\"border: 1px solid #ccc !important; padding: 6px;\">-40\/+150<\/td>\n<td style=\"border: 1px solid #ccc !important; padding: 6px;\">-70\/+180<\/td>\n<td style=\"border: 1px solid #ccc !important; padding: 6px;\">-40\/+150<\/td>\n<td style=\"border: 1px solid #ccc !important; padding: 6px;\">-70\/+180<\/td>\n<td style=\"border: 1px solid #ccc !important; padding: 6px;\">-40\/+150<\/td>\n<\/tr>\n<tr>\n<td style=\"border: 1px solid #ccc !important; padding: 6px;\">Temperaturschwankung<\/td>\n<td style=\"border: 1px solid #ccc !important; padding: 6px;\"><\/td>\n<td style=\"border: 1px solid #ccc !important; padding: 6px;\">\u00b10.5<\/td>\n<td style=\"border: 1px solid #ccc !important; padding: 6px;\">\u2103; \u00b10.5;<\/td>\n<td style=\"border: 1px solid #ccc !important; padding: 6px;\">\u2103; \u00b10.5<\/td>\n<td style=\"border: 1px solid #ccc !important; padding: 6px;\"><\/td>\n<td style=\"border: 1px solid #ccc !important; padding: 6px;\"><\/td>\n<td style=\"border: 1px solid #ccc !important; padding: 6px;\"><\/td>\n<td style=\"border: 1px solid #ccc !important; padding: 6px;\"><\/td>\n<td style=\"border: 1px solid #ccc !important; padding: 6px;\"><\/td>\n<td style=\"border: 1px solid #ccc !important; padding: 6px;\"><\/td>\n<\/tr>\n<tr>\n<td style=\"border: 1px solid #ccc !important; padding: 6px;\">Gleichm\u00e4\u00dfigkeit der Temperatur<\/td>\n<td style=\"border: 1px solid #ccc !important; padding: 6px;\"><\/td>\n<td style=\"border: 1px solid #ccc !important; padding: 6px;\">\u00b12.0<\/td>\n<td style=\"border: 1px solid #ccc !important; padding: 6px;\"><\/td>\n<td style=\"border: 1px solid #ccc !important; padding: 6px;\"><\/td>\n<td style=\"border: 1px solid #ccc !important; padding: 6px;\"><\/td>\n<td style=\"border: 1px solid #ccc !important; padding: 6px;\"><\/td>\n<td style=\"border: 1px solid #ccc !important; padding: 6px;\"><\/td>\n<td style=\"border: 1px solid #ccc !important; padding: 6px;\"><\/td>\n<td style=\"border: 1px solid #ccc !important; padding: 6px;\"><\/td>\n<td style=\"border: 1px solid #ccc !important; padding: 6px;\"><\/td>\n<\/tr>\n<tr>\n<td style=\"border: 1px solid #ccc !important; padding: 6px;\">Aufheizrate (bei Raumtemperatur 25\u2103)<\/td>\n<td style=\"border: 1px solid #ccc !important; padding: 6px;\"><\/td>\n<td style=\"border: 1px solid #ccc !important; padding: 6px;\">4.0<\/td>\n<td style=\"border: 1px solid #ccc !important; padding: 6px;\">4.0<\/td>\n<td style=\"border: 1px solid #ccc !important; padding: 6px;\">4.0<\/td>\n<td style=\"border: 1px solid #ccc !important; padding: 6px;\">4.0<\/td>\n<td style=\"border: 1px solid #ccc !important; padding: 6px;\">4.0<\/td>\n<td style=\"border: 1px solid #ccc !important; padding: 6px;\">4.0<\/td>\n<td style=\"border: 1px solid #ccc !important; padding: 6px;\">4.0<\/td>\n<td style=\"border: 1px solid #ccc !important; padding: 6px;\">4.0<\/td>\n<td style=\"border: 1px solid #ccc !important; padding: 6px;\">3.0<\/td>\n<\/tr>\n<tr>\n<td style=\"border: 1px solid #ccc !important; padding: 6px;\">Abk\u00fchlungsrate (bei Raumtemperatur 25\u2103)<\/td>\n<td style=\"border: 1px solid #ccc !important; padding: 6px;\"><\/td>\n<td style=\"border: 1px solid #ccc !important; padding: 6px;\">3.0<\/td>\n<td style=\"border: 1px solid #ccc !important; padding: 6px;\">3.0<\/td>\n<td style=\"border: 1px solid #ccc !important; padding: 6px;\">3.0<\/td>\n<td style=\"border: 1px solid #ccc !important; padding: 6px;\">3.0<\/td>\n<td style=\"border: 1px solid #ccc !important; padding: 6px;\">3.0<\/td>\n<td style=\"border: 1px solid #ccc !important; padding: 6px;\">3.0<\/td>\n<td style=\"border: 1px solid #ccc !important; padding: 6px;\">3.0<\/td>\n<td style=\"border: 1px solid #ccc !important; padding: 6px;\">3.0<\/td>\n<td style=\"border: 1px solid #ccc !important; padding: 6px;\">3.0<\/td>\n<\/tr>\n<tr>\n<td style=\"border: 1px solid #ccc !important; padding: 6px;\">Temperaturbereich f\u00fcr Luftfeuchtigkeit<\/td>\n<td style=\"border: 1px solid #ccc !important; padding: 6px;\"><\/td>\n<td style=\"border: 1px solid #ccc !important; padding: 6px;\" colspan=\"9\">\u00b110 + +90<\/td>\n<\/tr>\n<tr>\n<td style=\"border: 1px solid #ccc !important; padding: 6px;\">Feuchtebereich f\u00fcr Feuchtemessungen<\/td>\n<td style=\"border: 1px solid #ccc !important; padding: 6px;\"><\/td>\n<td style=\"border: 1px solid #ccc !important; padding: 6px;\" colspan=\"9\">10 bis 98% \u2103 CRH<\/td>\n<\/tr>\n<tr>\n<td style=\"border: 1px solid #ccc !important; padding: 6px;\">Gleichm\u00e4\u00dfigkeit der Luftfeuchtigkeit f\u00fcr die Pr\u00fcfung der Luftfeuchtigkeit<\/td>\n<td style=\"border: 1px solid #ccc !important; padding: 6px;\"><\/td>\n<td style=\"border: 1px solid #ccc !important; padding: 6px;\" colspan=\"9\">\u00b13,0%RRH<\/td>\n<\/tr>\n<tr>\n<td style=\"border: 1px solid #ccc !important; padding: 6px;\">Genauigkeit der Luftfeuchtigkeitsschwankung<\/td>\n<td style=\"border: 1px solid #ccc !important; padding: 6px;\"><\/td>\n<td style=\"border: 1px solid #ccc !important; padding: 6px;\" colspan=\"9\">\u00b12% bis 3% (\u226475%H), \u00b15,0% (\u226475%RH)<\/td>\n<\/tr>\n<tr>\n<td style=\"border: 1px solid #ccc !important; padding: 6px;\">Innere Abmessungen<\/td>\n<td style=\"border: 1px solid #ccc !important; padding: 6px;\">mm<\/td>\n<td style=\"border: 1px solid #ccc !important; padding: 6px;\">580<\/td>\n<td style=\"border: 1px solid #ccc !important; padding: 6px;\">580<\/td>\n<td style=\"border: 1px solid #ccc !important; padding: 6px;\">600<\/td>\n<td style=\"border: 1px solid #ccc !important; padding: 6px;\"><\/td>\n<td style=\"border: 1px solid #ccc !important; padding: 6px;\">1000<\/td>\n<td style=\"border: 1px solid #ccc !important; padding: 6px;\"><\/td>\n<td style=\"border: 1px solid #ccc !important; padding: 6px;\">1000<\/td>\n<td style=\"border: 1px solid #ccc !important; padding: 6px;\"><\/td>\n<td style=\"border: 1px solid #ccc !important; padding: 6px;\">1100<\/td>\n<\/tr>\n<tr>\n<td style=\"border: 1px solid #ccc !important; padding: 6px;\">Breite<\/td>\n<td style=\"border: 1px solid #ccc !important; padding: 6px;\">mm<\/td>\n<td style=\"border: 1px solid #ccc !important; padding: 6px;\">450<\/td>\n<td style=\"border: 1px solid #ccc !important; padding: 6px;\">600<\/td>\n<td style=\"border: 1px solid #ccc !important; padding: 6px;\">800<\/td>\n<td style=\"border: 1px solid #ccc !important; padding: 6px;\"><\/td>\n<td style=\"border: 1px solid #ccc !important; padding: 6px;\">800<\/td>\n<td style=\"border: 1px solid #ccc !important; padding: 6px;\"><\/td>\n<td style=\"border: 1px solid #ccc !important; padding: 6px;\">950<\/td>\n<td style=\"border: 1px solid #ccc !important; padding: 6px;\"><\/td>\n<td style=\"border: 1px solid #ccc !important; padding: 6px;\">900<\/td>\n<\/tr>\n<tr>\n<td style=\"border: 1px solid #ccc !important; padding: 6px;\">Tiefe<\/td>\n<td style=\"border: 1px solid #ccc !important; padding: 6px;\">mm<\/td>\n<td style=\"border: 1px solid #ccc !important; padding: 6px;\">750<\/td>\n<td style=\"border: 1px solid #ccc !important; padding: 6px;\">750<\/td>\n<td style=\"border: 1px solid #ccc !important; padding: 6px;\">950<\/td>\n<td style=\"border: 1px solid #ccc !important; padding: 6px;\"><\/td>\n<td style=\"border: 1px solid #ccc !important; padding: 6px;\">950<\/td>\n<td style=\"border: 1px solid #ccc !important; padding: 6px;\"><\/td>\n<td style=\"border: 1px solid #ccc !important; padding: 6px;\">950<\/td>\n<td style=\"border: 1px solid #ccc !important; padding: 6px;\"><\/td>\n<td style=\"border: 1px solid #ccc !important; padding: 6px;\">950<\/td>\n<\/tr>\n<tr>\n<td style=\"border: 1px solid #ccc !important; padding: 6px;\">H\u00f6he<\/td>\n<td style=\"border: 1px solid #ccc !important; padding: 6px;\">mm<\/td>\n<td style=\"border: 1px solid #ccc !important; padding: 6px;\">820<\/td>\n<td style=\"border: 1px solid #ccc !important; padding: 6px;\">800<\/td>\n<td style=\"border: 1px solid #ccc !important; padding: 6px;\">1150<\/td>\n<td style=\"border: 1px solid #ccc !important; padding: 6px;\"><\/td>\n<td style=\"border: 1px solid #ccc !important; padding: 6px;\">1100<\/td>\n<td style=\"border: 1px solid #ccc !important; padding: 6px;\"><\/td>\n<td style=\"border: 1px solid #ccc !important; padding: 6px;\">1300<\/td>\n<td style=\"border: 1px solid #ccc !important; padding: 6px;\"><\/td>\n<td style=\"border: 1px solid #ccc !important; padding: 6px;\">2030<\/td>\n<\/tr>\n<tr style=\"background: #f2f2f2; font-weight: bold;\">\n<td style=\"border: 1px solid #ccc !important; padding: 6px 10px;\" colspan=\"11\">Stromversorgung<\/td>\n<\/tr>\n<tr>\n<td style=\"border: 1px solid #ccc !important; padding: 6px;\">Stromversorgung<\/td>\n<td style=\"border: 1px solid #ccc !important; padding: 6px;\"><\/td>\n<td style=\"border: 1px solid #ccc !important; padding: 6px;\" colspan=\"9\">AC380V\u00b110%,50Hz\u00b11% dreiphasiger F\u00fcnf-Leiter-Anschluss (3\/N\/PE) mit Erdung Drahtl\u00e4nge 24.0<\/td>\n<\/tr>\n<tr>\n<td style=\"border: 1px solid #ccc !important; padding: 6px;\">Stromversorgung<\/td>\n<td style=\"border: 1px solid #ccc !important; padding: 6px;\"><\/td>\n<td style=\"border: 1px solid #ccc !important; padding: 6px;\" colspan=\"9\">AC380V\u00b110%,50Hz\u00b11% dreiphasiger F\u00fcnf-Draht-Anschluss (3\/N\/PE)<\/td>\n<\/tr>\n<tr>\n<td style=\"border: 1px solid #ccc !important; padding: 6px;\">\u00c4u\u00dfere Abmessungen<\/td>\n<td style=\"border: 1px solid #ccc !important; padding: 6px;\">Breite<\/td>\n<td style=\"border: 1px solid #ccc !important; padding: 6px;\">820<\/td>\n<td style=\"border: 1px solid #ccc !important; padding: 6px;\">820<\/td>\n<td style=\"border: 1px solid #ccc !important; padding: 6px;\">1000<\/td>\n<td style=\"border: 1px solid #ccc !important; padding: 6px;\"><\/td>\n<td style=\"border: 1px solid #ccc !important; padding: 6px;\">1000<\/td>\n<td style=\"border: 1px solid #ccc !important; padding: 6px;\"><\/td>\n<td style=\"border: 1px solid #ccc !important; padding: 6px;\">1100<\/td>\n<td style=\"border: 1px solid #ccc !important; padding: 6px;\"><\/td>\n<td style=\"border: 1px solid #ccc !important; padding: 6px;\">1300<\/td>\n<\/tr>\n<tr>\n<td style=\"border: 1px solid #ccc !important; padding: 6px;\"><\/td>\n<td style=\"border: 1px solid #ccc !important; padding: 6px;\">Tiefe<\/td>\n<td style=\"border: 1px solid #ccc !important; padding: 6px;\">900<\/td>\n<td style=\"border: 1px solid #ccc !important; padding: 6px;\">1150<\/td>\n<td style=\"border: 1px solid #ccc !important; padding: 6px;\">1450<\/td>\n<td style=\"border: 1px solid #ccc !important; padding: 6px;\"><\/td>\n<td style=\"border: 1px solid #ccc !important; padding: 6px;\">1745<\/td>\n<td style=\"border: 1px solid #ccc !important; padding: 6px;\"><\/td>\n<td style=\"border: 1px solid #ccc !important; padding: 6px;\">1745<\/td>\n<td style=\"border: 1px solid #ccc !important; padding: 6px;\"><\/td>\n<td style=\"border: 1px solid #ccc !important; padding: 6px;\">2330<\/td>\n<\/tr>\n<tr>\n<td style=\"border: 1px solid #ccc !important; padding: 6px;\"><\/td>\n<td style=\"border: 1px solid #ccc !important; padding: 6px;\">H\u00f6he<\/td>\n<td style=\"border: 1px solid #ccc !important; padding: 6px;\">1560<\/td>\n<td style=\"border: 1px solid #ccc !important; padding: 6px;\">1820<\/td>\n<td style=\"border: 1px solid #ccc !important; padding: 6px;\">2010<\/td>\n<td style=\"border: 1px solid #ccc !important; padding: 6px;\"><\/td>\n<td style=\"border: 1px solid #ccc !important; padding: 6px;\">2010<\/td>\n<td style=\"border: 1px solid #ccc !important; padding: 6px;\"><\/td>\n<td style=\"border: 1px solid #ccc !important; padding: 6px;\">2030<\/td>\n<td style=\"border: 1px solid #ccc !important; padding: 6px;\"><\/td>\n<td style=\"border: 1px solid #ccc !important; padding: 6px;\"><\/td>\n<\/tr>\n<tr style=\"background: #f2f2f2; font-weight: bold;\">\n<td style=\"border: 1px solid #ccc !important; padding: 6px 10px;\" colspan=\"11\">Methode der K\u00fchlung<\/td>\n<\/tr>\n<tr>\n<td style=\"border: 1px solid #ccc !important; padding: 6px;\">Methode der K\u00fchlung<\/td>\n<td style=\"border: 1px solid #ccc !important; padding: 6px;\"><\/td>\n<td style=\"border: 1px solid #ccc !important; padding: 6px;\" colspan=\"9\">Luftgek\u00fchlt<\/td>\n<\/tr>\n<tr style=\"background: #f2f2f2; font-weight: bold;\">\n<td style=\"border: 1px solid #ccc !important; padding: 6px 10px;\" colspan=\"11\">Anwendbare Normen<\/td>\n<\/tr>\n<tr>\n<td style=\"border: 1px solid #ccc !important; padding: 6px;\">Anwendbare Normen<\/td>\n<td style=\"border: 1px solid #ccc !important; padding: 6px;\"><\/td>\n<td style=\"border: 1px solid #ccc !important; padding: 6px;\" colspan=\"9\">1. GB\/T 2423.1 Tieftemperatur-Norm<br \/>\n2. GB\/T 2423.2 Hochtemperatur-Norm<br \/>\n3. GB\/T2423.3 Luftfeuchtigkeitspr\u00fcfnorm<br \/>\n4. IEC60068-2-1<br \/>\n5. GB\/T10586-Feuchtigkeitspr\u00fcfnorm<br \/>\n6. GB 15093 Sicherheitsstandard<\/td>\n<\/tr>\n<\/tbody>\n<\/table>\n<\/div>\n<p><strong>Anwendung und Szenario<\/strong><\/p>\n<p>1. Elektronik- und Elektroindustrie<br \/>\nPr\u00fcfung von Bauteilen: Bewertung der Zuverl\u00e4ssigkeit und Leistung elektronischer Bauteile bei hohen und niedrigen Temperaturen sowie bei feuchter Hitze, z. B. Widerst\u00e4nde, Kondensatoren, Halbleiterbauelemente usw.<br \/>\nPr\u00fcfung ganzer Ger\u00e4te: Ermitteln Sie den Betriebszustand ganzer Ger\u00e4te wie Mobiltelefone, Computer und Haushaltsger\u00e4te in verschiedenen Temperatur- und Feuchtigkeitsumgebungen, um ihre Stabilit\u00e4t unter extremen Bedingungen sicherzustellen.<\/p>\n<p>2. Autoindustrie<br \/>\nPr\u00fcfung von Bauteilen: Pr\u00fcfung der Haltbarkeit und Leistung von Automobilkomponenten (z. B. Motoren, elektronische Steuersysteme, Instrumententafeln usw.) bei hohen und niedrigen Temperaturen sowie in feuchten und hei\u00dfen Umgebungen.<br \/>\nFahrzeugtests: Simulieren Sie Fahrzeugtests unter verschiedenen klimatischen Bedingungen, um das Start-, Fahr- und Parkverhalten des Fahrzeugs in extremen Umgebungen zu bewerten.<\/p>\n<p>3. Luft- und Raumfahrt<br \/>\nPr\u00fcfung von Ausr\u00fcstung: Bewertung der Zuverl\u00e4ssigkeit von Ausr\u00fcstungen und Materialien f\u00fcr die Luft- und Raumfahrt (z. B. Flugzeugsteuerungssysteme, Navigationsger\u00e4te usw.) in hohen, niedrigen und feuchten Umgebungen.<br \/>\nMaterialpr\u00fcfung: Pr\u00fcfung der physikalischen Eigenschaften und der chemischen Stabilit\u00e4t spezieller Materialien, die in der Luft- und Raumfahrt unter verschiedenen Temperatur- und Feuchtigkeitsbedingungen verwendet werden.<\/p>\n<p>4. Pharmazeutische und Biotechnologie<br \/>\nPr\u00fcfung der Stabilit\u00e4t von Arzneimitteln: Bewertung der Stabilit\u00e4t von Arzneimitteln in verschiedenen Temperatur- und Feuchtigkeitsumgebungen, Bestimmung der Haltbarkeit und der Lagerbedingungen von Arzneimitteln.<br \/>\nPr\u00fcfung biologischer Produkte: Pr\u00fcfung der Wirksamkeit und Sicherheit von biologischen Produkten wie Impfstoffen und Serum unter verschiedenen Umweltbedingungen.<\/p>\n<p>5. Werkstoffkunde<br \/>\nPr\u00fcfung der Materialbest\u00e4ndigkeit: Bewertung der Haltbarkeit und der Alterungseigenschaften von Metallen, Kunststoffen, Verbundwerkstoffen usw. bei hohen und niedrigen Temperaturen sowie in feuchten und hei\u00dfen Umgebungen.<br \/>\nPr\u00fcfung von Beschichtungen und Schutzmaterialien: Pr\u00fcfung der Leistung von Korrosionsschutzbeschichtungen, Isoliermaterialien usw. in verschiedenen Umgebungen.<\/p>\n<p>6. Milit\u00e4rindustrie und Landesverteidigung<br \/>\nPr\u00fcfung von Waffenausr\u00fcstung: Bewertung der Leistung und Zuverl\u00e4ssigkeit von Waffensystemen und Schutzausr\u00fcstung unter extremen Umweltbedingungen.<br \/>\nPr\u00fcfung von Milit\u00e4relektronik: Pr\u00fcfung der Stabilit\u00e4t von milit\u00e4rischen Kommunikationsger\u00e4ten, Navigationssystemen usw. in hohen, niedrigen und feuchten Umgebungen.<\/p>\n<p>7. Neue Energie<br \/>\nPr\u00fcfung von Solaranlagen: Bewertung der Effizienz und Haltbarkeit von Solarmodulen und zugeh\u00f6rigen Ger\u00e4ten unter verschiedenen Temperatur- und Feuchtigkeitsbedingungen.<br \/>\nPr\u00fcfung von Energiespeicherger\u00e4ten: Pr\u00fcfung der Leistung und Sicherheit von Batterien und Energiespeichersystemen in hohen, niedrigen und feuchten Umgebungen.<\/p>\n<p>8. Architektur und Bauwesen<br \/>\nPr\u00fcfung von Baumaterialien: Bewertung der Leistung und Haltbarkeit von Baumaterialien (wie Beton, Stahl, D\u00e4mmstoffe usw.) unter verschiedenen Umweltbedingungen.<br \/>\nStrukturelle Tests: Simulation des Verhaltens von Geb\u00e4udestrukturen unter extremen Temperatur- und Feuchtigkeitsbedingungen, um ihre Stabilit\u00e4t und Sicherheit unter verschiedenen Klimabedingungen zu gew\u00e4hrleisten.<\/p>\n<p>9. Lebensmittel und Konsumg\u00fcter<br \/>\nPr\u00fcfung der Haltbarkeit von Lebensmitteln: Bewertung der Haltbarkeit und Qualit\u00e4tsver\u00e4nderungen von Lebensmitteln und Getr\u00e4nken unter verschiedenen Temperatur- und Feuchtigkeitsbedingungen.<br \/>\nPr\u00fcfung von Verpackungsmaterial: Pr\u00fcfung der Leistung von Verpackungsmaterialien in hohen, niedrigen und feuchten Umgebungen, um die Sicherheit der Produkte w\u00e4hrend des Transports und der Lagerung zu gew\u00e4hrleisten.<\/p>\n<p>10. Akademische Forschung<br \/>\nUmweltsimulation: wird in Bereichen wie der Klimaforschung, der \u00f6kologischen Umweltforschung usw. eingesetzt, um verschiedene nat\u00fcrliche Umweltbedingungen zu simulieren und ihre Auswirkungen auf Organismen und Materialien zu untersuchen.<br \/>\nWissenschaftliche Grundlagenforschung: Simulation von extremen Umweltbedingungen f\u00fcr Experimente und Tests in der wissenschaftlichen Grundlagenforschung wie Physik und Chemie.<\/p>","protected":false},"author":1,"featured_media":777,"template":"","meta":{"_acf_changed":false},"product_category":[15],"class_list":["post-240","product","type-product","status-publish","has-post-thumbnail","hentry","product_category-temperature-humidity-test-series"],"acf":[],"_links":{"self":[{"href":"https:\/\/www.envsin-testchamber.com\/de\/wp-json\/wp\/v2\/product\/240","targetHints":{"allow":["GET"]}}],"collection":[{"href":"https:\/\/www.envsin-testchamber.com\/de\/wp-json\/wp\/v2\/product"}],"about":[{"href":"https:\/\/www.envsin-testchamber.com\/de\/wp-json\/wp\/v2\/types\/product"}],"author":[{"embeddable":true,"href":"https:\/\/www.envsin-testchamber.com\/de\/wp-json\/wp\/v2\/users\/1"}],"wp:featuredmedia":[{"embeddable":true,"href":"https:\/\/www.envsin-testchamber.com\/de\/wp-json\/wp\/v2\/media\/777"}],"wp:attachment":[{"href":"https:\/\/www.envsin-testchamber.com\/de\/wp-json\/wp\/v2\/media?parent=240"}],"wp:term":[{"taxonomy":"product_category","embeddable":true,"href":"https:\/\/www.envsin-testchamber.com\/de\/wp-json\/wp\/v2\/product_category?post=240"}],"curies":[{"name":"wp","href":"https:\/\/api.w.org\/{rel}","templated":true}]}}