{"id":237,"date":"2026-03-23T10:28:52","date_gmt":"2026-03-23T02:28:52","guid":{"rendered":"https:\/\/www.envsin-testchamber.com\/?post_type=product&#038;p=237"},"modified":"2026-04-11T22:15:14","modified_gmt":"2026-04-11T14:15:14","slug":"walk-in-high-and-low-temperature-laboratory","status":"publish","type":"product","link":"https:\/\/www.envsin-testchamber.com\/de\/product\/walk-in-high-and-low-temperature-laboratory\/","title":{"rendered":"Begehbares Hoch- und Tieftemperaturlabor"},"content":{"rendered":"<p><strong>Produktmerkmale<\/strong><\/p>\n<p>1. Annahme der fortschrittlichsten internationalen Lagerverarbeitungs-Technologie, modernes Design und perfekte Kontrolle F\u00e4higkeit.<br \/>\n2. F\u00fchrende Kombination voll Schwei\u00dfen Installationstechnologie Prozess, dauerhafte hohe Temperatur und hohe Luftfeuchtigkeit oder hohe Temperatur ohne Verformung.<br \/>\n3. Spezielle Sicherheit Design mit \u00fcber Temperatur, Rauch, kein Wind, und Stromausfall L\u00fcftung Schutzfunktionen.<br \/>\n4. Das ausbauf\u00e4hige, patentierte Design des Ultraschallbefeuchtungssystems gew\u00e4hrleistet den Anwendungsbereich der ultrahohen W\u00e4rmebelastung.<br \/>\n5. Farbbildschirm 32-Bit-Steuerungssystem mit Ethernet E-Management und USB-Datenzugriff Funktion.<br \/>\n6. Skalierbare Verwaltung der mobilen APP-Plattform.<br \/>\n7. Programmierbare Laststromversorgung mit 4-Kanal ON\/OFF-Ausgangssteuerung, die die Sicherheit des gepr\u00fcften Produkts und der Ausr\u00fcstung sch\u00fctzt.<br \/>\n8. Das patentierte Design eines einzigartigen Luftzirkulationssystems sorgt f\u00fcr Pr\u00e4zision bei dem gepr\u00fcften Produkt.<br \/>\n9. Die Anti-Kondensations-Funktion und \u00fcber Temperatur, windstill, Rauch-Schutz-Funktion des unabh\u00e4ngigen Testmuster.<br \/>\n10. Es kann die Netzwerk-Video\u00fcberwachungsfunktion erweitern und mit Datentests synchronisieren.<br \/>\n11. Ausgestattet mit automatischer Wasserversorgung mit ultra-reinem Filtersystem und Wassermangel-Warnfunktion.<br \/>\n12. Die umweltfreundlichste Steuerung des K\u00fchlflusses, energiesparend und schnelle Temperaturanstiegs- und -abfallrate.<br \/>\n13. Der branchenweit einzige Langzeit-Niedertemperaturbetrieb ohne Abtaufunktion.<br \/>\n14. Einzigartige Betriebsart Design, kehrt die Box auf Raumtemperatur nach dem Experiment, um den Zustand des Testobjekts zu sch\u00fctzen.<br \/>\n15. Automatische Erinnerung an die Wartungszeit f\u00fcr Steuerungssystem Ausr\u00fcstung und Software-Design-Funktion f\u00fcr Fehler medizinische Aufzeichnungen.<br \/>\n16. Das Ger\u00e4t kann die Fernwartungsfunktionen erweitern und Lern-CDs f\u00fcr die Nutzung der Maschine bereitstellen.<\/p>\n<p style=\"text-align: center;\"><strong>Produkt-Parameter<\/strong><\/p>\n<div style=\"overflow-x: auto; margin: 20px 0;\">\n<table class=\"wp-block-table\" style=\"width: 100%; border-collapse: collapse; border: 1px solid #ccc !important;\">\n<thead>\n<tr style=\"background: #f2f2f2; text-align: center; font-weight: bold;\">\n<th style=\"border: 1px solid #ccc !important; padding: 6px;\">Parameter<\/th>\n<th style=\"border: 1px solid #ccc !important; padding: 6px;\">Beschreibung \/ Einheit<\/th>\n<th style=\"border: 1px solid #ccc !important; padding: 6px;\">ETCZ8\/4010<\/th>\n<th style=\"border: 1px solid #ccc !important; padding: 6px;\">ETCZ12\/4010<\/th>\n<th style=\"border: 1px solid #ccc !important; padding: 6px;\">ETCZ17\/4010<\/th>\n<th style=\"border: 1px solid #ccc !important; padding: 6px;\">ETCZ22\/4010<\/th>\n<th style=\"border: 1px solid #ccc !important; padding: 6px;\">ETCZ28\/4010<\/th>\n<\/tr>\n<\/thead>\n<tbody>\n<tr>\n<td style=\"border: 1px solid #ccc !important; padding: 6px;\">Arbeitsvolumen<\/td>\n<td style=\"border: 1px solid #ccc !important; padding: 6px;\">m\u00b3<\/td>\n<td style=\"border: 1px solid #ccc !important; padding: 6px;\">8<\/td>\n<td style=\"border: 1px solid #ccc !important; padding: 6px;\">12<\/td>\n<td style=\"border: 1px solid #ccc !important; padding: 6px;\">17<\/td>\n<td style=\"border: 1px solid #ccc !important; padding: 6px;\">22<\/td>\n<td style=\"border: 1px solid #ccc !important; padding: 6px;\">28<\/td>\n<\/tr>\n<tr>\n<td style=\"border: 1px solid #ccc !important; padding: 6px;\">Temperaturbereich<\/td>\n<td style=\"border: 1px solid #ccc !important; padding: 6px;\">\u00b0C<\/td>\n<td style=\"border: 1px solid #ccc !important; padding: 6px;\">-40\/+100<\/td>\n<td style=\"border: 1px solid #ccc !important; padding: 6px;\">-40\/+100<\/td>\n<td style=\"border: 1px solid #ccc !important; padding: 6px;\">-40\/+100<\/td>\n<td style=\"border: 1px solid #ccc !important; padding: 6px;\">-40\/+100<\/td>\n<td style=\"border: 1px solid #ccc !important; padding: 6px;\">40\/+100<\/td>\n<\/tr>\n<tr>\n<td style=\"border: 1px solid #ccc !important; padding: 6px;\">Temperaturschwankungen<\/td>\n<td style=\"border: 1px solid #ccc !important; padding: 6px;\">Schwankung: \u00b10,5\u00b0C ; Gleichm\u00e4\u00dfigkeit: \u22642,0\u00b0C<\/td>\n<td style=\"border: 1px solid #ccc !important; padding: 6px;\" colspan=\"5\">- Gilt f\u00fcr alle Modelle -<\/td>\n<\/tr>\n<tr>\n<td style=\"border: 1px solid #ccc !important; padding: 6px;\">Temperaturtoleranz<\/td>\n<td style=\"border: 1px solid #ccc !important; padding: 6px;\">\u00b12.0\u00b0C<\/td>\n<td style=\"border: 1px solid #ccc !important; padding: 6px;\" colspan=\"5\">\u2014<\/td>\n<\/tr>\n<tr>\n<td style=\"border: 1px solid #ccc !important; padding: 6px;\">Heizrate<\/td>\n<td style=\"border: 1px solid #ccc !important; padding: 6px;\">\u00b0C\/min<\/td>\n<td style=\"border: 1px solid #ccc !important; padding: 6px;\">\u2014<\/td>\n<td style=\"border: 1px solid #ccc !important; padding: 6px;\">3.0<\/td>\n<td style=\"border: 1px solid #ccc !important; padding: 6px;\">3.0<\/td>\n<td style=\"border: 1px solid #ccc !important; padding: 6px;\">3.0<\/td>\n<td style=\"border: 1px solid #ccc !important; padding: 6px;\">3.0<\/td>\n<\/tr>\n<tr>\n<td style=\"border: 1px solid #ccc !important; padding: 6px;\">Abk\u00fchlungsrate<\/td>\n<td style=\"border: 1px solid #ccc !important; padding: 6px;\">\u00b0C\/min<\/td>\n<td style=\"border: 1px solid #ccc !important; padding: 6px;\">\u2014<\/td>\n<td style=\"border: 1px solid #ccc !important; padding: 6px;\">2.0<\/td>\n<td style=\"border: 1px solid #ccc !important; padding: 6px;\">2.0<\/td>\n<td style=\"border: 1px solid #ccc !important; padding: 6px;\">2.0<\/td>\n<td style=\"border: 1px solid #ccc !important; padding: 6px;\">2.0<\/td>\n<\/tr>\n<tr>\n<td style=\"border: 1px solid #ccc !important; padding: 6px;\">Temp. Bereich (Luftfeuchtigkeitstest)<\/td>\n<td style=\"border: 1px solid #ccc !important; padding: 6px;\">\u00b0C<\/td>\n<td style=\"border: 1px solid #ccc !important; padding: 6px;\" colspan=\"5\">+10 ~ +85<\/td>\n<\/tr>\n<tr>\n<td style=\"border: 1px solid #ccc !important; padding: 6px;\">Luftfeuchtigkeitsbereich<\/td>\n<td style=\"border: 1px solid #ccc !important; padding: 6px;\">%RH<\/td>\n<td style=\"border: 1px solid #ccc !important; padding: 6px;\" colspan=\"5\">10 ~ 98<\/td>\n<\/tr>\n<tr>\n<td style=\"border: 1px solid #ccc !important; padding: 6px;\" rowspan=\"3\">Temperatur &amp; Luftfeuchtigkeit Klimatest<\/td>\n<td style=\"border: 1px solid #ccc !important; padding: 6px;\">Luftfeuchtigkeitsschwankung: \u00b13,0%RH<\/td>\n<td style=\"border: 1px solid #ccc !important; padding: 6px;\" colspan=\"5\">\u2014<\/td>\n<\/tr>\n<tr>\n<td style=\"border: 1px solid #ccc !important; padding: 6px;\">Gleichm\u00e4\u00dfigkeit der Luftfeuchtigkeit: \u00b15,0%RH<\/td>\n<td style=\"border: 1px solid #ccc !important; padding: 6px;\" colspan=\"5\">\u2014<\/td>\n<\/tr>\n<tr>\n<td style=\"border: 1px solid #ccc !important; padding: 6px;\">Luftfeuchtigkeit Abweichung: +2% ~ -3% (&gt;75%RH) ; \u00b15.0% (&lt;75%RH)<\/td>\n<td style=\"border: 1px solid #ccc !important; padding: 6px;\" colspan=\"5\">\u2014<\/td>\n<\/tr>\n<tr>\n<td style=\"border: 1px solid #ccc !important; padding: 6px;\">Innenabmessungen (Breite)<\/td>\n<td style=\"border: 1px solid #ccc !important; padding: 6px;\">mm<\/td>\n<td style=\"border: 1px solid #ccc !important; padding: 6px;\">2000<\/td>\n<td style=\"border: 1px solid #ccc !important; padding: 6px;\">2000<\/td>\n<td style=\"border: 1px solid #ccc !important; padding: 6px;\">2500<\/td>\n<td style=\"border: 1px solid #ccc !important; padding: 6px;\">2500<\/td>\n<td style=\"border: 1px solid #ccc !important; padding: 6px;\">2500<\/td>\n<\/tr>\n<tr>\n<td style=\"border: 1px solid #ccc !important; padding: 6px;\">Innenabmessungen (Tiefe)<\/td>\n<td style=\"border: 1px solid #ccc !important; padding: 6px;\">mm<\/td>\n<td style=\"border: 1px solid #ccc !important; padding: 6px;\">2000<\/td>\n<td style=\"border: 1px solid #ccc !important; padding: 6px;\">3000<\/td>\n<td style=\"border: 1px solid #ccc !important; padding: 6px;\">3000<\/td>\n<td style=\"border: 1px solid #ccc !important; padding: 6px;\">4000<\/td>\n<td style=\"border: 1px solid #ccc !important; padding: 6px;\">5000<\/td>\n<\/tr>\n<tr>\n<td style=\"border: 1px solid #ccc !important; padding: 6px;\">Innenabmessungen (H\u00f6he)<\/td>\n<td style=\"border: 1px solid #ccc !important; padding: 6px;\">mm<\/td>\n<td style=\"border: 1px solid #ccc !important; padding: 6px;\">2000<\/td>\n<td style=\"border: 1px solid #ccc !important; padding: 6px;\">2000<\/td>\n<td style=\"border: 1px solid #ccc !important; padding: 6px;\">2250<\/td>\n<td style=\"border: 1px solid #ccc !important; padding: 6px;\">2250<\/td>\n<td style=\"border: 1px solid #ccc !important; padding: 6px;\">2250<\/td>\n<\/tr>\n<tr>\n<td style=\"border: 1px solid #ccc !important; padding: 6px;\">\u00c4u\u00dfere Abmessungen (Breite)<\/td>\n<td style=\"border: 1px solid #ccc !important; padding: 6px;\">mm<\/td>\n<td style=\"border: 1px solid #ccc !important; padding: 6px;\">3800<\/td>\n<td style=\"border: 1px solid #ccc !important; padding: 6px;\">3800<\/td>\n<td style=\"border: 1px solid #ccc !important; padding: 6px;\">4400<\/td>\n<td style=\"border: 1px solid #ccc !important; padding: 6px;\">4400<\/td>\n<td style=\"border: 1px solid #ccc !important; padding: 6px;\">4400<\/td>\n<\/tr>\n<tr>\n<td style=\"border: 1px solid #ccc !important; padding: 6px;\">\u00c4u\u00dfere Abmessungen (Tiefe)<\/td>\n<td style=\"border: 1px solid #ccc !important; padding: 6px;\">mm<\/td>\n<td style=\"border: 1px solid #ccc !important; padding: 6px;\">2480<\/td>\n<td style=\"border: 1px solid #ccc !important; padding: 6px;\">3480<\/td>\n<td style=\"border: 1px solid #ccc !important; padding: 6px;\">3480<\/td>\n<td style=\"border: 1px solid #ccc !important; padding: 6px;\">4480<\/td>\n<td style=\"border: 1px solid #ccc !important; padding: 6px;\">5480<\/td>\n<\/tr>\n<tr>\n<td style=\"border: 1px solid #ccc !important; padding: 6px;\">\u00c4u\u00dfere Abmessungen (H\u00f6he)<\/td>\n<td style=\"border: 1px solid #ccc !important; padding: 6px;\">mm<\/td>\n<td style=\"border: 1px solid #ccc !important; padding: 6px;\">2380<\/td>\n<td style=\"border: 1px solid #ccc !important; padding: 6px;\">2380<\/td>\n<td style=\"border: 1px solid #ccc !important; padding: 6px;\">2650<\/td>\n<td style=\"border: 1px solid #ccc !important; padding: 6px;\">2650<\/td>\n<td style=\"border: 1px solid #ccc !important; padding: 6px;\">2650<\/td>\n<\/tr>\n<tr>\n<td style=\"border: 1px solid #ccc !important; padding: 6px;\">Stromversorgung<\/td>\n<td style=\"border: 1px solid #ccc !important; padding: 6px;\" colspan=\"6\">AC380V\u00b110%, 50Hz\u00b11, 3 Phase + Neutralleiter + PE (3\/N\/PE), Erdungswiderstand &lt;4\u03a9<\/td>\n<\/tr>\n<tr>\n<td style=\"border: 1px solid #ccc !important; padding: 6px;\">Methode der K\u00fchlung<\/td>\n<td style=\"border: 1px solid #ccc !important; padding: 6px;\" colspan=\"6\">Wassergek\u00fchlt<\/td>\n<\/tr>\n<tr>\n<td style=\"border: 1px solid #ccc !important; padding: 6px;\">Anwendbare Pr\u00fcfnormen<\/td>\n<td style=\"border: 1px solid #ccc !important; padding: 6px;\" colspan=\"6\">1. GB\/T 2423.1-2008 Pr\u00fcfung A: Niedrigtemperatur-Testverfahren<br \/>\n2. GB\/T 2423.2-2008 Pr\u00fcfung B: Hochtemperaturpr\u00fcfverfahren<br \/>\n3. GB\/T 2423.3-2008 Pr\u00fcfung C: Pr\u00fcfung bei feuchter Hitze im station\u00e4ren Zustand<br \/>\n4. GB\/T 2423.4-2008 Pr\u00fcfung D: Zyklischer Test bei feuchter Hitze<br \/>\n5. GB150.3A-2009 Pr\u00fcfung bei hohen Temperaturen<br \/>\n6. GB150.4A-2009 Pr\u00fcfung bei niedrigen Temperaturen<br \/>\n7. GB150.9A-2009 Pr\u00fcfung auf feuchte W\u00e4rme<br \/>\n8. GB\/T 5170.2-2008 Temperaturpr\u00fcfger\u00e4te<br \/>\n9. GB\/T 5170.5-2008 Luftfeuchtigkeitspr\u00fcfger\u00e4te<\/td>\n<\/tr>\n<\/tbody>\n<\/table>\n<\/div>\n<p><strong>Anmeldung<\/strong><\/p>\n<p>1. Elektronik- und Elektroindustrie:<br \/>\nTesten Sie die Leistung von elektronischen Komponenten, integrierten Schaltkreisen und Leiterplatten unter hohen, niedrigen und feuchten Bedingungen, um sicherzustellen, dass die Produkte in verschiedenen Umgebungen ordnungsgem\u00e4\u00df funktionieren.<\/p>\n<p>2. Autoindustrie:<br \/>\nDurchf\u00fchrung von Hoch- und Tieftemperatur- sowie Nasshitze-Zyklustests an Automobilkomponenten wie Motoren, Armaturenbrettern, Batterien usw., um ihre Zuverl\u00e4ssigkeit und Lebensdauer unter extremen Bedingungen zu bewerten.<\/p>\n<p>3. Luft- und Raumfahrt:<br \/>\nDurchf\u00fchrung von Umweltsimulationstests an Schl\u00fcsselkomponenten von Luft- und Raumfahrzeugen, um deren Leistungsf\u00e4higkeit in gro\u00dfen H\u00f6hen und unter extremen Temperatur- und Feuchtigkeitsbedingungen sicherzustellen.<\/p>\n<p>4. Werkstoffkunde:<br \/>\nDurchf\u00fchrung von Hoch- und Tieftemperatur- sowie Nasshitzeversuchen an neuen Materialien zur Bewertung ihrer physikalischen und chemischen Eigenschaften, z. B. Zugfestigkeit, Korrosionsbest\u00e4ndigkeit und W\u00e4rmeausdehnung.<\/p>\n<p>5. Pharmazeutische und Biotechnologie:<br \/>\nWird f\u00fcr die Pr\u00fcfung der Stabilit\u00e4t von Arzneimitteln verwendet und simuliert die Lagerungsumgebung von Arzneimitteln unter verschiedenen Temperatur- und Feuchtigkeitsbedingungen, um die Wirksamkeit und Sicherheit von Arzneimitteln w\u00e4hrend ihrer Haltbarkeitsdauer zu gew\u00e4hrleisten.<\/p>\n<p>6. Konstruktions- und Baumaterialien:<br \/>\nTesten Sie die Leistung von Baumaterialien wie Beton, Stahl und Holz in hohen, niedrigen und feuchten Umgebungen, um die Sicherheit und Haltbarkeit von Bauwerken unter verschiedenen klimatischen Bedingungen zu gew\u00e4hrleisten.<\/p>\n<p>7. Milit\u00e4r und Verteidigung:<br \/>\nDurchf\u00fchrung von Umweltsimulationstests an Waffensystemen, Kommunikationsausr\u00fcstung usw., um deren Zuverl\u00e4ssigkeit unter Gefechtsbedingungen sicherzustellen.<\/p>","protected":false},"author":1,"featured_media":424,"template":"","meta":{"_acf_changed":false},"product_category":[15],"class_list":["post-237","product","type-product","status-publish","has-post-thumbnail","hentry","product_category-temperature-humidity-test-series"],"acf":[],"_links":{"self":[{"href":"https:\/\/www.envsin-testchamber.com\/de\/wp-json\/wp\/v2\/product\/237","targetHints":{"allow":["GET"]}}],"collection":[{"href":"https:\/\/www.envsin-testchamber.com\/de\/wp-json\/wp\/v2\/product"}],"about":[{"href":"https:\/\/www.envsin-testchamber.com\/de\/wp-json\/wp\/v2\/types\/product"}],"author":[{"embeddable":true,"href":"https:\/\/www.envsin-testchamber.com\/de\/wp-json\/wp\/v2\/users\/1"}],"wp:featuredmedia":[{"embeddable":true,"href":"https:\/\/www.envsin-testchamber.com\/de\/wp-json\/wp\/v2\/media\/424"}],"wp:attachment":[{"href":"https:\/\/www.envsin-testchamber.com\/de\/wp-json\/wp\/v2\/media?parent=237"}],"wp:term":[{"taxonomy":"product_category","embeddable":true,"href":"https:\/\/www.envsin-testchamber.com\/de\/wp-json\/wp\/v2\/product_category?post=237"}],"curies":[{"name":"wp","href":"https:\/\/api.w.org\/{rel}","templated":true}]}}