{"id":236,"date":"2026-03-23T10:24:25","date_gmt":"2026-03-23T02:24:25","guid":{"rendered":"https:\/\/www.envsin-testchamber.com\/?post_type=product&#038;p=236"},"modified":"2026-05-08T14:57:25","modified_gmt":"2026-05-08T06:57:25","slug":"walk-in-wet-heat-cycle-laboratory","status":"publish","type":"product","link":"https:\/\/www.envsin-testchamber.com\/de\/product\/walk-in-wet-heat-cycle-laboratory\/","title":{"rendered":"Begehbares Labor f\u00fcr nasse W\u00e4rmezyklen"},"content":{"rendered":"<p><strong>Produktmerkmale<\/strong><\/p>\n<p>1. Annahme der fortschrittlichsten internationalen Lagerverarbeitungs-Technologie, modernes Design und perfekte Kontrolle F\u00e4higkeit.<br \/>\n2. F\u00fchrende Kombination voll Schwei\u00dfen Installationstechnologie Prozess, dauerhafte hohe Temperatur und hohe Luftfeuchtigkeit oder hohe Temperatur ohne Verformung.<br \/>\n3. Spezielle Sicherheit Design mit \u00fcber Temperatur, Rauch, kein Wind, und Stromausfall L\u00fcftung Schutzfunktionen.<br \/>\n4. Das ausbauf\u00e4hige, patentierte Design des Ultraschallbefeuchtungssystems gew\u00e4hrleistet den Anwendungsbereich der ultrahohen W\u00e4rmebelastung.<br \/>\n5. Farbbildschirm 32-Bit-Steuerungssystem mit Ethernet E-Management und USB-Datenzugriff Funktion.<br \/>\n6. Skalierbare Verwaltung der mobilen APP-Plattform.<br \/>\n7. Programmierbare Laststromversorgung mit 4-Kanal ON\/OFF-Ausgangssteuerung, die die Sicherheit des gepr\u00fcften Produkts und der Ausr\u00fcstung sch\u00fctzt.<br \/>\n8. Das patentierte Design eines einzigartigen Luftzirkulationssystems sorgt f\u00fcr Pr\u00e4zision bei dem gepr\u00fcften Produkt.<br \/>\n9. Die Anti-Kondensations-Funktion und \u00fcber Temperatur, windstill, Rauch-Schutz-Funktion des unabh\u00e4ngigen Testmuster.<br \/>\n10. Es kann die Netzwerk-Video\u00fcberwachungsfunktion erweitern und mit Datentests synchronisieren.<br \/>\n11. Ausgestattet mit automatischer Wasserversorgung mit ultra-reinem Filtersystem und Wassermangel-Warnfunktion.<br \/>\n12. Die umweltfreundlichste Steuerung des K\u00fchlflusses, energiesparend und schnelle Temperaturanstiegs- und -abfallrate.<br \/>\n13. Der branchenweit einzige Langzeit-Niedertemperaturbetrieb ohne Abtaufunktion.<br \/>\n14. Einzigartige Betriebsart Design, kehrt die Box auf Raumtemperatur nach dem Experiment, um den Zustand des Testobjekts zu sch\u00fctzen.<br \/>\n15. Automatische Erinnerung an die Wartungszeit f\u00fcr Steuerungssystem Ausr\u00fcstung und Software-Design-Funktion f\u00fcr Fehler medizinische Aufzeichnungen.<br \/>\n16. Das Ger\u00e4t kann die Fernwartungsfunktionen erweitern und Lern-CDs f\u00fcr die Nutzung der Maschine bereitstellen.<\/p>\n<p style=\"text-align: center;\"><strong>Produkt-Parameter<\/strong><\/p>\n<table style=\"width: 100%; border-collapse: collapse; border: 2px solid #000; font-family: Arial, sans-serif;\">\n<thead>\n<tr style=\"background-color: #f0f4f9;\">\n<th style=\"border: 1px solid #000; padding: 12px; text-align: center; font-weight: bold; font-size: 16px;\">PARAMETER<\/th>\n<th style=\"border: 1px solid #000; padding: 12px; text-align: left; font-weight: bold; font-size: 16px;\">VALUE \/ SPECIFICATION<\/th>\n<\/tr>\n<\/thead>\n<tbody>\n<tr>\n<td style=\"border: 1px solid #000; padding: 10px; font-size: 15px;\">Testvolumen<\/td>\n<td style=\"border: 1px solid #000; padding: 10px; font-size: 15px;\">22m<sup>3<\/sup><\/td>\n<\/tr>\n<tr>\n<td style=\"border: 1px solid #000; padding: 10px; font-size: 15px;\">Abmessungen der Arbeitskammer<\/td>\n<td style=\"border: 1px solid #000; padding: 10px; font-size: 15px;\">2500mm \u00d7 4000mm \u00d7 2250mm (W \u00d7 D \u00d7 H)<\/td>\n<\/tr>\n<tr>\n<td style=\"border: 1px solid #000; padding: 10px; font-size: 15px;\">Gesamtabmessungen<\/td>\n<td style=\"border: 1px solid #000; padding: 10px; font-size: 15px;\">Approx: 4400mm \u00d7 4480mm \u00d7 2650mm (W \u00d7 D \u00d7 H)<\/td>\n<\/tr>\n<tr>\n<td style=\"border: 1px solid #000; padding: 10px; font-size: 15px;\">Stromversorgung<\/td>\n<td style=\"border: 1px solid #000; padding: 10px; font-size: 15px;\">AC380V \u00b110%, 50Hz \u00b11, Three-phase four-wire +<br \/>\ngrounding wire (3\/N\/PE), grounding resistance &lt; 4\u03a9<\/td>\n<\/tr>\n<tr>\n<td style=\"border: 1px solid #000; padding: 10px; font-size: 15px;\">Maximale Betriebsleistung<\/td>\n<td style=\"border: 1px solid #000; padding: 10px; font-size: 15px;\">Approx: 65.2KW (Actual based on final engineering<br \/>\ndesign)<\/td>\n<\/tr>\n<tr>\n<td style=\"border: 1px solid #000; padding: 10px; font-size: 15px;\">Maximaler Betriebsstrom<\/td>\n<td style=\"border: 1px solid #000; padding: 10px; font-size: 15px;\">Approx: 113.9A (Actual based on final engineering<br \/>\ndesign)<\/td>\n<\/tr>\n<tr>\n<td style=\"border: 1px solid #000; padding: 10px; font-size: 15px;\">Methode der K\u00fchlung<\/td>\n<td style=\"border: 1px solid #000; padding: 10px; font-size: 15px;\">Water Cooling<\/td>\n<\/tr>\n<tr>\n<td style=\"border: 1px solid #000; padding: 10px; font-size: 15px;\">Temperaturbereich<\/td>\n<td style=\"border: 1px solid #000; padding: 10px; font-size: 15px;\">-40\u2103 ~ +100\u2103<\/td>\n<\/tr>\n<tr>\n<td style=\"border: 1px solid #000; padding: 10px; font-size: 15px;\">Gleichm\u00e4\u00dfigkeit der Temperatur<\/td>\n<td style=\"border: 1px solid #000; padding: 10px; font-size: 15px;\">\u22642\u2103<\/td>\n<\/tr>\n<tr>\n<td style=\"border: 1px solid #000; padding: 10px; font-size: 15px;\">Temperaturschwankung<\/td>\n<td style=\"border: 1px solid #000; padding: 10px; font-size: 15px;\">\u00b10.5\u2103<\/td>\n<\/tr>\n<tr>\n<td style=\"border: 1px solid #000; padding: 10px; font-size: 15px;\">Temperaturabweichung<\/td>\n<td style=\"border: 1px solid #000; padding: 10px; font-size: 15px;\">\u00b12\u2103<\/td>\n<\/tr>\n<tr>\n<td style=\"border: 1px solid #000; padding: 10px; font-size: 15px;\">Heizrate<\/td>\n<td style=\"border: 1px solid #000; padding: 10px; font-size: 15px;\">3\u2103\/min (Average over full range)<\/td>\n<\/tr>\n<tr>\n<td style=\"border: 1px solid #000; padding: 10px; font-size: 15px;\">Abk\u00fchlungsrate<\/td>\n<td style=\"border: 1px solid #000; padding: 10px; font-size: 15px;\">2\u2103\/min (Average over full range)<\/td>\n<\/tr>\n<tr>\n<td style=\"border: 1px solid #000; padding: 10px; font-size: 15px;\">Temperaturregelbereich<\/td>\n<td style=\"border: 1px solid #000; padding: 10px; font-size: 15px;\">10\u2103 ~ 85\u2103<\/td>\n<\/tr>\n<tr>\n<td style=\"border: 1px solid #000; padding: 10px; font-size: 15px;\">Luftfeuchtigkeitsbereich<\/td>\n<td style=\"border: 1px solid #000; padding: 10px; font-size: 15px;\">10%RH ~ 98%RH<\/td>\n<\/tr>\n<tr>\n<td style=\"border: 1px solid #000; padding: 10px; font-size: 15px;\">Gleichm\u00e4\u00dfigkeit der Luftfeuchtigkeit<\/td>\n<td style=\"border: 1px solid #000; padding: 10px; font-size: 15px;\">\u00b15,0%RH<\/td>\n<\/tr>\n<tr>\n<td style=\"border: 1px solid #000; padding: 10px; font-size: 15px;\">Test auf feuchte Hitze<\/td>\n<td style=\"border: 1px solid #000; padding: 10px; font-size: 15px;\">Luftfeuchtigkeitsschwankung: \u00b13,0%RH<\/td>\n<\/tr>\n<tr>\n<td style=\"border: 1px solid #000; padding: 10px; font-size: 15px;\">Abweichung der Luftfeuchtigkeit<\/td>\n<td style=\"border: 1px solid #000; padding: 10px; font-size: 15px;\">+2% ~ -3% (&gt;75%RH)<\/td>\n<\/tr>\n<tr>\n<td style=\"border: 1px solid #000; padding: 10px; font-size: 15px;\">Anwendbare Pr\u00fcfnormen<\/td>\n<td style=\"border: 1px solid #000; padding: 10px; font-size: 15px;\">\n<ul style=\"margin: 0; padding-left: 20px; list-style-type: disc;\">\n<li>GB\/T 2423.1-2008 Test A: Low Temperature Test Method<\/li>\n<li>GB\/T 2423.2-2008 Test B: High Temperature Test Method<\/li>\n<li>GB\/T 2423.3-2008 Test Ca: Constant Damp Heat Test Method<\/li>\n<li>GB\/T 2423.4-2008 Test Db: Alternating Damp Heat Test Method<\/li>\n<li>GB150.3A-2009 High Temperature Test<\/li>\n<li>GB150.4A-2009 Low Temperature Test<\/li>\n<li>GB150.9A-2009 Damp Heat Test<\/li>\n<\/ul>\n<\/td>\n<\/tr>\n<\/tbody>\n<\/table>\n<p><strong>Anwendung und Szenario<\/strong><\/p>\n<p>1. Elektronik- und Elektroindustrie:<br \/>\nTesten Sie die Leistung von elektronischen Komponenten, integrierten Schaltkreisen und Leiterplatten unter hohen, niedrigen und feuchten Bedingungen, um sicherzustellen, dass die Produkte in verschiedenen Umgebungen ordnungsgem\u00e4\u00df funktionieren.<\/p>\n<p>2. Autoindustrie:<br \/>\nDurchf\u00fchrung von Hoch- und Tieftemperatur- sowie Nasshitze-Zyklustests an Automobilkomponenten wie Motoren, Armaturenbrettern, Batterien usw., um ihre Zuverl\u00e4ssigkeit und Lebensdauer unter extremen Bedingungen zu bewerten.<\/p>\n<p>3. Luft- und Raumfahrt:<br \/>\nDurchf\u00fchrung von Umweltsimulationstests an Schl\u00fcsselkomponenten von Luft- und Raumfahrzeugen, um deren Leistungsf\u00e4higkeit in gro\u00dfen H\u00f6hen und unter extremen Temperatur- und Feuchtigkeitsbedingungen sicherzustellen.<\/p>\n<p>4. Werkstoffkunde:<br \/>\nDurchf\u00fchrung von Hoch- und Tieftemperatur- sowie Nasshitzeversuchen an neuen Materialien zur Bewertung ihrer physikalischen und chemischen Eigenschaften, z. B. Zugfestigkeit, Korrosionsbest\u00e4ndigkeit und W\u00e4rmeausdehnung.<\/p>\n<p>5. Pharmazeutische und Biotechnologie:<br \/>\nWird f\u00fcr die Pr\u00fcfung der Stabilit\u00e4t von Arzneimitteln verwendet und simuliert die Lagerungsumgebung von Arzneimitteln unter verschiedenen Temperatur- und Feuchtigkeitsbedingungen, um die Wirksamkeit und Sicherheit von Arzneimitteln w\u00e4hrend ihrer Haltbarkeitsdauer zu gew\u00e4hrleisten.<\/p>\n<p>6. Konstruktions- und Baumaterialien:<br \/>\nTesten Sie die Leistung von Baumaterialien wie Beton, Stahl und Holz in hohen, niedrigen und feuchten Umgebungen, um die Sicherheit und Haltbarkeit von Bauwerken unter verschiedenen klimatischen Bedingungen zu gew\u00e4hrleisten.<\/p>\n<p>7. Milit\u00e4r und Verteidigung:<br \/>\nDurchf\u00fchrung von Umweltsimulationstests an Waffensystemen, Kommunikationsausr\u00fcstung usw., um deren Zuverl\u00e4ssigkeit unter Gefechtsbedingungen sicherzustellen.<\/p>","protected":false},"author":1,"featured_media":778,"template":"","meta":{"_acf_changed":false},"product_category":[15],"class_list":["post-236","product","type-product","status-publish","has-post-thumbnail","hentry","product_category-temperature-humidity-test-series"],"acf":[],"_links":{"self":[{"href":"https:\/\/www.envsin-testchamber.com\/de\/wp-json\/wp\/v2\/product\/236","targetHints":{"allow":["GET"]}}],"collection":[{"href":"https:\/\/www.envsin-testchamber.com\/de\/wp-json\/wp\/v2\/product"}],"about":[{"href":"https:\/\/www.envsin-testchamber.com\/de\/wp-json\/wp\/v2\/types\/product"}],"author":[{"embeddable":true,"href":"https:\/\/www.envsin-testchamber.com\/de\/wp-json\/wp\/v2\/users\/1"}],"wp:featuredmedia":[{"embeddable":true,"href":"https:\/\/www.envsin-testchamber.com\/de\/wp-json\/wp\/v2\/media\/778"}],"wp:attachment":[{"href":"https:\/\/www.envsin-testchamber.com\/de\/wp-json\/wp\/v2\/media?parent=236"}],"wp:term":[{"taxonomy":"product_category","embeddable":true,"href":"https:\/\/www.envsin-testchamber.com\/de\/wp-json\/wp\/v2\/product_category?post=236"}],"curies":[{"name":"wp","href":"https:\/\/api.w.org\/{rel}","templated":true}]}}