{"id":165,"date":"2026-03-20T11:09:07","date_gmt":"2026-03-20T03:09:07","guid":{"rendered":"http:\/\/www.envsin-testchamber.com\/?post_type=product&#038;p=165"},"modified":"2026-05-08T15:05:10","modified_gmt":"2026-05-08T07:05:10","slug":"high-temperature-aging-test-chamber","status":"publish","type":"product","link":"https:\/\/www.envsin-testchamber.com\/de\/product\/high-temperature-aging-test-chamber\/","title":{"rendered":"Hochtemperatur-Alterungspr\u00fcfkammer"},"content":{"rendered":"<p style=\"text-align: center;\"><strong><span style=\"font-family: arial, helvetica, sans-serif;\">Produkt-Parameter<\/span><\/strong><\/p>\n<table style=\"width: 100%; border-collapse: collapse; border: 2px solid #333; font-family: Arial, sans-serif;\">\n<thead>\n<tr>\n<th style=\"border: 1px solid #333; background-color: #6699cc; color: #fff; padding: 8px; text-align: left;\">Aging Chambers<\/th>\n<th style=\"border: 1px solid #333; background-color: #6699cc; color: #fff; padding: 8px; text-align: center;\">EWG2003<\/th>\n<th style=\"border: 1px solid #333; background-color: #6699cc; color: #fff; padding: 8px; text-align: center;\">EWG3003<\/th>\n<th style=\"border: 1px solid #333; background-color: #6699cc; color: #fff; padding: 8px; text-align: center;\">EWG2010<\/th>\n<th style=\"border: 1px solid #333; background-color: #6699cc; color: #fff; padding: 8px; text-align: center;\">EWG3010<\/th>\n<\/tr>\n<\/thead>\n<tbody>\n<tr>\n<td style=\"border: 1px solid #333; padding: 8px; background-color: #f0f0f0;\">Pr\u00fcfraumvolumen (L)<\/td>\n<td style=\"border: 1px solid #333; padding: 8px; text-align: center;\" colspan=\"2\">270<\/td>\n<td style=\"border: 1px solid #333; padding: 8px; text-align: center;\" colspan=\"2\">1000<\/td>\n<\/tr>\n<tr>\n<td style=\"border: 1px solid #333; padding: 8px; background-color: #f0f0f0;\">Temp. Bereich (\u00b0C)<\/td>\n<td style=\"border: 1px solid #333; padding: 8px; text-align: center;\">R. T+20~200<\/td>\n<td style=\"border: 1px solid #333; padding: 8px; text-align: center;\">R. T+20~300<\/td>\n<td style=\"border: 1px solid #333; padding: 8px; text-align: center;\">R. T+20~200<\/td>\n<td style=\"border: 1px solid #333; padding: 8px; text-align: center;\">R. T+20~300<\/td>\n<\/tr>\n<tr>\n<td style=\"border: 1px solid #333; padding: 8px; background-color: #f0f0f0;\">Temp. Konstante (\u00b0C)<\/td>\n<td style=\"border: 1px solid #333; padding: 8px; text-align: center;\" colspan=\"4\">\u00b10. 1~\u00b10. 8<\/td>\n<\/tr>\n<tr>\n<td style=\"border: 1px solid #333; padding: 8px; background-color: #f0f0f0;\">Temp. Homogenit\u00e4t (\u00b0C)<\/td>\n<td style=\"border: 1px solid #333; padding: 8px; text-align: center;\" colspan=\"4\">\u00b10. 5~\u00b12. 0 (RT+20\u00b0C~+200\u00b0C) , \u00b11. 5~\u00b13. 5 (200\u00b0C~+300\u00b0C)<\/td>\n<\/tr>\n<tr>\n<td style=\"border: 1px solid #333; padding: 8px; background-color: #f0f0f0;\">Temp. Deviation (\u00b0C)<\/td>\n<td style=\"border: 1px solid #333; padding: 8px; text-align: center;\" colspan=\"4\">\u00b10. 5~\u00b12. 0 (RT+20\u00b0C~+200\u00b0C) , \u00b10. 5~\u00b12. 0 (200t~+300\u00b0C)<\/td>\n<\/tr>\n<tr>\n<td style=\"border: 1px solid #333; padding: 8px; background-color: #f0f0f0;\">Heat Up Time (min)<\/td>\n<td style=\"border: 1px solid #333; padding: 8px; text-align: center;\" colspan=\"4\">50 (RT\u2192+200\u00b0C) , 90 (RT\u2192+300\u00b0C)<\/td>\n<\/tr>\n<tr>\n<td style=\"border: 1px solid #333; padding: 8px; background-color: #f0f0f0;\">Pr\u00fcfraumabmessung (mm)<\/td>\n<td style=\"border: 1px solid #333; padding: 8px; text-align: center;\" colspan=\"2\">600Wx500Dx900H<\/td>\n<td style=\"border: 1px solid #333; padding: 8px; text-align: center;\" colspan=\"2\">850Wx700Dx1000H<\/td>\n<\/tr>\n<tr>\n<td style=\"border: 1px solid #333; padding: 8px; background-color: #f0f0f0;\">Au\u00dfenabmessungen (mm)<\/td>\n<td style=\"border: 1px solid #333; padding: 8px; text-align: center;\" colspan=\"2\">1000Wx780Dx1710H<\/td>\n<td style=\"border: 1px solid #333; padding: 8px; text-align: center;\" colspan=\"2\">1250Wx980Dx1850H<\/td>\n<\/tr>\n<tr>\n<td style=\"border: 1px solid #333; padding: 8px; background-color: #fff2cc;\">Strom<\/td>\n<td style=\"border: 1px solid #333; padding: 8px; text-align: center; background-color: #fff2cc;\" colspan=\"4\">AC380V\u00b110%, 50HZ, 3\/N\/PE<\/td>\n<\/tr>\n<tr>\n<th style=\"border: 1px solid #333; background-color: #6699cc; color: #fff; padding: 8px; text-align: left;\">Aging Rooms<\/th>\n<th style=\"border: 1px solid #333; background-color: #6699cc; color: #fff; padding: 8px; text-align: center;\">EWG25<\/th>\n<th style=\"border: 1px solid #333; background-color: #6699cc; color: #fff; padding: 8px; text-align: center;\">EWG45<\/th>\n<th style=\"border: 1px solid #333; background-color: #6699cc; color: #fff; padding: 8px; text-align: center;\">EWG100<\/th>\n<th style=\"border: 1px solid #333; background-color: #6699cc; color: #fff; padding: 8px; text-align: center;\">EWG120<\/th>\n<\/tr>\n<tr>\n<td style=\"border: 1px solid #333; padding: 8px; background-color: #f0f0f0;\">Test Space Volume (m3)<\/td>\n<td style=\"border: 1px solid #333; padding: 8px; text-align: center;\">25<\/td>\n<td style=\"border: 1px solid #333; padding: 8px; text-align: center;\">45<\/td>\n<td style=\"border: 1px solid #333; padding: 8px; text-align: center;\">100<\/td>\n<td style=\"border: 1px solid #333; padding: 8px; text-align: center;\">120<\/td>\n<\/tr>\n<tr>\n<td style=\"border: 1px solid #333; padding: 8px; background-color: #f0f0f0;\">Temp. Bereich (\u00b0C)<\/td>\n<td style=\"border: 1px solid #333; padding: 8px; text-align: center;\" colspan=\"4\">RT+10~85<\/td>\n<\/tr>\n<tr>\n<td style=\"border: 1px solid #333; padding: 8px; background-color: #f0f0f0;\">Temp. Constancy (\u00b0C )<\/td>\n<td style=\"border: 1px solid #333; padding: 8px; text-align: center;\" colspan=\"4\">\u00b10. 5~\u00b11. 0<\/td>\n<\/tr>\n<tr>\n<td style=\"border: 1px solid #333; padding: 8px; background-color: #f0f0f0;\">Temp. Homogenit\u00e4t (\u00b0C)<\/td>\n<td style=\"border: 1px solid #333; padding: 8px; text-align: center;\" colspan=\"4\">\u00b11. 5~\u00b13. 0<\/td>\n<\/tr>\n<tr>\n<td style=\"border: 1px solid #333; padding: 8px; background-color: #f0f0f0;\">Temp. Deviation (\u00b0C)<\/td>\n<td style=\"border: 1px solid #333; padding: 8px; text-align: center;\" colspan=\"4\">\u00b11. 5~\u00b13. 0<\/td>\n<\/tr>\n<tr>\n<td style=\"border: 1px solid #333; padding: 8px; background-color: #f0f0f0;\">Heating Rate (\u00b0C\/min)<\/td>\n<td style=\"border: 1px solid #333; padding: 8px; text-align: center;\" colspan=\"4\">2\u00b0C\/min on average<\/td>\n<\/tr>\n<tr>\n<td style=\"border: 1px solid #333; padding: 8px; background-color: #fff2cc;\">Strom<\/td>\n<td style=\"border: 1px solid #333; padding: 8px; text-align: center; background-color: #fff2cc;\" colspan=\"4\">AC380V\u00b110%, 50HZ, 3\/N\/PE<\/td>\n<\/tr>\n<\/tbody>\n<\/table>\n<p>&nbsp;<\/p>\n<p><strong>Wesentliche Merkmale:<\/strong><br \/>\nPr\u00e4zise Temperaturregelung: Die Kammer bietet gleichbleibend hohe Temperaturen, in der Regel \u00fcber 100 \u00b0C, und verf\u00fcgt \u00fcber fortschrittliche Temperaturregelungsfunktionen f\u00fcr eine pr\u00e4zise Simulation.<br \/>\nStabile und gleichm\u00e4\u00dfige Umgebung: Stellen Sie sicher, dass die Temperatur im gesamten Pr\u00fcfbereich gleichm\u00e4\u00dfig verteilt ist, um zuverl\u00e4ssige und reproduzierbare Ergebnisse zu erzielen.<br \/>\nErweiterte Sicherheitsmechanismen: Integrierte Funktionen wie \u00dcbertemperaturschutz, Alarme und Fehlersicherheitsmechanismen sorgen f\u00fcr einen sicheren Betrieb.<br \/>\nEnergieeffizienz: Ziel ist die Minimierung des Energieverbrauchs bei gleichzeitiger Einhaltung der erforderlichen Temperaturbedingungen.<br \/>\nProgrammierbares Steuersystem: Erm\u00f6glicht die Einstellung spezifischer Testdauern, Temperaturbereiche und anderer Parameter nach Bedarf.<\/p>\n<p><strong>Anwendung:<\/strong><br \/>\nMaterialalterungstest: zur Pr\u00fcfung des Alterungsverhaltens von Gummi, Kunststoff, Beschichtungen und anderen Materialien, die sich im Laufe der Zeit durch Hitze abbauen k\u00f6nnen.<br \/>\nElektronische Tests: Sie dienen dazu, die Leistung elektronischer Komponenten und Ger\u00e4te zu pr\u00fcfen und sicherzustellen, dass sie der Hitze in der realen Betriebsumgebung standhalten.<br \/>\nAutomobilindustrie: Unterst\u00fctzung bei der Bewertung der langfristigen Haltbarkeit von Automobilkomponenten (wie Dichtungen, Dichtungsringe und Innenraummaterialien) unter hohen Temperaturen.<br \/>\nPr\u00fcfung von Batterien: Bewertung der Stabilit\u00e4t und Lebensdauer von Batterien, insbesondere von Elektrofahrzeugbatterien, durch Simulation einer l\u00e4ngeren Exposition gegen\u00fcber hohen Temperaturen.<br \/>\nProdukte der Unterhaltungselektronik: zur Pr\u00fcfung der thermischen Elastizit\u00e4t von Smartphones, Laptops und anderen Produkten der Unterhaltungselektronik, die w\u00e4hrend des Gebrauchs hohen Temperaturen ausgesetzt sein k\u00f6nnen.<br \/>\nLuft- und Raumfahrt und Verteidigung: Sicherstellen, dass Komponenten die strengen Hochtemperatur-Leistungsstandards erf\u00fcllen, die in Flugzeugen, Raumfahrzeugen und Verteidigungsanlagen verwendet werden.<\/p>","protected":false},"author":1,"featured_media":788,"template":"","meta":{"_acf_changed":false},"product_category":[5,20],"class_list":["post-165","product","type-product","status-publish","has-post-thumbnail","hentry","product_category-high-temperature-aging-test-series","product_category-popular-products"],"acf":[],"_links":{"self":[{"href":"https:\/\/www.envsin-testchamber.com\/de\/wp-json\/wp\/v2\/product\/165","targetHints":{"allow":["GET"]}}],"collection":[{"href":"https:\/\/www.envsin-testchamber.com\/de\/wp-json\/wp\/v2\/product"}],"about":[{"href":"https:\/\/www.envsin-testchamber.com\/de\/wp-json\/wp\/v2\/types\/product"}],"author":[{"embeddable":true,"href":"https:\/\/www.envsin-testchamber.com\/de\/wp-json\/wp\/v2\/users\/1"}],"wp:featuredmedia":[{"embeddable":true,"href":"https:\/\/www.envsin-testchamber.com\/de\/wp-json\/wp\/v2\/media\/788"}],"wp:attachment":[{"href":"https:\/\/www.envsin-testchamber.com\/de\/wp-json\/wp\/v2\/media?parent=165"}],"wp:term":[{"taxonomy":"product_category","embeddable":true,"href":"https:\/\/www.envsin-testchamber.com\/de\/wp-json\/wp\/v2\/product_category?post=165"}],"curies":[{"name":"wp","href":"https:\/\/api.w.org\/{rel}","templated":true}]}}