{"id":151,"date":"2026-03-19T16:16:30","date_gmt":"2026-03-19T08:16:30","guid":{"rendered":"http:\/\/www.envsin-testchamber.com\/?page_id=151"},"modified":"2026-05-08T17:02:18","modified_gmt":"2026-05-08T09:02:18","slug":"quality-control","status":"publish","type":"page","link":"https:\/\/www.envsin-testchamber.com\/de\/quality-control\/","title":{"rendered":"Qualit\u00e4tszertifizierung"},"content":{"rendered":"<p><span style=\"font-family: arial, helvetica, sans-serif; font-size: 14px;\">Das Unternehmen hat sich dem Konzept des pers\u00f6nlichen Service verschrieben und bietet seinen Kunden den besten Service und Pr\u00fcfger\u00e4te f\u00fcr die Umweltvertr\u00e4glichkeit nach verschiedenen Normen wie ISO, GB, GJB, IEC, MEL, ASTM, BS und anderen Normen an.<\/span><\/p>\n<p><span style=\"font-family: arial, helvetica, sans-serif; font-size: 14px;\"><strong>Unsere Zertifizierungszertifikate lauten wie folgt<\/strong><\/span><\/p>\n<p><img loading=\"lazy\" decoding=\"async\" class=\"alignnone size-full wp-image-831\" src=\"https:\/\/www.envsin-testchamber.com\/wp-content\/uploads\/2026\/05\/Quality-Certification.jpg\" alt=\"Envsin Quality Certification\" width=\"2467\" height=\"1207\" srcset=\"https:\/\/www.envsin-testchamber.com\/wp-content\/uploads\/2026\/05\/Quality-Certification.jpg 2467w, https:\/\/www.envsin-testchamber.com\/wp-content\/uploads\/2026\/05\/Quality-Certification-300x147.jpg 300w, https:\/\/www.envsin-testchamber.com\/wp-content\/uploads\/2026\/05\/Quality-Certification-1024x501.jpg 1024w, https:\/\/www.envsin-testchamber.com\/wp-content\/uploads\/2026\/05\/Quality-Certification-768x376.jpg 768w, https:\/\/www.envsin-testchamber.com\/wp-content\/uploads\/2026\/05\/Quality-Certification-1536x752.jpg 1536w, https:\/\/www.envsin-testchamber.com\/wp-content\/uploads\/2026\/05\/Quality-Certification-2048x1002.jpg 2048w, https:\/\/www.envsin-testchamber.com\/wp-content\/uploads\/2026\/05\/Quality-Certification-18x9.jpg 18w\" sizes=\"auto, (max-width: 2467px) 100vw, 2467px\" \/><\/p>","protected":false},"excerpt":{"rendered":"<p>Committed to the personalized service concept, the company is dedicated to providing the best service to clients and offering environmental reliability testing equipment in accordance with various standards such as ISO, GB, GJB, IEC, MEL, ASTM, BS and other standards. Our certification certificates are as follows<\/p>","protected":false},"author":1,"featured_media":362,"parent":0,"menu_order":0,"comment_status":"closed","ping_status":"closed","template":"page-quality-control.php","meta":{"_acf_changed":false,"footnotes":""},"class_list":["post-151","page","type-page","status-publish","has-post-thumbnail","hentry"],"acf":[],"_links":{"self":[{"href":"https:\/\/www.envsin-testchamber.com\/de\/wp-json\/wp\/v2\/pages\/151","targetHints":{"allow":["GET"]}}],"collection":[{"href":"https:\/\/www.envsin-testchamber.com\/de\/wp-json\/wp\/v2\/pages"}],"about":[{"href":"https:\/\/www.envsin-testchamber.com\/de\/wp-json\/wp\/v2\/types\/page"}],"author":[{"embeddable":true,"href":"https:\/\/www.envsin-testchamber.com\/de\/wp-json\/wp\/v2\/users\/1"}],"replies":[{"embeddable":true,"href":"https:\/\/www.envsin-testchamber.com\/de\/wp-json\/wp\/v2\/comments?post=151"}],"version-history":[{"count":11,"href":"https:\/\/www.envsin-testchamber.com\/de\/wp-json\/wp\/v2\/pages\/151\/revisions"}],"predecessor-version":[{"id":833,"href":"https:\/\/www.envsin-testchamber.com\/de\/wp-json\/wp\/v2\/pages\/151\/revisions\/833"}],"wp:featuredmedia":[{"embeddable":true,"href":"https:\/\/www.envsin-testchamber.com\/de\/wp-json\/wp\/v2\/media\/362"}],"wp:attachment":[{"href":"https:\/\/www.envsin-testchamber.com\/de\/wp-json\/wp\/v2\/media?parent=151"}],"curies":[{"name":"wp","href":"https:\/\/api.w.org\/{rel}","templated":true}]}}