{"id":341,"date":"2026-03-23T14:12:55","date_gmt":"2026-03-23T06:12:55","guid":{"rendered":"https:\/\/www.envsin-testchamber.com\/?post_type=product&#038;p=341"},"modified":"2026-03-23T14:12:55","modified_gmt":"2026-03-23T06:12:55","slug":"spring-tension-and-compression-testing-machine-sa-3020b","status":"publish","type":"product","link":"https:\/\/www.envsin-testchamber.com\/ar\/product\/spring-tension-and-compression-testing-machine-sa-3020b\/","title":{"rendered":"\u0622\u0644\u0629 \u0627\u062e\u062a\u0628\u0627\u0631 \u0627\u0644\u0634\u062f \u0648\u0627\u0644\u0636\u063a\u0637 \u0627\u0644\u0632\u0646\u0628\u0631\u0643\u064a\u0629 SA-3020B"},"content":{"rendered":"<p>\u0627\u0644\u0645\u0648\u0627\u0635\u0641\u0627\u062a<br \/>\n\u062d\u0645\u0648\u0644\u0629 \u0627\u0644\u0627\u062e\u062a\u0628\u0627\u0631: 2 \u0643\u062c\u0645 \u0642\u062f\u0645 20 \u0643\u062c\u0645 \u0642\u062f\u0645 50 \u0643\u062c\u0645 \u0642\u062f\u0645 100 \u0643\u062c\u0645 \u0642\u062f\u0645 200 \u0643\u062c\u0645 \u0642\u062f\u0645 500 \u0643\u062c\u0645 \u0642\u062f\u0645 1000 \u0643\u062c\u0645 \u0642\u062f\u0645 2000 \u0643\u062c\u0645 \u0642\u062f\u0645<br \/>\n\u0639\u0631\u0636 \u0627\u0644\u062d\u0645\u0644: 0.01 \u062c\u0645 0.1 \u062c\u0645 0.1 \u062c\u0645 2 \u062c\u0645 10 \u062c\u0645 20 \u062c\u0645 0.1 \u062c\u0645 0.1 \u062c\u0645 0.1 \u062c\u0645 0.2 \u062c\u0645<br \/>\n\u0648\u062d\u062f\u0627\u062a \u0627\u0644\u062a\u062d\u0645\u064a\u0644: gf\u060c \u0643\u062c\u0645\u060c \u0646\u064a\u0648\u062a\u0646\u060c \u0631\u0637\u0644<br \/>\n\u0634\u0648\u0637 \u0627\u0644\u0627\u062e\u062a\u0628\u0627\u0631: 200 \u0645\u0645 800 \u0645\u0645<br \/>\n\u062f\u0642\u0629 \u0627\u0644\u062a\u062d\u0645\u064a\u0644: \u00b1 0.2% +0.004FS (\u0625\u0644\u0649 1\/200 \u0645\u0646 \u0627\u0644\u0645\u0642\u064a\u0627\u0633 \u0627\u0644\u0643\u0627\u0645\u0644)<br \/>\n\u062f\u0642\u0629 \u0627\u0644\u0645\u0627\u0643\u064a\u0646\u0629: 0.2 \u062f\u0631\u062c\u0629<br \/>\n\u0634\u0648\u0637 \u0627\u0644\u0639\u0631\u0636: 0.001 \u0645\u0645<br \/>\n\u0645\u062d\u0631\u0643 \u0627\u0644\u0642\u064a\u0627\u062f\u0629: \u0645\u062d\u0631\u0643 \u0645\u0624\u0627\u0632\u0631<br \/>\n\u0642\u0637\u0631 \u0627\u0644\u0644\u0648\u062d\u0629: \u222e60 \u0645\u0645 \u222e 120 \u0645\u0645 \u222e 200 \u0645\u0645<br \/>\n\u0627\u0644\u0623\u0628\u0639\u0627\u062f: w300\u00d7D410\u00d7h640 w790\u00d7d490\u00d7h1570 W930\u00d7D490\u00d7H2000 \u0648\u0632\u0646 \u0627\u0644\u0645\u0627\u0643\u064a\u0646\u0629: 55 \u0643\u062c\u0645 \u0627\u0644\u0623\u0628\u0639\u0627\u062f: 130 \u0645\u0645 \u00d7 250 \u0645\u0645 \u0645\u0635\u062f\u0631 \u0627\u0644\u0637\u0627\u0642\u0629: \u0645\u064a\u0632\u0627\u062a \u0627\u0644\u0645\u0627\u0643\u064a\u0646\u0629 220 \u0641\u0648\u0644\u062a \u062a\u064a\u0627\u0631 \u0645\u062a\u0631\u062f\u062f:<\/p>\n<p>1. \u064a\u062a\u0645 \u062a\u0639\u064a\u064a\u0646 \u062c\u0645\u064a\u0639 \u0634\u0631\u0648\u0637 \u0627\u0644\u0627\u062e\u062a\u0628\u0627\u0631 \u0643\u062a\u0627\u0628\u0629\u064b \u0628\u0648\u0627\u0633\u0637\u0629 \u0627\u0644\u0643\u0645\u0628\u064a\u0648\u062a\u0631 \u0648\u064a\u0645\u0643\u0646 \u062a\u062e\u0632\u064a\u0646\u0647\u0627. (\u064a\u0645\u0643\u0646 \u0625\u062c\u0631\u0627\u0621 \u0627\u0644\u0625\u0639\u062f\u0627\u062f\u0627\u062a \u0628\u062a\u062d\u062f\u064a\u062f \u0627\u0644\u062e\u064a\u0627\u0631\u0627\u062a \u0645\u0646 \u0642\u0627\u0626\u0645\u0629 \u0645\u0646\u0633\u062f\u0644\u0629 \u0623\u0648 \u0628\u0625\u062f\u062e\u0627\u0644 \u0627\u0644\u0628\u064a\u0627\u0646\u0627\u062a \u0645\u0628\u0627\u0634\u0631\u0629).<\/p>\n<p>2. \u062a\u062a\u0628\u0646\u0649 \u0627\u0644\u0645\u0627\u0643\u064a\u0646\u0629 \u062a\u0635\u0645\u064a\u0645\u064b\u0627 \u0647\u064a\u0643\u0644\u064a\u064b\u0627 \u0639\u0627\u0644\u064a \u0627\u0644\u0635\u0644\u0627\u0628\u0629 \u0645\u0639 \u0645\u062d\u0631\u0643 \u0645\u0624\u0627\u0632\u0631\u060c \u0645\u0645\u0627 \u064a\u0624\u062f\u064a \u0625\u0644\u0649 \u062f\u0642\u0629 \u0639\u0627\u0644\u064a\u0629 \u0648\u0639\u0645\u0631 \u062e\u062f\u0645\u0629 \u0637\u0648\u064a\u0644.<\/p>\n<p>3. \u064a\u0645\u0643\u0646 \u062a\u0628\u062f\u064a\u0644 \u0639\u0631\u0636 \u0648\u062d\u062f\u0629 \u0627\u0644\u062a\u062d\u0645\u064a\u0644 \u0628\u062d\u0631\u064a\u0629: \u0646\u064a\u0648\u062a\u0646\u060c \u0631\u0637\u0644\u060c \u0631\u0637\u0644\u060c \u062c\u064a \u0641\u060c \u0643\u062c\u0645 \u0642\u062f\u0645.<\/p>\n<p>4. \u0648\u0638\u064a\u0641\u0629 \u0627\u0644\u0630\u0627\u0643\u0631\u0629 \u0627\u0644\u0623\u0635\u0644\u064a\u0629 \u0627\u0644\u062a\u0644\u0642\u0627\u0626\u064a\u0629\u061b \u064a\u062a\u0645 \u062d\u0641\u0638 \u0627\u0644\u0628\u064a\u0627\u0646\u0627\u062a \u062d\u062a\u0649 \u0623\u062b\u0646\u0627\u0621 \u062a\u0648\u0642\u0641 \u0627\u0644\u0645\u0627\u0643\u064a\u0646\u0629 \u0623\u0648 \u0627\u0646\u0642\u0637\u0627\u0639 \u0627\u0644\u062a\u064a\u0627\u0631 \u0627\u0644\u0643\u0647\u0631\u0628\u0627\u0626\u064a.<\/p>\n<p>5. \u0648\u0638\u064a\u0641\u0629 \u0627\u0644\u062d\u0645\u0627\u064a\u0629 \u0645\u0646 \u0627\u0644\u062d\u0645\u0644 \u0627\u0644\u0632\u0627\u0626\u062f \u0644\u062e\u0644\u064a\u0629 \u0627\u0644\u062a\u062d\u0645\u064a\u0644 \u062a\u0636\u0645\u0646 \u0639\u062f\u0645 \u062a\u0644\u0641 \u062e\u0644\u064a\u0629 \u0627\u0644\u062a\u062d\u0645\u064a\u0644.<\/p>\n<p>6. \u064a\u0645\u0643\u0646 \u062a\u062e\u0632\u064a\u0646 \u0648\u0637\u0628\u0627\u0639\u0629 \u0627\u0644\u0631\u0633\u0648\u0645 \u0627\u0644\u0628\u064a\u0627\u0646\u064a\u0629 (\u0645\u0646\u062d\u0646\u064a\u0627\u062a \u0636\u0631\u0628\u0629 \u0627\u0644\u062d\u0645\u0644 \u0648\u062a\u0642\u0627\u0631\u064a\u0631 \u0627\u0644\u0641\u062d\u0635).<\/p>\n<p>7. \u064a\u062a\u0645 \u0625\u0646\u0634\u0627\u0621 \u062a\u0642\u0627\u0631\u064a\u0631 \u0627\u0644\u062a\u0641\u062a\u064a\u0634 \u062a\u0644\u0642\u0627\u0626\u064a\u0627 (\u064a\u0645\u0643\u0646 \u0637\u0628\u0627\u0639\u062a\u0647\u0627 \u0645\u0628\u0627\u0634\u0631\u0629) \u0648\u064a\u0645\u0643\u0646 \u062a\u062d\u0648\u064a\u0644\u0647\u0627 \u0644\u0644\u062a\u0635\u062f\u064a\u0631 \u0623\u0648 \u062a\u0635\u062f\u064a\u0631\u0647\u0627 \u0645\u0628\u0627\u0634\u0631\u0629 \u0639\u0628\u0631 \u0627\u0644\u0634\u0628\u0643\u0629.<\/p>\n<p>8. \u064a\u0645\u0643\u0646 \u0623\u0646 \u062a\u0633\u062c\u0644 \u0645\u0628\u0627\u0634\u0631\u0629 \u062a\u063a\u064a\u0631\u0627\u062a \u0645\u0646\u062d\u0646\u0649 \u0627\u0644\u062d\u0645\u0644 \u0627\u0644\u062f\u064a\u0646\u0627\u0645\u064a\u0643\u064a \u0644\u0643\u0644 \u0627\u062e\u062a\u0628\u0627\u0631.<\/p>\n<p>9. \u0625\u062f\u062e\u0627\u0644 \u0642\u064a\u0645 \u0627\u0644\u062a\u062d\u0645\u0644 \u0627\u0644\u0639\u0644\u064a\u0627 \u0648\u0627\u0644\u062f\u0646\u064a\u0627 \u0644\u0644\u0627\u062e\u062a\u0628\u0627\u0631\u061b \u062a\u062d\u062f\u062f \u062a\u0644\u0642\u0627\u0626\u064a\u0627\u064b \"\u0645\u0648\u0627\u0641\u0642\" \u0623\u0648 \"\u063a\u064a\u0631 \u0645\u0648\u0627\u0641\u0642\".<\/p>\n<p>10. \u0642\u064a\u0627\u0633 \u0623\u0648\u062a\u0648\u0645\u0627\u062a\u064a\u0643\u064a \u0628\u0627\u0644\u0643\u0627\u0645\u0644 \u0644\u0644\u062d\u0645\u0644 \u0641\u064a \u0642\u0637\u0627\u0639\u0627\u062a \u0623\u062d\u0627\u062f\u064a\u0629 \u0648\u062b\u0646\u0627\u0626\u064a\u0629 \u0648\u062b\u0644\u0627\u062b\u064a\u0629.<\/p>\n<p>11. \u0648\u0638\u0627\u0626\u0641 \u0627\u062e\u062a\u0628\u0627\u0631 \u0645\u062a\u0639\u062f\u062f\u0629: \u0623. \u0636\u0628\u0637 \u0627\u0644\u0627\u0631\u062a\u0641\u0627\u0639 \u0644\u0642\u064a\u0627\u0633 \u0627\u0644\u062d\u0645\u0644\u061b \u0628. \u0636\u0628\u0637 \u0627\u0644\u062d\u0645\u0644 \u0644\u0642\u064a\u0627\u0633 \u0627\u0644\u0627\u0631\u062a\u0641\u0627\u0639\u061b \u062c. \u0636\u0628\u0637 \u0627\u0644\u0636\u063a\u0637 \u0644\u0642\u064a\u0627\u0633 \u0627\u0644\u062d\u0645\u0644;<\/p>\n<p>D. \u0636\u0628\u0637 \u0627\u0644\u062d\u0645\u0648\u0644\u0629 \u0644\u0642\u064a\u0627\u0633 \u0627\u0644\u0636\u063a\u0637\u061b \u0647\u0640. \u0627\u062e\u062a\u0628\u0627\u0631 \u0627\u0644\u0646\u0642\u0627\u0637 \u0627\u0644\u0645\u062a\u0639\u062f\u062f\u0629 \u0627\u0644\u0623\u062c\u0632\u0627\u0621.<\/p>","protected":false},"author":1,"featured_media":342,"template":"","meta":{"_acf_changed":false},"product_category":[7],"class_list":["post-341","product","type-product","status-publish","has-post-thumbnail","hentry","product_category-reliability-life-test-series"],"acf":[],"_links":{"self":[{"href":"https:\/\/www.envsin-testchamber.com\/ar\/wp-json\/wp\/v2\/product\/341","targetHints":{"allow":["GET"]}}],"collection":[{"href":"https:\/\/www.envsin-testchamber.com\/ar\/wp-json\/wp\/v2\/product"}],"about":[{"href":"https:\/\/www.envsin-testchamber.com\/ar\/wp-json\/wp\/v2\/types\/product"}],"author":[{"embeddable":true,"href":"https:\/\/www.envsin-testchamber.com\/ar\/wp-json\/wp\/v2\/users\/1"}],"wp:featuredmedia":[{"embeddable":true,"href":"https:\/\/www.envsin-testchamber.com\/ar\/wp-json\/wp\/v2\/media\/342"}],"wp:attachment":[{"href":"https:\/\/www.envsin-testchamber.com\/ar\/wp-json\/wp\/v2\/media?parent=341"}],"wp:term":[{"taxonomy":"product_category","embeddable":true,"href":"https:\/\/www.envsin-testchamber.com\/ar\/wp-json\/wp\/v2\/product_category?post=341"}],"curies":[{"name":"\u062f\u0628\u0644\u064a\u0648 \u0628\u064a","href":"https:\/\/api.w.org\/{rel}","templated":true}]}}