{"id":255,"date":"2026-03-23T10:49:50","date_gmt":"2026-03-23T02:49:50","guid":{"rendered":"https:\/\/www.envsin-testchamber.com\/?post_type=product&#038;p=255"},"modified":"2026-05-08T14:59:51","modified_gmt":"2026-05-08T06:59:51","slug":"liquid-bath-shock-test-chamber","status":"publish","type":"product","link":"https:\/\/www.envsin-testchamber.com\/ar\/product\/liquid-bath-shock-test-chamber\/","title":{"rendered":"\u063a\u0631\u0641\u0629 \u0627\u062e\u062a\u0628\u0627\u0631 \u0635\u062f\u0645\u0629 \u0627\u0644\u062d\u0645\u0627\u0645 \u0627\u0644\u0633\u0627\u0626\u0644"},"content":{"rendered":"<p style=\"text-align: center;\"><span style=\"font-family: arial, helvetica, sans-serif;\"><strong>\u0645\u0639\u0644\u0645\u0627\u062a \u0627\u0644\u0645\u0646\u062a\u062c<\/strong><\/span><\/p>\n<table style=\"width: 100%; border-collapse: collapse; border: 1px solid #ccc;\" border=\"1\" cellspacing=\"0\" cellpadding=\"8\">\n<thead>\n<tr style=\"background-color: #f0f4f9;\">\n<th style=\"border: 1px solid #ccc; text-align: left; padding: 10px;\">\u0627\u0644\u0645\u0639\u0644\u0645\u0629 \/ \u0627\u0644\u0639\u0646\u0635\u0631<\/th>\n<th style=\"border: 1px solid #ccc; text-align: left; padding: 10px;\">EYC603S2<\/th>\n<th style=\"border: 1px solid #ccc; text-align: left; padding: 10px;\">EYC605S2<\/th>\n<\/tr>\n<\/thead>\n<tbody>\n<tr>\n<td style=\"border: 1px solid #ccc; padding: 10px;\">\u062d\u062c\u0645 \u0627\u0644\u0627\u062e\u062a\u0628\u0627\u0631 (\u0644\u062a\u0631)<\/td>\n<td style=\"border: 1px solid #ccc; padding: 10px;\">2.6 L<\/td>\n<td style=\"border: 1px solid #ccc; padding: 10px;\">4.5 L<\/td>\n<\/tr>\n<tr>\n<td style=\"border: 1px solid #ccc; padding: 10px;\">\u0647\u064a\u0643\u0644 \u0627\u0644\u0646\u0638\u0627\u0645<\/td>\n<td style=\"border: 1px solid #ccc; padding: 10px;\" colspan=\"2\">\u0646\u0648\u0639 \u0646\u0642\u0644 \u0627\u0644\u062a\u0639\u0644\u064a\u0642 \u0627\u0644\u0645\u064a\u0643\u0627\u0646\u064a\u0643\u064a \u0627\u0644\u0623\u0648\u062a\u0648\u0645\u0627\u062a\u064a\u0643\u064a \u0627\u0644\u0645\u064a\u0643\u0627\u0646\u064a\u0643\u064a \u0648\u062d\u0648\u0636 \u0633\u0627\u0626\u0644 \u0628\u062f\u0631\u062c\u0629 \u062d\u0631\u0627\u0631\u0629 \u0639\u0627\u0644\u064a\u0629\u060c \u0648\u062d\u0648\u0636 \u0633\u0627\u0626\u0644 \u0628\u062f\u0631\u062c\u0629 \u062d\u0631\u0627\u0631\u0629 \u0645\u0646\u062e\u0641\u0636\u0629\u060c \u0648\u063a\u0631\u0641\u0629 \u0647\u0648\u0627\u0621 \u0628\u0627\u0631\u062f<\/td>\n<\/tr>\n<tr>\n<td style=\"border: 1px solid #ccc; padding: 10px;\">\u0648\u0633\u064a\u0637 \u0627\u0644\u0627\u062e\u062a\u0628\u0627\u0631 \u0627\u0644\u0633\u0627\u0626\u0644<\/td>\n<td style=\"border: 1px solid #ccc; padding: 10px;\" colspan=\"2\">\u0632\u064a\u062a \u0627\u0644\u0641\u0644\u0648\u0631\u0648\u0643\u0631\u0628\u0648\u0646\u060c \u063a\u0645\u0631 \u062d\u0645\u0627\u0645 \u0627\u0644\u0632\u064a\u062a \u0628\u0627\u0644\u0632\u064a\u062a<\/td>\n<\/tr>\n<tr>\n<td style=\"border: 1px solid #ccc; padding: 10px;\">\u0646\u0637\u0627\u0642 \u062f\u0631\u062c\u0629 \u062d\u0631\u0627\u0631\u0629 \u0627\u0644\u062e\u0632\u0627\u0646 \u0630\u0648 \u062f\u0631\u062c\u0629 \u0627\u0644\u062d\u0631\u0627\u0631\u0629 \u0627\u0644\u0639\u0627\u0644\u064a\u0629<\/td>\n<td style=\"border: 1px solid #ccc; padding: 10px;\">+70\u2103 ~ +150\u2103<\/td>\n<td style=\"border: 1px solid #ccc; padding: 10px;\">+70\u2103 ~ +150\u2103<\/td>\n<\/tr>\n<tr>\n<td style=\"border: 1px solid #ccc; padding: 10px;\">\u0646\u0637\u0627\u0642 \u062f\u0631\u062c\u0629 \u062d\u0631\u0627\u0631\u0629 \u0627\u0644\u062e\u0632\u0627\u0646 \u0645\u0646\u062e\u0641\u0636\u0629 \u0627\u0644\u062d\u0631\u0627\u0631\u0629<\/td>\n<td style=\"border: 1px solid #ccc; padding: 10px;\">-65\u2103 ~ 0\u2103<\/td>\n<td style=\"border: 1px solid #ccc; padding: 10px;\">-65\u2103 ~ 0\u2103<\/td>\n<\/tr>\n<tr>\n<td style=\"border: 1px solid #ccc; padding: 10px;\">\u062a\u0630\u0628\u0630\u0628 \u062f\u0631\u062c\u0629 \u0627\u0644\u062d\u0631\u0627\u0631\u0629<\/td>\n<td style=\"border: 1px solid #ccc; padding: 10px;\">\u2264 \u00b10.5\u2103<\/td>\n<td style=\"border: 1px solid #ccc; padding: 10px;\">\u2264 \u00b10.5\u2103<\/td>\n<\/tr>\n<tr>\n<td style=\"border: 1px solid #ccc; padding: 10px;\">\u0627\u0646\u062a\u0638\u0627\u0645 \u062f\u0631\u062c\u0629 \u0627\u0644\u062d\u0631\u0627\u0631\u0629<\/td>\n<td style=\"border: 1px solid #ccc; padding: 10px;\">\u2264 2.0\u2103<\/td>\n<td style=\"border: 1px solid #ccc; padding: 10px;\">\u2264 2.0\u2103<\/td>\n<\/tr>\n<tr>\n<td style=\"border: 1px solid #ccc; padding: 10px;\">\u0627\u0646\u062d\u0631\u0627\u0641 \u062f\u0631\u062c\u0629 \u0627\u0644\u062d\u0631\u0627\u0631\u0629<\/td>\n<td style=\"border: 1px solid #ccc; padding: 10px;\">\u2264 \u00b12.0\u2103<\/td>\n<td style=\"border: 1px solid #ccc; padding: 10px;\">\u2264 \u00b12.0\u2103<\/td>\n<\/tr>\n<tr>\n<td style=\"border: 1px solid #ccc; padding: 10px;\">\u0623\u062f\u0627\u0621 \u0627\u0644\u062d\u0645\u0627\u0645 \u0641\u064a \u062f\u0631\u062c\u0627\u062a \u0627\u0644\u062d\u0631\u0627\u0631\u0629 \u0627\u0644\u0639\u0627\u0644\u064a\u0629 \u0648\u0627\u0644\u0645\u0646\u062e\u0641\u0636\u0629<br \/>\n(\u0627\u0644\u062a\u0633\u062e\u064a\u0646 \u0627\u0644\u0645\u0633\u0628\u0642\/\u0627\u0644\u062a\u0628\u0631\u064a\u062f \u0627\u0644\u0645\u0633\u0628\u0642)<\/td>\n<td style=\"border: 1px solid #ccc; padding: 10px;\"><strong>\u0627\u0644\u062a\u0633\u062e\u064a\u0646 \u0627\u0644\u0645\u0633\u0628\u0642 \u0628\u062f\u0631\u062c\u0629 \u062d\u0631\u0627\u0631\u0629 \u0639\u0627\u0644\u064a\u0629:<\/strong> +70\u2103 ~ +200\u2103<br \/>\n\u0648\u0642\u062a \u0627\u0644\u062a\u0633\u062e\u064a\u0646: \u0641\u064a \u0627\u0644\u0628\u064a\u0626\u0629 \u0627\u0644\u0645\u062d\u064a\u0637\u0629 \u2192 +200 \u2103 80 \u062f\u0642\u064a\u0642\u0629 \u062a\u0642\u0631\u064a\u0628\u064b\u0627<br \/>\n<strong>\u062a\u0628\u0631\u064a\u062f \u0645\u0633\u0628\u0642 \u0628\u062f\u0631\u062c\u0629 \u062d\u0631\u0627\u0631\u0629 \u0645\u0646\u062e\u0641\u0636\u0629:<\/strong> -70\u2103 ~ 0\u2103<br \/>\n\u0648\u0642\u062a \u0627\u0644\u062a\u0647\u062f\u0626\u0629: \u0627\u0644\u0645\u062d\u064a\u0637 \u2192 -70 \u2103 -90 \u062f\u0642\u064a\u0642\u0629 \u062a\u0642\u0631\u064a\u0628\u064b\u0627<\/td>\n<td style=\"border: 1px solid #ccc; padding: 10px;\"><strong>\u0627\u0644\u062a\u0633\u062e\u064a\u0646 \u0627\u0644\u0645\u0633\u0628\u0642 \u0628\u062f\u0631\u062c\u0629 \u062d\u0631\u0627\u0631\u0629 \u0639\u0627\u0644\u064a\u0629:<\/strong> +70\u2103 ~ +200\u2103<br \/>\n\u0648\u0642\u062a \u0627\u0644\u062a\u0633\u062e\u064a\u0646: \u0641\u064a \u0627\u0644\u0628\u064a\u0626\u0629 \u0627\u0644\u0645\u062d\u064a\u0637\u0629 \u2192 +200 \u2103 80 \u062f\u0642\u064a\u0642\u0629 \u062a\u0642\u0631\u064a\u0628\u064b\u0627<br \/>\n<strong>\u062a\u0628\u0631\u064a\u062f \u0645\u0633\u0628\u0642 \u0628\u062f\u0631\u062c\u0629 \u062d\u0631\u0627\u0631\u0629 \u0645\u0646\u062e\u0641\u0636\u0629:<\/strong> -70\u2103 ~ 0\u2103<br \/>\n\u0648\u0642\u062a \u0627\u0644\u062a\u0647\u062f\u0626\u0629: \u0627\u0644\u0645\u062d\u064a\u0637 \u2192 -70 \u2103 -90 \u062f\u0642\u064a\u0642\u0629 \u062a\u0642\u0631\u064a\u0628\u064b\u0627<\/td>\n<\/tr>\n<tr>\n<td style=\"border: 1px solid #ccc; padding: 10px;\">\u0628\u064a\u0626\u0629 \u063a\u0631\u0641\u0629 \u0627\u0644\u0647\u0648\u0627\u0621 \u0627\u0644\u0628\u0627\u0631\u062f<\/td>\n<td style=\"border: 1px solid #ccc; padding: 10px;\" colspan=\"2\">\u062f\u0631\u062c\u0629 \u0627\u0644\u062d\u0631\u0627\u0631\u0629 &lt; 25 \u062f\u0631\u062c\u0629 \u0645\u0626\u0648\u064a\u0629\u061b \u0627\u0644\u0631\u0637\u0648\u0628\u0629 \u0627\u0644\u0646\u0633\u0628\u064a\u0629 &lt; 65% RH<\/td>\n<\/tr>\n<tr>\n<td style=\"border: 1px solid #ccc; padding: 10px;\">\u0648\u0642\u062a \u0627\u0633\u062a\u0631\u062f\u0627\u062f \u062f\u0631\u062c\u0629 \u0627\u0644\u062d\u0631\u0627\u0631\u0629<\/td>\n<td style=\"border: 1px solid #ccc; padding: 10px;\">&lt; \u0623\u0642\u0644 \u0645\u0646 5 \u062f\u0642\u0627\u0626\u0642<\/td>\n<td style=\"border: 1px solid #ccc; padding: 10px;\">&lt; \u0623\u0642\u0644 \u0645\u0646 5 \u062f\u0642\u0627\u0626\u0642<\/td>\n<\/tr>\n<tr>\n<td style=\"border: 1px solid #ccc; padding: 10px;\">\u0648\u0642\u062a \u0646\u0642\u0644 \u062f\u0631\u062c\u0629 \u0627\u0644\u062d\u0631\u0627\u0631\u0629<\/td>\n<td style=\"border: 1px solid #ccc; padding: 10px;\">&lt; \u0623\u0642\u0644 \u0645\u0646 10 \u062b\u0648\u0627\u0646\u064d<\/td>\n<td style=\"border: 1px solid #ccc; padding: 10px;\">&lt; \u0623\u0642\u0644 \u0645\u0646 10 \u062b\u0648\u0627\u0646\u064d<\/td>\n<\/tr>\n<tr>\n<td style=\"border: 1px solid #ccc; padding: 10px;\">\u062d\u062c\u0645 \u0633\u0644\u0629 \u0627\u0644\u0639\u064a\u0646\u0627\u062a (\u0627\u0644\u0637\u0648\u0644\u00d7\u0627\u0644\u0639\u0631\u0636\u00d7\u0627\u0644\u0627\u0631\u062a\u0641\u0627\u0639)<\/td>\n<td style=\"border: 1px solid #ccc; padding: 10px;\">120 \u00d7 120 \u00d7 180 \u0645\u0645<\/td>\n<td style=\"border: 1px solid #ccc; padding: 10px;\">150 \u00d7 150 \u00d7 150 \u00d7 200 \u0645\u0645<\/td>\n<\/tr>\n<tr>\n<td style=\"border: 1px solid #ccc; padding: 10px;\">\u0623\u0628\u0639\u0627\u062f \u0627\u0644\u062d\u0645\u0627\u0645 \u0627\u0644\u0633\u0627\u0626\u0644 \u0627\u0644\u062f\u0627\u062e\u0644\u064a\u0629 (\u0627\u0644\u0637\u0648\u0644\u00d7\u0627\u0644\u0639\u0631\u0636\u00d7\u0627\u0644\u0627\u0631\u062a\u0641\u0627\u0639)<\/td>\n<td style=\"border: 1px solid #ccc; padding: 10px;\">250 \u00d7 350 \u00d7 400 \u0645\u0645<\/td>\n<td style=\"border: 1px solid #ccc; padding: 10px;\">280 \u00d7 380 \u00d7 420 \u0645\u0645<\/td>\n<\/tr>\n<tr>\n<td style=\"border: 1px solid #ccc; padding: 10px;\">\u0627\u0644\u0623\u0628\u0639\u0627\u062f \u0627\u0644\u062e\u0627\u0631\u062c\u064a\u0629 (\u0627\u0644\u0637\u0648\u0644\u00d7\u0627\u0644\u0639\u0631\u0636\u00d7\u0627\u0644\u0627\u0631\u062a\u0641\u0627\u0639)<\/td>\n<td style=\"border: 1px solid #ccc; padding: 10px;\">1000 \u00d7 1750 \u00d7 1910 \u0645\u0645<\/td>\n<td style=\"border: 1px solid #ccc; padding: 10px;\">1160 \u00d7 2020 \u00d7 2210 \u0645\u0645<\/td>\n<\/tr>\n<tr>\n<td style=\"border: 1px solid #ccc; padding: 10px;\">\u0645\u0632\u0648\u062f \u0627\u0644\u0637\u0627\u0642\u0629<\/td>\n<td style=\"border: 1px solid #ccc; padding: 10px;\" colspan=\"2\">\u062a\u064a\u0627\u0631 \u0645\u062a\u0631\u062f\u062f 380 \u0641\u0648\u0644\u062a \u00b110%\u060c 50 \u0647\u0631\u062a\u0632 \u00b1 1\u060c 3 \u0645\u0631\u0627\u062d\u0644 4 \u0623\u0633\u0644\u0627\u0643 + \u062a\u0623\u0631\u064a\u0636 (3\/N\/PE)\u060c \u0645\u0642\u0627\u0648\u0645\u0629 \u0627\u0644\u062a\u0623\u0631\u064a\u0636 &lt;4\u03a9<\/td>\n<\/tr>\n<tr>\n<td style=\"border: 1px solid #ccc; padding: 10px;\">\u0637\u0631\u064a\u0642\u0629 \u0627\u0644\u062a\u0628\u0631\u064a\u062f<\/td>\n<td style=\"border: 1px solid #ccc; padding: 10px;\" colspan=\"2\">\u0627\u0644\u0646\u0648\u0639 \u0627\u0644\u0645\u0628\u0631\u062f \u0628\u0627\u0644\u0645\u0627\u0621<\/td>\n<\/tr>\n<\/tbody>\n<\/table>\n<p>&nbsp;<\/p>\n<p><strong>\u0645\u064a\u0632\u0627\u062a \u0627\u0644\u0645\u0646\u062a\u062c<\/strong><\/p>\n<p>1. \u062a\u0635\u0645\u064a\u0645 \u062d\u062f\u064a\u062b\u060c \u0648\u0623\u062d\u062f\u062b \u062a\u0642\u0646\u064a\u0627\u062a \u0627\u0644\u062a\u0635\u0646\u064a\u0639 \u0627\u0644\u0645\u0639\u064a\u0627\u0631\u064a\u0629\u060c \u0648\u0642\u062f\u0631\u0627\u062a \u062a\u062d\u0643\u0645 \u0645\u062b\u0627\u0644\u064a\u0629.<br \/>\n2. \u062a\u0635\u0645\u064a\u0645 \u0641\u0631\u064a\u062f \u0644\u0644\u0648\u0633\u0637 \u0627\u0644\u0633\u0627\u0626\u0644 \u064a\u0644\u0628\u064a \u0645\u062a\u0637\u0644\u0628\u0627\u062a \u0627\u062e\u062a\u0628\u0627\u0631 \u0623\u0643\u062b\u0631 \u0635\u0631\u0627\u0645\u0629\u060c \u0645\u0645\u0627 \u064a\u062d\u0633\u0646 \u0643\u0641\u0627\u0621\u0629 \u0627\u0644\u0627\u062e\u062a\u0628\u0627\u0631.<br \/>\n3. \u062a\u0635\u0645\u064a\u0645 \u0645\u0627\u0646\u0639 \u062a\u0633\u0631\u0628 \u0645\u0639\u0632\u0632 \u064a\u0642\u0644\u0644 \u0645\u0646 \u0641\u0642\u062f\u0627\u0646 \u062a\u0628\u062e\u0631 \u0627\u0644\u0648\u0633\u0627\u0626\u0637\u061b \u062a\u0635\u0645\u064a\u0645 \u0641\u0639\u0627\u0644 \u0648\u0639\u0645\u0644\u064a \u0644\u0641\u0635\u0644 \u0627\u0644\u0632\u064a\u062a \u0639\u0646 \u0627\u0644\u0633\u0627\u0626\u0644 \u0648\u0627\u0633\u062a\u0639\u0627\u062f\u062a\u0647.<br \/>\n4. \u062a\u0635\u0645\u064a\u0645 \u0646\u0627\u0641\u0630\u0629 \u0639\u0631\u0636 \u0645\u0633\u062a\u0642\u0644\u0629 \u0633\u0647\u0644\u0629 \u0627\u0644\u0627\u0633\u062a\u062e\u062f\u0627\u0645 \u0641\u064a \u0645\u0646\u0637\u0642\u0629 \u0627\u0644\u0627\u062e\u062a\u0628\u0627\u0631 \u064a\u0633\u0647\u0644 \u0645\u0631\u0627\u0642\u0628\u0629 \u0639\u064a\u0646\u0627\u062a \u0627\u0644\u0627\u062e\u062a\u0628\u0627\u0631 \u0641\u064a \u0627\u0644\u0648\u0642\u062a \u0627\u0644\u062d\u0642\u064a\u0642\u064a.<br \/>\n5. \u0646\u0638\u0627\u0645 \u062a\u062d\u0643\u0645 \u0628\u0634\u0627\u0634\u0629 \u0645\u0644\u0648\u0646\u0629 32 \u0628\u062a \u0645\u0632\u0648\u062f \u0628\u0648\u0638\u0627\u0626\u0641 \u0627\u0644\u0625\u062f\u0627\u0631\u0629 \u0627\u0644\u0625\u0644\u0643\u062a\u0631\u0648\u0646\u064a\u0629 \u0628\u0634\u0628\u0643\u0629 \u0625\u064a\u062b\u0631\u0646\u062a E-\u0625\u064a \u0648\u0648\u0638\u0627\u0626\u0641 \u0627\u0644\u0648\u0635\u0648\u0644 \u0625\u0644\u0649 \u0628\u064a\u0627\u0646\u0627\u062a USB.<br \/>\n6. \u0625\u062f\u0627\u0631\u0629 \u0645\u0646\u0635\u0629 \u0627\u0644\u0647\u0627\u062a\u0641 \u0627\u0644\u0645\u062d\u0645\u0648\u0644 APP \u0627\u0644\u0642\u0627\u0628\u0644\u0629 \u0644\u0644\u062a\u0648\u0633\u064a\u0639.<br \/>\n7. \u064a\u062a\u0645\u064a\u0632 \u0628\u0631\u0646\u0627\u0645\u062c \u0627\u0644\u0627\u062e\u062a\u0628\u0627\u0631 \u0628\u0648\u0638\u0627\u0626\u0641 \u0625\u0639\u0627\u062f\u0629 \u0636\u0628\u0637 \u0630\u0643\u064a\u0629 \u0633\u0647\u0644\u0629 \u0627\u0644\u0627\u0633\u062a\u0639\u0645\u0627\u0644 \u0644\u0625\u064a\u0642\u0627\u0641 \u0627\u0644\u062a\u0634\u063a\u064a\u0644\u060c \u0648\u0627\u0633\u062a\u0645\u0631\u0627\u0631 \u0627\u0644\u0630\u0627\u0643\u0631\u0629 \u0627\u0644\u062a\u0644\u0642\u0627\u0626\u064a\u060c \u0648\u0648\u0638\u0627\u0626\u0641 \u0628\u062f\u0621 \u0627\u0644\u062a\u0634\u063a\u064a\u0644 \u0627\u0644\u062a\u0644\u0642\u0627\u0626\u064a. \u064a\u062d\u062a\u0648\u064a \u0627\u0644\u062c\u0647\u0627\u0632 \u0639\u0644\u0649 \u062a\u0635\u0627\u0645\u064a\u0645 \u0630\u0643\u064a\u0629 \u0648\u0645\u0633\u062a\u0642\u0644\u0629 \u0644\u0645\u0631\u0627\u0642\u0628\u0629 \u0627\u0644\u062d\u0645\u0644 \u0627\u0644\u0632\u0627\u0626\u062f\u060c \u0648\u0627\u0644\u062d\u0631\u0627\u0631\u0629 \u0627\u0644\u0632\u0627\u0626\u062f\u0629\u060c \u0648\u0634\u0630\u0648\u0630 \u0627\u0644\u0637\u0627\u0642\u0629\u060c \u0648\u0627\u0644\u0636\u063a\u0637 \u0627\u0644\u0632\u0627\u0626\u062f\u060c \u0648\u062a\u0635\u0645\u064a\u0645\u0627\u062a \u0645\u0631\u0627\u0642\u0628\u0629 \u0648\u062d\u0645\u0627\u064a\u0629 \u0623\u0639\u0637\u0627\u0644 \u0627\u0644\u0645\u0634\u063a\u0644.<br \/>\n8. \u0648\u0638\u064a\u0641\u0629 \u0645\u0631\u0627\u0642\u0628\u0629 \u0641\u064a\u062f\u064a\u0648 \u0627\u0644\u0634\u0628\u0643\u0629 \u0627\u0644\u0642\u0627\u0628\u0644\u0629 \u0644\u0644\u062a\u0648\u0633\u064a\u0639 \u0648\u0627\u0644\u0645\u062a\u0632\u0627\u0645\u0646\u0629 \u0645\u0639 \u0627\u062e\u062a\u0628\u0627\u0631 \u0627\u0644\u0628\u064a\u0627\u0646\u0627\u062a.<br \/>\n9. \u062a\u0642\u0646\u064a\u0629 \u0630\u0643\u064a\u0629 \u0648\u0641\u0639\u0627\u0644\u0629 \u0644\u0644\u062a\u062d\u0643\u0645 \u0641\u064a \u062a\u062f\u0641\u0642 \u0627\u0644\u062a\u0628\u0631\u064a\u062f \u0627\u0644\u0645\u0624\u0627\u0632\u0631 \u0627\u0644\u0630\u0643\u064a \u0648\u0627\u0644\u0641\u0639\u0627\u0644\u060c \u0648\u0645\u0648\u0641\u0631\u0629 \u0644\u0644\u0637\u0627\u0642\u0629\u060c \u0648\u0627\u0631\u062a\u0641\u0627\u0639 \u0648\u0627\u0646\u062e\u0641\u0627\u0636 \u0633\u0631\u064a\u0639 \u0648\u062f\u0642\u064a\u0642 \u0641\u064a \u062f\u0631\u062c\u0629 \u0627\u0644\u062d\u0631\u0627\u0631\u0629.<br \/>\n10. \u0627\u0644\u062a\u0630\u0643\u064a\u0631 \u0627\u0644\u062a\u0644\u0642\u0627\u0626\u064a \u0628\u0648\u0642\u062a \u0635\u064a\u0627\u0646\u0629 \u0627\u0644\u0645\u0639\u062f\u0627\u062a \u0648\u0648\u0638\u064a\u0641\u0629 \u062a\u0635\u0645\u064a\u0645 \u0628\u0631\u0646\u0627\u0645\u062c \u062a\u0633\u062c\u064a\u0644 \u0627\u0644\u0623\u0639\u0637\u0627\u0644 \u0644\u0646\u0638\u0627\u0645 \u0627\u0644\u062a\u062d\u0643\u0645.<br \/>\n11. \u064a\u0645\u0643\u0646 \u062a\u0648\u0633\u064a\u0639 \u0627\u0644\u0645\u0639\u062f\u0627\u062a \u0628\u0642\u062f\u0631\u0627\u062a \u0627\u0644\u062e\u062f\u0645\u0629 \u0639\u0646 \u0628\u0639\u062f \u0648\u062a\u0648\u0641\u064a\u0631 \u0623\u0642\u0631\u0627\u0635 \u0645\u062f\u0645\u062c\u0629 \u062a\u0639\u0644\u064a\u0645\u064a\u0629 \u0644\u0644\u0627\u0633\u062a\u062e\u062f\u0627\u0645 \u0627\u0644\u0645\u062a\u0643\u0627\u0645\u0644.<\/p>\n<p><strong>\u0627\u0644\u062a\u0637\u0628\u064a\u0642\u0627\u062a \u0648\u0627\u0644\u0633\u064a\u0646\u0627\u0631\u064a\u0648\u0647\u0627\u062a<\/strong><\/p>\n<p>\u0645\u0646\u0627\u0633\u0628 \u0644\u0627\u062e\u062a\u0628\u0627\u0631 \u0642\u0627\u0628\u0644\u064a\u0629 \u0627\u0644\u062a\u0643\u064a\u0641 (\u0627\u0644\u0635\u062f\u0645\u0629) \u0644\u0644\u0645\u0639\u062f\u0627\u062a \u0641\u064a \u0635\u0646\u0627\u0639\u0629 \u0627\u0644\u062f\u0641\u0627\u0639\u060c \u0648\u0635\u0646\u0627\u0639\u0629 \u0627\u0644\u0637\u064a\u0631\u0627\u0646\u060c \u0648\u0627\u0644\u0635\u0646\u0627\u0639\u0629 \u0627\u0644\u0639\u0633\u0643\u0631\u064a\u0629\u060c \u0648\u0627\u0644\u0635\u0646\u0627\u0639\u0627\u062a \u0627\u0644\u0639\u0633\u0643\u0631\u064a\u0629\u060c \u0648\u0645\u0643\u0648\u0646\u0627\u062a \u0627\u0644\u0623\u062a\u0645\u062a\u0629\u060c \u0648\u0642\u0637\u0639 \u063a\u064a\u0627\u0631 \u0627\u0644\u0633\u064a\u0627\u0631\u0627\u062a\u060c \u0648\u0627\u0644\u0637\u0627\u0642\u0629 \u0627\u0644\u062c\u062f\u064a\u062f\u0629\u060c \u0648\u0645\u0643\u0648\u0646\u0627\u062a \u0627\u0644\u0623\u062f\u0648\u0627\u062a \u0627\u0644\u0625\u0644\u0643\u062a\u0631\u0648\u0646\u064a\u0629 \u0648\u0627\u0644\u0643\u0647\u0631\u0628\u0627\u0626\u064a\u0629\u060c \u0648\u0627\u0644\u0645\u0646\u062a\u062c\u0627\u062a \u0627\u0644\u0643\u0647\u0631\u0628\u0627\u0626\u064a\u0629\u060c \u0648\u0627\u0644\u0645\u0646\u062a\u062c\u0627\u062a \u0627\u0644\u0643\u0647\u0631\u0628\u0627\u0626\u064a\u0629\u060c \u0648\u0627\u0644\u0628\u0644\u0627\u0633\u062a\u064a\u0643\u060c \u0648\u0627\u0644\u0635\u0646\u0627\u0639\u0627\u062a \u0627\u0644\u0643\u064a\u0645\u064a\u0627\u0626\u064a\u0629\u060c \u0648\u0627\u0644\u0635\u0646\u0627\u0639\u0627\u062a \u0627\u0644\u063a\u0630\u0627\u0626\u064a\u0629\u060c \u0648 BGA\u060c \u0648\u0631\u0643\u064a\u0632\u0629 \u062b\u0646\u0627\u0626\u064a \u0627\u0644\u0641\u064a\u0646\u064a\u0644 \u0645\u062a\u0639\u062f\u062f \u0627\u0644\u0643\u0644\u0648\u0631\u060c \u0648\u0627\u0644\u0631\u0642\u0627\u0626\u0642 \u0627\u0644\u0625\u0644\u0643\u062a\u0631\u0648\u0646\u064a\u0629 IC\u060c \u0648\u0635\u0646\u0627\u0639\u0629 \u0633\u064a\u0631\u0627\u0645\u064a\u0643 \u0623\u0634\u0628\u0627\u0647 \u0627\u0644\u0645\u0648\u0635\u0644\u0627\u062a \u0648\u0627\u0644\u0645\u0646\u062a\u062c\u0627\u062a \u0630\u0627\u062a \u0627\u0644\u0635\u0644\u0629 \u0641\u064a \u0638\u0644 \u0638\u0631\u0648\u0641 \u0627\u0644\u062a\u063a\u064a\u0631\u0627\u062a \u0627\u0644\u0633\u0631\u064a\u0639\u0629 \u0641\u064a \u062f\u0631\u062c\u0629 \u062d\u0631\u0627\u0631\u0629 \u0627\u0644\u063a\u0644\u0627\u0641 \u0627\u0644\u062c\u0648\u064a \u0627\u0644\u0645\u062d\u064a\u0637. \u0645\u0646\u0627\u0633\u0628\u0629 \u0644\u0627\u062e\u062a\u0628\u0627\u0631 \u0625\u062c\u0647\u0627\u062f \u0627\u0644\u0634\u062f \u0627\u0644\u0645\u062a\u0643\u0631\u0631 \u0644\u0644\u0623\u062f\u0648\u0627\u062a \u0648\u0627\u0644\u0639\u062f\u0627\u062f\u0627\u062a \u0648\u0627\u0644\u0645\u0646\u062a\u062c\u0627\u062a \u0648\u0627\u0644\u0645\u0643\u0648\u0646\u0627\u062a \u0627\u0644\u0643\u0647\u0631\u0628\u0627\u0626\u064a\u0629 \u0648\u0627\u0644\u0625\u0644\u0643\u062a\u0631\u0648\u0646\u064a\u0629 \u0641\u064a \u0638\u0644 \u0627\u0644\u062a\u063a\u064a\u0631\u0627\u062a \u0627\u0644\u0633\u0631\u064a\u0639\u0629 \u0623\u0648 \u0627\u0644\u062a\u062f\u0631\u064a\u062c\u064a\u0629 \u0641\u064a \u062f\u0631\u062c\u0627\u062a \u0627\u0644\u062d\u0631\u0627\u0631\u0629\u060c \u0648\u0643\u0630\u0644\u0643 \u0627\u0644\u062a\u063a\u064a\u0631\u0627\u062a \u0627\u0644\u0643\u064a\u0645\u064a\u0627\u0626\u064a\u0629 \u0623\u0648 \u0627\u0644\u0623\u0636\u0631\u0627\u0631 \u0627\u0644\u0645\u0627\u062f\u064a\u0629 \u0627\u0644\u0646\u0627\u062c\u0645\u0629 \u0639\u0646 \u0627\u0644\u062a\u0645\u062f\u062f \u0648\u0627\u0644\u0627\u0646\u0643\u0645\u0627\u0634 \u0627\u0644\u062d\u0631\u0627\u0631\u064a\u060c \u0644\u062a\u0623\u0643\u064a\u062f \u062c\u0648\u062f\u0629 \u0627\u0644\u0645\u0646\u062a\u062c.<\/p>","protected":false},"author":1,"featured_media":782,"template":"","meta":{"_acf_changed":false},"product_category":[6],"class_list":["post-255","product","type-product","status-publish","has-post-thumbnail","hentry","product_category-environmental-stress-screening-ess-series"],"acf":[],"_links":{"self":[{"href":"https:\/\/www.envsin-testchamber.com\/ar\/wp-json\/wp\/v2\/product\/255","targetHints":{"allow":["GET"]}}],"collection":[{"href":"https:\/\/www.envsin-testchamber.com\/ar\/wp-json\/wp\/v2\/product"}],"about":[{"href":"https:\/\/www.envsin-testchamber.com\/ar\/wp-json\/wp\/v2\/types\/product"}],"author":[{"embeddable":true,"href":"https:\/\/www.envsin-testchamber.com\/ar\/wp-json\/wp\/v2\/users\/1"}],"wp:featuredmedia":[{"embeddable":true,"href":"https:\/\/www.envsin-testchamber.com\/ar\/wp-json\/wp\/v2\/media\/782"}],"wp:attachment":[{"href":"https:\/\/www.envsin-testchamber.com\/ar\/wp-json\/wp\/v2\/media?parent=255"}],"wp:term":[{"taxonomy":"product_category","embeddable":true,"href":"https:\/\/www.envsin-testchamber.com\/ar\/wp-json\/wp\/v2\/product_category?post=255"}],"curies":[{"name":"\u062f\u0628\u0644\u064a\u0648 \u0628\u064a","href":"https:\/\/api.w.org\/{rel}","templated":true}]}}