{"id":234,"date":"2026-03-23T10:21:18","date_gmt":"2026-03-23T02:21:18","guid":{"rendered":"https:\/\/www.envsin-testchamber.com\/?post_type=product&#038;p=234"},"modified":"2026-05-08T14:57:55","modified_gmt":"2026-05-08T06:57:55","slug":"walk-in-high-and-low-temperature-humidity-cycle-test-room","status":"publish","type":"product","link":"https:\/\/www.envsin-testchamber.com\/ar\/product\/walk-in-high-and-low-temperature-humidity-cycle-test-room\/","title":{"rendered":"\u063a\u0631\u0641\u0629 \u0627\u062e\u062a\u0628\u0627\u0631 \u0627\u0644\u0631\u0637\u0648\u0628\u0629 \u0641\u064a \u062f\u0631\u062c\u0627\u062a \u0627\u0644\u062d\u0631\u0627\u0631\u0629 \u0627\u0644\u0645\u0631\u062a\u0641\u0639\u0629 \u0648\u0627\u0644\u0645\u0646\u062e\u0641\u0636\u0629 | \u0627\u062e\u062a\u0628\u0627\u0631 ISO 16750"},"content":{"rendered":"<p><strong>Product \u00b7 Features<\/strong><\/p>\n<p>1. \u0627\u0639\u062a\u0645\u0627\u062f \u062a\u0643\u0646\u0648\u0644\u0648\u062c\u064a\u0627 \u0645\u0639\u0627\u0644\u062c\u0629 \u0627\u0644\u0645\u0633\u062a\u0648\u062f\u0639\u0627\u062a \u0627\u0644\u062f\u0648\u0644\u064a\u0629 \u0627\u0644\u0623\u0643\u062b\u0631 \u062a\u0642\u062f\u0645\u064b\u0627 \u0648\u0627\u0644\u062a\u0635\u0645\u064a\u0645 \u0627\u0644\u062d\u062f\u064a\u062b \u0648\u0627\u0644\u0642\u062f\u0631\u0629 \u0639\u0644\u0649 \u0627\u0644\u062a\u062d\u0643\u0645 \u0627\u0644\u0645\u062b\u0627\u0644\u064a.<br \/>\n2. \u0627\u0644\u0631\u0627\u0626\u062f\u0629 \u0641\u064a \u0639\u0645\u0644\u064a\u0629 \u062a\u0631\u0643\u064a\u0628 \u062a\u0643\u0646\u0648\u0644\u0648\u062c\u064a\u0627 \u0627\u0644\u0644\u062d\u0627\u0645 \u0627\u0644\u0643\u0627\u0645\u0644\u0629\u060c \u0648\u062f\u0631\u062c\u0629 \u0627\u0644\u062d\u0631\u0627\u0631\u0629 \u0627\u0644\u0639\u0627\u0644\u064a\u0629 \u0627\u0644\u062f\u0627\u0626\u0645\u0629 \u0648\u0627\u0644\u0631\u0637\u0648\u0628\u0629 \u0627\u0644\u0639\u0627\u0644\u064a\u0629 \u0623\u0648 \u062f\u0631\u062c\u0629 \u0627\u0644\u062d\u0631\u0627\u0631\u0629 \u0627\u0644\u0639\u0627\u0644\u064a\u0629 \u062f\u0648\u0646 \u062a\u0634\u0648\u0647.<br \/>\n3. \u062a\u0635\u0645\u064a\u0645 \u0623\u0645\u0627\u0646 \u062e\u0627\u0635 \u0645\u0639 \u0648\u0638\u0627\u0626\u0641 \u0627\u0644\u062d\u0645\u0627\u064a\u0629 \u0645\u0646 \u0627\u0644\u062d\u0631\u0627\u0631\u0629 \u0627\u0644\u0632\u0627\u0626\u062f\u0629\u060c \u0648\u0627\u0644\u062f\u062e\u0627\u0646\u060c \u0648\u0639\u062f\u0645 \u0648\u062c\u0648\u062f \u0631\u064a\u0627\u062d\u060c \u0648\u0648\u0638\u0627\u0626\u0641 \u0627\u0644\u062d\u0645\u0627\u064a\u0629 \u0645\u0646 \u0627\u0644\u062a\u0647\u0648\u064a\u0629 \u0639\u0646\u062f \u0627\u0646\u0642\u0637\u0627\u0639 \u0627\u0644\u062a\u064a\u0627\u0631 \u0627\u0644\u0643\u0647\u0631\u0628\u0627\u0626\u064a.<br \/>\n4. \u064a\u0636\u0645\u0646 \u062a\u0635\u0645\u064a\u0645 \u0646\u0638\u0627\u0645 \u0627\u0644\u062a\u0631\u0637\u064a\u0628 \u0628\u0627\u0644\u0645\u0648\u062c\u0627\u062a \u0641\u0648\u0642 \u0627\u0644\u0635\u0648\u062a\u064a\u0629 \u0627\u0644\u0642\u0627\u0628\u0644 \u0644\u0644\u062a\u0648\u0633\u064a\u0639 \u0648\u0627\u0644\u062d\u0627\u0626\u0632 \u0639\u0644\u0649 \u0628\u0631\u0627\u0621\u0629 \u0627\u062e\u062a\u0631\u0627\u0639 \u0646\u0637\u0627\u0642 \u062a\u0637\u0628\u064a\u0642 \u0627\u0644\u062d\u0645\u0644 \u0627\u0644\u062d\u0631\u0627\u0631\u064a \u0627\u0644\u0639\u0627\u0644\u064a \u062c\u062f\u0627\u064b.<br \/>\n5. \u0646\u0638\u0627\u0645 \u062a\u062d\u0643\u0645 \u0628\u0634\u0627\u0634\u0629 \u0645\u0644\u0648\u0646\u0629 32 \u0628\u062a \u0645\u0632\u0648\u062f \u0628\u0634\u0627\u0634\u0629 \u0645\u0644\u0648\u0646\u0629 32 \u0628\u062a \u0645\u0639 \u062e\u0627\u0635\u064a\u0629 \u0627\u0644\u0625\u062f\u0627\u0631\u0629 \u0627\u0644\u0625\u0644\u0643\u062a\u0631\u0648\u0646\u064a\u0629 \u0644\u0644\u0625\u064a\u062b\u0631\u0646\u062a E-\u0625\u064a \u0648\u0648\u0638\u064a\u0641\u0629 \u0627\u0644\u0648\u0635\u0648\u0644 \u0625\u0644\u0649 \u0628\u064a\u0627\u0646\u0627\u062a USB.<br \/>\n6. \u0625\u062f\u0627\u0631\u0629 \u0645\u0646\u0635\u0629 \u062a\u0637\u0628\u064a\u0642\u0627\u062a \u0627\u0644\u0647\u0648\u0627\u062a\u0641 \u0627\u0644\u0645\u062d\u0645\u0648\u0644\u0629 \u0627\u0644\u0642\u0627\u0628\u0644\u0629 \u0644\u0644\u062a\u0637\u0648\u064a\u0631.<br \/>\n7. \u0645\u0632\u0648\u062f \u0637\u0627\u0642\u0629 \u062a\u062d\u0645\u064a\u0644 \u0642\u0627\u0628\u0644 \u0644\u0644\u0628\u0631\u0645\u062c\u0629 \u0645\u0639 \u062a\u062d\u0643\u0645 \u0641\u064a \u0627\u0644\u0625\u062e\u0631\u0627\u062c \u0639\u0644\u0649 4 \u0642\u0646\u0648\u0627\u062a \u062a\u0634\u063a\u064a\u0644\/\u0625\u064a\u0642\u0627\u0641\u060c \u0645\u0645\u0627 \u064a\u062d\u0645\u064a \u0633\u0644\u0627\u0645\u0629 \u0627\u0644\u0645\u0646\u062a\u062c \u0648\u0627\u0644\u0645\u0639\u062f\u0627\u062a \u0627\u0644\u0645\u062e\u062a\u0628\u0631\u0629.<br \/>\n8. \u064a\u0648\u0641\u0631 \u0627\u0644\u062a\u0635\u0645\u064a\u0645 \u0627\u0644\u062d\u0627\u0626\u0632 \u0639\u0644\u0649 \u0628\u0631\u0627\u0621\u0629 \u0627\u062e\u062a\u0631\u0627\u0639 \u0644\u0646\u0638\u0627\u0645 \u062f\u0648\u0631\u0627\u0646 \u0647\u0648\u0627\u0621 \u0641\u0631\u064a\u062f \u0645\u0646 \u0646\u0648\u0639\u0647 \u062f\u0642\u0629 \u0644\u0644\u0645\u0646\u062a\u062c \u0627\u0644\u0645\u062e\u062a\u0628\u0631.<br \/>\n9. \u0648\u0638\u064a\u0641\u0629 \u0645\u0643\u0627\u0641\u062d\u0629 \u0627\u0644\u062a\u0643\u062b\u064a\u0641 \u0648\u062f\u0631\u062c\u0629 \u0627\u0644\u062d\u0631\u0627\u0631\u0629 \u0627\u0644\u0632\u0627\u0626\u062f\u0629\u060c \u0648\u0627\u0644\u0631\u064a\u0627\u062d\u060c \u0648\u0648\u0638\u064a\u0641\u0629 \u0627\u0644\u062d\u0645\u0627\u064a\u0629 \u0645\u0646 \u0627\u0644\u062f\u062e\u0627\u0646 \u0644\u0639\u064a\u0646\u0629 \u0627\u0644\u0627\u062e\u062a\u0628\u0627\u0631 \u0627\u0644\u0645\u0633\u062a\u0642\u0644\u0629.<br \/>\n10. \u064a\u0645\u0643\u0646\u0647 \u062a\u0648\u0633\u064a\u0639 \u0648\u0638\u064a\u0641\u0629 \u0645\u0631\u0627\u0642\u0628\u0629 \u0641\u064a\u062f\u064a\u0648 \u0627\u0644\u0634\u0628\u0643\u0629 \u0648\u0627\u0644\u0645\u0632\u0627\u0645\u0646\u0629 \u0645\u0639 \u0627\u062e\u062a\u0628\u0627\u0631 \u0627\u0644\u0628\u064a\u0627\u0646\u0627\u062a.<br \/>\n11. \u0645\u0632\u0648\u062f\u0629 \u0628\u0645\u0635\u062f\u0631 \u0645\u064a\u0627\u0647 \u0623\u0648\u062a\u0648\u0645\u0627\u062a\u064a\u0643\u064a \u0645\u0639 \u0646\u0638\u0627\u0645 \u062a\u0646\u0642\u064a\u0629 \u0641\u0627\u0626\u0642 \u0627\u0644\u0646\u0642\u0627\u0621 \u0648\u0648\u0638\u064a\u0641\u0629 \u0627\u0644\u062a\u062d\u0630\u064a\u0631 \u0645\u0646 \u0646\u0642\u0635 \u0627\u0644\u0645\u064a\u0627\u0647.<br \/>\n12. \u0627\u0644\u062a\u062d\u0643\u0645 \u0641\u064a \u062a\u062f\u0641\u0642 \u0627\u0644\u062a\u0628\u0631\u064a\u062f \u0627\u0644\u0623\u0643\u062b\u0631 \u0645\u0644\u0627\u0621\u0645\u0629 \u0644\u0644\u0628\u064a\u0626\u0629\u060c \u0648\u062a\u0648\u0641\u064a\u0631 \u0627\u0644\u0637\u0627\u0642\u0629 \u0648\u0633\u0631\u0639\u0629 \u0627\u0631\u062a\u0641\u0627\u0639 \u062f\u0631\u062c\u0629 \u0627\u0644\u062d\u0631\u0627\u0631\u0629 \u0648\u0627\u0646\u062e\u0641\u0627\u0636\u0647\u0627.<br \/>\n13. The industry&#8217;s only long-term low-temperature operation without defrosting function.<br \/>\n14. \u062a\u0635\u0645\u064a\u0645 \u0641\u0631\u064a\u062f \u0644\u0648\u0636\u0639 \u0627\u0644\u062a\u0634\u063a\u064a\u0644\u060c \u064a\u0639\u0648\u062f \u0627\u0644\u0635\u0646\u062f\u0648\u0642 \u0625\u0644\u0649 \u062f\u0631\u062c\u0629 \u062d\u0631\u0627\u0631\u0629 \u0627\u0644\u063a\u0631\u0641\u0629 \u0628\u0639\u062f \u0627\u0644\u062a\u062c\u0631\u0628\u0629 \u0644\u062d\u0645\u0627\u064a\u0629 \u062d\u0627\u0644\u0629 \u062c\u0633\u0645 \u0627\u0644\u0627\u062e\u062a\u0628\u0627\u0631.<br \/>\n15. \u0627\u0644\u062a\u0630\u0643\u064a\u0631 \u0627\u0644\u062a\u0644\u0642\u0627\u0626\u064a \u0628\u0648\u0642\u062a \u0627\u0644\u0635\u064a\u0627\u0646\u0629 \u0644\u0645\u0639\u062f\u0627\u062a \u0646\u0638\u0627\u0645 \u0627\u0644\u062a\u062d\u0643\u0645 \u0648\u0648\u0638\u064a\u0641\u0629 \u062a\u0635\u0645\u064a\u0645 \u0627\u0644\u0628\u0631\u0627\u0645\u062c \u0644\u0644\u0633\u062c\u0644\u0627\u062a \u0627\u0644\u0637\u0628\u064a\u0629 \u0644\u0644\u0623\u0639\u0637\u0627\u0644.<br \/>\n16. \u064a\u0645\u0643\u0646 \u0644\u0644\u062c\u0647\u0627\u0632 \u062a\u0648\u0633\u064a\u0639 \u0648\u0638\u0627\u0626\u0641 \u0627\u0644\u062e\u062f\u0645\u0629 \u0639\u0646 \u0628\u064f\u0639\u062f \u0648\u062a\u0648\u0641\u064a\u0631 \u0623\u0642\u0631\u0627\u0635 \u062a\u0639\u0644\u064a\u0645\u064a\u0629 \u0645\u062f\u0645\u062c\u0629 \u0644\u0627\u0633\u062a\u062e\u062f\u0627\u0645 \u0627\u0644\u062c\u0647\u0627\u0632.<\/p>\n<p style=\"text-align: center;\"><strong>\u0645\u0639\u0644\u0645\u0627\u062a \u0627\u0644\u0645\u0646\u062a\u062c<\/strong><\/p>\n<div style=\"overflow-x: auto; margin: 20px 0;\">\n<table class=\"wp-block-table\" style=\"width: 100%; border-collapse: collapse; border: 1px solid #ccc !important;\">\n<thead>\n<tr style=\"background: #e9ecef; text-align: center; font-weight: bold;\">\n<th style=\"border: 1px solid #ccc !important; padding: 8px;\">\u0645\u0639\u0644\u0645\u0629 \u0627\u0644\u0627\u062e\u062a\u0628\u0627\u0631<\/th>\n<th style=\"border: 1px solid #ccc !important; padding: 8px;\">Value \/ Specification<\/th>\n<\/tr>\n<\/thead>\n<tbody>\n<tr>\n<td style=\"border: 1px solid #ccc !important; padding: 8px;\">\u062d\u062c\u0645 \u0627\u0644\u0627\u062e\u062a\u0628\u0627\u0631<\/td>\n<td style=\"border: 1px solid #ccc !important; padding: 8px;\">28 m\u00b3<\/td>\n<\/tr>\n<tr>\n<td style=\"border: 1px solid #ccc !important; padding: 8px;\">Interior Dimensions (W\u00d7D\u00d7H)<\/td>\n<td style=\"border: 1px solid #ccc !important; padding: 8px;\">2500mm \u00d7 5000mm \u00d7 2250mm (W\u00d7D\u00d7H)<\/td>\n<\/tr>\n<tr>\n<td style=\"border: 1px solid #ccc !important; padding: 8px;\">\u0627\u0644\u0623\u0628\u0639\u0627\u062f \u0627\u0644\u0643\u0644\u064a\u0629 (\u0627\u0644\u0639\u0631\u0636\u00d7\u0627\u0644\u0639\u0645\u0642\u00d7\u0627\u0644\u0627\u0631\u062a\u0641\u0627\u0639)<\/td>\n<td style=\"border: 1px solid #ccc !important; padding: 8px;\">Approx. 4400mm \u00d7 5480mm \u00d7 2650mm (W\u00d7D\u00d7H)<\/td>\n<\/tr>\n<tr>\n<td style=\"border: 1px solid #ccc !important; padding: 8px;\">\u0645\u0632\u0648\u062f \u0627\u0644\u0637\u0627\u0642\u0629<\/td>\n<td style=\"border: 1px solid #ccc !important; padding: 8px;\">AC380V\u00b110%, 50Hz\u00b11, 3 Phase + Neutral + PE (3\/N\/PE), Grounding resistance &lt;4\u03a9<\/td>\n<\/tr>\n<tr>\n<td style=\"border: 1px solid #ccc !important; padding: 8px;\">\u0637\u0627\u0642\u0629 \u0627\u0644\u062a\u0634\u063a\u064a\u0644 \u0627\u0644\u0642\u0635\u0648\u0649<\/td>\n<td style=\"border: 1px solid #ccc !important; padding: 8px;\">Approx. 76.2KW (Actual design shall prevail for final engineering)<\/td>\n<\/tr>\n<tr>\n<td style=\"border: 1px solid #ccc !important; padding: 8px;\">\u0627\u0644\u062d\u062f \u0627\u0644\u0623\u0642\u0635\u0649 \u0644\u062a\u064a\u0627\u0631 \u0627\u0644\u062a\u0634\u063a\u064a\u0644 \u0627\u0644\u0623\u0642\u0635\u0649<\/td>\n<td style=\"border: 1px solid #ccc !important; padding: 8px;\">Approx. 130A (Actual design shall prevail for final engineering)<\/td>\n<\/tr>\n<tr>\n<td style=\"border: 1px solid #ccc !important; padding: 8px;\">\u0637\u0631\u064a\u0642\u0629 \u0627\u0644\u062a\u0628\u0631\u064a\u062f<\/td>\n<td style=\"border: 1px solid #ccc !important; padding: 8px;\">Water-cooled<\/td>\n<\/tr>\n<tr>\n<td style=\"border: 1px solid #ccc !important; padding: 8px;\">\u0646\u0637\u0627\u0642 \u062f\u0631\u062c\u0629 \u0627\u0644\u062d\u0631\u0627\u0631\u0629<\/td>\n<td style=\"border: 1px solid #ccc !important; padding: 8px;\">-40\u2103 ~ +100\u2103<\/td>\n<\/tr>\n<tr>\n<td style=\"border: 1px solid #ccc !important; padding: 8px;\">\u0627\u0646\u062a\u0638\u0627\u0645 \u062f\u0631\u062c\u0629 \u0627\u0644\u062d\u0631\u0627\u0631\u0629<\/td>\n<td style=\"border: 1px solid #ccc !important; padding: 8px;\">\u22642\u2103<\/td>\n<\/tr>\n<tr>\n<td style=\"border: 1px solid #ccc !important; padding: 8px;\">\u062a\u0630\u0628\u0630\u0628 \u062f\u0631\u062c\u0629 \u0627\u0644\u062d\u0631\u0627\u0631\u0629<\/td>\n<td style=\"border: 1px solid #ccc !important; padding: 8px;\">\u00b10.5\u2103<\/td>\n<\/tr>\n<tr>\n<td style=\"border: 1px solid #ccc !important; padding: 8px;\">\u0627\u0646\u062d\u0631\u0627\u0641 \u062f\u0631\u062c\u0629 \u0627\u0644\u062d\u0631\u0627\u0631\u0629<\/td>\n<td style=\"border: 1px solid #ccc !important; padding: 8px;\">\u00b12\u2103<\/td>\n<\/tr>\n<tr>\n<td style=\"border: 1px solid #ccc !important; padding: 8px;\">Heating Rate (Overall Average)<\/td>\n<td style=\"border: 1px solid #ccc !important; padding: 8px;\">3\u2103\/min<\/td>\n<\/tr>\n<tr>\n<td style=\"border: 1px solid #ccc !important; padding: 8px;\">Cooling Rate (Overall Average)<\/td>\n<td style=\"border: 1px solid #ccc !important; padding: 8px;\">2\u2103\/min<\/td>\n<\/tr>\n<tr>\n<td style=\"border: 1px solid #ccc !important; padding: 8px;\">Controlled Temperature Range<\/td>\n<td style=\"border: 1px solid #ccc !important; padding: 8px;\">10\u2103 ~ +85\u2103<\/td>\n<\/tr>\n<tr>\n<td style=\"border: 1px solid #ccc !important; padding: 8px;\">\u0646\u0637\u0627\u0642 \u0627\u0644\u0631\u0637\u0648\u0628\u0629<\/td>\n<td style=\"border: 1px solid #ccc !important; padding: 8px;\">10%RH ~ 98%RH<\/td>\n<\/tr>\n<tr>\n<td style=\"border: 1px solid #ccc !important; padding: 8px;\">\u0627\u0646\u062a\u0638\u0627\u0645 \u0627\u0644\u0631\u0637\u0648\u0628\u0629<\/td>\n<td style=\"border: 1px solid #ccc !important; padding: 8px;\">\u00b15.0%RH<\/td>\n<\/tr>\n<tr>\n<td style=\"border: 1px solid #ccc !important; padding: 8px;\">\u0627\u062e\u062a\u0628\u0627\u0631 \u0627\u0644\u062d\u0631\u0627\u0631\u0629 \u0627\u0644\u0631\u0637\u0628\u0629<br \/>\n(Humidity Fluctuation)<\/td>\n<td style=\"border: 1px solid #ccc !important; padding: 8px;\">\u00b13.0%RH<\/td>\n<\/tr>\n<tr>\n<td style=\"border: 1px solid #ccc !important; padding: 8px;\">\u0627\u0646\u062d\u0631\u0627\u0641 \u0627\u0644\u0631\u0637\u0648\u0628\u0629<\/td>\n<td style=\"border: 1px solid #ccc !important; padding: 8px;\">+2% ~ -3% (&gt; 75%TRH)<\/td>\n<\/tr>\n<tr>\n<td style=\"border: 1px solid #ccc !important; padding: 8px;\">\u0645\u0639\u0627\u064a\u064a\u0631 \u0627\u0644\u0627\u062e\u062a\u0628\u0627\u0631 \u0627\u0644\u0645\u0637\u0628\u0642\u0629<\/td>\n<td style=\"border: 1px solid #ccc !important; padding: 8px;\">\u2022 1. GB\/T 2423.1-2008 Test A: Low Temperature Test Method<br \/>\n\u2022 2. GB\/T 2423.2-2008 Test B: High Temperature Test Method<br \/>\n\u2022 3. GB\/T 2423.3-2008 Test C: Damp Heat Steady State Test<br \/>\n\u2022 4. GB\/T 2423.4-2008 Test D: Damp Heat Cyclic Test<br \/>\n\u2022 5. GB150.3A-2009 High Temperature Test<br \/>\n\u2022 6. GB150.4A-2009 Low Temperature Test<br \/>\n\u2022 7. GB150.9A-2009 Damp Heat Test<br \/>\n\u2022 8. GB\/T 5170.2-2008 Temperature Test Equipment<br \/>\n\u2022 9. GB\/T 5170.5-2008 Humidity Test Equipment<br \/>\n\u2022 10. IEC60068-2-1<\/td>\n<\/tr>\n<\/tbody>\n<\/table>\n<\/div>\n<p><strong>\u0627\u0644\u062a\u0637\u0628\u064a\u0642 \u0648\u0627\u0644\u0633\u064a\u0646\u0627\u0631\u064a\u0648<\/strong><\/p>\n<p>1. \u0635\u0646\u0627\u0639\u0629 \u0627\u0644\u0625\u0644\u0643\u062a\u0631\u0648\u0646\u064a\u0627\u062a \u0648\u0627\u0644\u0643\u0647\u0631\u0628\u0627\u0621:<br \/>\n\u0627\u062e\u062a\u0628\u0627\u0631 \u0623\u062f\u0627\u0621 \u0627\u0644\u0645\u0643\u0648\u0646\u0627\u062a \u0627\u0644\u0625\u0644\u0643\u062a\u0631\u0648\u0646\u064a\u0629 \u0648\u0627\u0644\u062f\u0648\u0627\u0626\u0631 \u0627\u0644\u0645\u062a\u0643\u0627\u0645\u0644\u0629 \u0648\u0644\u0648\u062d\u0627\u062a \u0627\u0644\u062f\u0648\u0627\u0626\u0631 \u0627\u0644\u0625\u0644\u0643\u062a\u0631\u0648\u0646\u064a\u0629 \u0641\u064a \u0638\u0631\u0648\u0641 \u0639\u0627\u0644\u064a\u0629 \u0648\u0645\u0646\u062e\u0641\u0636\u0629 \u0648\u0631\u0637\u0628\u0629 \u0644\u0636\u0645\u0627\u0646 \u0639\u0645\u0644 \u0627\u0644\u0645\u0646\u062a\u062c\u0627\u062a \u0628\u0634\u0643\u0644 \u0635\u062d\u064a\u062d \u0641\u064a \u0628\u064a\u0626\u0627\u062a \u0645\u062e\u062a\u0644\u0641\u0629.<\/p>\n<p>2. \u0635\u0646\u0627\u0639\u0629 \u0627\u0644\u0633\u064a\u0627\u0631\u0627\u062a:<br \/>\n\u0625\u062c\u0631\u0627\u0621 \u0627\u062e\u062a\u0628\u0627\u0631\u0627\u062a \u062f\u0631\u062c\u0627\u062a \u0627\u0644\u062d\u0631\u0627\u0631\u0629 \u0627\u0644\u0645\u0631\u062a\u0641\u0639\u0629 \u0648\u0627\u0644\u0645\u0646\u062e\u0641\u0636\u0629 \u0648\u0627\u062e\u062a\u0628\u0627\u0631\u0627\u062a \u062f\u0648\u0631\u0629 \u0627\u0644\u062d\u0631\u0627\u0631\u0629 \u0627\u0644\u0631\u0637\u0628\u0629 \u0639\u0644\u0649 \u0645\u0643\u0648\u0646\u0627\u062a \u0627\u0644\u0633\u064a\u0627\u0631\u0627\u062a \u0645\u062b\u0644 \u0627\u0644\u0645\u062d\u0631\u0643\u0627\u062a \u0648\u0644\u0648\u062d\u0627\u062a \u0627\u0644\u0639\u062f\u0627\u062f\u0627\u062a \u0648\u0627\u0644\u0628\u0637\u0627\u0631\u064a\u0627\u062a \u0648\u063a\u064a\u0631\u0647\u0627 \u0644\u062a\u0642\u064a\u064a\u0645 \u0645\u0648\u062b\u0648\u0642\u064a\u062a\u0647\u0627 \u0648\u0639\u0645\u0631\u0647\u0627 \u0627\u0644\u0627\u0641\u062a\u0631\u0627\u0636\u064a \u0641\u064a \u0627\u0644\u0628\u064a\u0626\u0627\u062a \u0627\u0644\u0642\u0627\u0633\u064a\u0629.<\/p>\n<p>3. \u0627\u0644\u0641\u0636\u0627\u0621 \u0627\u0644\u062c\u0648\u064a:<br \/>\n\u0625\u062c\u0631\u0627\u0621 \u0627\u062e\u062a\u0628\u0627\u0631\u0627\u062a \u0627\u0644\u0645\u062d\u0627\u0643\u0627\u0629 \u0627\u0644\u0628\u064a\u0626\u064a\u0629 \u0639\u0644\u0649 \u0627\u0644\u0645\u0643\u0648\u0646\u0627\u062a \u0627\u0644\u0631\u0626\u064a\u0633\u064a\u0629 \u0644\u0644\u0637\u0627\u0626\u0631\u0627\u062a \u0648\u0627\u0644\u0645\u0631\u0643\u0628\u0627\u062a \u0627\u0644\u0641\u0636\u0627\u0626\u064a\u0629 \u0644\u0636\u0645\u0627\u0646 \u0623\u062f\u0627\u0626\u0647\u0627 \u0641\u064a \u0638\u0644 \u0638\u0631\u0648\u0641 \u0627\u0644\u0627\u0631\u062a\u0641\u0627\u0639\u0627\u062a \u0627\u0644\u0639\u0627\u0644\u064a\u0629 \u0648\u062f\u0631\u062c\u0627\u062a \u0627\u0644\u062d\u0631\u0627\u0631\u0629 \u0648\u0627\u0644\u0631\u0637\u0648\u0628\u0629 \u0627\u0644\u0634\u062f\u064a\u062f\u0629.<\/p>\n<p>4. \u0639\u0644\u0645 \u0627\u0644\u0645\u0648\u0627\u062f:<br \/>\n\u0625\u062c\u0631\u0627\u0621 \u0627\u062e\u062a\u0628\u0627\u0631\u0627\u062a \u062f\u0631\u062c\u0627\u062a \u0627\u0644\u062d\u0631\u0627\u0631\u0629 \u0627\u0644\u0639\u0627\u0644\u064a\u0629 \u0648\u0627\u0644\u0645\u0646\u062e\u0641\u0636\u0629 \u0648\u0627\u062e\u062a\u0628\u0627\u0631\u0627\u062a \u0627\u0644\u062d\u0631\u0627\u0631\u0629 \u0627\u0644\u0631\u0637\u0628\u0629 \u0639\u0644\u0649 \u0627\u0644\u0645\u0648\u0627\u062f \u0627\u0644\u062c\u062f\u064a\u062f\u0629 \u0644\u062a\u0642\u064a\u064a\u0645 \u062e\u0648\u0627\u0635\u0647\u0627 \u0627\u0644\u0641\u064a\u0632\u064a\u0627\u0626\u064a\u0629 \u0648\u0627\u0644\u0643\u064a\u0645\u064a\u0627\u0626\u064a\u0629\u060c \u0645\u062b\u0644 \u0642\u0648\u0629 \u0627\u0644\u0634\u062f \u0648\u0645\u0642\u0627\u0648\u0645\u0629 \u0627\u0644\u062a\u0622\u0643\u0644 \u0648\u0627\u0644\u062a\u0645\u062f\u062f \u0627\u0644\u062d\u0631\u0627\u0631\u064a.<\/p>\n<p>5. \u0627\u0644\u0635\u064a\u062f\u0644\u0629 \u0648\u0627\u0644\u062a\u0643\u0646\u0648\u0644\u0648\u062c\u064a\u0627 \u0627\u0644\u062d\u064a\u0648\u064a\u0629:<br \/>\n\u064a\u064f\u0633\u062a\u062e\u062f\u0645 \u0644\u0627\u062e\u062a\u0628\u0627\u0631 \u062b\u0628\u0627\u062a \u0627\u0644\u0623\u062f\u0648\u064a\u0629\u060c \u0648\u0645\u062d\u0627\u0643\u0627\u0629 \u0628\u064a\u0626\u0629 \u062a\u062e\u0632\u064a\u0646 \u0627\u0644\u0623\u062f\u0648\u064a\u0629 \u0641\u064a \u0638\u0631\u0648\u0641 \u062f\u0631\u062c\u0627\u062a \u0627\u0644\u062d\u0631\u0627\u0631\u0629 \u0648\u0627\u0644\u0631\u0637\u0648\u0628\u0629 \u0627\u0644\u0645\u062e\u062a\u0644\u0641\u0629\u060c \u0645\u0645\u0627 \u064a\u0636\u0645\u0646 \u0641\u0639\u0627\u0644\u064a\u0629 \u0627\u0644\u0623\u062f\u0648\u064a\u0629 \u0648\u0633\u0644\u0627\u0645\u062a\u0647\u0627 \u062e\u0644\u0627\u0644 \u0641\u062a\u0631\u0629 \u0635\u0644\u0627\u062d\u064a\u062a\u0647\u0627.<\/p>\n<p>6. \u0645\u0648\u0627\u062f \u0627\u0644\u0628\u0646\u0627\u0621 \u0648\u0627\u0644\u062a\u0634\u064a\u064a\u062f:<br \/>\n\u0627\u062e\u062a\u0628\u0627\u0631 \u0623\u062f\u0627\u0621 \u0645\u0648\u0627\u062f \u0627\u0644\u0628\u0646\u0627\u0621 \u0645\u062b\u0644 \u0627\u0644\u062e\u0631\u0633\u0627\u0646\u0629 \u0648\u0627\u0644\u0635\u0644\u0628 \u0648\u0627\u0644\u062e\u0634\u0628 \u0641\u064a \u0627\u0644\u0628\u064a\u0626\u0627\u062a \u0627\u0644\u0645\u0631\u062a\u0641\u0639\u0629 \u0648\u0627\u0644\u0645\u0646\u062e\u0641\u0636\u0629 \u0648\u0627\u0644\u0631\u0637\u0628\u0629 \u0644\u0636\u0645\u0627\u0646 \u0633\u0644\u0627\u0645\u0629 \u0648\u0645\u062a\u0627\u0646\u0629 \u0647\u064a\u0627\u0643\u0644 \u0627\u0644\u0645\u0628\u0627\u0646\u064a \u0641\u064a \u0638\u0644 \u0627\u0644\u0638\u0631\u0648\u0641 \u0627\u0644\u0645\u0646\u0627\u062e\u064a\u0629 \u0627\u0644\u0645\u062e\u062a\u0644\u0641\u0629.<\/p>\n<p>7. \u0627\u0644\u062c\u064a\u0634 \u0648\u0627\u0644\u062f\u0641\u0627\u0639:<br \/>\n\u0625\u062c\u0631\u0627\u0621 \u0627\u062e\u062a\u0628\u0627\u0631\u0627\u062a \u0627\u0644\u0645\u062d\u0627\u0643\u0627\u0629 \u0627\u0644\u0628\u064a\u0626\u064a\u0629 \u0639\u0644\u0649 \u0623\u0646\u0638\u0645\u0629 \u0627\u0644\u0623\u0633\u0644\u062d\u0629\u060c \u0648\u0645\u0639\u062f\u0627\u062a \u0627\u0644\u0627\u062a\u0635\u0627\u0644\u0627\u062a\u060c \u0648\u0645\u0627 \u0625\u0644\u0649 \u0630\u0644\u0643 \u0644\u0636\u0645\u0627\u0646 \u0645\u0648\u062b\u0648\u0642\u064a\u062a\u0647\u0627 \u0641\u064a \u0638\u0644 \u0638\u0631\u0648\u0641 \u0633\u0627\u062d\u0629 \u0627\u0644\u0645\u0639\u0631\u0643\u0629.<\/p>","protected":false},"author":1,"featured_media":779,"template":"","meta":{"_acf_changed":false},"product_category":[20,15],"class_list":["post-234","product","type-product","status-publish","has-post-thumbnail","hentry","product_category-popular-products","product_category-temperature-humidity-test-series"],"acf":[],"_links":{"self":[{"href":"https:\/\/www.envsin-testchamber.com\/ar\/wp-json\/wp\/v2\/product\/234","targetHints":{"allow":["GET"]}}],"collection":[{"href":"https:\/\/www.envsin-testchamber.com\/ar\/wp-json\/wp\/v2\/product"}],"about":[{"href":"https:\/\/www.envsin-testchamber.com\/ar\/wp-json\/wp\/v2\/types\/product"}],"author":[{"embeddable":true,"href":"https:\/\/www.envsin-testchamber.com\/ar\/wp-json\/wp\/v2\/users\/1"}],"wp:featuredmedia":[{"embeddable":true,"href":"https:\/\/www.envsin-testchamber.com\/ar\/wp-json\/wp\/v2\/media\/779"}],"wp:attachment":[{"href":"https:\/\/www.envsin-testchamber.com\/ar\/wp-json\/wp\/v2\/media?parent=234"}],"wp:term":[{"taxonomy":"product_category","embeddable":true,"href":"https:\/\/www.envsin-testchamber.com\/ar\/wp-json\/wp\/v2\/product_category?post=234"}],"curies":[{"name":"\u062f\u0628\u0644\u064a\u0648 \u0628\u064a","href":"https:\/\/api.w.org\/{rel}","templated":true}]}}